{"id":8146,"date":"2016-04-05T13:10:32","date_gmt":"2016-04-05T11:10:32","guid":{"rendered":"http:\/\/localhost\/_hsm\/management\/"},"modified":"2024-02-13T14:53:48","modified_gmt":"2024-02-13T13:53:48","slug":"management","status":"publish","type":"page","link":"https:\/\/www.schroedergroup.eu\/en\/schroeder-group-2\/management\/","title":{"rendered":"Management"},"content":{"rendered":"<div class=\"wpb-content-wrapper\"><p>[vc_row full_width=&#8221;stretch_row_content_no_spaces&#8221;][vc_column][vc_single_image image=&#8221;12371&#8243; img_size=&#8221;full&#8221; alignment=&#8221;center&#8221; css=&#8221;.vc_custom_1707832311782{margin-top: 0px !important;margin-right: 0px !important;margin-bottom: 0px !important;margin-left: 0px !important;padding-top: 0px !important;padding-right: 0px !important;padding-bottom: 0px !important;padding-left: 0px !important;}&#8221;][\/vc_column][\/vc_row][vc_row][vc_column][vc_custom_heading text=&#8221;Management&#8221; font_container=&#8221;tag:h1|text_align:left&#8221; use_theme_fonts=&#8221;yes&#8221;][vc_column_text]<strong>Family-run Business and a Global player<\/strong><\/p>\n<p>Together, the companies <a href=\"http:\/\/www.schroedergroup.eu\/en\/hans-schroeder-maschinenbau\/\">Hans Schr\u00f6der Maschinenbau GmbH<\/a>, <a href=\"http:\/\/www.schroedergroup.eu\/en\/schroeder-fasti\/\">SCHR\u00d6DER-FASTI Technologie GmbH<\/a> , <a href=\"http:\/\/www.fasti.dk\/\">SCHR\u00d6DER-FASTI Scandinavia A \/ S<\/a> and <a href=\"https:\/\/www.schroedergroup.eu\/en\/smu\/\" target=\"_blank\" rel=\"noopener\">SMU GmbH<\/a> form the umbrella brand Schr\u00f6der Group. The management of the family-run enterprises is incumbent upon Franz Schr\u00f6der and Gerlinde Schr\u00f6der. They together manage the business developement in the proven and successful balance between tradition and modernity.[\/vc_column_text][\/vc_column][\/vc_row]<\/p>\n<\/div>","protected":false},"excerpt":{"rendered":"<p>[vc_row full_width=&#8221;stretch_row_content_no_spaces&#8221;][vc_column][vc_single_image image=&#8221;12371&#8243; img_size=&#8221;full&#8221; alignment=&#8221;center&#8221; css=&#8221;.vc_custom_1707832311782{margin-top: 0px !important;margin-right: 0px !important;margin-bottom: 0px !important;margin-left: 0px !important;padding-top: 0px !important;padding-right: 0px !important;padding-bottom: 0px !important;padding-left: 0px !important;}&#8221;][\/vc_column][\/vc_row][vc_row][vc_column][vc_custom_heading text=&#8221;Management&#8221; font_container=&#8221;tag:h1|text_align:left&#8221; use_theme_fonts=&#8221;yes&#8221;][vc_column_text]Family-run Business<span class=\"excerpt-hellip\"> [\u2026]<\/span><\/p>\n","protected":false},"author":1,"featured_media":0,"parent":8134,"menu_order":60,"comment_status":"closed","ping_status":"closed","template":"","meta":{"_acf_changed":false,"inline_featured_image":false,"footnotes":""},"class_list":["post-8146","page","type-page","status-publish","hentry"],"acf":[],"aioseo_notices":[],"_links":{"self":[{"href":"https:\/\/www.schroedergroup.eu\/en\/wp-json\/wp\/v2\/pages\/8146","targetHints":{"allow":["GET"]}}],"collection":[{"href":"https:\/\/www.schroedergroup.eu\/en\/wp-json\/wp\/v2\/pages"}],"about":[{"href":"https:\/\/www.schroedergroup.eu\/en\/wp-json\/wp\/v2\/types\/page"}],"author":[{"embeddable":true,"href":"https:\/\/www.schroedergroup.eu\/en\/wp-json\/wp\/v2\/users\/1"}],"replies":[{"embeddable":true,"href":"https:\/\/www.schroedergroup.eu\/en\/wp-json\/wp\/v2\/comments?post=8146"}],"version-history":[{"count":3,"href":"https:\/\/www.schroedergroup.eu\/en\/wp-json\/wp\/v2\/pages\/8146\/revisions"}],"predecessor-version":[{"id":12375,"href":"https:\/\/www.schroedergroup.eu\/en\/wp-json\/wp\/v2\/pages\/8146\/revisions\/12375"}],"up":[{"embeddable":true,"href":"https:\/\/www.schroedergroup.eu\/en\/wp-json\/wp\/v2\/pages\/8134"}],"wp:attachment":[{"href":"https:\/\/www.schroedergroup.eu\/en\/wp-json\/wp\/v2\/media?parent=8146"}],"curies":[{"name":"wp","href":"https:\/\/api.w.org\/{rel}","templated":true}]}}