{"id":8134,"date":"2016-04-05T13:06:54","date_gmt":"2016-04-05T11:06:54","guid":{"rendered":"http:\/\/localhost\/_hsm\/schroeder-group\/"},"modified":"2025-03-25T11:02:22","modified_gmt":"2025-03-25T10:02:22","slug":"schroeder-group-2","status":"publish","type":"page","link":"https:\/\/www.schroedergroup.eu\/en\/schroeder-group-2\/","title":{"rendered":"Schr\u00f6der Group"},"content":{"rendered":"<div class=\"wpb-content-wrapper\"><p>[vc_row full_width=&#8221;stretch_row_content_no_spaces&#8221; css=&#8221;.vc_custom_1465283666695{margin: 0px !important;padding: 0px !important;}&#8221;][vc_column css=&#8221;.vc_custom_1465283656394{margin: 0px !important;padding: 0px !important;}&#8221;][vc_single_image image=&#8221;250&#8243; img_size=&#8221;full&#8221; alignment=&#8221;center&#8221; css=&#8221;.vc_custom_1465283673731{margin-top: 0px !important;margin-right: 0px !important;margin-bottom: 0px !important;margin-left: 0px !important;padding-top: 0px !important;padding-right: 0px !important;padding-bottom: 0px !important;padding-left: 0px !important;}&#8221;][\/vc_column][\/vc_row][vc_row][vc_column][vc_custom_heading text=&#8221;Schr\u00f6der Group&#8221; font_container=&#8221;tag:h1|text_align:left&#8221; use_theme_fonts=&#8221;yes&#8221;][vc_column_text css=&#8221;&#8221;]<strong>The Schr\u00f6der Group consists of Hans Schr\u00f6der Maschinenbau GmbH, which is located in Wessobrunn, Germany, and Schr\u00f6der Fasti Technologie GmbH, which is located in Wermelskirchen, Germany and SMU GmbH, located in Leinburg-Wei\u00dfenbrunn.<\/strong><\/p>\n<p>Founded in 1949, Hans Schr\u00f6der Maschinenbau GmbH unifies traditional and modern approaches in machine building: Successfully managed as a quality and customer-oriented, family-owned company, Hans Schr\u00f6der Maschinenbau is specialized in the development of modern machine concepts for bending and cutting sheet metal.<\/p>\n<p>The successful integration of the Fasti Company in 2006 and its worldwide presence make the Schr\u00f6der Group one of today\u2018s leading providers of machines for bending, cutting, beading, flanging, and circular bending all types of sheet metal. The company\u2019s precision machines range from proven solutions for craftsmen to innovative, high-performance machines for automatic industrial production processes. 2021 the Schr\u00f6der Group was expanded by the tool manufacturer SMU GmbH. Overall, the Schr\u00f6der Group currently employs more than 300 people at various locations at home and abroad.<\/p>\n<p><a href=\"https:\/\/youtu.be\/7X3uscIp_ik\" target=\"_blank\" rel=\"noopener\">Corporate film Schr\u00f6der Group<\/a><\/p>\n<p><a href=\"https:\/\/www.schroedergroup.eu\/wp-content\/uploads\/pdf\/Prospekte_EN\/Unternehmenspraesentation_EN-1.pdf\">Download Company Presentation<\/a>[\/vc_column_text][\/vc_column][\/vc_row]<\/p>\n<\/div>","protected":false},"excerpt":{"rendered":"<p>[vc_row full_width=&#8221;stretch_row_content_no_spaces&#8221; css=&#8221;.vc_custom_1465283666695{margin: 0px !important;padding: 0px !important;}&#8221;][vc_column css=&#8221;.vc_custom_1465283656394{margin: 0px !important;padding: 0px !important;}&#8221;][vc_single_image image=&#8221;250&#8243; img_size=&#8221;full&#8221; alignment=&#8221;center&#8221; css=&#8221;.vc_custom_1465283673731{margin-top: 0px !important;margin-right: 0px !important;margin-bottom: 0px !important;margin-left: 0px !important;padding-top: 0px !important;padding-right:<span class=\"excerpt-hellip\"> [\u2026]<\/span><\/p>\n","protected":false},"author":1,"featured_media":0,"parent":0,"menu_order":30,"comment_status":"closed","ping_status":"closed","template":"","meta":{"_acf_changed":false,"inline_featured_image":false,"footnotes":""},"class_list":["post-8134","page","type-page","status-publish","hentry"],"acf":[],"aioseo_notices":[],"_links":{"self":[{"href":"https:\/\/www.schroedergroup.eu\/en\/wp-json\/wp\/v2\/pages\/8134","targetHints":{"allow":["GET"]}}],"collection":[{"href":"https:\/\/www.schroedergroup.eu\/en\/wp-json\/wp\/v2\/pages"}],"about":[{"href":"https:\/\/www.schroedergroup.eu\/en\/wp-json\/wp\/v2\/types\/page"}],"author":[{"embeddable":true,"href":"https:\/\/www.schroedergroup.eu\/en\/wp-json\/wp\/v2\/users\/1"}],"replies":[{"embeddable":true,"href":"https:\/\/www.schroedergroup.eu\/en\/wp-json\/wp\/v2\/comments?post=8134"}],"version-history":[{"count":2,"href":"https:\/\/www.schroedergroup.eu\/en\/wp-json\/wp\/v2\/pages\/8134\/revisions"}],"predecessor-version":[{"id":13593,"href":"https:\/\/www.schroedergroup.eu\/en\/wp-json\/wp\/v2\/pages\/8134\/revisions\/13593"}],"wp:attachment":[{"href":"https:\/\/www.schroedergroup.eu\/en\/wp-json\/wp\/v2\/media?parent=8134"}],"curies":[{"name":"wp","href":"https:\/\/api.w.org\/{rel}","templated":true}]}}