{"id":941,"date":"2016-06-03T17:08:32","date_gmt":"2016-06-03T15:08:32","guid":{"rendered":"http:\/\/www.schroedergroup.eu\/de\/?page_id=941"},"modified":"2024-12-11T14:30:56","modified_gmt":"2024-12-11T13:30:56","slug":"maschinen-zum-schneiden","status":"publish","type":"page","link":"https:\/\/www.schroedergroup.eu\/de\/produkte\/maschinen\/maschinen-zum-schneiden\/","title":{"rendered":"Schneiden"},"content":{"rendered":"<div class=\"wpb-content-wrapper\"><p>[vc_row full_width=&#8220;stretch_row&#8220; el_class=&#8220;productsearch&#8220; css=&#8220;.vc_custom_1464964527436{margin-top: 0px !important;}&#8220;][vc_column][vc_column_text]<\/p>\n<div id=\"typeselect\">\n<div id=\"spacer\">\n<h3>Produktsuche<\/h3>\n<p>Bitte w\u00e4hlen Sie Ihren gew\u00fcnschten Maschinentypen aus!<br \/>\n<a class=\"link\" href=\"https:\/\/www.schroedergroup.eu\/wp-content\/uploads\/pdf\/Prospekte_DE\/Programmuebersicht_DE_Mail.pdf\" target=\"_blank\" rel=\"noopener noreferrer\">Download Programm\u00fcbersicht<\/a><\/p>\n<\/div>\n<div class=\"spacer_product\"><a id=\"flaring\" class=\"zweizeilig\" href=\"\/de\/produkte\/maschinen\/maschinen-zum-sicken-und-boerdeln\/\">Sicken\/ B\u00f6rdeln<\/a><\/div>\n<div class=\"spacer_product\"><a id=\"rounding\" href=\"\/de\/produkte\/maschinen\/maschinen-zum-runden\/\">Runden<\/a><\/div>\n<div class=\"spacer_product\"><a id=\"bending\" href=\"\/de\/produkte\/maschinen\/maschinen-zum-biegen\/\">Biegen<\/a><\/div>\n<div class=\"spacer_product\"><a id=\"cutting\" class=\"active\" href=\"\/de\/produkte\/maschinen\/maschinen-zum-schneiden\/\">Schneiden<\/a><\/div>\n<div class=\"spacer_product last\"><\/div>\n<\/div>\n<p>[\/vc_column_text][\/vc_column][\/vc_row][vc_row css=&#8220;.vc_custom_1464965059956{margin-top: 30px !important;}&#8220;][vc_column width=&#8220;4\/6&#8243;][vc_custom_heading text=&#8220;Schneiden&#8220; font_container=&#8220;tag:h1|text_align:left&#8220; use_theme_fonts=&#8220;yes&#8220;][\/vc_column][vc_column width=&#8220;2\/6&#8243;][vc_column_text]<\/p>\n<div id=\"machinesearch\">\n<div class=\"productsearchinput\"><input id=\"psearch\" name=\"psearch\" type=\"text\" placeholder=\"Suchbegriff\" \/><\/div>\n<\/div>\n<p>[\/vc_column_text][\/vc_column][\/vc_row]<!--more--><\/p>\n<\/div>","protected":false},"excerpt":{"rendered":"<p>[vc_row full_width=&#8220;stretch_row&#8220; el_class=&#8220;productsearch&#8220; css=&#8220;.vc_custom_1464964527436{margin-top: 0px !important;}&#8220;][vc_column][vc_column_text] Produktsuche Bitte w\u00e4hlen Sie Ihren gew\u00fcnschten Maschinentypen aus! Download Programm\u00fcbersicht Sicken\/ B\u00f6rdeln Runden Biegen Schneiden [\/vc_column_text][\/vc_column][\/vc_row][vc_row css=&#8220;.vc_custom_1464965059956{margin-top: 30px !important;}&#8220;][vc_column width=&#8220;4\/6&#8243;][vc_custom_heading<span class=\"excerpt-hellip\"> [\u2026]<\/span><\/p>\n","protected":false},"author":1,"featured_media":0,"parent":23,"menu_order":50,"comment_status":"closed","ping_status":"closed","template":"template-maschinen_schneiden.php","meta":{"_acf_changed":false,"inline_featured_image":false,"footnotes":""},"class_list":["post-941","page","type-page","status-publish","hentry"],"acf":[],"aioseo_notices":[],"_links":{"self":[{"href":"https:\/\/www.schroedergroup.eu\/de\/wp-json\/wp\/v2\/pages\/941","targetHints":{"allow":["GET"]}}],"collection":[{"href":"https:\/\/www.schroedergroup.eu\/de\/wp-json\/wp\/v2\/pages"}],"about":[{"href":"https:\/\/www.schroedergroup.eu\/de\/wp-json\/wp\/v2\/types\/page"}],"author":[{"embeddable":true,"href":"https:\/\/www.schroedergroup.eu\/de\/wp-json\/wp\/v2\/users\/1"}],"replies":[{"embeddable":true,"href":"https:\/\/www.schroedergroup.eu\/de\/wp-json\/wp\/v2\/comments?post=941"}],"version-history":[{"count":59,"href":"https:\/\/www.schroedergroup.eu\/de\/wp-json\/wp\/v2\/pages\/941\/revisions"}],"predecessor-version":[{"id":13174,"href":"https:\/\/www.schroedergroup.eu\/de\/wp-json\/wp\/v2\/pages\/941\/revisions\/13174"}],"up":[{"embeddable":true,"href":"https:\/\/www.schroedergroup.eu\/de\/wp-json\/wp\/v2\/pages\/23"}],"wp:attachment":[{"href":"https:\/\/www.schroedergroup.eu\/de\/wp-json\/wp\/v2\/media?parent=941"}],"curies":[{"name":"wp","href":"https:\/\/api.w.org\/{rel}","templated":true}]}}