{"id":8048,"date":"2021-11-16T07:57:08","date_gmt":"2021-11-16T06:57:08","guid":{"rendered":"https:\/\/www.schroedergroup.eu\/de\/?page_id=8048"},"modified":"2021-12-03T14:48:11","modified_gmt":"2021-12-03T13:48:11","slug":"cad-cam-programmierer-w-m-d","status":"publish","type":"page","link":"https:\/\/www.schroedergroup.eu\/de\/karriere\/aktuelle-stellenausschreibungen\/cad-cam-programmierer-w-m-d\/","title":{"rendered":"CAD\/CAM-Programmierer (w\/m\/d)"},"content":{"rendered":"<div class=\"wpb-content-wrapper\"><p>[vc_row full_width=&#8220;stretch_row_content_no_spaces&#8220;][vc_column][vc_single_image image=&#8220;618&#8243; img_size=&#8220;full&#8220; alignment=&#8220;center&#8220; css=&#8220;.vc_custom_1465549980494{margin-top: 0px !important;margin-right: 0px !important;margin-bottom: 0px !important;margin-left: 0px !important;padding-top: 0px !important;padding-right: 0px !important;padding-bottom: 0px !important;padding-left: 0px !important;}&#8220;][\/vc_column][\/vc_row][vc_row][vc_column][vc_custom_heading text=&#8220;CAD\/CAM-Programmierer (w\/m\/d)&#8220; font_container=&#8220;tag:h1|text_align:left&#8220; use_theme_fonts=&#8220;yes&#8220;][vc_column_text]<\/p>\n<table class=\"career\">\n<tbody>\n<tr>\n<td class=\"beschriftung\">Standort<\/td>\n<td>Wessobrunn-Forst<\/td>\n<\/tr>\n<tr>\n<td class=\"beschriftung\">Eintrittsdatum<\/td>\n<td>ab sofort<\/td>\n<\/tr>\n<tr>\n<td class=\"beschriftung\">Arbeitszeit<\/td>\n<td>Vollzeit<\/td>\n<\/tr>\n<tr>\n<td class=\"beschriftung\">Aufgabe<\/td>\n<td>\n<ul>\n<li>Erstellung und Optimierung von CNC-Programmen auf 3-Achs-\/5-Achs-Fr\u00e4smaschinen<\/li>\n<li>Unterst\u00fctzung und Beratung bei der Herstellung komplexer Sonderteile<\/li>\n<li>Ausbau und stetige Verbesserung des vorhandenen CAD\/CAM-Systems Topsolid<\/li>\n<li>Konstruktion und Ausarbeitung der notwendigen Spannvorrichtungen<\/li>\n<li>Verantwortung f\u00fcr den Durchlauf der Erstfertigung<\/li>\n<\/ul>\n<\/td>\n<\/tr>\n<tr>\n<td class=\"beschriftung\">Anforderungen<\/td>\n<td>\n<ul>\n<li>Fachspezifische Berufsausbildung z.B. als Zerspanungsmechaniker<\/li>\n<li>Hohes Ma\u00df an Sorgfalt, Zuverl\u00e4ssigkeit und Einsatzbereitschaft<\/li>\n<li>Fundierte Bearbeitungs- und Programmierkenntnisse in der CAD\/CAM-Programmierung vorzugsweise Topsolid 7.14<\/li>\n<li>Ausgepr\u00e4gte Probleml\u00f6sungskompetenz, Flexibilit\u00e4t sowie Belastbarkeit<\/li>\n<\/ul>\n<\/td>\n<\/tr>\n<tr>\n<td class=\"beschriftung\">Das bieten wir<\/td>\n<td>\n<ul>\n<li>Zukunftsorientierter, sicherer Arbeitsplatz mit langfristiger Perspektive<\/li>\n<li>Fundierte Einarbeitung durch unser qualifiziertes Team<\/li>\n<li>Betriebliche Altersvorsorge<\/li>\n<li>Betriebskantine<\/li>\n<li>Firmenfitness (qualitrain)<\/li>\n<li>Fahrrad-Leasing<\/li>\n<\/ul>\n<\/td>\n<\/tr>\n<tr>\n<td class=\"beschriftung\">Kontakt<\/td>\n<td>Bewerbungen per Mail unter: bewerbung@schroedergroup.eu<\/p>\n<p>Bewerbungen per Post an:<\/p>\n<p>Hans Schr\u00f6der Maschinenbau GmbH<br \/>\nPersonalabteilung<br \/>\nFeuchten 2<br \/>\n82405 Wessobrunn-Forst<\/td>\n<\/tr>\n<\/tbody>\n<\/table>\n<p>[\/vc_column_text][\/vc_column][\/vc_row][vc_row][vc_column][vc_column_text][\/vc_column_text][\/vc_column][\/vc_row]<\/p>\n<\/div>","protected":false},"excerpt":{"rendered":"<p>[vc_row full_width=&#8220;stretch_row_content_no_spaces&#8220;][vc_column][vc_single_image image=&#8220;618&#8243; img_size=&#8220;full&#8220; alignment=&#8220;center&#8220; css=&#8220;.vc_custom_1465549980494{margin-top: 0px !important;margin-right: 0px !important;margin-bottom: 0px !important;margin-left: 0px !important;padding-top: 0px !important;padding-right: 0px !important;padding-bottom: 0px !important;padding-left: 0px !important;}&#8220;][\/vc_column][\/vc_row][vc_row][vc_column][vc_custom_heading text=&#8220;CAD\/CAM-Programmierer (w\/m\/d)&#8220; font_container=&#8220;tag:h1|text_align:left&#8220; use_theme_fonts=&#8220;yes&#8220;][vc_column_text]<span class=\"excerpt-hellip\"> [\u2026]<\/span><\/p>\n","protected":false},"author":2,"featured_media":0,"parent":612,"menu_order":40,"comment_status":"closed","ping_status":"closed","template":"","meta":{"_acf_changed":false,"inline_featured_image":false,"footnotes":""},"class_list":["post-8048","page","type-page","status-publish","hentry"],"acf":[],"aioseo_notices":[],"_links":{"self":[{"href":"https:\/\/www.schroedergroup.eu\/de\/wp-json\/wp\/v2\/pages\/8048","targetHints":{"allow":["GET"]}}],"collection":[{"href":"https:\/\/www.schroedergroup.eu\/de\/wp-json\/wp\/v2\/pages"}],"about":[{"href":"https:\/\/www.schroedergroup.eu\/de\/wp-json\/wp\/v2\/types\/page"}],"author":[{"embeddable":true,"href":"https:\/\/www.schroedergroup.eu\/de\/wp-json\/wp\/v2\/users\/2"}],"replies":[{"embeddable":true,"href":"https:\/\/www.schroedergroup.eu\/de\/wp-json\/wp\/v2\/comments?post=8048"}],"version-history":[{"count":3,"href":"https:\/\/www.schroedergroup.eu\/de\/wp-json\/wp\/v2\/pages\/8048\/revisions"}],"predecessor-version":[{"id":8281,"href":"https:\/\/www.schroedergroup.eu\/de\/wp-json\/wp\/v2\/pages\/8048\/revisions\/8281"}],"up":[{"embeddable":true,"href":"https:\/\/www.schroedergroup.eu\/de\/wp-json\/wp\/v2\/pages\/612"}],"wp:attachment":[{"href":"https:\/\/www.schroedergroup.eu\/de\/wp-json\/wp\/v2\/media?parent=8048"}],"curies":[{"name":"wp","href":"https:\/\/api.w.org\/{rel}","templated":true}]}}