{"id":7948,"date":"2021-09-30T11:21:23","date_gmt":"2021-09-30T09:21:23","guid":{"rendered":"https:\/\/www.schroedergroup.eu\/de\/?page_id=7948"},"modified":"2022-06-22T15:57:20","modified_gmt":"2022-06-22T13:57:20","slug":"nc-fraeser-fuer-konventionelle-fraesmaschinen-quereinsteiger-aus-dem-metallbereich-m-w-d","status":"publish","type":"page","link":"https:\/\/www.schroedergroup.eu\/de\/karriere\/aktuelle-stellenausschreibungen\/nc-fraeser-fuer-konventionelle-fraesmaschinen-quereinsteiger-aus-dem-metallbereich-m-w-d\/","title":{"rendered":"NC-Fr\u00e4ser f\u00fcr konventionelle Fr\u00e4smaschinen \/ Quereinsteiger aus dem Metallbereich (m\/w\/d)"},"content":{"rendered":"<div class=\"wpb-content-wrapper\"><p>[vc_row full_width=&#8220;stretch_row_content_no_spaces&#8220;][vc_column][vc_single_image image=&#8220;618&#8243; img_size=&#8220;full&#8220; alignment=&#8220;center&#8220; css=&#8220;.vc_custom_1465549980494{margin-top: 0px !important;margin-right: 0px !important;margin-bottom: 0px !important;margin-left: 0px !important;padding-top: 0px !important;padding-right: 0px !important;padding-bottom: 0px !important;padding-left: 0px !important;}&#8220;][\/vc_column][\/vc_row][vc_row][vc_column][vc_custom_heading text=&#8220;NC-Fr\u00e4ser f\u00fcr konventionelle Fr\u00e4smaschinen \/ Quereinsteiger aus dem Metallbereich, die wir an unseren konventionellen Fr\u00e4smaschinen einarbeiten (m\/w\/d)&#8220; font_container=&#8220;tag:h1|text_align:left&#8220; use_theme_fonts=&#8220;yes&#8220;][vc_column_text]<\/p>\n<table class=\"career\">\n<tbody>\n<tr>\n<td class=\"beschriftung\">Standort<\/td>\n<td>Standort Leinburg-Wei\u00dfenbrunn<\/td>\n<\/tr>\n<tr>\n<td class=\"beschriftung\">Eintrittsdatum<\/td>\n<td>ab sofort<\/td>\n<\/tr>\n<tr>\n<td class=\"beschriftung\">Arbeitszeit<\/td>\n<td>Vollzeit<\/td>\n<\/tr>\n<tr>\n<td class=\"beschriftung\">Beschreibung<\/td>\n<td><strong><em>SMU GmbH \u2013 ein Unternehmen der Schr\u00f6der Group<\/em><\/strong><\/p>\n<p>Wir sind ein mittelst\u00e4ndiges Unternehmen mit hoher technischer Kompetenz und Innovationsbereitschaft. Wir pflegen einen partnerschaftlichen Umgang mit unseren Mitarbeitern, Kunden und Lieferanten. Auf unseren bis zu 4 Meter langen Fr\u00e4smaschinen produzieren wir vorwiegend Schwenkbiege- und Abkantwerkzeuge. Nach einer Einarbeitungsphase, in welcher Sie st\u00e4ndig von einem erfahrenen Kollegen unterst\u00fctzt werden, \u00fcbernehmen Sie stetig mehr eigenverantwortliche T\u00e4tigkeiten. Wir suchen motivierte Mitarbeiter mit Eigeninitiative f\u00fcr unseren 3-Schicht-Betrieb, eventuell auch f\u00fcr 1 und 2-Schicht-Betrieb.<\/td>\n<\/tr>\n<tr>\n<td class=\"beschriftung\">Anforderungen<\/td>\n<td>\n<ul>\n<li>Teamf\u00e4higkeit<\/li>\n<li>CNC Fr\u00e4ser Erfahrung mit Heidenhainsteuerung<\/li>\n<li>NC Fr\u00e4ser mit Erfahrung im Metallbereich<\/li>\n<li>Gute Deutschkenntnisse<\/li>\n<\/ul>\n<\/td>\n<\/tr>\n<tr>\n<td class=\"beschriftung\">Das bieten wir<\/td>\n<td>\n<ul>\n<li>Zukunftsorientierter, sicherer Arbeitsplatz mit langfristiger Perspektive<\/li>\n<li>Fundierte Einarbeitung durch unser qualifiziertes Team<\/li>\n<li>Eine attraktive leistungsbezogene Verg\u00fctung<\/li>\n<li>30 Tage Jahresurlaub einschlie\u00dflich Urlaubsgeld<\/li>\n<li>Nachtschichtzulage<\/li>\n<li>Betriebliche Altersvorsorge<\/li>\n<\/ul>\n<\/td>\n<\/tr>\n<tr>\n<td class=\"beschriftung\">Kontakt<\/td>\n<td>Bewerbungen per Mail unter: <a href=\"mailto:bewerbung@schroedergroup.eu\">bewerbung@schroedergroup.eu<\/a><\/p>\n<p>Bewerbungen per Post an:<\/p>\n<p>SMU GmbH<br \/>\nDieter Winheim<br \/>\nWei\u00dfenbrunner Hauptstr. 2<br \/>\n91227 Leinburg-Wei\u00dfenbrunn<\/p>\n<p><a href=\"https:\/\/smugmbh.de\/\">www.smugmbh.de<\/a><\/td>\n<\/tr>\n<\/tbody>\n<\/table>\n<p>[\/vc_column_text][\/vc_column][\/vc_row][vc_row][vc_column][vc_column_text][\/vc_column_text][\/vc_column][\/vc_row]<\/p>\n<\/div>","protected":false},"excerpt":{"rendered":"<p>[vc_row full_width=&#8220;stretch_row_content_no_spaces&#8220;][vc_column][vc_single_image image=&#8220;618&#8243; img_size=&#8220;full&#8220; alignment=&#8220;center&#8220; css=&#8220;.vc_custom_1465549980494{margin-top: 0px !important;margin-right: 0px !important;margin-bottom: 0px !important;margin-left: 0px !important;padding-top: 0px !important;padding-right: 0px !important;padding-bottom: 0px !important;padding-left: 0px !important;}&#8220;][\/vc_column][\/vc_row][vc_row][vc_column][vc_custom_heading text=&#8220;NC-Fr\u00e4ser f\u00fcr konventionelle Fr\u00e4smaschinen<span class=\"excerpt-hellip\"> [\u2026]<\/span><\/p>\n","protected":false},"author":2,"featured_media":0,"parent":612,"menu_order":40,"comment_status":"closed","ping_status":"closed","template":"","meta":{"_acf_changed":false,"inline_featured_image":false,"footnotes":""},"class_list":["post-7948","page","type-page","status-publish","hentry"],"acf":[],"aioseo_notices":[],"_links":{"self":[{"href":"https:\/\/www.schroedergroup.eu\/de\/wp-json\/wp\/v2\/pages\/7948","targetHints":{"allow":["GET"]}}],"collection":[{"href":"https:\/\/www.schroedergroup.eu\/de\/wp-json\/wp\/v2\/pages"}],"about":[{"href":"https:\/\/www.schroedergroup.eu\/de\/wp-json\/wp\/v2\/types\/page"}],"author":[{"embeddable":true,"href":"https:\/\/www.schroedergroup.eu\/de\/wp-json\/wp\/v2\/users\/2"}],"replies":[{"embeddable":true,"href":"https:\/\/www.schroedergroup.eu\/de\/wp-json\/wp\/v2\/comments?post=7948"}],"version-history":[{"count":10,"href":"https:\/\/www.schroedergroup.eu\/de\/wp-json\/wp\/v2\/pages\/7948\/revisions"}],"predecessor-version":[{"id":11018,"href":"https:\/\/www.schroedergroup.eu\/de\/wp-json\/wp\/v2\/pages\/7948\/revisions\/11018"}],"up":[{"embeddable":true,"href":"https:\/\/www.schroedergroup.eu\/de\/wp-json\/wp\/v2\/pages\/612"}],"wp:attachment":[{"href":"https:\/\/www.schroedergroup.eu\/de\/wp-json\/wp\/v2\/media?parent=7948"}],"curies":[{"name":"wp","href":"https:\/\/api.w.org\/{rel}","templated":true}]}}