{"id":7779,"date":"2021-09-07T11:43:27","date_gmt":"2021-09-07T09:43:27","guid":{"rendered":"https:\/\/www.schroedergroup.eu\/de\/?page_id=7779"},"modified":"2023-11-13T16:50:59","modified_gmt":"2023-11-13T15:50:59","slug":"evo-heavy-duty","status":"publish","type":"page","link":"https:\/\/www.schroedergroup.eu\/de\/produkte\/maschinen\/maschinen-zum-biegen\/evo-heavy-duty\/","title":{"rendered":"EVO Heavy Duty"},"content":{"rendered":"<div class=\"wpb-content-wrapper\"><p>[vc_row css=&#8220;.vc_custom_1464864323661{margin: 0px !important;padding: 0px !important;}&#8220;][vc_column width=&#8220;5\/6&#8243; css=&#8220;.vc_custom_1464864359760{margin: 0px !important;padding: 0px !important;}&#8220;][vc_custom_heading text=&#8220;EVO Heavy Duty&#8220; font_container=&#8220;tag:h1|text_align:left&#8220; use_theme_fonts=&#8220;yes&#8220;][\/vc_column][vc_column width=&#8220;1\/6&#8243;][\/vc_column][\/vc_row][vc_row][vc_column][vc_tta_tabs shape=&#8220;square&#8220; active_section=&#8220;1&#8243;][vc_tta_section title=&#8220;\u00dcberblick&#8220; tab_id=&#8220;ueberblicke&#8220;][vc_row_inner][vc_column_inner width=&#8220;3\/6&#8243;][vc_images_carousel images=&#8220;7766,7768&#8243; img_size=&#8220;full&#8220; autoplay=&#8220;yes&#8220; wrap=&#8220;yes&#8220;][\/vc_column_inner][vc_column_inner width=&#8220;2\/6&#8243;][vc_custom_heading text=&#8220;\u00dcberblick&#8220; use_theme_fonts=&#8220;yes&#8220;][vc_column_text]Auf der Fabtech stellen wir Ihnen ein einzigartiges Kraftpaket vor: unsere neue EVO Heavy Duty. Die st\u00e4rkste Schwenkbiegemaschine der Welt kantet Stahlblech mit einer St\u00e4rke von bis zu 16 mm auf einer Nutzl\u00e4nge von 3240 mm im Schwenkbiegeverfahren ab. Das macht uns so schnell keiner nach. Wir setzen Ma\u00dfst\u00e4be im industriellen Schwenkbiegen und paaren h\u00f6chste Pr\u00e4zision mit gr\u00f6\u00dftm\u00f6glicher Biegeleistung.[\/vc_column_text][\/vc_column_inner][vc_column_inner el_class=&#8220;downloads&#8220; width=&#8220;1\/6&#8243;][vc_column_text]<strong>Prospek<\/strong><strong>te:<\/strong><br \/>\n<a href=\"https:\/\/www.schroedergroup.eu\/wp-content\/uploads\/pdf\/Prospekte_DE\/Motormaschinen_Industrie_DE_web.pdf\" target=\"_blank\" rel=\"noopener\">deutsch<\/a><br \/>\n<a href=\"https:\/\/www.schroedergroup.eu\/wp-content\/uploads\/pdf\/Prospekte_EN\/Motormaschinen_Industrie_EN_web.pdf\" target=\"_blank\" rel=\"noopener\">english<\/a><a class=\"lang\" title=\"Software Control English\" href=\"http:\/\/www.schroedergroup.eu\/cms\/upload\/download\/kataloge\/en\/Steuerungssoftware_EN_160401_Mail.pdf\" target=\"_blank\" rel=\"noopener noreferrer\"><br \/>\n<\/a>[\/vc_column_text][vc_separator color=&#8220;custom&#8220; accent_color=&#8220;#90be1e&#8220;][vc_column_text][\/vc_column_text][\/vc_column_inner][\/vc_row_inner][\/vc_tta_section][vc_tta_section title=&#8220;Details&#8220; tab_id=&#8220;details&#8220;][vc_row_inner][vc_column_inner width=&#8220;5\/6&#8243;][vc_custom_heading text=&#8220;Details&#8220; use_theme_fonts=&#8220;yes&#8220;][vc_column_text]<\/p>\n<ul>\n<li>Steuerung und Optionen:\n<ul>\n<li>Grafiksteuerung POS 2000 Professional<\/li>\n<li>Bildschirm vorne in Verkleidung integriert &#8211; drehbar<\/li>\n<li>Radius Step Bending Funktion<\/li>\n<li>PC Version (externe Programmierung), 1. Lizenz<\/li>\n<li>Fernwartung (Anschluss \u00fcber RJ45 Netzwerkkabel muss vom Kunden gestellt werden)<\/li>\n<\/ul>\n<\/li>\n<li>Anschlag:\n<ul>\n<li>Motoranschlag hinten MAH 25R, Arbeitsbereich 30 &#8211; 1600 mm, Verstellung motorisch \u00fcber Kugelrollspindeln<\/li>\n<li>Auflagetisch mit Kugeln<\/li>\n<\/ul>\n<\/li>\n<li>Oberwange:\n<ul>\n<li>Hub 500 mm<\/li>\n<li>Geometrie 45\u00b0<\/li>\n<li>Werkzeugaufnahme WZS 2500 mit hydraulischer Klemmung<\/li>\n<\/ul>\n<\/li>\n<li>Biegewange:\n<ul>\n<li>Max. Biegewinkel: 180\u00b0<\/li>\n<li>Werkzeugaufnahme WZS 1000 mit mechanischer Klemmung<\/li>\n<li>Motorische Biegewangenverstellung 60 mm<\/li>\n<li>Motorische Bombierung<\/li>\n<\/ul>\n<\/li>\n<li>Unterwange:\n<ul>\n<li>Motorische Unterwangenverstellung 60 mm<\/li>\n<li>Werkzeugaufnahme WZS 17000 mit mechanischer Klemmung<\/li>\n<\/ul>\n<\/li>\n<li>Arbeitssicherheit:\n<ul>\n<li>Fu\u00dfschalter verfahrbar auf Winkelschiene<\/li>\n<li>Sicherheitseinhausung links und rechts an der Maschine mit jeweils zwei Regalb\u00f6den<\/li>\n<\/ul>\n<\/li>\n<li>Werkzeuge:\n<ul>\n<li>1-teilige Unterwangenschiene ohne Fingereinfr\u00e4sung (Anschlagkleinstma\u00df 120 mm) oder mit Fingereinfr\u00e4sung (Anschlagkleinstma\u00df 30 mm), Werkzeuge geh\u00e4rtet, nitriert<\/li>\n<li>Biegeschiene 2-teilig, h = 110 mm, b = 18 mm und Biegeschiene Verst\u00e4rkungsschiene 2-teilig h = 110 mm, b = 112 mm<\/li>\n<li>Alle Werkzeuge ca. 1100 N\/mm\u00b2, induktiv geh\u00e4rtet, phosphatiert<\/li>\n<li>Standardmaschine ohne Oberwangenwerkzeuge<\/li>\n<\/ul>\n<\/li>\n<li>Sonstiges:\n<ul>\n<li>Motorleistung 37 kW<\/li>\n<li>Fundamentplatten inkl. D\u00fcbel<\/li>\n<\/ul>\n<\/li>\n<\/ul>\n<p>[\/vc_column_text][\/vc_column_inner][vc_column_inner el_class=&#8220;downloads&#8220; width=&#8220;1\/6&#8243;][vc_column_text]<strong>Prospek<\/strong><strong>te:<\/strong><br \/>\n<a href=\"https:\/\/www.schroedergroup.eu\/wp-content\/uploads\/pdf\/Prospekte_DE\/Motormaschinen_Industrie_DE_web.pdf\" target=\"_blank\" rel=\"noopener\">deutsch<\/a><br \/>\n<a href=\"https:\/\/www.schroedergroup.eu\/wp-content\/uploads\/pdf\/Prospekte_EN\/Motormaschinen_Industrie_EN_web.pdf\" target=\"_blank\" rel=\"noopener\">english<\/a><a class=\"lang\" title=\"Software Control English\" href=\"http:\/\/www.schroedergroup.eu\/cms\/upload\/download\/kataloge\/en\/Steuerungssoftware_EN_160401_Mail.pdf\" target=\"_blank\" rel=\"noopener noreferrer\"><br \/>\n<\/a>[\/vc_column_text][vc_separator color=&#8220;custom&#8220; accent_color=&#8220;#90be1e&#8220;][\/vc_column_inner][\/vc_row_inner][\/vc_tta_section][vc_tta_section title=&#8220;Technische Daten&#8220; tab_id=&#8220;technische-daten&#8220;][vc_row_inner][vc_column_inner width=&#8220;5\/6&#8243;][vc_custom_heading text=&#8220;Technische Daten&#8220; use_theme_fonts=&#8220;yes&#8220;][vc_column_text]<\/p>\n<table border=\"0\">\n<tbody>\n<tr>\n<td class=\"BeschtiftungTyp\">Typ<\/td>\n<td class=\"BeschriftungOben\">Leistung<\/td>\n<td class=\"BeschriftungOben\">Nutzl\u00e4nge<\/td>\n<td class=\"BeschriftungOben\">Hub<br \/>\nOberwange<\/td>\n<td class=\"BeschriftungOben\">Biege-<br \/>\nwangen-<br \/>\nverstell.<\/td>\n<td class=\"BeschriftungOben\">Unter-<br \/>\nwangen-<br \/>\nverstell.<\/td>\n<td class=\"BeschriftungOben\">Motor-<br \/>\nleistung<\/td>\n<\/tr>\n<tr>\n<td class=\"Maschinentypen\"><\/td>\n<td>[mm]<\/td>\n<td>[mm]<\/td>\n<td>[mm]<\/td>\n<td>[mm]<\/td>\n<td>[mm]<\/td>\n<td>[kW]<\/td>\n<\/tr>\n<tr>\n<td class=\"Maschinentypen\">EVO Heavy Dutyy<\/td>\n<td align=\"right\">16,0<\/td>\n<td align=\"right\">3240<\/td>\n<td align=\"right\">500<\/td>\n<td align=\"right\">60<\/td>\n<td align=\"right\">60<\/td>\n<td align=\"right\">37<\/td>\n<\/tr>\n<\/tbody>\n<\/table>\n<p>[\/vc_column_text][\/vc_column_inner][vc_column_inner el_class=&#8220;downloads&#8220; width=&#8220;1\/6&#8243;][vc_column_text]<strong>Prospek<\/strong><strong>te:<\/strong><br \/>\n<a href=\"https:\/\/www.schroedergroup.eu\/wp-content\/uploads\/pdf\/Prospekte_DE\/Motormaschinen_Industrie_DE_web.pdf\" target=\"_blank\" rel=\"noopener\">deutsch<\/a><br \/>\n<a href=\"https:\/\/www.schroedergroup.eu\/wp-content\/uploads\/pdf\/Prospekte_EN\/Motormaschinen_Industrie_EN_web.pdf\" target=\"_blank\" rel=\"noopener\">english<\/a><a class=\"lang\" title=\"Software Control English\" href=\"http:\/\/www.schroedergroup.eu\/cms\/upload\/download\/kataloge\/en\/Steuerungssoftware_EN_160401_Mail.pdf\" target=\"_blank\" rel=\"noopener noreferrer\"><br \/>\n<\/a>[\/vc_column_text][vc_separator color=&#8220;custom&#8220; accent_color=&#8220;#90be1e&#8220;][vc_column_text][\/vc_column_text][\/vc_column_inner][\/vc_row_inner][\/vc_tta_section][\/vc_tta_tabs][\/vc_column][\/vc_row][vc_row][vc_column][vc_column_text]<!--more-->[\/vc_column_text][\/vc_column][\/vc_row]<\/p>\n<\/div>","protected":false},"excerpt":{"rendered":"<p>[vc_row css=&#8220;.vc_custom_1464864323661{margin: 0px !important;padding: 0px !important;}&#8220;][vc_column width=&#8220;5\/6&#8243; css=&#8220;.vc_custom_1464864359760{margin: 0px !important;padding: 0px !important;}&#8220;][vc_custom_heading text=&#8220;EVO Heavy Duty&#8220; font_container=&#8220;tag:h1|text_align:left&#8220; use_theme_fonts=&#8220;yes&#8220;][\/vc_column][vc_column width=&#8220;1\/6&#8243;][\/vc_column][\/vc_row][vc_row][vc_column][vc_tta_tabs shape=&#8220;square&#8220; active_section=&#8220;1&#8243;][vc_tta_section title=&#8220;\u00dcberblick&#8220; tab_id=&#8220;ueberblicke&#8220;][vc_row_inner][vc_column_inner width=&#8220;3\/6&#8243;][vc_images_carousel images=&#8220;7766,7768&#8243; img_size=&#8220;full&#8220; autoplay=&#8220;yes&#8220;<span class=\"excerpt-hellip\"> [\u2026]<\/span><\/p>\n","protected":false},"author":2,"featured_media":0,"parent":689,"menu_order":60,"comment_status":"closed","ping_status":"closed","template":"","meta":{"_acf_changed":false,"inline_featured_image":false,"footnotes":""},"class_list":["post-7779","page","type-page","status-publish","hentry"],"acf":[],"aioseo_notices":[],"_links":{"self":[{"href":"https:\/\/www.schroedergroup.eu\/de\/wp-json\/wp\/v2\/pages\/7779","targetHints":{"allow":["GET"]}}],"collection":[{"href":"https:\/\/www.schroedergroup.eu\/de\/wp-json\/wp\/v2\/pages"}],"about":[{"href":"https:\/\/www.schroedergroup.eu\/de\/wp-json\/wp\/v2\/types\/page"}],"author":[{"embeddable":true,"href":"https:\/\/www.schroedergroup.eu\/de\/wp-json\/wp\/v2\/users\/2"}],"replies":[{"embeddable":true,"href":"https:\/\/www.schroedergroup.eu\/de\/wp-json\/wp\/v2\/comments?post=7779"}],"version-history":[{"count":12,"href":"https:\/\/www.schroedergroup.eu\/de\/wp-json\/wp\/v2\/pages\/7779\/revisions"}],"predecessor-version":[{"id":12067,"href":"https:\/\/www.schroedergroup.eu\/de\/wp-json\/wp\/v2\/pages\/7779\/revisions\/12067"}],"up":[{"embeddable":true,"href":"https:\/\/www.schroedergroup.eu\/de\/wp-json\/wp\/v2\/pages\/689"}],"wp:attachment":[{"href":"https:\/\/www.schroedergroup.eu\/de\/wp-json\/wp\/v2\/media?parent=7779"}],"curies":[{"name":"wp","href":"https:\/\/api.w.org\/{rel}","templated":true}]}}