{"id":7239,"date":"2020-09-07T08:50:14","date_gmt":"2020-09-07T06:50:14","guid":{"rendered":"https:\/\/www.schroedergroup.eu\/de\/?page_id=7239"},"modified":"2024-01-18T14:18:19","modified_gmt":"2024-01-18T13:18:19","slug":"vertriebsmitarbeiter-maschinenbau-m-w-d","status":"publish","type":"page","link":"https:\/\/www.schroedergroup.eu\/de\/karriere\/aktuelle-stellenausschreibungen\/vertriebsmitarbeiter-maschinenbau-m-w-d\/","title":{"rendered":"Vertriebsmitarbeiter Maschinenbau (m\/w\/d)"},"content":{"rendered":"<div class=\"wpb-content-wrapper\"><p>[vc_row full_width=&#8220;stretch_row_content_no_spaces&#8220;][vc_column][vc_single_image image=&#8220;618&#8243; img_size=&#8220;full&#8220; alignment=&#8220;center&#8220; css=&#8220;.vc_custom_1465550142834{margin-top: 0px !important;margin-right: 0px !important;margin-bottom: 0px !important;margin-left: 0px !important;padding-top: 0px !important;padding-right: 0px !important;padding-bottom: 0px !important;padding-left: 0px !important;}&#8220;][\/vc_column][\/vc_row][vc_row][vc_column][vc_custom_heading text=&#8220;Vertriebsmitarbeiter Maschinenbau (m\/w\/d)&#8220; font_container=&#8220;tag:h1|text_align:left&#8220; use_theme_fonts=&#8220;yes&#8220;][vc_column_text]<\/p>\n<table class=\"career\">\n<tbody>\n<tr>\n<td class=\"beschriftung\">Standort<\/td>\n<td>Wessobrunn-Forst<\/td>\n<\/tr>\n<tr>\n<td class=\"beschriftung\">Eintrittsdatum<\/td>\n<td>ab sofort<\/td>\n<\/tr>\n<tr>\n<td class=\"beschriftung\">Arbeitszeit<\/td>\n<td>Vollzeit<\/td>\n<\/tr>\n<tr>\n<td class=\"beschriftung\">Aufgaben<\/td>\n<td>\n<ul>\n<li>Neukundengewinnung<\/li>\n<li>Entwicklung neuer Vertriebsstrukturen<\/li>\n<li>Ausbau und Pflege bestehender Gesch\u00e4ftsbeziehungen<\/li>\n<li>Beratung und technische Unterst\u00fctzung von Kundenprojekten<\/li>\n<li>Nachverfolgung von Anfragen<\/li>\n<li>Erstellung von Angeboten<\/li>\n<li>F\u00fchrung von Verhandlungen mit Kunden<\/li>\n<li>Unterst\u00fctzung und Pflege des weltweiten H\u00e4ndlernetzwerks<\/li>\n<li>Internationale Reisebereitschaft<\/li>\n<\/ul>\n<\/td>\n<\/tr>\n<tr>\n<td class=\"beschriftung\">Anforderungen<\/td>\n<td>\n<ul>\n<li>Erfolgreich abgeschlossene technische und \/oder kaufm\u00e4nnische Berufsausbildung<\/li>\n<li>Mehrj\u00e4hrige Vertriebserfahrung im Bereich der Werkzeugmaschinen oder Sondermaschinen w\u00fcnschenswert<\/li>\n<li>Kommunikationsf\u00e4higkeit und Verhandlungsgeschick<\/li>\n<li>Hands-on-Mentalit\u00e4t, l\u00f6sungsorientiertes und selbstst\u00e4ndiges Handeln<\/li>\n<li>Hohe Auffassungsgabe f\u00fcr technische Zusammenh\u00e4nge bzw. technische Affinit\u00e4t<\/li>\n<li>Eine \u00fcberdurchschnittliche EInsatzbereitschaft<\/li>\n<li>Englisch in Wort und Schrift<\/li>\n<\/ul>\n<\/td>\n<\/tr>\n<tr>\n<td class=\"beschriftung\">Das bieten wir<\/td>\n<td>\n<ul>\n<li>Internationales Arbeitsumfeld<\/li>\n<li>Betriebliche Altersvorsorge<\/li>\n<li>Betriebskantine<\/li>\n<li>Firmenfitness (wellpass)<\/li>\n<li>Fahrrad-Leasing<\/li>\n<\/ul>\n<\/td>\n<\/tr>\n<tr>\n<td class=\"beschriftung\">Kontakt<\/td>\n<td>Bewerbungen per Mail unter: bewerbung@schroedergroup.eu<\/p>\n<p>Bewerbungen f\u00fcr <strong>Wessobrunn-Forst<\/strong> per Post an:<\/p>\n<p>Hans Schr\u00f6der Maschinenbau GmbH<br \/>\nFeuchten 2<br \/>\n82405 Wessobrunn-Forst<\/td>\n<\/tr>\n<\/tbody>\n<\/table>\n<p>[\/vc_column_text][\/vc_column][\/vc_row]<\/p>\n<\/div>","protected":false},"excerpt":{"rendered":"<p>[vc_row full_width=&#8220;stretch_row_content_no_spaces&#8220;][vc_column][vc_single_image image=&#8220;618&#8243; img_size=&#8220;full&#8220; alignment=&#8220;center&#8220; css=&#8220;.vc_custom_1465550142834{margin-top: 0px !important;margin-right: 0px !important;margin-bottom: 0px !important;margin-left: 0px !important;padding-top: 0px !important;padding-right: 0px !important;padding-bottom: 0px !important;padding-left: 0px !important;}&#8220;][\/vc_column][\/vc_row][vc_row][vc_column][vc_custom_heading text=&#8220;Vertriebsmitarbeiter Maschinenbau (m\/w\/d)&#8220; font_container=&#8220;tag:h1|text_align:left&#8220;<span class=\"excerpt-hellip\"> [\u2026]<\/span><\/p>\n","protected":false},"author":2,"featured_media":0,"parent":612,"menu_order":50,"comment_status":"closed","ping_status":"closed","template":"","meta":{"_acf_changed":false,"inline_featured_image":false,"footnotes":""},"class_list":["post-7239","page","type-page","status-publish","hentry"],"acf":[],"aioseo_notices":[],"_links":{"self":[{"href":"https:\/\/www.schroedergroup.eu\/de\/wp-json\/wp\/v2\/pages\/7239","targetHints":{"allow":["GET"]}}],"collection":[{"href":"https:\/\/www.schroedergroup.eu\/de\/wp-json\/wp\/v2\/pages"}],"about":[{"href":"https:\/\/www.schroedergroup.eu\/de\/wp-json\/wp\/v2\/types\/page"}],"author":[{"embeddable":true,"href":"https:\/\/www.schroedergroup.eu\/de\/wp-json\/wp\/v2\/users\/2"}],"replies":[{"embeddable":true,"href":"https:\/\/www.schroedergroup.eu\/de\/wp-json\/wp\/v2\/comments?post=7239"}],"version-history":[{"count":15,"href":"https:\/\/www.schroedergroup.eu\/de\/wp-json\/wp\/v2\/pages\/7239\/revisions"}],"predecessor-version":[{"id":12272,"href":"https:\/\/www.schroedergroup.eu\/de\/wp-json\/wp\/v2\/pages\/7239\/revisions\/12272"}],"up":[{"embeddable":true,"href":"https:\/\/www.schroedergroup.eu\/de\/wp-json\/wp\/v2\/pages\/612"}],"wp:attachment":[{"href":"https:\/\/www.schroedergroup.eu\/de\/wp-json\/wp\/v2\/media?parent=7239"}],"curies":[{"name":"wp","href":"https:\/\/api.w.org\/{rel}","templated":true}]}}