{"id":689,"date":"2016-06-01T10:42:41","date_gmt":"2016-06-01T08:42:41","guid":{"rendered":"http:\/\/www.schroedergroup.eu\/de\/?page_id=689"},"modified":"2026-03-09T13:10:03","modified_gmt":"2026-03-09T12:10:03","slug":"maschinen-zum-biegen","status":"publish","type":"page","link":"https:\/\/www.schroedergroup.eu\/de\/produkte\/maschinen\/maschinen-zum-biegen\/","title":{"rendered":"Biegen"},"content":{"rendered":"<div class=\"wpb-content-wrapper\"><p>[vc_row full_width=&#8220;stretch_row&#8220; el_class=&#8220;productsearch&#8220; css=&#8220;.vc_custom_1464964527436{margin-top: 0px !important;}&#8220;][vc_column][vc_column_text css=&#8220;&#8220;]<\/p>\n<div id=\"typeselect\">\n<div id=\"spacer\">\n<h3>Produktsuche<\/h3>\n<p>Bitte w\u00e4hlen Sie Ihren gew\u00fcnschten Maschinentypen aus!<br \/>\n<a class=\"link\" href=\"https:\/\/online.fliphtml5.com\/wlhno\/fzaj\/\" target=\"_blank\" rel=\"noopener\">Programm\u00fcbersicht \u00f6ffnen<\/a><\/p>\n<\/div>\n<div class=\"spacer_product\"><a id=\"flaring\" class=\"zweizeilig\" href=\"\/de\/produkte\/maschinen\/maschinen-zum-sicken-und-boerdeln\/\">Sicken\/ B\u00f6rdeln<\/a><\/div>\n<div class=\"spacer_product\"><a id=\"rounding\" href=\"\/de\/produkte\/maschinen\/maschinen-zum-runden\/\">Runden<\/a><\/div>\n<div class=\"spacer_product\"><a id=\"bending\" class=\"active\" href=\"\/de\/produkte\/maschinen\/maschinen-zum-biegen\/\">Biegen<\/a><\/div>\n<div class=\"spacer_product\"><a id=\"cutting\" href=\"\/de\/produkte\/maschinen\/maschinen-zum-schneiden\/\">Schneiden<\/a><\/div>\n<div class=\"spacer_product last\"><\/div>\n<\/div>\n<p>[\/vc_column_text][\/vc_column][\/vc_row][vc_row css=&#8220;.vc_custom_1464965059956{margin-top: 30px !important;}&#8220;][vc_column width=&#8220;4\/6&#8243;][vc_custom_heading text=&#8220;Biegen&#8220; font_container=&#8220;tag:h1|text_align:left&#8220; use_theme_fonts=&#8220;yes&#8220;][\/vc_column][vc_column width=&#8220;2\/6&#8243;][vc_column_text]<\/p>\n<div id=\"machinesearch\">\n<div class=\"productsearchinput\"><input id=\"psearch\" name=\"psearch\" type=\"text\" placeholder=\"Suchbegriff\" \/><\/div>\n<\/div>\n<p>[\/vc_column_text][\/vc_column][\/vc_row][vc_row][vc_column][vc_column_text]<!--more-->[\/vc_column_text][\/vc_column][\/vc_row]<\/p>\n<\/div>","protected":false},"excerpt":{"rendered":"<p>[vc_row full_width=&#8220;stretch_row&#8220; el_class=&#8220;productsearch&#8220; css=&#8220;.vc_custom_1464964527436{margin-top: 0px !important;}&#8220;][vc_column][vc_column_text css=&#8220;&#8220;] Produktsuche Bitte w\u00e4hlen Sie Ihren gew\u00fcnschten Maschinentypen aus! Programm\u00fcbersicht \u00f6ffnen Sicken\/ B\u00f6rdeln Runden Biegen Schneiden [\/vc_column_text][\/vc_column][\/vc_row][vc_row css=&#8220;.vc_custom_1464965059956{margin-top: 30px !important;}&#8220;][vc_column<span class=\"excerpt-hellip\"> [\u2026]<\/span><\/p>\n","protected":false},"author":1,"featured_media":-1,"parent":23,"menu_order":30,"comment_status":"closed","ping_status":"closed","template":"template-maschinen_biegen.php","meta":{"_acf_changed":false,"inline_featured_image":false,"footnotes":""},"class_list":["post-689","page","type-page","status-publish","has-post-thumbnail","hentry"],"acf":[],"aioseo_notices":[],"_links":{"self":[{"href":"https:\/\/www.schroedergroup.eu\/de\/wp-json\/wp\/v2\/pages\/689","targetHints":{"allow":["GET"]}}],"collection":[{"href":"https:\/\/www.schroedergroup.eu\/de\/wp-json\/wp\/v2\/pages"}],"about":[{"href":"https:\/\/www.schroedergroup.eu\/de\/wp-json\/wp\/v2\/types\/page"}],"author":[{"embeddable":true,"href":"https:\/\/www.schroedergroup.eu\/de\/wp-json\/wp\/v2\/users\/1"}],"replies":[{"embeddable":true,"href":"https:\/\/www.schroedergroup.eu\/de\/wp-json\/wp\/v2\/comments?post=689"}],"version-history":[{"count":159,"href":"https:\/\/www.schroedergroup.eu\/de\/wp-json\/wp\/v2\/pages\/689\/revisions"}],"predecessor-version":[{"id":14699,"href":"https:\/\/www.schroedergroup.eu\/de\/wp-json\/wp\/v2\/pages\/689\/revisions\/14699"}],"up":[{"embeddable":true,"href":"https:\/\/www.schroedergroup.eu\/de\/wp-json\/wp\/v2\/pages\/23"}],"wp:featuredmedia":[{"embeddable":true,"href":"https:\/\/www.schroedergroup.eu\/de\/wp-json\/"}],"wp:attachment":[{"href":"https:\/\/www.schroedergroup.eu\/de\/wp-json\/wp\/v2\/media?parent=689"}],"curies":[{"name":"wp","href":"https:\/\/api.w.org\/{rel}","templated":true}]}}