{"id":6620,"date":"2019-09-10T16:41:34","date_gmt":"2019-09-10T14:41:34","guid":{"rendered":"https:\/\/www.schroedergroup.eu\/de\/?page_id=6620"},"modified":"2023-10-31T13:23:50","modified_gmt":"2023-10-31T12:23:50","slug":"ausbildungsstelle-zum-technischen-produktdesigner-m-w-d","status":"publish","type":"page","link":"https:\/\/www.schroedergroup.eu\/de\/karriere\/aktuelle-stellenausschreibungen\/ausbildungsstelle-zum-technischen-produktdesigner-m-w-d\/","title":{"rendered":"Ausbildungsstelle zum technischen Produktdesigner (m\/w\/d)"},"content":{"rendered":"<div class=\"wpb-content-wrapper\"><p>[vc_row full_width=&#8220;stretch_row_content_no_spaces&#8220;][vc_column][vc_single_image image=&#8220;618&#8243; img_size=&#8220;full&#8220; alignment=&#8220;center&#8220; css=&#8220;.vc_custom_1465550142834{margin-top: 0px !important;margin-right: 0px !important;margin-bottom: 0px !important;margin-left: 0px !important;padding-top: 0px !important;padding-right: 0px !important;padding-bottom: 0px !important;padding-left: 0px !important;}&#8220;][\/vc_column][\/vc_row][vc_row][vc_column][vc_custom_heading text=&#8220;Ausbildungsstelle zum technischen Produktdesigner (m\/w\/d)&#8220; font_container=&#8220;tag:h1|text_align:left&#8220; use_theme_fonts=&#8220;yes&#8220;][vc_column_text]<\/p>\n<table class=\"career\">\n<tbody>\n<tr>\n<td class=\"beschriftung\">Standort<\/td>\n<td>Wessobrunn-Forst<\/td>\n<\/tr>\n<tr>\n<td class=\"beschriftung\">Ausbildungsbeginn<\/td>\n<td>September 2024<\/td>\n<\/tr>\n<tr>\n<td class=\"beschriftung\">Ausbildungsdauer<\/td>\n<td>3,5 Jahre<\/td>\n<\/tr>\n<tr>\n<td class=\"beschriftung\">Das bieten wir<\/td>\n<td>Ausbildungsdauer: 3,5 Jahre, bei entsprechenden Leistungen ist eine Verk\u00fcrzung der Lehrzeit m\u00f6glich.<\/td>\n<\/tr>\n<tr>\n<td class=\"beschriftung\">Anforderungen<\/td>\n<td>\n<ul>\n<li>Praxisnahe Ausbildung<\/li>\n<li>Pr\u00fcfungsvorbereitung im Betrieb<\/li>\n<li>Betriebliche Altersvorsorge<\/li>\n<li>\u00a0Betriebskantine<\/li>\n<li>Mitfahrgelegenheiten sind in der Regel gegeben<\/li>\n<li>Firmenfitness Wellpass<\/li>\n<li>Fahrrad-Leasing (JobRad)<\/li>\n<\/ul>\n<h5>PS: Betriebspraktika sind jederzeit m\u00f6glich!<\/h5>\n<\/td>\n<\/tr>\n<tr>\n<td class=\"beschriftung\">Beschreibung<\/td>\n<td>Technische Produktdesigner\/innen der Fachrichtung Maschinen- und Anlagenkonstruktion sind an der Entwicklung von Schr\u00f6der Maschinen beteiligt. Der Schwerpunkt der Ausbildung ist das Erstellen von Bauteilmodellen mit dazugeh\u00f6rigen Fertigungszeichnungen, Bearbeiten von Artikelstammdaten und St\u00fccklistenaufbau im ERP-System und Durchf\u00fchren einfacher Berechnungen.<\/td>\n<\/tr>\n<tr>\n<td class=\"beschriftung\">Kontakt<\/td>\n<td>Bewerbungen per Mail unter: bewerbung@schroedergroup.eu<\/p>\n<p>Bewerbungen per Post an:<\/p>\n<p>Hans Schr\u00f6der Maschinenbau GmbH<br \/>\nPersonalabteilung<br \/>\nFeuchten 2<br \/>\n82405 Wessobrunn-Forst<\/td>\n<\/tr>\n<\/tbody>\n<\/table>\n<p>[\/vc_column_text][\/vc_column][\/vc_row][vc_row][vc_column][vc_column_text][\/vc_column_text][\/vc_column][\/vc_row]<\/p>\n<\/div>","protected":false},"excerpt":{"rendered":"<p>[vc_row full_width=&#8220;stretch_row_content_no_spaces&#8220;][vc_column][vc_single_image image=&#8220;618&#8243; img_size=&#8220;full&#8220; alignment=&#8220;center&#8220; css=&#8220;.vc_custom_1465550142834{margin-top: 0px !important;margin-right: 0px !important;margin-bottom: 0px !important;margin-left: 0px !important;padding-top: 0px !important;padding-right: 0px !important;padding-bottom: 0px !important;padding-left: 0px !important;}&#8220;][\/vc_column][\/vc_row][vc_row][vc_column][vc_custom_heading text=&#8220;Ausbildungsstelle zum technischen Produktdesigner<span class=\"excerpt-hellip\"> [\u2026]<\/span><\/p>\n","protected":false},"author":2,"featured_media":0,"parent":612,"menu_order":50,"comment_status":"closed","ping_status":"closed","template":"","meta":{"_acf_changed":false,"inline_featured_image":false,"footnotes":""},"class_list":["post-6620","page","type-page","status-publish","hentry"],"acf":[],"aioseo_notices":[],"_links":{"self":[{"href":"https:\/\/www.schroedergroup.eu\/de\/wp-json\/wp\/v2\/pages\/6620","targetHints":{"allow":["GET"]}}],"collection":[{"href":"https:\/\/www.schroedergroup.eu\/de\/wp-json\/wp\/v2\/pages"}],"about":[{"href":"https:\/\/www.schroedergroup.eu\/de\/wp-json\/wp\/v2\/types\/page"}],"author":[{"embeddable":true,"href":"https:\/\/www.schroedergroup.eu\/de\/wp-json\/wp\/v2\/users\/2"}],"replies":[{"embeddable":true,"href":"https:\/\/www.schroedergroup.eu\/de\/wp-json\/wp\/v2\/comments?post=6620"}],"version-history":[{"count":9,"href":"https:\/\/www.schroedergroup.eu\/de\/wp-json\/wp\/v2\/pages\/6620\/revisions"}],"predecessor-version":[{"id":11995,"href":"https:\/\/www.schroedergroup.eu\/de\/wp-json\/wp\/v2\/pages\/6620\/revisions\/11995"}],"up":[{"embeddable":true,"href":"https:\/\/www.schroedergroup.eu\/de\/wp-json\/wp\/v2\/pages\/612"}],"wp:attachment":[{"href":"https:\/\/www.schroedergroup.eu\/de\/wp-json\/wp\/v2\/media?parent=6620"}],"curies":[{"name":"wp","href":"https:\/\/api.w.org\/{rel}","templated":true}]}}