{"id":641,"date":"2016-05-31T12:15:10","date_gmt":"2016-05-31T10:15:10","guid":{"rendered":"http:\/\/www.schroedergroup.eu\/de\/?page_id=641"},"modified":"2026-01-07T09:28:40","modified_gmt":"2026-01-07T08:28:40","slug":"ausbildungsstelle-zum-elektroniker-fachrichtung-betriebstechnik-m-w-d","status":"publish","type":"page","link":"https:\/\/www.schroedergroup.eu\/de\/karriere\/aktuelle-stellenausschreibungen\/ausbildungsstelle-zum-elektroniker-fachrichtung-betriebstechnik-m-w-d\/","title":{"rendered":"Ausbildungsstelle zum Elektroniker &#8211; Fachrichtung Betriebstechnik (m\/w\/d)"},"content":{"rendered":"<div class=\"wpb-content-wrapper\"><p>[vc_row full_width=&#8220;stretch_row_content_no_spaces&#8220;][vc_column][vc_single_image image=&#8220;11585&#8243; img_size=&#8220;full&#8220; alignment=&#8220;center&#8220; css=&#8220;.vc_custom_1677482569871{margin-top: 0px !important;margin-right: 0px !important;margin-bottom: 0px !important;margin-left: 0px !important;padding-top: 0px !important;padding-right: 0px !important;padding-bottom: 0px !important;padding-left: 0px !important;}&#8220;][\/vc_column][\/vc_row][vc_row][vc_column][vc_row_inner][vc_column_inner width=&#8220;5\/6&#8243;][vc_custom_heading text=&#8220;Ausbildungsstelle zum Elektroniker &#8211; Fachrichtung Betriebstechnik (m\/w\/d)&#8220; font_container=&#8220;tag:h1|text_align:left&#8220; use_theme_fonts=&#8220;yes&#8220;][\/vc_column_inner][vc_column_inner width=&#8220;1\/6&#8243;][vc_btn title=&#8220;Jetzt bewerben&#8220; shape=&#8220;square&#8220; color=&#8220;green&#8220; align=&#8220;right&#8220; css=&#8220;&#8220; link=&#8220;url:https%3A%2F%2Fbewerber-schroeder-maschinenbau.perso-portal.de%2Fapplicationform%2F1|title:Ausbildungsstelle%20zum%20Elektroniker%202026%20(m%2Fw%2Fd)|target:_blank&#8220;][\/vc_column_inner][\/vc_row_inner][vc_column_text css=&#8220;&#8220;]<\/p>\n<table class=\"career\">\n<tbody>\n<tr>\n<td class=\"beschriftung\">Standort<\/td>\n<td>Wessobrunn-Forst<\/td>\n<\/tr>\n<tr>\n<td class=\"beschriftung\">Eintrittsdatum<\/td>\n<td>September 2027<\/td>\n<\/tr>\n<tr>\n<td class=\"beschriftung\">Ausbildungszeit<\/td>\n<td>3,5 Jahre; Bei guten Leistungen Verk\u00fcrzung auf 3 Jahre m\u00f6glich<\/td>\n<\/tr>\n<tr>\n<td class=\"beschriftung\">Das bieten wir<\/td>\n<td>\n<ul>\n<li>Praxisnahe Ausbildung<\/li>\n<li>Pr\u00fcfungsvorbereitung im Betrieb<\/li>\n<li>Betriebliche Altersvorsorge<\/li>\n<li>Betriebskantine<\/li>\n<li>Mitfahrgelegenheiten sind in der Regel gegeben<\/li>\n<li>Firmenfitness Wellpass<\/li>\n<li>Fahrrad-Leasing (JobRad)<\/li>\n<\/ul>\n<h5>PS: Betriebspraktika sind jederzeit m\u00f6glich!<\/h5>\n<p>Schicke uns einfach eine E-Mail an <a href=\"mailto:tb@schroedergroup.eu\">tb@schroedergroup.eu<\/a> oder rufe an: 08809 9220-850.<\/td>\n<\/tr>\n<tr>\n<td class=\"beschriftung\">Beschreibung<\/td>\n<td>Lerne bei uns die elektronischen Grundlagen und verdrahte schon in deiner Ausbildung selbst\u00e4ndig Steuerungen f\u00fcr unsere Maschinen. Lerne die Bereiche der Instandhaltung und SPS-Programmierung kennen. Lege bei uns den Grundstein f\u00fcr deine berufliche Zukunft.<\/p>\n<p>Azubi-Interview Elektroniker f\u00fcr Betriebstechnik (m\/w\/d) <a href=\"https:\/\/www.schroedergroup.eu\/de\/karriere\/azubi-interviews\/#elektroniker-betriebstechnik\" target=\"_blank\" rel=\"noopener\">hier<\/a><\/p>\n<p>Tiktok: <a href=\"https:\/\/www.tiktok.com\/@schroedergroup\/video\/7079088340980567302\" target=\"_blank\" rel=\"noopener\">Video Ausbildungsberufe Schr\u00f6der Group (m\/w\/d)<\/a><\/td>\n<\/tr>\n<tr>\n<td class=\"beschriftung\">Das solltest du mitbringen<\/td>\n<td>\n<ul>\n<li>Interesse an Technik und Maschinen<\/li>\n<li>Interesse an handwerklicher Arbeit<\/li>\n<li>Qualifizierter Mittelschulabschluss w\u00fcnschenswert<\/li>\n<\/ul>\n<\/td>\n<\/tr>\n<tr>\n<td class=\"beschriftung\">Bewerbung<\/td>\n<td>Bewerbungen per Mail an: bewerbung@schroedergroup.eu<br \/>\nBei Fragen zur Ausbildung schicke eine E-Mail an <a href=\"mailto:tb@schroedergroup.eu\">tb@schroedergroup.eu<\/a> oder rufe uns an: 08809 9220-850.Bewerbungen per Post an:Hans Schr\u00f6der Maschinenbau GmbH<br \/>\nPersonalabteilung<br \/>\nFeuchten 2<br \/>\n82405 Wessobrunn-Forst<\/td>\n<\/tr>\n<\/tbody>\n<\/table>\n<p>[\/vc_column_text][\/vc_column][\/vc_row][vc_row][vc_column][vc_column_text][\/vc_column_text][\/vc_column][\/vc_row]<\/p>\n<div class=\"shariff shariff-align-flex-start shariff-widget-align-flex-start\"><ul class=\"shariff-buttons theme-grey orientation-horizontal buttonsize-small\"><li class=\"shariff-button facebook shariff-nocustomcolor\" style=\"background-color:#4273c8\"><a href=\"https:\/\/www.facebook.com\/sharer\/sharer.php?u=https%3A%2F%2Fwww.schroedergroup.eu%2Fde%2Fkarriere%2Faktuelle-stellenausschreibungen%2Fausbildungsstelle-zum-elektroniker-fachrichtung-betriebstechnik-m-w-d%2F\" title=\"Bei Facebook teilen\" aria-label=\"Bei Facebook teilen\" role=\"button\" rel=\"nofollow\" class=\"shariff-link\" style=\"; background-color:#3b5998; color:#fff\" target=\"_blank\"><span class=\"shariff-icon\" style=\"\"><svg width=\"32px\" height=\"20px\" xmlns=\"http:\/\/www.w3.org\/2000\/svg\" viewBox=\"0 0 18 32\"><path fill=\"#3b5998\" d=\"M17.1 0.2v4.7h-2.8q-1.5 0-2.1 0.6t-0.5 1.9v3.4h5.2l-0.7 5.3h-4.5v13.6h-5.5v-13.6h-4.5v-5.3h4.5v-3.9q0-3.3 1.9-5.2t5-1.8q2.6 0 4.1 0.2z\"\/><\/svg><\/span><span class=\"shariff-text\">teilen<\/span>&nbsp;<\/a><\/li><li class=\"shariff-button linkedin shariff-nocustomcolor\" style=\"background-color:#1488bf\"><a href=\"https:\/\/www.linkedin.com\/sharing\/share-offsite\/?url=https%3A%2F%2Fwww.schroedergroup.eu%2Fde%2Fkarriere%2Faktuelle-stellenausschreibungen%2Fausbildungsstelle-zum-elektroniker-fachrichtung-betriebstechnik-m-w-d%2F\" title=\"Bei LinkedIn teilen\" aria-label=\"Bei LinkedIn teilen\" role=\"button\" rel=\"noopener nofollow\" class=\"shariff-link\" style=\"; background-color:#0077b5; color:#fff\" target=\"_blank\"><span class=\"shariff-icon\" style=\"\"><svg width=\"32px\" height=\"20px\" xmlns=\"http:\/\/www.w3.org\/2000\/svg\" viewBox=\"0 0 27 32\"><path fill=\"#0077b5\" d=\"M6.2 11.2v17.7h-5.9v-17.7h5.9zM6.6 5.7q0 1.3-0.9 2.2t-2.4 0.9h0q-1.5 0-2.4-0.9t-0.9-2.2 0.9-2.2 2.4-0.9 2.4 0.9 0.9 2.2zM27.4 18.7v10.1h-5.9v-9.5q0-1.9-0.7-2.9t-2.3-1.1q-1.1 0-1.9 0.6t-1.2 1.5q-0.2 0.5-0.2 1.4v9.9h-5.9q0-7.1 0-11.6t0-5.3l0-0.9h5.9v2.6h0q0.4-0.6 0.7-1t1-0.9 1.6-0.8 2-0.3q3 0 4.9 2t1.9 6z\"\/><\/svg><\/span><span class=\"shariff-text\">teilen<\/span>&nbsp;<\/a><\/li><li class=\"shariff-button xing shariff-nocustomcolor\" style=\"background-color:#29888a\"><a href=\"https:\/\/www.xing.com\/spi\/shares\/new?url=https%3A%2F%2Fwww.schroedergroup.eu%2Fde%2Fkarriere%2Faktuelle-stellenausschreibungen%2Fausbildungsstelle-zum-elektroniker-fachrichtung-betriebstechnik-m-w-d%2F\" title=\"Bei XING teilen\" aria-label=\"Bei XING teilen\" role=\"button\" rel=\"noopener nofollow\" class=\"shariff-link\" style=\"; background-color:#126567; color:#fff\" target=\"_blank\"><span class=\"shariff-icon\" style=\"\"><svg width=\"32px\" height=\"20px\" xmlns=\"http:\/\/www.w3.org\/2000\/svg\" viewBox=\"0 0 25 32\"><path fill=\"#126567\" d=\"M10.7 11.9q-0.2 0.3-4.6 8.2-0.5 0.8-1.2 0.8h-4.3q-0.4 0-0.5-0.3t0-0.6l4.5-8q0 0 0 0l-2.9-5q-0.2-0.4 0-0.7 0.2-0.3 0.5-0.3h4.3q0.7 0 1.2 0.8zM25.1 0.4q0.2 0.3 0 0.7l-9.4 16.7 6 11q0.2 0.4 0 0.6-0.2 0.3-0.6 0.3h-4.3q-0.7 0-1.2-0.8l-6-11.1q0.3-0.6 9.5-16.8 0.4-0.8 1.2-0.8h4.3q0.4 0 0.5 0.3z\"\/><\/svg><\/span><span class=\"shariff-text\">teilen<\/span>&nbsp;<\/a><\/li><li class=\"shariff-button whatsapp shariff-nocustomcolor\" style=\"background-color:#5cbe4a\"><a href=\"https:\/\/api.whatsapp.com\/send?text=https%3A%2F%2Fwww.schroedergroup.eu%2Fde%2Fkarriere%2Faktuelle-stellenausschreibungen%2Fausbildungsstelle-zum-elektroniker-fachrichtung-betriebstechnik-m-w-d%2F%20Ausbildungsstelle%20zum%20Elektroniker%20%E2%80%93%20Fachrichtung%20Betriebstechnik%20%28m%2Fw%2Fd%29\" title=\"Bei Whatsapp teilen\" aria-label=\"Bei Whatsapp teilen\" role=\"button\" rel=\"noopener nofollow\" class=\"shariff-link\" style=\"; background-color:#34af23; color:#fff\" target=\"_blank\"><span class=\"shariff-icon\" style=\"\"><svg width=\"32px\" height=\"20px\" xmlns=\"http:\/\/www.w3.org\/2000\/svg\" viewBox=\"0 0 32 32\"><path fill=\"#34af23\" d=\"M17.6 17.4q0.2 0 1.7 0.8t1.6 0.9q0 0.1 0 0.3 0 0.6-0.3 1.4-0.3 0.7-1.3 1.2t-1.8 0.5q-1 0-3.4-1.1-1.7-0.8-3-2.1t-2.6-3.3q-1.3-1.9-1.3-3.5v-0.1q0.1-1.6 1.3-2.8 0.4-0.4 0.9-0.4 0.1 0 0.3 0t0.3 0q0.3 0 0.5 0.1t0.3 0.5q0.1 0.4 0.6 1.6t0.4 1.3q0 0.4-0.6 1t-0.6 0.8q0 0.1 0.1 0.3 0.6 1.3 1.8 2.4 1 0.9 2.7 1.8 0.2 0.1 0.4 0.1 0.3 0 1-0.9t0.9-0.9zM14 26.9q2.3 0 4.3-0.9t3.6-2.4 2.4-3.6 0.9-4.3-0.9-4.3-2.4-3.6-3.6-2.4-4.3-0.9-4.3 0.9-3.6 2.4-2.4 3.6-0.9 4.3q0 3.6 2.1 6.6l-1.4 4.2 4.3-1.4q2.8 1.9 6.2 1.9zM14 2.2q2.7 0 5.2 1.1t4.3 2.9 2.9 4.3 1.1 5.2-1.1 5.2-2.9 4.3-4.3 2.9-5.2 1.1q-3.5 0-6.5-1.7l-7.4 2.4 2.4-7.2q-1.9-3.2-1.9-6.9 0-2.7 1.1-5.2t2.9-4.3 4.3-2.9 5.2-1.1z\"\/><\/svg><\/span><span class=\"shariff-text\">teilen<\/span>&nbsp;<\/a><\/li><\/ul><\/div><\/div>","protected":false},"excerpt":{"rendered":"<p>[vc_row full_width=&#8220;stretch_row_content_no_spaces&#8220;][vc_column][vc_single_image image=&#8220;11585&#8243; img_size=&#8220;full&#8220; alignment=&#8220;center&#8220; css=&#8220;.vc_custom_1677482569871{margin-top: 0px !important;margin-right: 0px !important;margin-bottom: 0px !important;margin-left: 0px !important;padding-top: 0px !important;padding-right: 0px !important;padding-bottom: 0px !important;padding-left: 0px !important;}&#8220;][\/vc_column][\/vc_row][vc_row][vc_column][vc_row_inner][vc_column_inner width=&#8220;5\/6&#8243;][vc_custom_heading text=&#8220;Ausbildungsstelle zum Elektroniker<span class=\"excerpt-hellip\"> [\u2026]<\/span><\/p>\n","protected":false},"author":1,"featured_media":-1,"parent":612,"menu_order":50,"comment_status":"closed","ping_status":"closed","template":"","meta":{"_acf_changed":false,"inline_featured_image":false,"footnotes":""},"class_list":["post-641","page","type-page","status-publish","has-post-thumbnail","hentry"],"acf":[],"aioseo_notices":[],"_links":{"self":[{"href":"https:\/\/www.schroedergroup.eu\/de\/wp-json\/wp\/v2\/pages\/641","targetHints":{"allow":["GET"]}}],"collection":[{"href":"https:\/\/www.schroedergroup.eu\/de\/wp-json\/wp\/v2\/pages"}],"about":[{"href":"https:\/\/www.schroedergroup.eu\/de\/wp-json\/wp\/v2\/types\/page"}],"author":[{"embeddable":true,"href":"https:\/\/www.schroedergroup.eu\/de\/wp-json\/wp\/v2\/users\/1"}],"replies":[{"embeddable":true,"href":"https:\/\/www.schroedergroup.eu\/de\/wp-json\/wp\/v2\/comments?post=641"}],"version-history":[{"count":35,"href":"https:\/\/www.schroedergroup.eu\/de\/wp-json\/wp\/v2\/pages\/641\/revisions"}],"predecessor-version":[{"id":14507,"href":"https:\/\/www.schroedergroup.eu\/de\/wp-json\/wp\/v2\/pages\/641\/revisions\/14507"}],"up":[{"embeddable":true,"href":"https:\/\/www.schroedergroup.eu\/de\/wp-json\/wp\/v2\/pages\/612"}],"wp:featuredmedia":[{"embeddable":true,"href":"https:\/\/www.schroedergroup.eu\/de\/wp-json\/"}],"wp:attachment":[{"href":"https:\/\/www.schroedergroup.eu\/de\/wp-json\/wp\/v2\/media?parent=641"}],"curies":[{"name":"wp","href":"https:\/\/api.w.org\/{rel}","templated":true}]}}