{"id":5940,"date":"2019-02-04T14:20:36","date_gmt":"2019-02-04T13:20:36","guid":{"rendered":"https:\/\/www.schroedergroup.eu\/de\/?page_id=5940"},"modified":"2025-10-15T07:22:26","modified_gmt":"2025-10-15T05:22:26","slug":"maku","status":"publish","type":"page","link":"https:\/\/www.schroedergroup.eu\/de\/produkte\/maschinen\/maschinen-zum-biegen\/maku\/","title":{"rendered":"MAKU"},"content":{"rendered":"<div class=\"wpb-content-wrapper\"><p>[vc_row][vc_column][vc_column_text][\/vc_column_text][\/vc_column][\/vc_row][vc_row][vc_column][vc_column_text][\/vc_column_text][\/vc_column][\/vc_row][vc_row css=&#8220;.vc_custom_1464864323661{margin: 0px !important;padding: 0px !important;}&#8220;][vc_column width=&#8220;5\/6&#8243; css=&#8220;.vc_custom_1464864359760{margin: 0px !important;padding: 0px !important;}&#8220;][vc_custom_heading text=&#8220;MAKU&#8220; font_container=&#8220;tag:h1|text_align:left&#8220; use_theme_fonts=&#8220;yes&#8220;][\/vc_column][vc_column width=&#8220;1\/6&#8243;][\/vc_column][\/vc_row][vc_row][vc_column][vc_tta_tabs shape=&#8220;square&#8220; active_section=&#8220;1&#8243;][vc_tta_section title=&#8220;\u00dcberblick&#8220; tab_id=&#8220;ueberblicke&#8220;][vc_row_inner][vc_column_inner width=&#8220;3\/6&#8243;][vc_images_carousel images=&#8220;6023,13977,13973,7139,7138,6330,6338,6337,6334,14046&#8243; img_size=&#8220;full&#8220; autoplay=&#8220;yes&#8220; wrap=&#8220;yes&#8220; css=&#8220;&#8220;][\/vc_column_inner][vc_column_inner width=&#8220;2\/6&#8243;][vc_custom_heading text=&#8220;\u00dcberblick&#8220; use_theme_fonts=&#8220;yes&#8220;][vc_column_text css=&#8220;&#8220;]Die motorische Schwenkbiegemaschine MAKU ist der ideale Einstieg in die motorisierte D\u00fcnnblechbearbeitung bis 2,0 mm. Klempnerei- und Instandsetzungsbetriebe haben in der MAKU eine vielseitig verwendbare Maschine \u2013 das U im Namen steht f\u00fcr \u201eUniversal\u201c. Keine andere Maschine auf dem Markt bietet so viele Freir\u00e4ume. Die MAKU ist die weltweit erste Schwenkbiegemaschine mit einem zweiachsigen Hinteranschlag zum automatischen konischen Abkanten. Steckbare Profile k\u00f6nnen jetzt in Klempnerbetrieben mit ungeahnter Pr\u00e4zision hergestellt werden.[\/vc_column_text][\/vc_column_inner][vc_column_inner el_class=&#8220;downloads&#8220; width=&#8220;1\/6&#8243;][vc_column_text css=&#8220;&#8220;]<strong>Prospekte:<\/strong><br \/>\n<a class=\"lang\" href=\"https:\/\/www.schroedergroup.eu\/wp-content\/uploads\/pdf\/Prospekte_DE\/Motormaschinen_Spengler_DE_web.pdf\" target=\"_blank\" rel=\"noopener\">deutsch<br \/>\n<\/a><a class=\"lang\" href=\"https:\/\/www.schroedergroup.eu\/wp-content\/uploads\/pdf\/Prospekte_EN\/Motormaschinen_Spengler_EN_web.pdf\">english<\/a>[\/vc_column_text][vc_separator color=&#8220;custom&#8220; accent_color=&#8220;#90be1e&#8220;][vc_column_text]<a href=\"https:\/\/youtu.be\/jFx9e1he2co\">Video Herstellung Trapezblech<\/a><\/p>\n<p><a href=\"https:\/\/youtu.be\/A6pselKLEHo\">Video Herstellung Stuckzierleiste<\/a><\/p>\n<p><a href=\"https:\/\/youtu.be\/4piVEq4E0mM\">Video Herstellung Ortgangblech<\/a><\/p>\n<p><a href=\"https:\/\/youtu.be\/FY331b_h_QU\">Video Herstellung Dachrinne<\/a><\/p>\n<p><a href=\"https:\/\/youtu.be\/Wx0GQOyQ1CA\">Video Herstellung Dachrinne mit Gef\u00e4lle<\/a><\/p>\n<p><a href=\"https:\/\/youtu.be\/hfR6StAPcKE\">Video MAKU mit Gei\u00dffu\u00dfwerkzeug<\/a><\/p>\n<p><a href=\"https:\/\/youtu.be\/G9GlvlfDoAwhttps:\/\/youtu.be\/hfR6StAPcKE\">Video MAKU konisch Biegen<\/a><\/p>\n<p><a href=\"https:\/\/youtu.be\/XFA8PNLQDFo\">Video Anfrage von Spengler TV zum konisch Biegen<\/a><\/p>\n<p>[\/vc_column_text][\/vc_column_inner][\/vc_row_inner][\/vc_tta_section][vc_tta_section title=&#8220;Details&#8220; tab_id=&#8220;details&#8220;][vc_row_inner][vc_column_inner width=&#8220;5\/6&#8243;][vc_custom_heading text=&#8220;Details&#8220; use_theme_fonts=&#8220;yes&#8220;][vc_column_text css=&#8220;&#8220;]<\/p>\n<ul>\n<li>Steuerung\n<ul>\n<li>Positioniersteuerung Classic Bend zur Steuerung von Biegewange und Oberwange, Touchscreen-Monitor am drehbaren Panel<\/li>\n<li>Radius Step Bending Funktion<\/li>\n<\/ul>\n<\/li>\n<li>Oberwange\n<ul>\n<li>Hub: 150 mm<\/li>\n<li>schr\u00e4ge Oberwange 45\u00b0<\/li>\n<li>Antrieb: Mittelmotor 0,75 kW<\/li>\n<li>Klemmdruckeinstellung \u00fcber Handrad (ohne Werkzeug)<\/li>\n<li>Oberwangenwerkzeuge:<br \/>\n&#8211; Spenglerschiene 20\u00b0, R1\/1,5 ca. 700 N\/mm\u00b2, Freiraum 12 mm f\u00fcr Umschlag, Fu\u00dfbreite 24 mm, direkt mit der Oberwange verschraubt<br \/>\n&#8211; wahlweise Spitzschiene 20\u00b0, R1\/1,5\/3, Fu\u00dfbreite 36 mm, ca. 700 N\/mm\u00b2, direkt mit der Oberwange verschraubt<\/li>\n<\/ul>\n<\/li>\n<li>Biegewange\n<ul>\n<li>Antrieb: 1,5 kW<\/li>\n<li>Manuelle Biegewangenverstellung: 30 mm<\/li>\n<li>Biegeschienen 10 mm und 25 mm (ab Nutzl\u00e4nge 3200: 15 mm und 25 mm); ca. 700 N\/mm\u00b2<\/li>\n<\/ul>\n<\/li>\n<li>Unterwange\n<ul>\n<li>Unterwangenschiene, einteilig, ca. 700 N\/mm\u00b2 , ab 30 mm: um 8 mm abgestuft,<br \/>\nabh\u00e4ngig vom gew\u00e4hlten Anschlag<br \/>\n&#8211; ohne Fingereinfr\u00e4sungen<br \/>\n&#8211; mit Fingereinfr\u00e4sungen 6 mm wahlweise 10 mm<\/li>\n<\/ul>\n<\/li>\n<li>Sonstiges\n<ul>\n<li>Fu\u00dfschalter<\/li>\n<li>Fundamentplatten inkl. D\u00fcbel<\/li>\n<\/ul>\n<\/li>\n<\/ul>\n<p>[\/vc_column_text][\/vc_column_inner][vc_column_inner el_class=&#8220;downloads&#8220; width=&#8220;1\/6&#8243;][vc_column_text css=&#8220;&#8220;]<strong>Prospekte:<\/strong><br \/>\n<a class=\"lang\" href=\"https:\/\/www.schroedergroup.eu\/wp-content\/uploads\/pdf\/Prospekte_DE\/Motormaschinen_Spengler_DE_web.pdf\" target=\"_blank\" rel=\"noopener\">deutsch<br \/>\n<\/a><a class=\"lang\" href=\"https:\/\/www.schroedergroup.eu\/wp-content\/uploads\/pdf\/Prospekte_EN\/Motormaschinen_Spengler_EN_web.pdf\">english<\/a>[\/vc_column_text][vc_separator color=&#8220;custom&#8220; accent_color=&#8220;#90be1e&#8220;][vc_column_text]<a href=\"https:\/\/youtu.be\/jFx9e1he2co\">Video Herstellung Trapezblech<\/a><\/p>\n<p><a href=\"https:\/\/youtu.be\/A6pselKLEHo\">Video Herstellung Stuckzierleiste<\/a><\/p>\n<p><a href=\"https:\/\/youtu.be\/4piVEq4E0mM\">Video Herstellung Ortgangblech<\/a><\/p>\n<p><a href=\"https:\/\/youtu.be\/FY331b_h_QU\">Video Herstellung Dachrinne<\/a><\/p>\n<p><a href=\"https:\/\/youtu.be\/Wx0GQOyQ1CA\">Video Herstellung Dachrinne mit Gef\u00e4lle<\/a><\/p>\n<p><a href=\"https:\/\/youtu.be\/hfR6StAPcKE\">Video MAKU mit Gei\u00dffu\u00dfwerkzeug<\/a><\/p>\n<p><a href=\"https:\/\/youtu.be\/G9GlvlfDoAwhttps:\/\/youtu.be\/hfR6StAPcKE\">Video MAKU konisch Biegen<\/a><\/p>\n<p><a href=\"https:\/\/youtu.be\/XFA8PNLQDFo\">Video Anfrage von Spengler TV zum konisch Biegen<\/a>[\/vc_column_text][\/vc_column_inner][\/vc_row_inner][\/vc_tta_section][vc_tta_section title=&#8220;Technische Daten&#8220; tab_id=&#8220;technische-daten&#8220;][vc_row_inner][vc_column_inner width=&#8220;5\/6&#8243;][vc_custom_heading text=&#8220;Technische Daten&#8220; use_theme_fonts=&#8220;yes&#8220;][vc_column_text css=&#8220;&#8220;]<\/p>\n<table border=\"0\">\n<tbody>\n<tr>\n<td class=\"BeschtiftungTyp\">Typ<\/td>\n<td class=\"BeschriftungOben\">Leistung<\/td>\n<td class=\"BeschriftungOben\">Nutz-<br \/>\nl\u00e4nge<\/td>\n<td class=\"BeschriftungOben\">Hub<br \/>\nOber-<br \/>\nwange<\/td>\n<td class=\"BeschriftungOben\">Verstell.<br \/>\nBiege-<br \/>\nwange<\/td>\n<td class=\"BeschriftungOben\">Antriebs-<br \/>\nleistung<br \/>\nOberwange<\/td>\n<td class=\"BeschriftungOben\">Antriebs-<br \/>\nleistung<br \/>\nBiegewange<\/td>\n<\/tr>\n<tr>\n<td class=\"Maschinentypen\"><\/td>\n<td>[mm]<\/td>\n<td>[mm]<\/td>\n<td>[mm]<\/td>\n<td>[mm]<\/td>\n<td>[kW]<\/td>\n<td>[kW]<\/td>\n<\/tr>\n<tr>\n<td class=\"Maschinentypen\">2500&#215;2,0<\/td>\n<td>2,00<\/td>\n<td align=\"right\">2520<\/td>\n<td align=\"right\">150<\/td>\n<td align=\"right\">30<\/td>\n<td align=\"right\">0,75<\/td>\n<td align=\"right\">1,5<\/td>\n<\/tr>\n<tr>\n<td class=\"Maschinentypen\">3200&#215;1,5<\/td>\n<td>1,50<\/td>\n<td align=\"right\">3220<\/td>\n<td align=\"right\">150<\/td>\n<td align=\"right\">30<\/td>\n<td align=\"right\">0,75<\/td>\n<td align=\"right\">1,5<\/td>\n<\/tr>\n<\/tbody>\n<\/table>\n<p>[\/vc_column_text][\/vc_column_inner][vc_column_inner el_class=&#8220;downloads&#8220; width=&#8220;1\/6&#8243;][vc_column_text css=&#8220;&#8220;]<strong>Prospekte:<\/strong><br \/>\n<a class=\"lang\" href=\"https:\/\/www.schroedergroup.eu\/wp-content\/uploads\/pdf\/Prospekte_DE\/Motormaschinen_Spengler_DE_web.pdf\" target=\"_blank\" rel=\"noopener\">deutsch<br \/>\n<\/a><a class=\"lang\" href=\"https:\/\/www.schroedergroup.eu\/wp-content\/uploads\/pdf\/Prospekte_EN\/Motormaschinen_Spengler_EN_web.pdf\">english<\/a>[\/vc_column_text][vc_separator color=&#8220;custom&#8220; accent_color=&#8220;#90be1e&#8220;][vc_column_text]<a href=\"https:\/\/youtu.be\/jFx9e1he2co\">Video Herstellung Trapezblech<\/a><\/p>\n<p><a href=\"https:\/\/youtu.be\/A6pselKLEHo\">Video Herstellung Stuckzierleiste<\/a><\/p>\n<p><a href=\"https:\/\/youtu.be\/4piVEq4E0mM\">Video Herstellung Ortgangblech<\/a><\/p>\n<p><a href=\"https:\/\/youtu.be\/FY331b_h_QU\">Video Herstellung Dachrinne<\/a><\/p>\n<p><a href=\"https:\/\/youtu.be\/Wx0GQOyQ1CA\">Video Herstellung Dachrinne mit Gef\u00e4lle<\/a><\/p>\n<p><a href=\"https:\/\/youtu.be\/hfR6StAPcKE\">Video MAKU mit Gei\u00dffu\u00dfwerkzeug<\/a><\/p>\n<p><a href=\"https:\/\/youtu.be\/G9GlvlfDoAwhttps:\/\/youtu.be\/hfR6StAPcKE\">Video MAKU konisch Biegen<\/a><\/p>\n<p><a href=\"https:\/\/youtu.be\/XFA8PNLQDFo\">Video Anfrage von Spengler TV zum konisch Biegen<\/a>[\/vc_column_text][\/vc_column_inner][\/vc_row_inner][\/vc_tta_section][vc_tta_section title=&#8220;Software&#8220; tab_id=&#8220;software&#8220;][vc_row_inner][vc_column_inner width=&#8220;5\/6&#8243;][vc_custom_heading text=&#8220;Software&#8220; use_theme_fonts=&#8220;yes&#8220;][vc_column_text]<strong>Classic Bend &#8211; die neue \u00fcbersichtliche alphanumerische Steuerung<\/strong><\/p>\n<p>Mit Classic Bend haben wir eine moderne alpha\u00adnumerische Steuerung entwickelt \u2013 selbsterkl\u00e4rend und sehr einfach zu programmieren. Classic Bend steuert Oberwange und Biegewange mit einem Wegemesssystem und dar\u00fcber hinaus den motorischen Hinteranschlag \u00fcber digital gesteuerte Frequenzumrichter. Die Benutzeroberfl\u00e4che ist praxisorientiert und \u00fcbersichtlich. Die Anzeige kombiniert schnell erfassbare Symbole mit Text und numerischen Anzeigen.<\/p>\n<p>Sie wollen einheitliche Biegeprogramme f\u00fcr Bleche verschiedener Qualit\u00e4t? Pro Bug besteht die M\u00f6glichkeit, Korrekturen an den Einstellungen f\u00fcr Oberwange und Biegewange einzugeben. Mit Classic Bend setzt Hans Schr\u00f6der Maschinenbau neue Ma\u00dfst\u00e4be in der Steuerung von Schwenkbiegemaschinen f\u00fcr das Handwerk und die industrielle Klein\u00adserienfertigung.<\/p>\n<p>&nbsp;<\/p>\n<p><strong>POS 2000 Professional &#8211; der Standard f\u00fcr industrielle Schwenkbiegemaschinen<br \/>\n<\/strong><\/p>\n<p>Die bew\u00e4hrte POS 2000 Professional macht die Programmierung von Schwenkbiegemaschinen schnell und komfortabel. Aus einem umfangreichen und erweiterbaren Katalog k\u00f6nnen die gew\u00fcnschten Programmteile ausgew\u00e4hlt werden, durch Antippen des Bildschirms werden Winkel- und Schenkelma\u00dfe angepasst.<\/p>\n<p>Die Steuerungssoftware zeigt exakt, was die Maschine tut: Schwenkbiegemaschine, Werkst\u00fcck und Werkzeug werden schematisch dargestellt und f\u00fcr jeden Biegeschritt aktualisiert. Wer abseits der Maschine in der Arbeitsvorbereitung programmiert, kann \u00fcber Biegesimulationen die Qualit\u00e4t seiner Programme testen und so Ausschuss und Verz\u00f6gerungen in der Fertigung wirksam vermeiden.<\/p>\n<p>Die Software steuert nicht nur die Maschine, sondern unterst\u00fctzt die Benutzer bei der Bearbeitung: Alle notwendigen Bedienert\u00e4tigkeiten wie Wenden, Umdrehen etc. werden je Biegeschritt angezeigt.[\/vc_column_text][\/vc_column_inner][vc_column_inner el_class=&#8220;downloads&#8220; width=&#8220;1\/6&#8243;][vc_column_text css=&#8220;&#8220;]<strong>Prospekte:<\/strong><br \/>\n<a class=\"lang\" href=\"https:\/\/www.schroedergroup.eu\/wp-content\/uploads\/pdf\/Prospekte_DE\/Motormaschinen_Spengler_DE_web.pdf\" target=\"_blank\" rel=\"noopener\">deutsch<br \/>\n<\/a><a class=\"lang\" href=\"https:\/\/www.schroedergroup.eu\/wp-content\/uploads\/pdf\/Prospekte_EN\/Motormaschinen_Spengler_EN_web.pdf\">english<\/a>[\/vc_column_text][vc_separator color=&#8220;custom&#8220; accent_color=&#8220;#90be1e&#8220;][vc_column_text]<a href=\"https:\/\/youtu.be\/jFx9e1he2co\">Video Herstellung Trapezblech<\/a><\/p>\n<p><a href=\"https:\/\/youtu.be\/A6pselKLEHo\">Video Herstellung Stuckzierleiste<\/a><\/p>\n<p><a href=\"https:\/\/youtu.be\/4piVEq4E0mM\">Video Herstellung Ortgangblech<\/a><\/p>\n<p><a href=\"https:\/\/youtu.be\/FY331b_h_QU\">Video Herstellung Dachrinne<\/a><\/p>\n<p><a href=\"https:\/\/youtu.be\/Wx0GQOyQ1CA\">Video Herstellung Dachrinne mit Gef\u00e4lle<\/a><\/p>\n<p><a href=\"https:\/\/youtu.be\/hfR6StAPcKE\">Video MAKU mit Gei\u00dffu\u00dfwerkzeug<\/a><\/p>\n<p><a href=\"https:\/\/youtu.be\/G9GlvlfDoAwhttps:\/\/youtu.be\/hfR6StAPcKE\">Video MAKU konisch Biegen<\/a><\/p>\n<p><a href=\"https:\/\/youtu.be\/XFA8PNLQDFo\">Video Anfrage von Spengler TV zum konisch Biegen<\/a>[\/vc_column_text][\/vc_column_inner][\/vc_row_inner][\/vc_tta_section][vc_tta_section title=&#8220;Werkzeuge\/Optionen&#8220; tab_id=&#8220;werkzeuge-optionen&#8220;][vc_row_inner][vc_column_inner width=&#8220;5\/6&#8243;][vc_custom_heading text=&#8220;Werkzeuge\/Optionen&#8220; use_theme_fonts=&#8220;yes&#8220;][vc_column_text css=&#8220;&#8220;]Sonderausstattung umfasst:<\/p>\n<ul>\n<li>Steuerung: Grafiksteuerung POS 2000 Professional am schwenkbaren Panel<\/li>\n<li>Oberwange\n<ul>\n<li>Oberwangenpaket: Einstufiger Oberwangenantrieb f\u00fcr Werkzeugh\u00f6he 130 mm incl. Klemm- und Adapterschiene (Oberwangenschiene aus Grundkonfiguration entf\u00e4llt)<\/li>\n<li>Oberwangenpaket: Mehrstufiger Oberwangenantrieb f\u00fcr zwei verschiedene Werkzeugh\u00f6hen incl. Klemmschiene WZS 010 Oberwangenschiene aus Grundkonfiguration entf\u00e4llt<\/li>\n<li>Oberwangenwerkzeug:\n<ul>\n<li>Werkzeug WZS 010 f\u00fcr Klemmschiene: Spitzschiene 20\u00b0\/ Spenglerschiene 20\u00b0 \/ Rundschiene, 700 N\/mm\u00b2 oder verg\u00fctet, ca. 1100 N\/mm\u00b2 (empfohlen f\u00fcr Edelstahlanforderungen)<\/li>\n<li>Spitz-, Spengler- oder Rundschiene geteilt incl. geteilter Klemmschiene (nur in Verbindung mit Oberwangenpaket)<\/li>\n<li>Gei\u00dffu\u00dfschiene f\u00fcr Klemmschiene, H = 130 mm, 30\u00b0, R 1\/1,5; freier Durchgang 110 mm, Freiraum 30 mm, Fu\u00dfbreite 50 mm, segmentiert incl. Eckst\u00fccke, verg\u00fctet ca. 1100 N\/mm\u00b2<\/li>\n<\/ul>\n<\/li>\n<\/ul>\n<\/li>\n<li>Biegewange\n<ul>\n<li>Biegewange nach hinten versetzt incl. Biegeschienen gekr\u00f6pft 10 und 25 mm (ab Maschinenl\u00e4nge 3200 mm: 15 und 25 mm), nicht in Kombination mit Bombierung, Biegeschienen aus Grundkonfiguration entfallen<\/li>\n<li>Bombiereinrichtung f\u00fcr Biegewange, manuelle Zentralbombierung (nicht in Kombination mit gekr\u00f6pften Biegeschienen)<\/li>\n<\/ul>\n<\/li>\n<li>Unterwange\n<ul>\n<li>Unterwangenschiene ohne Abstufung mit oder ohne Fingereinfr\u00e4sung<\/li>\n<\/ul>\n<\/li>\n<li>Sicherheit und Sonstiges\n<ul>\n<li>Sicherheits-Lasersystem direkt an der Biegelinie (Betrieb ohne Vorstopp bei max. Geschwindigkeit) inkl. Kastenbiegefunktion<br \/>\n(Betrieb mit Vorstopp bei reduzierter Geschwindigkeit 10 mm\/s bis Klemmposition)<\/li>\n<li>Zusatzeinrichtung f\u00fcr 2-Mann-Bedienung<\/li>\n<li>Fu\u00dfschalter verfahrbar auf Winkelschiene<\/li>\n<li>Werkzeugwagen f\u00fcr Schienen- und Segmentwerkzeuge<\/li>\n<li>F\u00fchrungsschiene<\/li>\n<li>Rollenschere max. Materialst\u00e4rke 0,8 mm St37<\/li>\n<\/ul>\n<\/li>\n<li>Anschl\u00e4ge und Tische\n<ul>\n<li>Auflagetisch 1000 mm (ohne Anschlag)<\/li>\n<li>Anschlagpaket Classic Bend, POS 2000 Professional oder POS 2000 Professional konisch Biegen\n<ul>\n<li>Hinteranschlag motorisch 6 &#8211; 1000 mm oder 10 &#8211; 1000 mm<\/li>\n<li>abnehmbare Auflagebleche, r\u00fcckziehbar auf 265 mm bzw. 300 mm<\/li>\n<li>Antriebe Umrichter gesteuert<\/li>\n<\/ul>\n<\/li>\n<li>Auflagetisch mit Kugeln<\/li>\n<li>Anschlag mit Federfinger, Unterwangenschiene ohne Fingereinfr\u00e4sungen<\/li>\n<li>Pneumatisch absenkbare Anschlagfinger<\/li>\n<li>Anschlag 1500 mm mit 2 Anschlagsektoren und pneumatisch absenkbaren Anschlagfingern<\/li>\n<li>Zwei Anschlagfinger zum konisch Biegen Verstellbereich 5 mm optional pneumatisch absenkbar<\/li>\n<\/ul>\n<\/li>\n<li>Weitere Werkzeugoptionen finden Sie im Prospekt<\/li>\n<\/ul>\n<p>[\/vc_column_text][\/vc_column_inner][vc_column_inner el_class=&#8220;downloads&#8220; width=&#8220;1\/6&#8243;][vc_column_text css=&#8220;&#8220;]<strong>Prospekte:<\/strong><br \/>\n<a class=\"lang\" href=\"https:\/\/www.schroedergroup.eu\/wp-content\/uploads\/pdf\/Prospekte_DE\/Motormaschinen_Spengler_DE_web.pdf\" target=\"_blank\" rel=\"noopener\">deutsch<br \/>\n<\/a><a class=\"lang\" href=\"https:\/\/www.schroedergroup.eu\/wp-content\/uploads\/pdf\/Prospekte_EN\/Motormaschinen_Spengler_EN_web.pdf\">english<\/a>[\/vc_column_text][vc_separator color=&#8220;custom&#8220; accent_color=&#8220;#90be1e&#8220;][vc_column_text]<a href=\"https:\/\/youtu.be\/jFx9e1he2co\">Video Herstellung Trapezblech<\/a><\/p>\n<p><a href=\"https:\/\/youtu.be\/A6pselKLEHo\">Video Herstellung Stuckzierleiste<\/a><\/p>\n<p><a href=\"https:\/\/youtu.be\/4piVEq4E0mM\">Video Herstellung Ortgangblech<\/a><\/p>\n<p><a href=\"https:\/\/youtu.be\/FY331b_h_QU\">Video Herstellung Dachrinne<\/a><\/p>\n<p><a href=\"https:\/\/youtu.be\/Wx0GQOyQ1CA\">Video Herstellung Dachrinne mit Gef\u00e4lle<\/a><\/p>\n<p><a href=\"https:\/\/youtu.be\/hfR6StAPcKE\">Video MAKU mit Gei\u00dffu\u00dfwerkzeug<\/a><\/p>\n<p><a href=\"https:\/\/youtu.be\/G9GlvlfDoAwhttps:\/\/youtu.be\/hfR6StAPcKE\">Video MAKU konisch Biegen<\/a><\/p>\n<p><a href=\"https:\/\/youtu.be\/XFA8PNLQDFo\">Video Anfrage von Spengler TV zum konisch Biegen<\/a>[\/vc_column_text][\/vc_column_inner][\/vc_row_inner][\/vc_tta_section][vc_tta_section title=&#8220;Anwenderberichte&#8220; tab_id=&#8220;anwenderberichte&#8220;][vc_custom_heading text=&#8220;Anwenderberichte&#8220; font_container=&#8220;tag:h4|font_size:13pt|text_align:left&#8220; google_fonts=&#8220;font_family:Open%20Sans%3A300%2C300italic%2Cregular%2Citalic%2C600%2C600italic%2C700%2C700italic%2C800%2C800italic|font_style:400%20regular%3A400%3Anormal&#8220; css=&#8220;&#8220;][vc_row_inner][vc_column_inner width=&#8220;1\/6&#8243;][vc_single_image image=&#8220;10594&#8243; img_size=&#8220;full&#8220;][vc_column_text]<\/p>\n<p style=\"text-align: center;\"><a href=\"https:\/\/www.schroedergroup.eu\/wp-content\/uploads\/success-story\/Gau\u00df_und_G\u00e4rtner\/Gauss-und-Gaertner_MAKU_DE.pdf\">MAKU im Einsatz bei Gau\u00df und G\u00e4rtner<\/a><\/p>\n<p>[\/vc_column_text][\/vc_column_inner][\/vc_row_inner][\/vc_tta_section][\/vc_tta_tabs][\/vc_column][\/vc_row]<\/p>\n<\/div>","protected":false},"excerpt":{"rendered":"<p>[vc_row][vc_column][vc_column_text][\/vc_column_text][\/vc_column][\/vc_row][vc_row][vc_column][vc_column_text][\/vc_column_text][\/vc_column][\/vc_row][vc_row css=&#8220;.vc_custom_1464864323661{margin: 0px !important;padding: 0px !important;}&#8220;][vc_column width=&#8220;5\/6&#8243; css=&#8220;.vc_custom_1464864359760{margin: 0px !important;padding: 0px !important;}&#8220;][vc_custom_heading text=&#8220;MAKU&#8220; font_container=&#8220;tag:h1|text_align:left&#8220; use_theme_fonts=&#8220;yes&#8220;][\/vc_column][vc_column width=&#8220;1\/6&#8243;][\/vc_column][\/vc_row][vc_row][vc_column][vc_tta_tabs shape=&#8220;square&#8220; active_section=&#8220;1&#8243;][vc_tta_section title=&#8220;\u00dcberblick&#8220; tab_id=&#8220;ueberblicke&#8220;][vc_row_inner][vc_column_inner width=&#8220;3\/6&#8243;][vc_images_carousel images=&#8220;6023,13977,13973,7139,7138,6330,6338,6337,6334,14046&#8243; img_size=&#8220;full&#8220; autoplay=&#8220;yes&#8220; wrap=&#8220;yes&#8220; css=&#8220;&#8220;][\/vc_column_inner][vc_column_inner<span class=\"excerpt-hellip\"> [\u2026]<\/span><\/p>\n","protected":false},"author":2,"featured_media":-1,"parent":689,"menu_order":60,"comment_status":"closed","ping_status":"closed","template":"","meta":{"_acf_changed":false,"inline_featured_image":false,"footnotes":""},"class_list":["post-5940","page","type-page","status-publish","has-post-thumbnail","hentry"],"acf":[],"aioseo_notices":[],"_links":{"self":[{"href":"https:\/\/www.schroedergroup.eu\/de\/wp-json\/wp\/v2\/pages\/5940","targetHints":{"allow":["GET"]}}],"collection":[{"href":"https:\/\/www.schroedergroup.eu\/de\/wp-json\/wp\/v2\/pages"}],"about":[{"href":"https:\/\/www.schroedergroup.eu\/de\/wp-json\/wp\/v2\/types\/page"}],"author":[{"embeddable":true,"href":"https:\/\/www.schroedergroup.eu\/de\/wp-json\/wp\/v2\/users\/2"}],"replies":[{"embeddable":true,"href":"https:\/\/www.schroedergroup.eu\/de\/wp-json\/wp\/v2\/comments?post=5940"}],"version-history":[{"count":102,"href":"https:\/\/www.schroedergroup.eu\/de\/wp-json\/wp\/v2\/pages\/5940\/revisions"}],"predecessor-version":[{"id":14315,"href":"https:\/\/www.schroedergroup.eu\/de\/wp-json\/wp\/v2\/pages\/5940\/revisions\/14315"}],"up":[{"embeddable":true,"href":"https:\/\/www.schroedergroup.eu\/de\/wp-json\/wp\/v2\/pages\/689"}],"wp:featuredmedia":[{"embeddable":true,"href":"https:\/\/www.schroedergroup.eu\/de\/wp-json\/"}],"wp:attachment":[{"href":"https:\/\/www.schroedergroup.eu\/de\/wp-json\/wp\/v2\/media?parent=5940"}],"curies":[{"name":"wp","href":"https:\/\/api.w.org\/{rel}","templated":true}]}}