{"id":51,"date":"2016-04-05T13:13:52","date_gmt":"2016-04-05T11:13:52","guid":{"rendered":"http:\/\/www.schroedergroup.eu\/?page_id=51"},"modified":"2024-01-25T15:33:08","modified_gmt":"2024-01-25T14:33:08","slug":"hans-schroeder-maschinenbau","status":"publish","type":"page","link":"https:\/\/www.schroedergroup.eu\/de\/hans-schroeder-maschinenbau\/","title":{"rendered":"Hans Schr\u00f6der Maschinenbau"},"content":{"rendered":"<div class=\"wpb-content-wrapper\"><p>[vc_row full_width=&#8220;stretch_row_content_no_spaces&#8220; content_placement=&#8220;top&#8220; css=&#8220;.vc_custom_1464864698314{margin-top: 0px !important;margin-right: 0px !important;margin-bottom: 0px !important;margin-left: 0px !important;padding-top: 0px !important;padding-right: 0px !important;padding-bottom: 0px !important;padding-left: 0px !important;}&#8220;][vc_column css=&#8220;.vc_custom_1464864530903{margin: 0px !important;padding: 0px !important;}&#8220;][vc_single_image image=&#8220;1404&#8243; img_size=&#8220;full&#8220; alignment=&#8220;center&#8220; css=&#8220;.vc_custom_1465906128321{margin-top: 0px !important;margin-right: 0px !important;margin-bottom: 0px !important;margin-left: 0px !important;padding-top: 0px !important;padding-right: 0px !important;padding-bottom: 0px !important;padding-left: 0px !important;}&#8220;][\/vc_column][\/vc_row][vc_row][vc_column][vc_custom_heading text=&#8220;Hans Schr\u00f6der Maschinenbau GmbH&#8220; font_container=&#8220;tag:h1|text_align:left&#8220; use_theme_fonts=&#8220;yes&#8220;][vc_column_text]<strong>Spezialist f\u00fcr die Blechbearbeitung<\/strong><\/p>\n<p>Seit 75 Jahren entwickelt und vertreibt die Hans Schr\u00f6der Maschinenbau GmbH Maschinen f\u00fcr die spanlose Blechbearbeitung in Handwerk und Industrie. Das 1949 von Hans Schr\u00f6der gegr\u00fcndete Familienunternehmen repr\u00e4sentiert die St\u00e4rken des mittelst\u00e4ndischen Maschinenbaus: technische Kompetenz und hohe Innovationsbereitschaft, gelebte Qualit\u00e4ts- und Serviceorientierung, die Arbeit f\u00fcr und mit den Kunden sowie ein partnerschaftlicher Umgang mit Lieferanten und Mitarbeitern.<\/p>\n<p>Die Hans Schr\u00f6der Maschinenbau GmbH ist heute mit ihrem Vertriebs- und Servicenetz auf allen Kontinenten aktiv und bietet ihren Kunden ein umfassendes Produktspektrum: von der einfachen manuellen Biegemaschine f\u00fcr das Handwerk \u00fcber motorische Schwenkbiegemaschinen bis hin zum vollautomatischen, computergesteuerten Bearbeitungszentrum f\u00fcr h\u00f6chste Anspr\u00fcche in der industriellen Fertigung. Die Erfahrung unserer Ingenieure und Software-Entwickler sowie unsere robusten und ausgereiften Maschinenkonzepte garantieren den Anwendern Prozesssicherheit und hohe Wirtschaftlichkeit in der Blechbearbeitung.[\/vc_column_text][\/vc_column][\/vc_row][vc_row][vc_column][vc_column_text]<!--more-->[\/vc_column_text][\/vc_column][\/vc_row]<\/p>\n<\/div>","protected":false},"excerpt":{"rendered":"<p>[vc_row full_width=&#8220;stretch_row_content_no_spaces&#8220; content_placement=&#8220;top&#8220; css=&#8220;.vc_custom_1464864698314{margin-top: 0px !important;margin-right: 0px !important;margin-bottom: 0px !important;margin-left: 0px !important;padding-top: 0px !important;padding-right: 0px !important;padding-bottom: 0px !important;padding-left: 0px !important;}&#8220;][vc_column css=&#8220;.vc_custom_1464864530903{margin: 0px !important;padding: 0px !important;}&#8220;][vc_single_image image=&#8220;1404&#8243;<span class=\"excerpt-hellip\"> [\u2026]<\/span><\/p>\n","protected":false},"author":1,"featured_media":0,"parent":0,"menu_order":40,"comment_status":"closed","ping_status":"closed","template":"","meta":{"_acf_changed":false,"inline_featured_image":false,"footnotes":""},"class_list":["post-51","page","type-page","status-publish","hentry"],"acf":[],"aioseo_notices":[],"_links":{"self":[{"href":"https:\/\/www.schroedergroup.eu\/de\/wp-json\/wp\/v2\/pages\/51","targetHints":{"allow":["GET"]}}],"collection":[{"href":"https:\/\/www.schroedergroup.eu\/de\/wp-json\/wp\/v2\/pages"}],"about":[{"href":"https:\/\/www.schroedergroup.eu\/de\/wp-json\/wp\/v2\/types\/page"}],"author":[{"embeddable":true,"href":"https:\/\/www.schroedergroup.eu\/de\/wp-json\/wp\/v2\/users\/1"}],"replies":[{"embeddable":true,"href":"https:\/\/www.schroedergroup.eu\/de\/wp-json\/wp\/v2\/comments?post=51"}],"version-history":[{"count":17,"href":"https:\/\/www.schroedergroup.eu\/de\/wp-json\/wp\/v2\/pages\/51\/revisions"}],"predecessor-version":[{"id":12332,"href":"https:\/\/www.schroedergroup.eu\/de\/wp-json\/wp\/v2\/pages\/51\/revisions\/12332"}],"wp:attachment":[{"href":"https:\/\/www.schroedergroup.eu\/de\/wp-json\/wp\/v2\/media?parent=51"}],"curies":[{"name":"wp","href":"https:\/\/api.w.org\/{rel}","templated":true}]}}