{"id":4789,"date":"2017-07-12T09:28:03","date_gmt":"2017-07-12T07:28:03","guid":{"rendered":"https:\/\/www.schroedergroup.eu\/de\/?page_id=4789"},"modified":"2021-12-01T14:47:26","modified_gmt":"2021-12-01T13:47:26","slug":"biegezentrum","status":"publish","type":"page","link":"https:\/\/www.schroedergroup.eu\/de\/produkte\/maschinen\/maschinen-zum-biegen\/biegezentrum\/","title":{"rendered":"Biegezentrum"},"content":{"rendered":"<div class=\"wpb-content-wrapper\"><p>[vc_row][vc_column width=&#8220;5\/6&#8243;][vc_custom_heading text=&#8220;Biegezentrum&#8220; font_container=&#8220;tag:h1|text_align:left&#8220; use_theme_fonts=&#8220;yes&#8220;][\/vc_column][vc_column width=&#8220;1\/6&#8243;][\/vc_column][\/vc_row][vc_row][vc_column][vc_tta_tabs shape=&#8220;square&#8220; active_section=&#8220;1&#8243;][vc_tta_section title=&#8220;\u00dcberblick&#8220; tab_id=&#8220;ueberblick&#8220;][vc_row_inner][vc_column_inner width=&#8220;3\/6&#8243;][vc_single_image image=&#8220;906&#8243; img_size=&#8220;full&#8220; alignment=&#8220;center&#8220; css_animation=&#8220;right-to-left&#8220; css=&#8220;.vc_custom_1464952663014{margin-top: 0px !important;margin-right: 0px !important;margin-bottom: 0px !important;margin-left: 0px !important;padding-top: 0px !important;padding-right: 0px !important;padding-bottom: 0px !important;padding-left: 0px !important;}&#8220;][\/vc_column_inner][vc_column_inner width=&#8220;2\/6&#8243;][vc_custom_heading text=&#8220;Automation&#8220; use_theme_fonts=&#8220;yes&#8220;][vc_column_text]Sie haben besondere Anforderungen? Sie wollen rund um die Uhr produzieren oder Ihre Blechumformung mit anderen Bearbeitungsschritten takten? Sie ben\u00f6tigen nicht nur eine Maschine, sondern w\u00fcnschen sich einen optimierten Fertigungsprozess?<\/p>\n<p>Hochleistungsschwenkbiegemaschinen von Hans Schr\u00f6der Maschinenbau bilden die Basis f\u00fcr teil- und vollautomatische Biegezentren. Die industrielle Blechbearbeitung mit einem Schr\u00f6der-Biegezentrum erm\u00f6glicht eine ebenso gro\u00dfvolumige wie flexible Serienproduktion mit \u00e4u\u00dferster Wiederholgenauigkeit.<\/p>\n<p>Auf Basis unserer Technologie, unserer Hardware und unseren Steuerungen entwickeln wir Ihre individuelle Blechbearbeitungsl\u00f6sung. Das f\u00e4ngt bei Sondermaschinen an, geht \u00fcber verschiedene Schritte der Automatisierung bis hin zur Fertigungsstra\u00dfe, die im 24\/7-Betrieb vollautomatisch Bleche verarbeitet.<\/p>\n<p>Lassen Sie sich von uns zeigen, welche M\u00f6glichkeiten Ihnen die Automatisierung der Blechbearbeitung er\u00f6ffnet.[\/vc_column_text][\/vc_column_inner][vc_column_inner el_class=&#8220;downloads&#8220; width=&#8220;1\/6&#8243;][vc_column_text]<strong>Prospekte:<\/strong><br \/>\n<a href=\"http:\/\/www.schroedergroup.eu\/wp-content\/uploads\/pdf\/Prospekte_DE\/Biegezentrum-DE_Mail.pdf\" target=\"_blank\" rel=\"noopener noreferrer\">deutsch<\/a><br \/>\n<a href=\"http:\/\/www.schroedergroup.eu\/wp-content\/uploads\/pdf\/Prospekte_EN\/Biegezentrum-EN_Mail.pdf\" target=\"_blank\" rel=\"noopener noreferrer\">english<\/a>[\/vc_column_text][vc_separator color=&#8220;custom&#8220; accent_color=&#8220;#90be1e&#8220;][vc_column_text]<a class=\"prettyphoto\" href=\"https:\/\/www.youtube.com\/watch?feature=player_embedded&amp;v=iW2iGZsB91c\" rel=\"prettyPhoto\">Video<\/a>[\/vc_column_text][\/vc_column_inner][\/vc_row_inner][\/vc_tta_section][vc_tta_section title=&#8220;Basismaschinen&#8220; tab_id=&#8220;Basismaschinen&#8220;][vc_row_inner][vc_column_inner width=&#8220;3\/6&#8243;][vc_custom_heading text=&#8220;Hochleistungsmaschinen im Biegezentrum&#8220; use_theme_fonts=&#8220;yes&#8220;][vc_column_text]Die Basis der Schr\u00f6der-Biegezentren bilden unsere modernen Schwenkbiegemaschinen der Evolution-Serie. Bereits im normalen Betrieb mit manueller Zuf\u00fchrung sind diese Maschinen schnell und \u00e4u\u00dferst leistungsf\u00e4hig. Im Zentrum einer Automatisierungsl\u00f6sung lassen sich ihre St\u00e4rken noch besser nutzen. Extrem robust und wartungsarm eignen sie sich perfekt f\u00fcr den Dauereinsatz.<\/p>\n<p><strong>Flexibilit\u00e4t durch automatischen Werkzeugwechsel<\/strong><\/p>\n<p>Ein Biegezentrum mit einer robusten und zugleich oberfl\u00e4chenschonenden Schwenkbiegemaschine der Evolution-Klasse kann dank intelligenter R\u00fcsttechnik nicht nur f\u00fcr die Serienproduktion, sondern auch f\u00fcr die auftragsbezogene Fertigung mit rasch wechselnden Kleinlosen und Einzelst\u00fccken effizient genutzt werden. Der vollautomatische Werkzeugwechsler f\u00fcr Maschinen der Evolution-Serie best\u00fcckt Oberwange und Biegewange schnell und fehlerfrei mit Werkzeugen. Zwei \u00fcber hochpr\u00e4zise Linearantriebe bewegte Dreheinheiten entnehmen mit ihren jeweils drei Greifarmen Werkzeuge aus dem Magazin und positionieren diese in der Werkzeugklemmung bzw. bauen die bestehenden Werkzeuge ab.<\/p>\n<p>Fehlerfrei und enorm schnell: Mit einem Klick auf die Steuerung r\u00fcstet der vollautomatische Werkzeugwechsler der Schwenkbiegemaschine MAK 4 Evolution UD die Ober- und Biegewange in Sekundenschnelle f\u00fcr den n\u00e4chsten Auftrag ein.<\/p>\n<p>Lassen Sie uns gemeinsam ermitteln, welche der Maschinen in welcher Ausstattung die ideale Basis f\u00fcr Ihr Biegezentrum ist.[\/vc_column_text][\/vc_column_inner][vc_column_inner width=&#8220;2\/6&#8243;][vc_single_image image=&#8220;782&#8243; img_size=&#8220;full&#8220; alignment=&#8220;center&#8220; css_animation=&#8220;right-to-left&#8220; css=&#8220;.vc_custom_1464873744549{margin-top: 0px !important;margin-right: 0px !important;margin-bottom: 0px !important;margin-left: 0px !important;padding-top: 0px !important;padding-right: 0px !important;padding-bottom: 0px !important;padding-left: 0px !important;}&#8220;][\/vc_column_inner][vc_column_inner el_class=&#8220;downloads&#8220; width=&#8220;1\/6&#8243;][vc_column_text]<strong>Prospekte:<\/strong><br \/>\n<a href=\"http:\/\/www.schroedergroup.eu\/wp-content\/uploads\/pdf\/Prospekte_DE\/Biegezentrum-DE_Mail.pdf\" target=\"_blank\" rel=\"noopener noreferrer\">deutsch<\/a><br \/>\n<a href=\"http:\/\/www.schroedergroup.eu\/wp-content\/uploads\/pdf\/Prospekte_EN\/Biegezentrum-EN_Mail.pdf\" target=\"_blank\" rel=\"noopener noreferrer\">english<\/a>[\/vc_column_text][\/vc_column_inner][\/vc_row_inner][\/vc_tta_section][vc_tta_section title=&#8220;Sondermaschinen&#8220; tab_id=&#8220;sondermaschinen&#8220;][vc_row_inner][vc_column_inner width=&#8220;3\/6&#8243;][vc_custom_heading text=&#8220;Besondere Maschinen f\u00fcr besondere Aufgaben&#8220; use_theme_fonts=&#8220;yes&#8220;][vc_column_text]Schwenkbiegemaschinen sind \u00fcberaus vielseitig. Unsere Blechbiegespezialisten entwerfen Ihnen bei Bedarf Spezialmaschinen und erreichen damit weitere Effizienzsteigerungen f\u00fcr Ihre individuellen Fertigungsprozesse.<\/p>\n<p>Fordern Sie uns. Bestellen Sie nicht nur eine Maschine, sondern optimieren Sie mit unseren L\u00f6sungen Ihren Fertigungsprozess. Sondermaschinenbau ist ein erg\u00e4nzendes Angebot der Schr\u00f6der Group und im Prinzip f\u00fcr jede Maschine denkbar. Und auch hier k\u00f6nnen zur Sonderl\u00f6sung Automatisierungsschritte geh\u00f6ren. Sondermaschinenbau bieten wir f\u00fcr industrielle Biegezentren genauso an wie f\u00fcr die automatisierten oder teilautomatisierten Speziall\u00f6sungen mittelst\u00e4ndischer Betriebe mit besonderen Fertigungsherausforderungen.<\/p>\n<p>[\/vc_column_text][\/vc_column_inner][vc_column_inner width=&#8220;2\/6&#8243;][vc_empty_space height=&#8220;42px&#8220; el_class=&#8220;nomobile&#8220;][vc_column_text]Sonderl\u00f6sungen k\u00f6nnen unter anderem umfassen:<\/p>\n<div class=\"htcabstand\">\n<ul>\n<li>Anpassungen an Ober-, Unter- oder Biegewange<\/li>\n<li>Spezielle Anschlagl\u00f6sungen inklusive Steuerung<\/li>\n<li>Sonderma\u00dfe<\/li>\n<li>Sonderwerkzeuge<\/li>\n<li>Roboterl\u00f6sungen f\u00fcr Zu- und Abf\u00fchrung<\/li>\n<\/ul>\n<\/div>\n<p>[\/vc_column_text][\/vc_column_inner][vc_column_inner el_class=&#8220;downloads&#8220; width=&#8220;1\/6&#8243;][vc_column_text]<strong>Prospekte:<\/strong><br \/>\n<a href=\"http:\/\/www.schroedergroup.eu\/wp-content\/uploads\/pdf\/Prospekte_DE\/Biegezentrum-DE_Mail.pdf\" target=\"_blank\" rel=\"noopener noreferrer\">deutsch<\/a><br \/>\n<a href=\"http:\/\/www.schroedergroup.eu\/wp-content\/uploads\/pdf\/Prospekte_EN\/Biegezentrum-EN_Mail.pdf\" target=\"_blank\" rel=\"noopener noreferrer\">english<\/a>[\/vc_column_text][vc_separator color=&#8220;custom&#8220; accent_color=&#8220;#90be1e&#8220;][vc_column_text]<strong>Video:<\/strong><br \/>\n<a href=\"https:\/\/www.youtube.com\/watch?v=VeDy6s7OZq4\">MAK 4 EVO UD mit Saugplatten<\/a>[\/vc_column_text][\/vc_column_inner][\/vc_row_inner][vc_row_inner equal_height=&#8220;yes&#8220;][vc_column_inner width=&#8220;1\/6&#8243;][vc_single_image image=&#8220;804&#8243; img_size=&#8220;full&#8220; alignment=&#8220;center&#8220; css=&#8220;.vc_custom_1464877623170{margin-top: 0px !important;margin-right: 0px !important;margin-bottom: 0px !important;margin-left: 0px !important;padding-top: 0px !important;padding-right: 0px !important;padding-bottom: 0px !important;padding-left: 0px !important;}&#8220;][vc_column_text]<\/p>\n<p style=\"text-align: center;\">Zudr\u00fcckeinheit\/Falzpresse<\/p>\n<p>[\/vc_column_text][\/vc_column_inner][vc_column_inner width=&#8220;1\/6&#8243;][vc_single_image image=&#8220;806&#8243; img_size=&#8220;full&#8220; alignment=&#8220;center&#8220; css=&#8220;.vc_custom_1464877618565{margin-top: 0px !important;margin-right: 0px !important;margin-bottom: 0px !important;margin-left: 0px !important;padding-top: 0px !important;padding-right: 0px !important;padding-bottom: 0px !important;padding-left: 0px !important;}&#8220;][vc_column_text]<\/p>\n<p style=\"text-align: center;\">Entnahme nach vorne mit Klapptisch<\/p>\n<p>[\/vc_column_text][\/vc_column_inner][vc_column_inner width=&#8220;1\/6&#8243;][vc_single_image image=&#8220;803&#8243; img_size=&#8220;full&#8220; alignment=&#8220;center&#8220; css=&#8220;.vc_custom_1464877648754{margin-top: 0px !important;margin-right: 0px !important;margin-bottom: 0px !important;margin-left: 0px !important;padding-top: 0px !important;padding-right: 0px !important;padding-bottom: 0px !important;padding-left: 0px !important;}&#8220;][vc_column_text]<\/p>\n<p style=\"text-align: center;\">Sonderanschlagfinger<\/p>\n<p>[\/vc_column_text][\/vc_column_inner][vc_column_inner width=&#8220;1\/6&#8243;][vc_single_image image=&#8220;805&#8243; img_size=&#8220;full&#8220; alignment=&#8220;center&#8220; css=&#8220;.vc_custom_1464877662160{margin-top: 0px !important;margin-right: 0px !important;margin-bottom: 0px !important;margin-left: 0px !important;padding-top: 0px !important;padding-right: 0px !important;padding-bottom: 0px !important;padding-left: 0px !important;}&#8220;][vc_column_text]<\/p>\n<p style=\"text-align: center;\">Gripfinger f\u00fcr automatisches Blechhandling<\/p>\n<p>[\/vc_column_text][\/vc_column_inner][vc_column_inner width=&#8220;1\/6&#8243;][vc_single_image image=&#8220;807&#8243; img_size=&#8220;full&#8220; alignment=&#8220;center&#8220; css=&#8220;.vc_custom_1464877678963{margin-top: 0px !important;margin-right: 0px !important;margin-bottom: 0px !important;margin-left: 0px !important;padding-top: 0px !important;padding-right: 0px !important;padding-bottom: 0px !important;padding-left: 0px !important;}&#8220;][vc_column_text]<\/p>\n<p style=\"text-align: center;\">Manipulatorgreifarm<\/p>\n<p>[\/vc_column_text][\/vc_column_inner][vc_column_inner width=&#8220;1\/6&#8243;][\/vc_column_inner][vc_column_inner][vc_column_text]Ihre individuelle Blechbearbeitungsl\u00f6sung wird komplett bei uns im Haus entwickelt und gefertigt.<br \/>\nAlles aus einer Hand.[\/vc_column_text][\/vc_column_inner][\/vc_row_inner][\/vc_tta_section][vc_tta_section title=&#8220;Steuerung&#8220; tab_id=&#8220;steuerung&#8220;][vc_row_inner][vc_column_inner width=&#8220;3\/6&#8243;][vc_single_image image=&#8220;2660&#8243; img_size=&#8220;full&#8220; css_animation=&#8220;right-to-left&#8220; css=&#8220;.vc_custom_1482247527811{margin-top: 0px !important;margin-right: 0px !important;margin-bottom: 0px !important;margin-left: 0px !important;padding-top: 0px !important;padding-right: 0px !important;padding-bottom: 0px !important;padding-left: 0px !important;}&#8220;][vc_single_image image=&#8220;824&#8243; img_size=&#8220;full&#8220; css_animation=&#8220;right-to-left&#8220; css=&#8220;.vc_custom_1464878475092{margin-top: 0px !important;margin-right: 0px !important;margin-bottom: 0px !important;margin-left: 0px !important;padding-top: 0px !important;padding-right: 0px !important;padding-bottom: 0px !important;padding-left: 0px !important;}&#8220;][\/vc_column_inner][vc_column_inner width=&#8220;2\/6&#8243;][vc_custom_heading text=&#8220;Steuerungssoftware&#8220; use_theme_fonts=&#8220;yes&#8220;][vc_column_text]Hans Schr\u00f6der Maschinenbau ist nicht nur seit Jahrzehnten ein f\u00fchrender Hersteller von High-End-Schwenkbiegemaschinen, sondern auch ein Pionier in der Programmierung und Steuerung dieser Maschinen.<\/p>\n<p>Biegezentren werden von uns modular als kundenspezifische L\u00f6sungen zusammengestellt. Die Klammer bildet dabei die von uns entwickelte <a href=\"http:\/\/www.schroedergroup.eu\/cms\/front_content.php?idart=106\">Steuerungssoftware POS 3000<\/a>. Hier erstellen und simulieren Sie nicht nur die Biegeprogramme, sondern steuern auch Werkzeugwechsler, Manipulatoren und F\u00f6rdersysteme an.[\/vc_column_text][\/vc_column_inner][vc_column_inner el_class=&#8220;downloads&#8220; width=&#8220;1\/6&#8243;][vc_column_text]<strong>Prospekte:<\/strong><br \/>\n<a href=\"http:\/\/www.schroedergroup.eu\/wp-content\/uploads\/pdf\/Prospekte_DE\/Biegezentrum-DE_Mail.pdf\" target=\"_blank\" rel=\"noopener noreferrer\">deutsch<\/a><br \/>\n<a href=\"http:\/\/www.schroedergroup.eu\/wp-content\/uploads\/pdf\/Prospekte_EN\/Biegezentrum-EN_Mail.pdf\" target=\"_blank\" rel=\"noopener noreferrer\">english<\/a>[\/vc_column_text][\/vc_column_inner][\/vc_row_inner][\/vc_tta_section][vc_tta_section title=&#8220;Robotik&#8220; tab_id=&#8220;robotik&#8220;][vc_row_inner][vc_column_inner width=&#8220;5\/6&#8243;][vc_custom_heading text=&#8220;Automatisierung, Robotik und Sensorik&#8220; use_theme_fonts=&#8220;yes&#8220;][vc_column_text]Um Fertigungsprozesse zu automatisieren, setzten wir auf bew\u00e4hrte Lieferanten zuverl\u00e4ssiger Komponenten. Vollautomatisierte Zu- und Abf\u00fchrung in Schr\u00f6der-Biegezentren basieren auf Industrierobotern f\u00fchrender Hersteller, zum Beispiel KUKA.<\/p>\n<p class=\"hallo\">\u00a0Tische, F\u00f6rdermittel, Anschlagstechnik und die hochflexiblen Manipulatoren bringen die Werkst\u00fccke in die richtige Position. Dabei werden die Werkst\u00fccke \u00fcber neuartige Kamerasysteme exakt vermessen \u2013 das gew\u00e4hrleistet bei jedem Bug Spitzenwerte f\u00fcr Genauigkeit und Reproduzierbarkeit.<\/p>\n<p>Lichtschranken, Bewegungs- und Ber\u00fchrungssensoren sorgen f\u00fcr einen sicheren Betrieb der Biegezentren.[\/vc_column_text][\/vc_column_inner][vc_column_inner el_class=&#8220;downloads&#8220; width=&#8220;1\/6&#8243;][vc_column_text]<strong>Prospekte:<\/strong><br \/>\n<a href=\"http:\/\/www.schroedergroup.eu\/wp-content\/uploads\/pdf\/Prospekte_DE\/Biegezentrum-DE_Mail.pdf\" target=\"_blank\" rel=\"noopener noreferrer\">deutsch<\/a><br \/>\n<a href=\"http:\/\/www.schroedergroup.eu\/wp-content\/uploads\/pdf\/Prospekte_EN\/Biegezentrum-EN_Mail.pdf\" target=\"_blank\" rel=\"noopener noreferrer\">english<\/a>[\/vc_column_text][\/vc_column_inner][\/vc_row_inner][vc_row_inner equal_height=&#8220;yes&#8220;][vc_column_inner width=&#8220;3\/12&#8243;][vc_single_image image=&#8220;838&#8243; img_size=&#8220;full&#8220; alignment=&#8220;center&#8220; css=&#8220;.vc_custom_1464881628353{margin-top: 0px !important;margin-right: 0px !important;margin-bottom: 0px !important;margin-left: 0px !important;padding-top: 0px !important;padding-right: 0px !important;padding-bottom: 0px !important;padding-left: 0px !important;}&#8220;][vc_column_text css=&#8220;.vc_custom_1464881383930{margin-top: 0px !important;padding-top: 0px !important;}&#8220;]<\/p>\n<p style=\"text-align: center;\">Biegezentrum<\/p>\n<p>[\/vc_column_text][\/vc_column_inner][vc_column_inner width=&#8220;3\/12&#8243;][vc_single_image image=&#8220;837&#8243; img_size=&#8220;full&#8220; alignment=&#8220;center&#8220; css=&#8220;.vc_custom_1464880890276{margin-top: 0px !important;margin-right: 0px !important;margin-bottom: 0px !important;margin-left: 0px !important;padding-top: 0px !important;padding-right: 0px !important;padding-bottom: 0px !important;padding-left: 0px !important;}&#8220;][vc_column_text css=&#8220;.vc_custom_1464881390814{margin-top: 0px !important;padding-top: 0px !important;}&#8220;]<\/p>\n<p style=\"text-align: center;\">Biegezentrum<\/p>\n<p>[\/vc_column_text][\/vc_column_inner][vc_column_inner width=&#8220;3\/12&#8243;][vc_single_image image=&#8220;836&#8243; img_size=&#8220;full&#8220; alignment=&#8220;center&#8220; css=&#8220;.vc_custom_1464880911896{margin-top: 0px !important;margin-right: 0px !important;margin-bottom: 0px !important;margin-left: 0px !important;padding-top: 0px !important;padding-right: 0px !important;padding-bottom: 0px !important;padding-left: 0px !important;}&#8220;][vc_column_text css=&#8220;.vc_custom_1464881397345{margin-top: 0px !important;padding-top: 0px !important;}&#8220;]<\/p>\n<p style=\"text-align: center;\">Palettenstation f\u00fcr Roboterbeladung<\/p>\n<p>[\/vc_column_text][\/vc_column_inner][vc_column_inner width=&#8220;3\/12&#8243;][vc_single_image image=&#8220;835&#8243; img_size=&#8220;full&#8220; alignment=&#8220;center&#8220; css=&#8220;.vc_custom_1464880925820{margin-top: 0px !important;margin-right: 0px !important;margin-bottom: 0px !important;margin-left: 0px !important;padding-top: 0px !important;padding-right: 0px !important;padding-bottom: 0px !important;padding-left: 0px !important;}&#8220;][vc_column_text css=&#8220;.vc_custom_1464881403835{margin-top: 0px !important;padding-top: 0px !important;}&#8220;]<\/p>\n<p style=\"text-align: center;\">Greifeinheit f\u00fcr Roboterbeladung<\/p>\n<p>[\/vc_column_text][\/vc_column_inner][\/vc_row_inner][vc_row_inner equal_height=&#8220;yes&#8220;][vc_column_inner width=&#8220;3\/12&#8243;][vc_single_image image=&#8220;831&#8243; img_size=&#8220;full&#8220; alignment=&#8220;center&#8220; css=&#8220;.vc_custom_1464880943304{margin-top: 0px !important;margin-right: 0px !important;margin-bottom: 0px !important;margin-left: 0px !important;padding-top: 0px !important;padding-right: 0px !important;padding-bottom: 0px !important;padding-left: 0px !important;}&#8220;][vc_column_text]<\/p>\n<p style=\"text-align: center;\">Roboterhandling: Das Blech wird per Vakuumeinheit angesaugt &#8230;<\/p>\n<p>[\/vc_column_text][\/vc_column_inner][vc_column_inner width=&#8220;3\/12&#8243;][vc_single_image image=&#8220;832&#8243; img_size=&#8220;full&#8220; alignment=&#8220;center&#8220; css=&#8220;.vc_custom_1464880961295{margin-top: 0px !important;margin-right: 0px !important;margin-bottom: 0px !important;margin-left: 0px !important;padding-top: 0px !important;padding-right: 0px !important;padding-bottom: 0px !important;padding-left: 0px !important;}&#8220;][vc_column_text]<\/p>\n<p style=\"text-align: center;\">&#8230; und zur Weitergabe vor den Anschlagtisch positioniert, &#8230;<\/p>\n<p>[\/vc_column_text][\/vc_column_inner][vc_column_inner width=&#8220;3\/12&#8243;][vc_single_image image=&#8220;833&#8243; img_size=&#8220;full&#8220; alignment=&#8220;center&#8220; css=&#8220;.vc_custom_1464881108352{margin-top: 0px !important;margin-right: 0px !important;margin-bottom: 0px !important;margin-left: 0px !important;padding-top: 0px !important;padding-right: 0px !important;padding-bottom: 0px !important;padding-left: 0px !important;}&#8220;][vc_column_text]<\/p>\n<p style=\"text-align: center;\">&#8230; wo das angesaugte Blech von Sonderanschlagfingern eingezogen wird.<\/p>\n<p>[\/vc_column_text][\/vc_column_inner][vc_column_inner width=&#8220;3\/12&#8243;][vc_single_image image=&#8220;834&#8243; img_size=&#8220;full&#8220; alignment=&#8220;center&#8220; css=&#8220;.vc_custom_1464881119495{margin-top: 0px !important;margin-right: 0px !important;margin-bottom: 0px !important;margin-left: 0px !important;padding-top: 0px !important;padding-right: 0px !important;padding-bottom: 0px !important;padding-left: 0px !important;}&#8220;][vc_column_text]<\/p>\n<p style=\"text-align: center;\">Blechreinigungsstation<\/p>\n<p>[\/vc_column_text][\/vc_column_inner][\/vc_row_inner][\/vc_tta_section][vc_tta_section title=&#8220;Anwenderberichte&#8220; tab_id=&#8220;anwenderberichte&#8220;][vc_row_inner][vc_column_inner width=&#8220;1\/6&#8243;][vc_single_image image=&#8220;3634&#8243; img_size=&#8220;full&#8220; alignment=&#8220;center&#8220; css=&#8220;.vc_custom_1486651110270{margin-top: 0px !important;margin-right: 0px !important;margin-bottom: 0px !important;margin-left: 0px !important;padding-top: 0px !important;padding-right: 0px !important;padding-bottom: 0px !important;padding-left: 0px !important;}&#8220;][vc_column_text]<a href=\"http:\/\/www.schroedergroup.eu\/wp-content\/uploads\/success-story\/Success-Story_USM_DE.pdf\">Power-Bend-Center im Einsatz bei USM<\/a>[\/vc_column_text][\/vc_column_inner][vc_column_inner width=&#8220;1\/6&#8243;][\/vc_column_inner][vc_column_inner width=&#8220;1\/6&#8243;][\/vc_column_inner][\/vc_row_inner][\/vc_tta_section][\/vc_tta_tabs][\/vc_column][\/vc_row]<!--more--><\/p>\n<\/div>","protected":false},"excerpt":{"rendered":"<p>[vc_row][vc_column width=&#8220;5\/6&#8243;][vc_custom_heading text=&#8220;Biegezentrum&#8220; font_container=&#8220;tag:h1|text_align:left&#8220; use_theme_fonts=&#8220;yes&#8220;][\/vc_column][vc_column width=&#8220;1\/6&#8243;][\/vc_column][\/vc_row][vc_row][vc_column][vc_tta_tabs shape=&#8220;square&#8220; active_section=&#8220;1&#8243;][vc_tta_section title=&#8220;\u00dcberblick&#8220; tab_id=&#8220;ueberblick&#8220;][vc_row_inner][vc_column_inner width=&#8220;3\/6&#8243;][vc_single_image image=&#8220;906&#8243; img_size=&#8220;full&#8220; alignment=&#8220;center&#8220; css_animation=&#8220;right-to-left&#8220; css=&#8220;.vc_custom_1464952663014{margin-top: 0px !important;margin-right: 0px !important;margin-bottom: 0px !important;margin-left: 0px !important;padding-top: 0px !important;padding-right:<span class=\"excerpt-hellip\"> [\u2026]<\/span><\/p>\n","protected":false},"author":2,"featured_media":0,"parent":689,"menu_order":10,"comment_status":"closed","ping_status":"closed","template":"","meta":{"_acf_changed":false,"inline_featured_image":false,"footnotes":""},"class_list":["post-4789","page","type-page","status-publish","hentry"],"acf":[],"aioseo_notices":[],"_links":{"self":[{"href":"https:\/\/www.schroedergroup.eu\/de\/wp-json\/wp\/v2\/pages\/4789","targetHints":{"allow":["GET"]}}],"collection":[{"href":"https:\/\/www.schroedergroup.eu\/de\/wp-json\/wp\/v2\/pages"}],"about":[{"href":"https:\/\/www.schroedergroup.eu\/de\/wp-json\/wp\/v2\/types\/page"}],"author":[{"embeddable":true,"href":"https:\/\/www.schroedergroup.eu\/de\/wp-json\/wp\/v2\/users\/2"}],"replies":[{"embeddable":true,"href":"https:\/\/www.schroedergroup.eu\/de\/wp-json\/wp\/v2\/comments?post=4789"}],"version-history":[{"count":5,"href":"https:\/\/www.schroedergroup.eu\/de\/wp-json\/wp\/v2\/pages\/4789\/revisions"}],"predecessor-version":[{"id":8239,"href":"https:\/\/www.schroedergroup.eu\/de\/wp-json\/wp\/v2\/pages\/4789\/revisions\/8239"}],"up":[{"embeddable":true,"href":"https:\/\/www.schroedergroup.eu\/de\/wp-json\/wp\/v2\/pages\/689"}],"wp:attachment":[{"href":"https:\/\/www.schroedergroup.eu\/de\/wp-json\/wp\/v2\/media?parent=4789"}],"curies":[{"name":"wp","href":"https:\/\/api.w.org\/{rel}","templated":true}]}}