{"id":47,"date":"2016-04-05T13:12:20","date_gmt":"2016-04-05T11:12:20","guid":{"rendered":"http:\/\/www.schroedergroup.eu\/?page_id=47"},"modified":"2021-12-01T10:34:42","modified_gmt":"2021-12-01T09:34:42","slug":"schroeder-fasti","status":"publish","type":"page","link":"https:\/\/www.schroedergroup.eu\/de\/schroeder-fasti\/","title":{"rendered":"Schr\u00f6der-FASTI"},"content":{"rendered":"<div class=\"wpb-content-wrapper\"><p>[vc_row full_width=&#8220;stretch_row_content_no_spaces&#8220; css=&#8220;.vc_custom_1465310618244{margin: 0px !important;padding: 0px !important;}&#8220;][vc_column][vc_single_image image=&#8220;1403&#8243; img_size=&#8220;full&#8220; alignment=&#8220;center&#8220; css=&#8220;.vc_custom_1465906249500{margin-top: 0px !important;margin-right: 0px !important;margin-bottom: 0px !important;margin-left: 0px !important;padding-top: 0px !important;padding-right: 0px !important;padding-bottom: 0px !important;padding-left: 0px !important;}&#8220;][\/vc_column][\/vc_row][vc_row][vc_column][vc_custom_heading text=&#8220;SCHR\u00d6DER-FASTI&#8220; font_container=&#8220;tag:h1|text_align:left&#8220; use_theme_fonts=&#8220;yes&#8220;][vc_column_text]Der Name SCHR\u00d6DER-FASTI steht f\u00fcr umfassende und fundierte Kenntnisse im Bereich innovativer Technologien in der Blechbearbeitung. Hieraus resultiert eine au\u00dferordentliche Angebotspalette von:<\/p>\n<ul>\n<li>Rundbiegemaschinen<\/li>\n<li>Sickenmaschinen<\/li>\n<li>Hydraulische Tafelscheren<\/li>\n<li>Gesenkbiegepressen<\/li>\n<li>Schwenkbiegemaschinen<\/li>\n<\/ul>\n<p>Unser Vertriebs- und Serviceteam steht jederzeit gerne f\u00fcr Sie zur Verf\u00fcgung. Ein weiteres Servicestandbein f\u00fcr den Skandinavischen Markt bildet unser Unternehmen SCHR\u00d6DER-FASTI Scandinavia A\/S in D\u00e4nemark.[\/vc_column_text][\/vc_column][\/vc_row]<!--more--><\/p>\n<\/div>","protected":false},"excerpt":{"rendered":"<p>[vc_row full_width=&#8220;stretch_row_content_no_spaces&#8220; css=&#8220;.vc_custom_1465310618244{margin: 0px !important;padding: 0px !important;}&#8220;][vc_column][vc_single_image image=&#8220;1403&#8243; img_size=&#8220;full&#8220; alignment=&#8220;center&#8220; css=&#8220;.vc_custom_1465906249500{margin-top: 0px !important;margin-right: 0px !important;margin-bottom: 0px !important;margin-left: 0px !important;padding-top: 0px !important;padding-right: 0px !important;padding-bottom: 0px !important;padding-left: 0px<span class=\"excerpt-hellip\"> [\u2026]<\/span><\/p>\n","protected":false},"author":1,"featured_media":0,"parent":0,"menu_order":50,"comment_status":"closed","ping_status":"closed","template":"","meta":{"_acf_changed":false,"inline_featured_image":false,"footnotes":""},"class_list":["post-47","page","type-page","status-publish","hentry"],"acf":[],"aioseo_notices":[],"_links":{"self":[{"href":"https:\/\/www.schroedergroup.eu\/de\/wp-json\/wp\/v2\/pages\/47","targetHints":{"allow":["GET"]}}],"collection":[{"href":"https:\/\/www.schroedergroup.eu\/de\/wp-json\/wp\/v2\/pages"}],"about":[{"href":"https:\/\/www.schroedergroup.eu\/de\/wp-json\/wp\/v2\/types\/page"}],"author":[{"embeddable":true,"href":"https:\/\/www.schroedergroup.eu\/de\/wp-json\/wp\/v2\/users\/1"}],"replies":[{"embeddable":true,"href":"https:\/\/www.schroedergroup.eu\/de\/wp-json\/wp\/v2\/comments?post=47"}],"version-history":[{"count":7,"href":"https:\/\/www.schroedergroup.eu\/de\/wp-json\/wp\/v2\/pages\/47\/revisions"}],"predecessor-version":[{"id":8147,"href":"https:\/\/www.schroedergroup.eu\/de\/wp-json\/wp\/v2\/pages\/47\/revisions\/8147"}],"wp:attachment":[{"href":"https:\/\/www.schroedergroup.eu\/de\/wp-json\/wp\/v2\/media?parent=47"}],"curies":[{"name":"wp","href":"https:\/\/api.w.org\/{rel}","templated":true}]}}