{"id":44,"date":"2016-04-05T13:10:32","date_gmt":"2016-04-05T11:10:32","guid":{"rendered":"http:\/\/www.schroedergroup.eu\/?page_id=44"},"modified":"2024-02-13T14:55:26","modified_gmt":"2024-02-13T13:55:26","slug":"management","status":"publish","type":"page","link":"https:\/\/www.schroedergroup.eu\/de\/schroeder-group\/management\/","title":{"rendered":"Management"},"content":{"rendered":"<div class=\"wpb-content-wrapper\"><p>[vc_row full_width=&#8220;stretch_row_content_no_spaces&#8220;][vc_column][vc_single_image image=&#8220;12370&#8243; img_size=&#8220;full&#8220; alignment=&#8220;center&#8220; css=&#8220;.vc_custom_1707832026854{margin-top: 0px !important;margin-right: 0px !important;margin-bottom: 0px !important;margin-left: 0px !important;padding-top: 0px !important;padding-right: 0px !important;padding-bottom: 0px !important;padding-left: 0px !important;}&#8220;][\/vc_column][\/vc_row][vc_row][vc_column][vc_custom_heading text=&#8220;Management&#8220; font_container=&#8220;tag:h1|text_align:left&#8220; use_theme_fonts=&#8220;yes&#8220;][vc_column_text]<strong>Familienunternehmen und Global Player<\/strong><\/p>\n<p>Gemeinsam bilden die Unternehmen <a href=\"http:\/\/www.schroedergroup.eu\/de\/hans-schroeder-maschinenbau\/\">Hans Schr\u00f6der Maschinenbau GmbH<\/a>, <a href=\"http:\/\/www.schroedergroup.eu\/de\/schroeder-fasti\/\">SCHR\u00d6DER-FASTI Technologie GmbH<\/a> ,<a href=\"http:\/\/www.fasti.dk\/\">Schr\u00f6der-FASTI Scandinavia A\/S<\/a> und die <a href=\"https:\/\/www.schroedergroup.eu\/de\/smu\/\" target=\"_blank\" rel=\"noopener\">SMU GmbH<\/a> die Dachmarke Schr\u00f6der Group. Die Gesch\u00e4ftsf\u00fchrung der Familienunternehmen obliegt Franz Schr\u00f6der, Markus Hibler und Gerlinde Schr\u00f6der. Sie gestalten die Gesch\u00e4fte der Schr\u00f6der Group in der bew\u00e4hrten und erfolgreichen Balance von Tradition und Moderne.[\/vc_column_text][\/vc_column][\/vc_row][vc_row][vc_column][vc_column_text]<\/p>\n<p><!--more-->[\/vc_column_text][\/vc_column][\/vc_row]<\/p>\n<\/div>","protected":false},"excerpt":{"rendered":"<p>[vc_row full_width=&#8220;stretch_row_content_no_spaces&#8220;][vc_column][vc_single_image image=&#8220;12370&#8243; img_size=&#8220;full&#8220; alignment=&#8220;center&#8220; css=&#8220;.vc_custom_1707832026854{margin-top: 0px !important;margin-right: 0px !important;margin-bottom: 0px !important;margin-left: 0px !important;padding-top: 0px !important;padding-right: 0px !important;padding-bottom: 0px !important;padding-left: 0px !important;}&#8220;][\/vc_column][\/vc_row][vc_row][vc_column][vc_custom_heading text=&#8220;Management&#8220; font_container=&#8220;tag:h1|text_align:left&#8220; use_theme_fonts=&#8220;yes&#8220;][vc_column_text]Familienunternehmen und<span class=\"excerpt-hellip\"> [\u2026]<\/span><\/p>\n","protected":false},"author":1,"featured_media":0,"parent":31,"menu_order":60,"comment_status":"closed","ping_status":"closed","template":"","meta":{"_acf_changed":false,"inline_featured_image":false,"footnotes":""},"class_list":["post-44","page","type-page","status-publish","hentry"],"acf":[],"aioseo_notices":[],"_links":{"self":[{"href":"https:\/\/www.schroedergroup.eu\/de\/wp-json\/wp\/v2\/pages\/44","targetHints":{"allow":["GET"]}}],"collection":[{"href":"https:\/\/www.schroedergroup.eu\/de\/wp-json\/wp\/v2\/pages"}],"about":[{"href":"https:\/\/www.schroedergroup.eu\/de\/wp-json\/wp\/v2\/types\/page"}],"author":[{"embeddable":true,"href":"https:\/\/www.schroedergroup.eu\/de\/wp-json\/wp\/v2\/users\/1"}],"replies":[{"embeddable":true,"href":"https:\/\/www.schroedergroup.eu\/de\/wp-json\/wp\/v2\/comments?post=44"}],"version-history":[{"count":15,"href":"https:\/\/www.schroedergroup.eu\/de\/wp-json\/wp\/v2\/pages\/44\/revisions"}],"predecessor-version":[{"id":12376,"href":"https:\/\/www.schroedergroup.eu\/de\/wp-json\/wp\/v2\/pages\/44\/revisions\/12376"}],"up":[{"embeddable":true,"href":"https:\/\/www.schroedergroup.eu\/de\/wp-json\/wp\/v2\/pages\/31"}],"wp:attachment":[{"href":"https:\/\/www.schroedergroup.eu\/de\/wp-json\/wp\/v2\/media?parent=44"}],"curies":[{"name":"wp","href":"https:\/\/api.w.org\/{rel}","templated":true}]}}