{"id":41,"date":"2016-04-05T13:09:22","date_gmt":"2016-04-05T11:09:22","guid":{"rendered":"http:\/\/www.schroedergroup.eu\/?page_id=41"},"modified":"2024-12-04T10:18:06","modified_gmt":"2024-12-04T09:18:06","slug":"service","status":"publish","type":"page","link":"https:\/\/www.schroedergroup.eu\/de\/service\/","title":{"rendered":"Service"},"content":{"rendered":"<div class=\"wpb-content-wrapper\"><p>[vc_row full_width=&#8220;stretch_row_content_no_spaces&#8220;][vc_column][vc_single_image image=&#8220;1205&#8243; img_size=&#8220;full&#8220; alignment=&#8220;center&#8220; css=&#8220;.vc_custom_1465485142033{margin-top: 0px !important;margin-right: 0px !important;margin-bottom: 0px !important;margin-left: 0px !important;padding-top: 0px !important;padding-right: 0px !important;padding-bottom: 0px !important;padding-left: 0px !important;}&#8220;][\/vc_column][\/vc_row][vc_row][vc_column][vc_custom_heading text=&#8220;Service&#8220; font_container=&#8220;tag:h1|text_align:left&#8220; use_theme_fonts=&#8220;yes&#8220;][vc_column_text]<strong>Service wird bei uns gro\u00dfgeschrieben<\/strong><\/p>\n<p>Schr\u00f6der-Maschinen sind bekannt f\u00fcr ihre Zuverl\u00e4ssigkeit, Lebensdauer und Wartungsfreundlichkeit.<\/p>\n<p>Haben Sie dennoch ein Problem mit Ihrer Maschine, ben\u00f6tigen Sie Ersatzteile oder etwa einen Montageeinsatz?<br \/>\nDann nutzen Sie einfach unser Supportformular oder kontaktieren Sie uns unter <a href=\"mailto:service@schroedergroup.eu\">service@schroedergroup.eu<\/a>.<\/p>\n<p>Wir k\u00fcmmern uns anschlie\u00dfend so schnell wie m\u00f6glich um ihr Service-Anliegen.[\/vc_column_text][\/vc_column][\/vc_row][vc_row][vc_column][vc_custom_heading text=&#8220;Support-Formular&#8220; use_theme_fonts=&#8220;yes&#8220;][vc_column_text]\n<div class=\"wpcf7 no-js\" id=\"wpcf7-f4569-o1\" lang=\"de-DE\" dir=\"ltr\" data-wpcf7-id=\"4569\">\n<div class=\"screen-reader-response\"><p role=\"status\" aria-live=\"polite\" aria-atomic=\"true\"><\/p> <ul><\/ul><\/div>\n<form action=\"\/de\/wp-json\/wp\/v2\/pages\/41#wpcf7-f4569-o1\" method=\"post\" class=\"wpcf7-form init\" aria-label=\"Kontaktformular\" enctype=\"multipart\/form-data\" novalidate=\"novalidate\" data-status=\"init\">\n<fieldset class=\"hidden-fields-container\"><input type=\"hidden\" name=\"_wpcf7\" value=\"4569\" \/><input type=\"hidden\" name=\"_wpcf7_version\" value=\"6.1.5\" \/><input type=\"hidden\" name=\"_wpcf7_locale\" value=\"de_DE\" \/><input type=\"hidden\" name=\"_wpcf7_unit_tag\" value=\"wpcf7-f4569-o1\" \/><input type=\"hidden\" name=\"_wpcf7_container_post\" value=\"0\" \/><input type=\"hidden\" name=\"_wpcf7_posted_data_hash\" value=\"\" \/><input type=\"hidden\" name=\"_wpcf7dtx_version\" value=\"5.0.5\" \/>\n<\/fieldset>\n<div class=\"half\">\n\t<h3>Firmendaten\n\t<\/h3>\n\t<p><label>Firma (*)<\/label><span class=\"wpcf7-form-control-wrap\" data-name=\"firma\"><input size=\"40\" maxlength=\"400\" class=\"wpcf7-form-control wpcf7-text wpcf7-validates-as-required\" aria-required=\"true\" aria-invalid=\"false\" value=\"\" type=\"text\" name=\"firma\" \/><\/span>\n\t<\/p>\n\t<p><label>Stra\u00dfe (*)<\/label><span class=\"wpcf7-form-control-wrap\" data-name=\"strasse\"><input size=\"40\" maxlength=\"400\" class=\"wpcf7-form-control wpcf7-text wpcf7-validates-as-required\" aria-required=\"true\" aria-invalid=\"false\" value=\"\" type=\"text\" name=\"strasse\" \/><\/span>\n\t<\/p>\n\t<p><label>PLZ (*)<\/label><span class=\"wpcf7-form-control-wrap\" data-name=\"plz\"><input size=\"40\" maxlength=\"400\" class=\"wpcf7-form-control wpcf7-text wpcf7-validates-as-required\" aria-required=\"true\" aria-invalid=\"false\" value=\"\" type=\"text\" name=\"plz\" \/><\/span>\n\t<\/p>\n\t<p><label>Ort (*)<\/label><span class=\"wpcf7-form-control-wrap\" data-name=\"ort\"><input size=\"40\" maxlength=\"400\" class=\"wpcf7-form-control wpcf7-text wpcf7-validates-as-required\" aria-required=\"true\" aria-invalid=\"false\" value=\"\" type=\"text\" name=\"ort\" \/><\/span>\n\t<\/p>\n\t<p><label>Land (*)<\/label><span class=\"wpcf7-form-control-wrap\" data-name=\"land\"><input size=\"40\" maxlength=\"400\" class=\"wpcf7-form-control wpcf7-text wpcf7-validates-as-required\" aria-required=\"true\" aria-invalid=\"false\" value=\"\" type=\"text\" name=\"land\" \/><\/span>\n\t<\/p>\n\t<p><label>Anrede (*)<\/label><span class=\"wpcf7-form-control-wrap\" data-name=\"Anrede\"><select class=\"wpcf7-form-control wpcf7-select wpcf7-validates-as-required\" aria-required=\"true\" aria-invalid=\"false\" name=\"Anrede\"><option value=\"\"><\/option><option value=\"Herr\">Herr<\/option><option value=\"Frau\">Frau<\/option><option value=\"Divers\">Divers<\/option><option value=\"Keine Angabe\">Keine Angabe<\/option><\/select><\/span>\n\t<\/p>\n\t<p><label>Ansprechpartner (*)<\/label><span class=\"wpcf7-form-control-wrap\" data-name=\"ansprechpartner\"><input size=\"40\" maxlength=\"400\" class=\"wpcf7-form-control wpcf7-text wpcf7-validates-as-required\" aria-required=\"true\" aria-invalid=\"false\" value=\"\" type=\"text\" name=\"ansprechpartner\" \/><\/span>\n\t<\/p>\n\t<p><label>Telefon (*)<\/label><span class=\"wpcf7-form-control-wrap\" data-name=\"telefon\"><input size=\"40\" maxlength=\"400\" class=\"wpcf7-form-control wpcf7-text wpcf7-validates-as-required\" aria-required=\"true\" aria-invalid=\"false\" value=\"\" type=\"text\" name=\"telefon\" \/><\/span>\n\t<\/p>\n\t<p><label>E-Mail (*) <\/label><span class=\"wpcf7-form-control-wrap\" data-name=\"email\"><input size=\"40\" maxlength=\"400\" class=\"wpcf7-form-control wpcf7-email wpcf7-validates-as-required wpcf7-text wpcf7-validates-as-email\" aria-required=\"true\" aria-invalid=\"false\" value=\"\" type=\"email\" name=\"email\" \/><\/span>\n\t<\/p>\n\t<h3>Maschinendaten\n\t<\/h3>\n\t<p><label>Maschinennummer (*)<\/label><span class=\"wpcf7-form-control-wrap\" data-name=\"maschinennummer\"><input size=\"40\" maxlength=\"400\" class=\"wpcf7-form-control wpcf7-text wpcf7-validates-as-required\" aria-required=\"true\" aria-invalid=\"false\" value=\"\" type=\"text\" name=\"maschinennummer\" \/><\/span>\n\t<\/p>\n\t<p><label>Maschinentyp<\/label><span class=\"wpcf7-form-control-wrap\" data-name=\"typ\"><input size=\"40\" maxlength=\"400\" class=\"wpcf7-form-control wpcf7-text\" aria-invalid=\"false\" value=\"\" type=\"text\" name=\"typ\" \/><\/span>\n\t<\/p>\n\t<p><label>Steuerung<\/label><span class=\"wpcf7-form-control-wrap\" data-name=\"steuerung\"><input size=\"40\" maxlength=\"400\" class=\"wpcf7-form-control wpcf7-text\" aria-invalid=\"false\" value=\"\" type=\"text\" name=\"steuerung\" \/><\/span>\n\t<\/p>\n<\/div>\n<div class=\"half\">\n\t<div style=\"clear:both;\">\n\t<\/div>\n\t<h3>Problembeschreibung\n\t<\/h3>\n\t<p><label>Art des Problems<\/label><span class=\"wpcf7-form-control-wrap\" data-name=\"Problemis\"><select class=\"wpcf7-form-control wpcf7-select\" aria-invalid=\"false\" name=\"Problemis\"><option value=\"elektrisch\/elektronisch\">elektrisch\/elektronisch<\/option><option value=\"mechanisch\">mechanisch<\/option><option value=\"hydraulisch\">hydraulisch<\/option><option value=\"sonstiges\">sonstiges<\/option><\/select><\/span>\n\t<\/p>\n\t<p class=\"spantextarea\"><label class=\"labelwide\">Detaillierte Problembeschreibung<\/label><br \/>\n<span class=\"wpcf7-form-control-wrap\" data-name=\"genaueProblembeschreibung\"><textarea cols=\"40\" rows=\"10\" maxlength=\"2000\" class=\"wpcf7-form-control wpcf7-textarea textarafull\" aria-invalid=\"false\" name=\"genaueProblembeschreibung\"><\/textarea><\/span>\n\t<\/p>\n\t<p><strong>Dateien:<\/strong><br \/>\nBitte laden Sie hier Ihre Bilder\/Dokumente zur Problembeschreibung hoch<br \/>\n(maximal 2 Bilder als JPG, BMP, PNG oder Dokumente als PDF mit je max. 3 MB):\n\t<\/p>\n\t<p><label>Datei 1:<\/label><label for=\"file-upload1\" class=\"custom-file-upload\">Datei ausw\u00e4hlen<\/label><span class=\"wpcf7-form-control-wrap\" data-name=\"file-640\"><input size=\"40\" class=\"wpcf7-form-control wpcf7-file wfilep\" id=\"file-upload1\" accept=\".jpg,.bmp,.png,.tif,.pdf\" aria-invalid=\"false\" type=\"file\" name=\"file-640\" \/><\/span>\n\t<\/p>\n\t<p><label>Datei 2:<\/label><label for=\"file-upload2\" class=\"custom-file-upload\">Datei ausw\u00e4hlen<\/label><span class=\"wpcf7-form-control-wrap\" data-name=\"file-641\"><input size=\"40\" class=\"wpcf7-form-control wpcf7-file wfilep\" id=\"file-upload2\" accept=\".jpg,.bmp,.png,.tif,.pdf\" aria-invalid=\"false\" type=\"file\" name=\"file-641\" \/><\/span>\n\t<\/p>\n\t<p><span class=\"wpcf7-form-control-wrap\" data-name=\"term_and_conditions\"><span class=\"wpcf7-form-control wpcf7-acceptance\"><span class=\"wpcf7-list-item\"><label><input type=\"checkbox\" name=\"term_and_conditions\" value=\"1\" class=\"required\" aria-invalid=\"false\" \/><span class=\"wpcf7-list-item-label\"><a href=\"\/de\/datenschutz\/\" target=\"_blank\">Datenschutzrichtlinien<\/a> der Schr\u00f6der Group gelesen und damit einverstanden.<\/span><\/label><\/span><\/span><\/span>\n\t<\/p>\n\t<p><br \/>\n<label class=\"labelwide\">* Pflichtfelder<\/label>\n\t<\/p>\n\t<p><input class=\"wpcf7-form-control wpcf7-submit has-spinner\" type=\"submit\" value=\"Absenden\" \/>\n\t<\/p>\n<\/div><div class=\"wpcf7-response-output\" aria-hidden=\"true\"><\/div>\n<\/form>\n<\/div>\n[\/vc_column_text][\/vc_column][\/vc_row][vc_row][vc_column][vc_column_text]<!--more-->[\/vc_column_text][\/vc_column][\/vc_row]<\/p>\n<\/div>","protected":false},"excerpt":{"rendered":"<p>[vc_row full_width=&#8220;stretch_row_content_no_spaces&#8220;][vc_column][vc_single_image image=&#8220;1205&#8243; img_size=&#8220;full&#8220; alignment=&#8220;center&#8220; css=&#8220;.vc_custom_1465485142033{margin-top: 0px !important;margin-right: 0px !important;margin-bottom: 0px !important;margin-left: 0px !important;padding-top: 0px !important;padding-right: 0px !important;padding-bottom: 0px !important;padding-left: 0px !important;}&#8220;][\/vc_column][\/vc_row][vc_row][vc_column][vc_custom_heading text=&#8220;Service&#8220; font_container=&#8220;tag:h1|text_align:left&#8220; use_theme_fonts=&#8220;yes&#8220;][vc_column_text]Service wird<span class=\"excerpt-hellip\"> [\u2026]<\/span><\/p>\n","protected":false},"author":1,"featured_media":0,"parent":0,"menu_order":50,"comment_status":"closed","ping_status":"closed","template":"","meta":{"_acf_changed":false,"inline_featured_image":false,"footnotes":""},"class_list":["post-41","page","type-page","status-publish","hentry"],"acf":[],"aioseo_notices":[],"_links":{"self":[{"href":"https:\/\/www.schroedergroup.eu\/de\/wp-json\/wp\/v2\/pages\/41","targetHints":{"allow":["GET"]}}],"collection":[{"href":"https:\/\/www.schroedergroup.eu\/de\/wp-json\/wp\/v2\/pages"}],"about":[{"href":"https:\/\/www.schroedergroup.eu\/de\/wp-json\/wp\/v2\/types\/page"}],"author":[{"embeddable":true,"href":"https:\/\/www.schroedergroup.eu\/de\/wp-json\/wp\/v2\/users\/1"}],"replies":[{"embeddable":true,"href":"https:\/\/www.schroedergroup.eu\/de\/wp-json\/wp\/v2\/comments?post=41"}],"version-history":[{"count":21,"href":"https:\/\/www.schroedergroup.eu\/de\/wp-json\/wp\/v2\/pages\/41\/revisions"}],"predecessor-version":[{"id":13039,"href":"https:\/\/www.schroedergroup.eu\/de\/wp-json\/wp\/v2\/pages\/41\/revisions\/13039"}],"wp:attachment":[{"href":"https:\/\/www.schroedergroup.eu\/de\/wp-json\/wp\/v2\/media?parent=41"}],"curies":[{"name":"wp","href":"https:\/\/api.w.org\/{rel}","templated":true}]}}