{"id":39,"date":"2016-04-05T13:08:58","date_gmt":"2016-04-05T11:08:58","guid":{"rendered":"http:\/\/www.schroedergroup.eu\/?page_id=39"},"modified":"2021-12-01T10:34:41","modified_gmt":"2021-12-01T09:34:41","slug":"technologie","status":"publish","type":"page","link":"https:\/\/www.schroedergroup.eu\/de\/schroeder-group\/technologie\/","title":{"rendered":"Technologie"},"content":{"rendered":"<div class=\"wpb-content-wrapper\"><p>[vc_row full_width=&#8220;stretch_row_content_no_spaces&#8220;][vc_column][vc_single_image image=&#8220;1209&#8243; img_size=&#8220;full&#8220; alignment=&#8220;center&#8220; css=&#8220;.vc_custom_1465485979885{margin-top: 0px !important;margin-right: 0px !important;margin-bottom: 0px !important;margin-left: 0px !important;padding-top: 0px !important;padding-right: 0px !important;padding-bottom: 0px !important;padding-left: 0px !important;}&#8220;][\/vc_column][\/vc_row][vc_row][vc_column][vc_custom_heading text=&#8220;Technologie&#8220; font_container=&#8220;tag:h1|text_align:left&#8220; use_theme_fonts=&#8220;yes&#8220;][vc_column_text]<strong>Innovationen f\u00fcr Handwerk und Industrie<\/strong><\/p>\n<p>Wir sind der Meinung, dass Automatisierung von Fertigungsschritten und NC-gesteuerte Genauigkeit keine Vorrechte industrieller Anwender sind. So setzen wir nicht nur mit unseren gro\u00dfen Biegezentren Ma\u00dfst\u00e4be, sondern bieten auch Handwerksbetrieben und mittelst\u00e4ndischen Metallbauern L\u00f6sungen, die schnell, pr\u00e4zise und flexibel einsetzbar sind \u2013 mit ergonomischer Steuerung und zeitsparender Handhabung, die Fehler vermeiden helfen.<\/p>\n<p>Von der Handabkantbank bis zur Roboter-Fertigungszelle bauen wir Maschinen, f\u00fcr die gilt: Wir bieten die f\u00fchrenden L\u00f6sungen f\u00fcr eine optimale Blechbearbeitung.<\/p>\n<p><strong>Die Praxis ist der beste Ratgeber:<\/strong><\/p>\n<p>Unsere Kunden sind unsere besten Lehrer. Sie zeigen uns aus ihrer allt\u00e4glichen Praxis, wo und was wir verbessern k\u00f6nnen. Wir fragen nach und h\u00f6ren zu. Den Besuch unserer Mitarbeiter vor Ort in den Fertigungsbetrieben unserer Kunden sehen wir nicht als l\u00e4stige Pflicht, sondern als Anregung zur Optimierung unserer Schneide- und Biegemaschinenentwicklung.<\/p>\n<p>Die enge Zusammenarbeit im mittelst\u00e4ndischen Familienbetrieb sorgt daf\u00fcr, dass Anregungen aus der Praxis unmittelbar Eingang finden in Optimierungen und Innovationen \u201eMade by Schr\u00f6der\u201c.<\/p>\n<p>Verbesserungen werden z\u00fcgig in unseren Serienmodellen umgesetzt. Darauf aufbauend entwickeln wir f\u00fcr unsere Kunden auch individuelle Sonderl\u00f6sungen. Fragen Sie uns danach![\/vc_column_text][\/vc_column][\/vc_row]<!--more--><\/p>\n<\/div>","protected":false},"excerpt":{"rendered":"<p>[vc_row full_width=&#8220;stretch_row_content_no_spaces&#8220;][vc_column][vc_single_image image=&#8220;1209&#8243; img_size=&#8220;full&#8220; alignment=&#8220;center&#8220; css=&#8220;.vc_custom_1465485979885{margin-top: 0px !important;margin-right: 0px !important;margin-bottom: 0px !important;margin-left: 0px !important;padding-top: 0px !important;padding-right: 0px !important;padding-bottom: 0px !important;padding-left: 0px !important;}&#8220;][\/vc_column][\/vc_row][vc_row][vc_column][vc_custom_heading text=&#8220;Technologie&#8220; font_container=&#8220;tag:h1|text_align:left&#8220; use_theme_fonts=&#8220;yes&#8220;][vc_column_text]Innovationen f\u00fcr<span class=\"excerpt-hellip\"> [\u2026]<\/span><\/p>\n","protected":false},"author":1,"featured_media":0,"parent":31,"menu_order":40,"comment_status":"closed","ping_status":"closed","template":"","meta":{"_acf_changed":false,"inline_featured_image":false,"footnotes":""},"class_list":["post-39","page","type-page","status-publish","hentry"],"acf":[],"aioseo_notices":[],"_links":{"self":[{"href":"https:\/\/www.schroedergroup.eu\/de\/wp-json\/wp\/v2\/pages\/39","targetHints":{"allow":["GET"]}}],"collection":[{"href":"https:\/\/www.schroedergroup.eu\/de\/wp-json\/wp\/v2\/pages"}],"about":[{"href":"https:\/\/www.schroedergroup.eu\/de\/wp-json\/wp\/v2\/types\/page"}],"author":[{"embeddable":true,"href":"https:\/\/www.schroedergroup.eu\/de\/wp-json\/wp\/v2\/users\/1"}],"replies":[{"embeddable":true,"href":"https:\/\/www.schroedergroup.eu\/de\/wp-json\/wp\/v2\/comments?post=39"}],"version-history":[{"count":7,"href":"https:\/\/www.schroedergroup.eu\/de\/wp-json\/wp\/v2\/pages\/39\/revisions"}],"predecessor-version":[{"id":8141,"href":"https:\/\/www.schroedergroup.eu\/de\/wp-json\/wp\/v2\/pages\/39\/revisions\/8141"}],"up":[{"embeddable":true,"href":"https:\/\/www.schroedergroup.eu\/de\/wp-json\/wp\/v2\/pages\/31"}],"wp:attachment":[{"href":"https:\/\/www.schroedergroup.eu\/de\/wp-json\/wp\/v2\/media?parent=39"}],"curies":[{"name":"wp","href":"https:\/\/api.w.org\/{rel}","templated":true}]}}