{"id":37,"date":"2016-04-05T13:08:27","date_gmt":"2016-04-05T11:08:27","guid":{"rendered":"http:\/\/www.schroedergroup.eu\/?page_id=37"},"modified":"2021-12-01T10:34:41","modified_gmt":"2021-12-01T09:34:41","slug":"qualitaet-2","status":"publish","type":"page","link":"https:\/\/www.schroedergroup.eu\/de\/schroeder-group\/qualitaet-2\/","title":{"rendered":"Qualit\u00e4t"},"content":{"rendered":"<div class=\"wpb-content-wrapper\"><p>[vc_row full_width=&#8220;stretch_row_content_no_spaces&#8220;][vc_column][vc_single_image image=&#8220;1203&#8243; img_size=&#8220;full&#8220; alignment=&#8220;center&#8220; css=&#8220;.vc_custom_1465484593625{margin-top: 0px !important;margin-right: 0px !important;margin-bottom: 0px !important;margin-left: 0px !important;padding-top: 0px !important;padding-right: 0px !important;padding-bottom: 0px !important;padding-left: 0px !important;}&#8220;][\/vc_column][\/vc_row][vc_row][vc_column][vc_custom_heading text=&#8220;Qualit\u00e4t&#8220; font_container=&#8220;tag:h1|text_align:left&#8220; use_theme_fonts=&#8220;yes&#8220;][vc_column_text]<strong>Darauf k\u00f6nnen Sie vertrauen:<\/strong><br \/>\n<strong>h\u00f6chste Qualit\u00e4t und die richtige L\u00f6sung f\u00fcr Ihre Anforderung<\/strong><\/p>\n<p>Produkte und Prozesse kontinuierlich zu verbessern, das ist die Herausforderung, die wir lieben. Vom grundlegenden Design der Maschinen bis zu den Detaill\u00f6sungen: Stets suchen wir nach M\u00f6glichkeiten, unseren Kunden mehr Kraft und Dynamik in der Bearbeitung zu bieten und dabei eine h\u00f6here Maschinengeschwindigkeit bei gro\u00dfer Laufruhe zu realisieren.<\/p>\n<p><strong>Pr\u00e4zision bis ins Detail:<\/strong><\/p>\n<p>Schr\u00f6der-Maschinen stehen f\u00fcr Pr\u00e4zisionsarbeit: robust, zuverl\u00e4ssig und von gr\u00f6\u00dfter Genauigkeit. Dar\u00fcber wachen wir mit strengen Qualit\u00e4tskontrollen von Konstruktion, Material und Montage bis hin zum Aufbau der Maschinen bei unseren Kunden. Schr\u00f6der-Maschinen werden unter Einsatz innovativster Technologien in unseren unternehmenseigenen Fertigungsanlagen auf \u00fcber 10\u00a0000 Quadratmetern produziert \u2013 von der Konstruktion an modernen CAD-Systemen bis zum Farbauftrag in unserer neuen umweltvertr\u00e4glichen Lackierstra\u00dfe.<\/p>\n<p>Zu Ihrem Vorteil: Mit unserem Qualit\u00e4tsanspruch erm\u00f6glichen wir \u00e4u\u00dferste Pr\u00e4zision und Effizienz in Ihrer Blechbearbeitung.[\/vc_column_text][\/vc_column][\/vc_row]<!--more--><\/p>\n<\/div>","protected":false},"excerpt":{"rendered":"<p>[vc_row full_width=&#8220;stretch_row_content_no_spaces&#8220;][vc_column][vc_single_image image=&#8220;1203&#8243; img_size=&#8220;full&#8220; alignment=&#8220;center&#8220; css=&#8220;.vc_custom_1465484593625{margin-top: 0px !important;margin-right: 0px !important;margin-bottom: 0px !important;margin-left: 0px !important;padding-top: 0px !important;padding-right: 0px !important;padding-bottom: 0px !important;padding-left: 0px !important;}&#8220;][\/vc_column][\/vc_row][vc_row][vc_column][vc_custom_heading text=&#8220;Qualit\u00e4t&#8220; font_container=&#8220;tag:h1|text_align:left&#8220; use_theme_fonts=&#8220;yes&#8220;][vc_column_text]Darauf k\u00f6nnen<span class=\"excerpt-hellip\"> [\u2026]<\/span><\/p>\n","protected":false},"author":1,"featured_media":0,"parent":31,"menu_order":30,"comment_status":"closed","ping_status":"closed","template":"","meta":{"_acf_changed":false,"inline_featured_image":false,"footnotes":""},"class_list":["post-37","page","type-page","status-publish","hentry"],"acf":[],"aioseo_notices":[],"_links":{"self":[{"href":"https:\/\/www.schroedergroup.eu\/de\/wp-json\/wp\/v2\/pages\/37","targetHints":{"allow":["GET"]}}],"collection":[{"href":"https:\/\/www.schroedergroup.eu\/de\/wp-json\/wp\/v2\/pages"}],"about":[{"href":"https:\/\/www.schroedergroup.eu\/de\/wp-json\/wp\/v2\/types\/page"}],"author":[{"embeddable":true,"href":"https:\/\/www.schroedergroup.eu\/de\/wp-json\/wp\/v2\/users\/1"}],"replies":[{"embeddable":true,"href":"https:\/\/www.schroedergroup.eu\/de\/wp-json\/wp\/v2\/comments?post=37"}],"version-history":[{"count":11,"href":"https:\/\/www.schroedergroup.eu\/de\/wp-json\/wp\/v2\/pages\/37\/revisions"}],"predecessor-version":[{"id":8139,"href":"https:\/\/www.schroedergroup.eu\/de\/wp-json\/wp\/v2\/pages\/37\/revisions\/8139"}],"up":[{"embeddable":true,"href":"https:\/\/www.schroedergroup.eu\/de\/wp-json\/wp\/v2\/pages\/31"}],"wp:attachment":[{"href":"https:\/\/www.schroedergroup.eu\/de\/wp-json\/wp\/v2\/media?parent=37"}],"curies":[{"name":"wp","href":"https:\/\/api.w.org\/{rel}","templated":true}]}}