{"id":35,"date":"2016-04-05T13:07:54","date_gmt":"2016-04-05T11:07:54","guid":{"rendered":"http:\/\/www.schroedergroup.eu\/?page_id=35"},"modified":"2024-04-05T07:32:13","modified_gmt":"2024-04-05T05:32:13","slug":"philosophie","status":"publish","type":"page","link":"https:\/\/www.schroedergroup.eu\/de\/schroeder-group\/philosophie\/","title":{"rendered":"Philosophie"},"content":{"rendered":"<div class=\"wpb-content-wrapper\"><p>[vc_row full_width=&#8220;stretch_row_content_no_spaces&#8220;][vc_column][vc_single_image image=&#8220;1204&#8243; img_size=&#8220;full&#8220; alignment=&#8220;center&#8220; css=&#8220;.vc_custom_1465484198194{margin-top: 0px !important;margin-right: 0px !important;margin-bottom: 0px !important;margin-left: 0px !important;padding-top: 0px !important;padding-right: 0px !important;padding-bottom: 0px !important;padding-left: 0px !important;}&#8220;][\/vc_column][\/vc_row][vc_row][vc_column][vc_custom_heading text=&#8220;Philosophie&#8220; font_container=&#8220;tag:h1|text_align:left&#8220; use_theme_fonts=&#8220;yes&#8220;][vc_column_text]<strong>Blech besser bearbeiten \u2013 Die Schr\u00f6der Group hat sich der Aufgabe verschrieben, h\u00f6chste Qualit\u00e4t und effiziente Verfahren in der Fertigung von Blechprodukten zu erm\u00f6glichen. Von der manuellen Schneidemaschine bis zum vollautomatischen industriellen Biegezentrum bieten wir L\u00f6sungen f\u00fcr jeden, der mit Blech arbeitet.<\/strong><\/p>\n<p>Seit Gr\u00fcndung der Hans Schr\u00f6der Maschinenbau GmbH vor 75 Jahren und seit drei Generationen dreht sich in unserem Familienunternehmen alles um die Faszination der Blechbearbeitung. Im Dialog mit blechverarbeitenden Handwerks- und Industriebetrieben suchen wir die beste L\u00f6sung f\u00fcr jedes Fertigungsproblem. Von Maschinen f\u00fcr das Handwerk bis zu elektronisch gesteuerten Industriemaschinen: Wir wollen unseren Kunden ein optimiertes Werkzeug von maximaler Wirtschaftlichkeit und Flexibilit\u00e4t an die Hand geben.<\/p>\n<p>Unsere St\u00e4rken sind die Innovationskraft unserer eigenen Konstruktion und Entwicklung \u2013 inklusive Steuerungssoftware \u2013 sowie die hohe Fertigungstiefe. Ausgehend von komfortabel ausgestatteten Grundmodellen lassen sich unsere Maschinen optional erweitern. Mit unseren zahlreichen Ausstattungsvarianten bis hin zur kundenindividuellen L\u00f6sung erf\u00fcllen wir beinahe jeden Wunsch unserer Kunden.<\/p>\n<p>Solidit\u00e4t und Zuverl\u00e4ssigkeit sind Grundwerte unserer Unternehmensf\u00fchrung. Tradition und Innovation sind uns gleicherma\u00dfen Verpflichtung. Die Mitarbeiter, ihre Erfahrung und ihr Know-how sind unser Kapital.<\/p>\n<p>Davon zeugt nicht nur unser kontinuierliches und gesundes Wachstum, auch die geringe Fluktuation und die Verbundenheit zu unserer Heimat sind Ausdruck unserer Wertbest\u00e4ndigkeit. Partnerschaft ist das Fundament unseres Miteinanders im Unternehmen und im Umgang mit unseren Kunden und Zulieferern.<\/p>\n<p><strong>Ein Versprechen, auf das Sie sich verlassen k\u00f6nnen.<\/strong>[\/vc_column_text][\/vc_column][\/vc_row][vc_row][vc_column][vc_column_text]<!--more-->[\/vc_column_text][\/vc_column][\/vc_row]<\/p>\n<\/div>","protected":false},"excerpt":{"rendered":"<p>[vc_row full_width=&#8220;stretch_row_content_no_spaces&#8220;][vc_column][vc_single_image image=&#8220;1204&#8243; img_size=&#8220;full&#8220; alignment=&#8220;center&#8220; css=&#8220;.vc_custom_1465484198194{margin-top: 0px !important;margin-right: 0px !important;margin-bottom: 0px !important;margin-left: 0px !important;padding-top: 0px !important;padding-right: 0px !important;padding-bottom: 0px !important;padding-left: 0px !important;}&#8220;][\/vc_column][\/vc_row][vc_row][vc_column][vc_custom_heading text=&#8220;Philosophie&#8220; font_container=&#8220;tag:h1|text_align:left&#8220; use_theme_fonts=&#8220;yes&#8220;][vc_column_text]Blech besser<span class=\"excerpt-hellip\"> [\u2026]<\/span><\/p>\n","protected":false},"author":1,"featured_media":0,"parent":31,"menu_order":20,"comment_status":"closed","ping_status":"closed","template":"","meta":{"_acf_changed":false,"inline_featured_image":false,"footnotes":""},"class_list":["post-35","page","type-page","status-publish","hentry"],"acf":[],"aioseo_notices":[],"_links":{"self":[{"href":"https:\/\/www.schroedergroup.eu\/de\/wp-json\/wp\/v2\/pages\/35","targetHints":{"allow":["GET"]}}],"collection":[{"href":"https:\/\/www.schroedergroup.eu\/de\/wp-json\/wp\/v2\/pages"}],"about":[{"href":"https:\/\/www.schroedergroup.eu\/de\/wp-json\/wp\/v2\/types\/page"}],"author":[{"embeddable":true,"href":"https:\/\/www.schroedergroup.eu\/de\/wp-json\/wp\/v2\/users\/1"}],"replies":[{"embeddable":true,"href":"https:\/\/www.schroedergroup.eu\/de\/wp-json\/wp\/v2\/comments?post=35"}],"version-history":[{"count":9,"href":"https:\/\/www.schroedergroup.eu\/de\/wp-json\/wp\/v2\/pages\/35\/revisions"}],"predecessor-version":[{"id":12510,"href":"https:\/\/www.schroedergroup.eu\/de\/wp-json\/wp\/v2\/pages\/35\/revisions\/12510"}],"up":[{"embeddable":true,"href":"https:\/\/www.schroedergroup.eu\/de\/wp-json\/wp\/v2\/pages\/31"}],"wp:attachment":[{"href":"https:\/\/www.schroedergroup.eu\/de\/wp-json\/wp\/v2\/media?parent=35"}],"curies":[{"name":"wp","href":"https:\/\/api.w.org\/{rel}","templated":true}]}}