{"id":31,"date":"2016-04-05T13:06:54","date_gmt":"2016-04-05T11:06:54","guid":{"rendered":"http:\/\/www.schroedergroup.eu\/?page_id=31"},"modified":"2024-10-08T09:56:39","modified_gmt":"2024-10-08T07:56:39","slug":"schroeder-group","status":"publish","type":"page","link":"https:\/\/www.schroedergroup.eu\/de\/schroeder-group\/","title":{"rendered":"Schr\u00f6der Group"},"content":{"rendered":"<div class=\"wpb-content-wrapper\"><p>[vc_row full_width=&#8220;stretch_row_content_no_spaces&#8220; content_placement=&#8220;top&#8220; css=&#8220;.vc_custom_1465481779982{margin-top: 0px !important;margin-right: 0px !important;margin-bottom: 0px !important;margin-left: 0px !important;padding-top: 0px !important;padding-right: 0px !important;padding-bottom: 0px !important;padding-left: 0px !important;}&#8220;][vc_column][vc_single_image image=&#8220;250&#8243; img_size=&#8220;full&#8220; alignment=&#8220;center&#8220; style=&#8220;vc_box_border&#8220; border_color=&#8220;white&#8220; css=&#8220;.vc_custom_1467964242207{margin-top: 0px !important;margin-right: 0px !important;margin-bottom: 0px !important;margin-left: 0px !important;padding-top: 0px !important;padding-right: 0px !important;padding-bottom: 0px !important;padding-left: 0px !important;}&#8220;][\/vc_column][\/vc_row][vc_row][vc_column][vc_custom_heading text=&#8220;Schr\u00f6der Group&#8220; font_container=&#8220;tag:h1|text_align:left&#8220; use_theme_fonts=&#8220;yes&#8220;][vc_column_text css=&#8220;&#8220;]<strong>Die Schr\u00f6der Group besteht aus der Hans Schr\u00f6der Maschinenbau GmbH mit Sitz in Wessobrunn und der SCHR\u00d6DER-FASTI Technologie GmbH mit Sitz in Wermelskirchen und der SMU GmbH in Leinburg-Wei\u00dfenbrunn.<\/strong><\/p>\n<p>1949 gegr\u00fcndet, vereinigt die Hans Schr\u00f6der Maschinenbau GmbH Tradition und Moderne im Maschinenbau: Als qualit\u00e4ts- und kundenorientiertes Familienunternehmen erfolgreich gef\u00fchrt, hat sich Hans Schr\u00f6der Maschinenbau auf die Entwicklung moderner Maschinenkonzepte f\u00fcr das Biegen und Schneiden von Blechen spezialisiert.<\/p>\n<p>Durch die 2006 erfolgte Integration der Fasti-Werke und mit weltweiter Pr\u00e4senz ist die Schr\u00f6der Group heute einer der f\u00fchrenden Anbieter f\u00fcr Maschinen zum Schwenkbiegen, Schneiden, Sicken, B\u00f6rdeln und Rundbiegen von Blechen aller Art. Die Vielfalt der Pr\u00e4zisionsmaschinen reicht von bew\u00e4hrten L\u00f6sungen f\u00fcr das Handwerk bis hin zu innovativen Hochleistungsmaschinen f\u00fcr die automatische industrielle Fertigung. 2021 wurde die Schr\u00f6der Group um den Werkzeughersteller SMU GmbH erweitert. Insgesamt besch\u00e4ftigt die Schr\u00f6der Group heute mehr als 300 Mitarbeiter an verschiedenen Standorten im In- und Ausland.<\/p>\n<p><a href=\"https:\/\/youtu.be\/JX6CSNazgyo\" target=\"_blank\" rel=\"noopener\">Imagefilm Schr\u00f6der Group<\/a><\/p>\n<p><a href=\"https:\/\/www.schroedergroup.eu\/wp-content\/uploads\/pdf\/Prospekte_DE\/Schroeder-Group_Unternehmenspraesentation_2024DE_Mail.pdf\">Unternehmenspr\u00e4sentation als PDF herunterladen<\/a>[\/vc_column_text][\/vc_column][\/vc_row][vc_row][vc_column][vc_column_text]<!--more-->[\/vc_column_text][\/vc_column][\/vc_row]<\/p>\n<\/div>","protected":false},"excerpt":{"rendered":"<p>[vc_row full_width=&#8220;stretch_row_content_no_spaces&#8220; content_placement=&#8220;top&#8220; css=&#8220;.vc_custom_1465481779982{margin-top: 0px !important;margin-right: 0px !important;margin-bottom: 0px !important;margin-left: 0px !important;padding-top: 0px !important;padding-right: 0px !important;padding-bottom: 0px !important;padding-left: 0px !important;}&#8220;][vc_column][vc_single_image image=&#8220;250&#8243; img_size=&#8220;full&#8220; alignment=&#8220;center&#8220; style=&#8220;vc_box_border&#8220; border_color=&#8220;white&#8220; css=&#8220;.vc_custom_1467964242207{margin-top:<span class=\"excerpt-hellip\"> [\u2026]<\/span><\/p>\n","protected":false},"author":1,"featured_media":0,"parent":0,"menu_order":30,"comment_status":"closed","ping_status":"closed","template":"","meta":{"_acf_changed":false,"inline_featured_image":false,"footnotes":""},"class_list":["post-31","page","type-page","status-publish","hentry"],"acf":[],"aioseo_notices":[],"_links":{"self":[{"href":"https:\/\/www.schroedergroup.eu\/de\/wp-json\/wp\/v2\/pages\/31","targetHints":{"allow":["GET"]}}],"collection":[{"href":"https:\/\/www.schroedergroup.eu\/de\/wp-json\/wp\/v2\/pages"}],"about":[{"href":"https:\/\/www.schroedergroup.eu\/de\/wp-json\/wp\/v2\/types\/page"}],"author":[{"embeddable":true,"href":"https:\/\/www.schroedergroup.eu\/de\/wp-json\/wp\/v2\/users\/1"}],"replies":[{"embeddable":true,"href":"https:\/\/www.schroedergroup.eu\/de\/wp-json\/wp\/v2\/comments?post=31"}],"version-history":[{"count":23,"href":"https:\/\/www.schroedergroup.eu\/de\/wp-json\/wp\/v2\/pages\/31\/revisions"}],"predecessor-version":[{"id":12853,"href":"https:\/\/www.schroedergroup.eu\/de\/wp-json\/wp\/v2\/pages\/31\/revisions\/12853"}],"wp:attachment":[{"href":"https:\/\/www.schroedergroup.eu\/de\/wp-json\/wp\/v2\/media?parent=31"}],"curies":[{"name":"wp","href":"https:\/\/api.w.org\/{rel}","templated":true}]}}