{"id":306,"date":"2016-05-31T09:45:30","date_gmt":"2016-05-31T07:45:30","guid":{"rendered":"http:\/\/www.schroedergroup.eu\/de\/?page_id=306"},"modified":"2026-03-02T14:04:41","modified_gmt":"2026-03-02T13:04:41","slug":"impressum","status":"publish","type":"page","link":"https:\/\/www.schroedergroup.eu\/de\/impressum\/","title":{"rendered":"Impressum"},"content":{"rendered":"<div class=\"wpb-content-wrapper\"><p>[vc_row][vc_column][vc_custom_heading text=&#8220;Impressum&#8220; font_container=&#8220;tag:h1|text_align:left&#8220; use_theme_fonts=&#8220;yes&#8220;][vc_column_text css=&#8220;&#8220;]<strong>Hans Schr\u00f6der Maschinenbau GmbH<\/strong><br \/>\nFeuchten 2 | 82405 Wessobrunn-Forst | Deutschland<\/p>\n<p>T +49 8809 9220-0 | F +49 8809 9220-700 | E <a href=\"mailto:info@schroeder-maschinenbau.de\">info@schroedergroup.eu<\/a><\/p>\n<p>Vertretungsberechtigter Gesch\u00e4ftsf\u00fchrer: Franz Schr\u00f6der, Markus Hibler<\/p>\n<p>Gesch\u00e4ftssitz: Wessobrunn-Forst<\/p>\n<p>Registergericht M\u00fcnchen | HRB 52662 | Ust. ID-Nr. DE811325367<\/p>\n<p>Inhaltlich Verantwortlicher gem\u00e4\u00df \u00a710 Absatz 3 MDStV:<br \/>\nFranz Schr\u00f6der, Markus Hibler (Anschrift wie oben)<\/p>\n<p><strong>Allgemeiner Hinweis<\/strong><br \/>\nEs wurde alle Sorgfalt aufgewendet, die Richtigkeit und Vollst\u00e4ndigkeit der Angaben auf der Webseite sicherzustellen. Eventuelle Fehler sind dennoch nicht auszuschlie\u00dfen.[\/vc_column_text][\/vc_column][\/vc_row][vc_row][vc_column][vc_column_text]<!--more-->[\/vc_column_text][\/vc_column][\/vc_row]<\/p>\n<\/div>","protected":false},"excerpt":{"rendered":"<p>[vc_row][vc_column][vc_custom_heading text=&#8220;Impressum&#8220; font_container=&#8220;tag:h1|text_align:left&#8220; use_theme_fonts=&#8220;yes&#8220;][vc_column_text css=&#8220;&#8220;]Hans Schr\u00f6der Maschinenbau GmbH Feuchten 2 | 82405 Wessobrunn-Forst | Deutschland T +49 8809 9220-0 | F +49 8809 9220-700 | E<span class=\"excerpt-hellip\"> [\u2026]<\/span><\/p>\n","protected":false},"author":1,"featured_media":-1,"parent":0,"menu_order":110,"comment_status":"closed","ping_status":"closed","template":"","meta":{"_acf_changed":false,"inline_featured_image":false,"footnotes":""},"class_list":["post-306","page","type-page","status-publish","has-post-thumbnail","hentry"],"acf":[],"aioseo_notices":[],"_links":{"self":[{"href":"https:\/\/www.schroedergroup.eu\/de\/wp-json\/wp\/v2\/pages\/306","targetHints":{"allow":["GET"]}}],"collection":[{"href":"https:\/\/www.schroedergroup.eu\/de\/wp-json\/wp\/v2\/pages"}],"about":[{"href":"https:\/\/www.schroedergroup.eu\/de\/wp-json\/wp\/v2\/types\/page"}],"author":[{"embeddable":true,"href":"https:\/\/www.schroedergroup.eu\/de\/wp-json\/wp\/v2\/users\/1"}],"replies":[{"embeddable":true,"href":"https:\/\/www.schroedergroup.eu\/de\/wp-json\/wp\/v2\/comments?post=306"}],"version-history":[{"count":15,"href":"https:\/\/www.schroedergroup.eu\/de\/wp-json\/wp\/v2\/pages\/306\/revisions"}],"predecessor-version":[{"id":14657,"href":"https:\/\/www.schroedergroup.eu\/de\/wp-json\/wp\/v2\/pages\/306\/revisions\/14657"}],"wp:featuredmedia":[{"embeddable":true,"href":"https:\/\/www.schroedergroup.eu\/de\/wp-json\/"}],"wp:attachment":[{"href":"https:\/\/www.schroedergroup.eu\/de\/wp-json\/wp\/v2\/media?parent=306"}],"curies":[{"name":"wp","href":"https:\/\/api.w.org\/{rel}","templated":true}]}}