{"id":2809,"date":"2017-01-05T13:37:57","date_gmt":"2017-01-05T12:37:57","guid":{"rendered":"http:\/\/www.schroedergroup.eu\/de\/?page_id=2809"},"modified":"2025-07-09T09:49:54","modified_gmt":"2025-07-09T07:49:54","slug":"powerbend-industrial","status":"publish","type":"page","link":"https:\/\/www.schroedergroup.eu\/de\/produkte\/maschinen\/maschinen-zum-biegen\/powerbend-industrial\/","title":{"rendered":"PowerBend Industrial UD"},"content":{"rendered":"<div class=\"wpb-content-wrapper\"><p>[vc_row css=&#8220;.vc_custom_1464864323661{margin: 0px !important;padding: 0px !important;}&#8220;][vc_column width=&#8220;5\/6&#8243; css=&#8220;.vc_custom_1464864359760{margin: 0px !important;padding: 0px !important;}&#8220;][vc_custom_heading text=&#8220;PowerBend Industrial UD&#8220; font_container=&#8220;tag:h1|text_align:left&#8220; use_theme_fonts=&#8220;yes&#8220;][\/vc_column][vc_column width=&#8220;1\/6&#8243;][\/vc_column][\/vc_row][vc_row][vc_column][vc_tta_tabs shape=&#8220;square&#8220; active_section=&#8220;1&#8243;][vc_tta_section title=&#8220;\u00dcberblick&#8220; tab_id=&#8220;ueberblicke7c7-1084&#8243;][vc_row_inner][vc_column_inner width=&#8220;3\/6&#8243;][vc_images_carousel images=&#8220;12755,12757&#8243; img_size=&#8220;full&#8220; autoplay=&#8220;yes&#8220; wrap=&#8220;yes&#8220; css=&#8220;&#8220;][\/vc_column_inner][vc_column_inner width=&#8220;2\/6&#8243;][vc_custom_heading text=&#8220;\u00dcberblick&#8220; use_theme_fonts=&#8220;yes&#8220;][vc_column_text css=&#8220;&#8220;]NEU &#8211; wir haben unsere PowerBend Industrial UD einem Facelift unterzogen. Sie ist unsere Profil\u00f6sung f\u00fcr zuverl\u00e4ssigen und effizienten Dauerbetrieb in der industriellen Fertigung. Dank ihres extrem steifen Maschinenk\u00f6rpers ist diese Maschine durch h\u00f6chste Pr\u00e4zision und Leistungkraft gekennzeichnet. Die neue PowerBend Industrial UD wird live auf der diesj\u00e4hrigen EuroBlech in Hannover zu sehen sein.[\/vc_column_text][\/vc_column_inner][vc_column_inner el_class=&#8220;downloads&#8220; width=&#8220;1\/6&#8243;][vc_column_text]<strong>Prospek<\/strong><strong>te:<\/strong><br \/>\n<a href=\"https:\/\/www.schroedergroup.eu\/wp-content\/uploads\/pdf\/Prospekte_DE\/Motormaschinen_Industrie_DE_web.pdf\" target=\"_blank\" rel=\"noopener\">deutsch<\/a><br \/>\n<a href=\"https:\/\/www.schroedergroup.eu\/wp-content\/uploads\/pdf\/Prospekte_EN\/Motormaschinen_Industrie_EN_web.pdf\" target=\"_blank\" rel=\"noopener\">english<\/a><a class=\"lang\" title=\"Software Control English\" href=\"http:\/\/www.schroedergroup.eu\/cms\/upload\/download\/kataloge\/en\/Steuerungssoftware_EN_160401_Mail.pdf\" target=\"_blank\" rel=\"noopener noreferrer\"><br \/>\n<\/a>[\/vc_column_text][vc_separator color=&#8220;custom&#8220; accent_color=&#8220;#90be1e&#8220;][vc_column_text]<strong>Video:<\/strong><br \/>\n<a href=\"https:\/\/www.youtube.com\/watch?v=4xb8Kji0WpY\">PowerBend Industrial\u00a0<\/a><br \/>\n<a href=\"https:\/\/www.youtube.com\/watch?v=sl5j7a_e2q0&amp;t=3s\">PowerBend Industrial &#8211; 3200 x 6,0 (Biegen einer Abdeckhaube)<\/a>[\/vc_column_text][\/vc_column_inner][\/vc_row_inner][\/vc_tta_section][vc_tta_section title=&#8220;Details&#8220; tab_id=&#8220;detailse7c7-1084&#8243;][vc_row_inner][vc_column_inner width=&#8220;5\/6&#8243;][vc_custom_heading text=&#8220;Details&#8220; use_theme_fonts=&#8220;yes&#8220;][vc_column_text css=&#8220;&#8220;]<\/p>\n<ul>\n<li>Steuerung und Optionen\n<ul>\n<li>Grafiksteuerung POS 2000 Professional am schwenkbaren Panel<\/li>\n<li>PC Version (externe Programmierung)<\/li>\n<li>Fernwartung (Anschluss \u00fcber RJ45 Netzwerkkabel muss vom Kunden gestellt werden)<\/li>\n<li>Radius-Step-Bending Funktion<\/li>\n<\/ul>\n<\/li>\n<li>Anschlag\n<ul>\n<li>Positionieranschlag in U-Form: 20 &#8211; 1600 mm<br \/>\n2 Sektoren, pneumatisch absenkbar, Auflagetisch mit Kugeln, Kugelumlaufspindel (+\/- 0,1 mm)<\/li>\n<\/ul>\n<\/li>\n<li>Oberwange\n<ul>\n<li>Oberwangenhub 850 mm<\/li>\n<li>Oberwangengeometrie 180\u00b0<\/li>\n<li>Oberwangenantrieb: 2x 3,0 kW (Umrichter gesteuert, Kugelumlaufspindel)<\/li>\n<li>Oberwangenklemmung: Hydraulisch<\/li>\n<li>Achsschr\u00e4gstellung Oberwange<\/li>\n<li>Werkzeugpositionsanzeige entlang der Oberwange<\/li>\n<\/ul>\n<\/li>\n<li>Biegewange\n<ul>\n<li>Up&#8217;n Down Biegewange, programmgesteuert, 2 Servoantriebe zum stufenlosen Verschwenken der Achse<\/li>\n<li>Antrieb 2x 5,5 kW (Umrichtergesteuert)<\/li>\n<li>Hydraulische Klemmung<\/li>\n<li>Motorische Biegewangenverstellung 170 mm, servorgesteuert<\/li>\n<li>Motorische Biegemittelpunktverstellung +80\/-15 mm<\/li>\n<li>Motorische Zentralbombierung<\/li>\n<\/ul>\n<\/li>\n<li>Unterwange\n<ul>\n<li>Unterwangenschiene ca. 1100 N\/mm\u00b2, einteilig, mit Fingereinfr\u00e4sungen (Minimalanschlag 20 mm)<\/li>\n<\/ul>\n<\/li>\n<li>Sicherheit und Sonstiges\n<ul>\n<li>Lichtschrankenpaket zur Bedienung von vorne und hinten<\/li>\n<li>2. Fu\u00dfschalter verfahrbar auf Winkelschiene<\/li>\n<li>RFID Schalter zur Absicherung der Seitent\u00fcren<\/li>\n<li>Werkzeuge: Standardmaschine ohne Biegewangen- und Oberwangenwerkzeuge<\/li>\n<li>Klimager\u00e4t<\/li>\n<li>Fu\u00dfschalter 2-pedalig<\/li>\n<li>Fundamentplatten inkl. D\u00fcbel<\/li>\n<\/ul>\n<\/li>\n<\/ul>\n<p>[\/vc_column_text][\/vc_column_inner][vc_column_inner el_class=&#8220;downloads&#8220; width=&#8220;1\/6&#8243;][vc_column_text]<strong>Prospek<\/strong><strong>te:<\/strong><br \/>\n<a href=\"https:\/\/www.schroedergroup.eu\/wp-content\/uploads\/pdf\/Prospekte_DE\/Motormaschinen_Industrie_DE_web.pdf\" target=\"_blank\" rel=\"noopener\">deutsch<\/a><br \/>\n<a href=\"https:\/\/www.schroedergroup.eu\/wp-content\/uploads\/pdf\/Prospekte_EN\/Motormaschinen_Industrie_EN_web.pdf\" target=\"_blank\" rel=\"noopener\">english<\/a><a class=\"lang\" title=\"Software Control English\" href=\"http:\/\/www.schroedergroup.eu\/cms\/upload\/download\/kataloge\/en\/Steuerungssoftware_EN_160401_Mail.pdf\" target=\"_blank\" rel=\"noopener noreferrer\"><br \/>\n<\/a>[\/vc_column_text][vc_column_text]<strong>Video:<\/strong><br \/>\n<a href=\"https:\/\/www.youtube.com\/watch?v=4xb8Kji0WpY\">PowerBend Industrial\u00a0<\/a><br \/>\n<a href=\"https:\/\/www.youtube.com\/watch?v=sl5j7a_e2q0&amp;t=3s\">PowerBend Industrial &#8211; 3200 x 6,0 (Biegen einer Abdeckhaube)<\/a>[\/vc_column_text][\/vc_column_inner][\/vc_row_inner][\/vc_tta_section][vc_tta_section title=&#8220;Technische Daten&#8220; tab_id=&#8220;technische-datene7c7-1084&#8243;][vc_row_inner][vc_column_inner width=&#8220;5\/6&#8243;][vc_custom_heading text=&#8220;Technische Daten&#8220; use_theme_fonts=&#8220;yes&#8220;][vc_column_text css=&#8220;&#8220;]<\/p>\n<table border=\"0\">\n<tbody>\n<tr>\n<td class=\"BeschtiftungTyp\">Typ<\/td>\n<td class=\"BeschriftungOben\">Nutzl\u00e4nge<\/td>\n<td class=\"BeschriftungOben\">Blechdicke 400 N\/mm2<\/td>\n<td class=\"BeschriftungOben\">L\u00e4nge<\/td>\n<td class=\"BeschriftungOben\">Tiefe mit Anschlag 1600 mm geschlossen<\/td>\n<td class=\"BeschriftungOben\">H\u00f6he<\/td>\n<\/tr>\n<tr>\n<td class=\"Maschinentypen\"><\/td>\n<td>[mm]<\/td>\n<td>[mm]<\/td>\n<td>[mm]<\/td>\n<td>[mm]<\/td>\n<td>[mm]<\/td>\n<\/tr>\n<tr>\n<td class=\"Maschinentypen\">3200&#215;6,0<\/td>\n<td>3240<\/td>\n<td align=\"right\">6,00<\/td>\n<td align=\"right\">5078<\/td>\n<td>2953<\/td>\n<td>2608<\/td>\n<\/tr>\n<tr>\n<td class=\"Maschinentypen\">4000&#215;5,0<\/td>\n<td>4040<\/td>\n<td align=\"right\">5,00<\/td>\n<td align=\"right\">5878<\/td>\n<td>2953<\/td>\n<td>2608<\/td>\n<\/tr>\n<\/tbody>\n<\/table>\n<p>&nbsp;<\/p>\n<table border=\"0\">\n<tbody>\n<tr>\n<td class=\"Maschinentypen\"><\/td>\n<td class=\"BeschriftungOben\" colspan=\"4\">Oberwange<\/td>\n<\/tr>\n<tr>\n<td class=\"BeschtiftungTyp\">Typ<\/td>\n<td class=\"BeschriftungOben\">Geometrie<\/td>\n<td class=\"BeschriftungOben\">Hub<\/td>\n<td class=\"BeschriftungOben\">Antriebsleistung<\/td>\n<\/tr>\n<tr>\n<td class=\"Maschinentypen\"><\/td>\n<td>[\u00b0]<\/td>\n<td>[mm]<\/td>\n<td>[kW]<\/td>\n<\/tr>\n<tr>\n<td class=\"Maschinentypen\">3200&#215;6,0<\/td>\n<td>180<\/td>\n<td align=\"right\">850<\/td>\n<td align=\"right\">2 x 3,0<\/td>\n<\/tr>\n<tr>\n<td class=\"Maschinentypen\">4000&#215;5,0<\/td>\n<td>180<\/td>\n<td align=\"right\">850<\/td>\n<td align=\"right\">2 x 3,0<\/td>\n<\/tr>\n<\/tbody>\n<\/table>\n<p>&nbsp;<\/p>\n<table border=\"0\">\n<tbody>\n<tr>\n<td class=\"Maschinentypen\"><\/td>\n<td class=\"BeschriftungOben\" colspan=\"5\">Biegewange<\/td>\n<\/tr>\n<tr>\n<td class=\"BeschtiftungTyp\">Typ<\/td>\n<td class=\"BeschriftungOben\">Antriebsleistung<\/td>\n<td class=\"BeschriftungOben\">Biegewangen-<br \/>\nverstellung<\/td>\n<td class=\"BeschriftungOben\">Biegemittelpunkt-<br \/>\nverstellung<\/td>\n<\/tr>\n<tr>\n<td class=\"Maschinentypen\"><\/td>\n<td>[kW]<\/td>\n<td>[mm]<\/td>\n<td>[mm]<\/td>\n<\/tr>\n<tr>\n<td class=\"Maschinentypen\">3200&#215;6,0<\/td>\n<td>2 x 5,5<\/td>\n<td style=\"text-align: left;\" align=\"right\">160<\/td>\n<td align=\"right\">+80\/-15<\/td>\n<\/tr>\n<tr>\n<td class=\"Maschinentypen\">4000&#215;5,0<\/td>\n<td>2 x 5,5<\/td>\n<td style=\"text-align: left;\" align=\"right\">160<\/td>\n<td align=\"right\">+80\/-15<\/td>\n<\/tr>\n<\/tbody>\n<\/table>\n<p>[\/vc_column_text][\/vc_column_inner][vc_column_inner el_class=&#8220;downloads&#8220; width=&#8220;1\/6&#8243;][vc_column_text]<strong>Prospek<\/strong><strong>te:<\/strong><br \/>\n<a href=\"https:\/\/www.schroedergroup.eu\/wp-content\/uploads\/pdf\/Prospekte_DE\/Motormaschinen_Industrie_DE_web.pdf\" target=\"_blank\" rel=\"noopener\">deutsch<\/a><br \/>\n<a href=\"https:\/\/www.schroedergroup.eu\/wp-content\/uploads\/pdf\/Prospekte_EN\/Motormaschinen_Industrie_EN_web.pdf\" target=\"_blank\" rel=\"noopener\">english<\/a><a class=\"lang\" title=\"Software Control English\" href=\"http:\/\/www.schroedergroup.eu\/cms\/upload\/download\/kataloge\/en\/Steuerungssoftware_EN_160401_Mail.pdf\" target=\"_blank\" rel=\"noopener noreferrer\"><br \/>\n<\/a>[\/vc_column_text][vc_column_text]<strong>Video:<\/strong><br \/>\n<a href=\"https:\/\/www.youtube.com\/watch?v=4xb8Kji0WpY\">PowerBend Industrial\u00a0<\/a><br \/>\n<a href=\"https:\/\/www.youtube.com\/watch?v=sl5j7a_e2q0&amp;t=3s\">PowerBend Industrial &#8211; 3200 x 6,0 (Biegen einer Abdeckhaube)<\/a>[\/vc_column_text][\/vc_column_inner][\/vc_row_inner][\/vc_tta_section][vc_tta_section title=&#8220;Software&#8220; tab_id=&#8220;softwaree7c7-1084&#8243;][vc_row_inner][vc_column_inner width=&#8220;5\/6&#8243;][vc_custom_heading text=&#8220;Software&#8220; use_theme_fonts=&#8220;yes&#8220;][vc_column_text]<\/p>\n<h2><img loading=\"lazy\" decoding=\"async\" class=\"alignright wp-image-2651 size-medium\" src=\"http:\/\/www.schroedergroup.eu\/wp-content\/uploads\/Steuerung\/POS-2000-Pro_gH_Karussel-300x225.jpg\" width=\"300\" height=\"225\" srcset=\"https:\/\/www.schroedergroup.eu\/wp-content\/uploads\/Steuerung\/POS-2000-Pro_gH_Karussel-300x225.jpg 300w, https:\/\/www.schroedergroup.eu\/wp-content\/uploads\/Steuerung\/POS-2000-Pro_gH_Karussel-1024x768.jpg 1024w, https:\/\/www.schroedergroup.eu\/wp-content\/uploads\/Steuerung\/POS-2000-Pro_gH_Karussel-195x146.jpg 195w, https:\/\/www.schroedergroup.eu\/wp-content\/uploads\/Steuerung\/POS-2000-Pro_gH_Karussel-50x38.jpg 50w, https:\/\/www.schroedergroup.eu\/wp-content\/uploads\/Steuerung\/POS-2000-Pro_gH_Karussel-100x75.jpg 100w, https:\/\/www.schroedergroup.eu\/wp-content\/uploads\/Steuerung\/POS-2000-Pro_gH_Karussel.jpg 1920w\" sizes=\"auto, (max-width:767px) 300px, 300px\" \/><\/h2>\n<h2 style=\"text-align: left;\">POS 2000 Professional<\/h2>\n<p><strong>Der Standard f\u00fcr industrielle Schwenkbiegemaschinen<\/strong><\/p>\n<p style=\"text-align: left;\">Die bew\u00e4hrte POS 2000 Professional macht die Programmierung von Schwenkbiegemaschinen schnell und komfortabel.<\/p>\n<p style=\"text-align: left;\">Aus einem umfangreichen und erweiterbaren Katalog k\u00f6nnen die gew\u00fcnschten Programmteile ausgew\u00e4hlt werden, durch Antippen des Bildschirms werden Winkel- und Schenkelma\u00dfe angepasst.<\/p>\n<p style=\"text-align: left;\">Die Steuerungssoftware zeigt exakt, was die Maschine tut: Schwenkbiegemaschine, Werkst\u00fcck und Werkzeug werden schematischdargestellt und f\u00fcr jeden Biegeschritt aktualisiert. Wer abseits der Maschine in der Arbeitsvorbereitung programmiert, kann \u00fcber Biegesimulationen die Qualit\u00e4t seiner Programme testen und so Ausschuss und Verz\u00f6gerungen in der Fertigung wirksam vermeiden. Die Software steuert nicht nur die Maschine, sondern unterst\u00fctzt die Benutzer bei der Bearbeitung: Alle notwendigen Bedienert\u00e4tigkeiten wie Wenden, Umdrehen etc. werden je Biegeschritt angezeigt.<\/p>\n<p>[\/vc_column_text][vc_separator color=&#8220;custom&#8220; accent_color=&#8220;#90be1e&#8220;][vc_column_text]<\/p>\n<h2><img loading=\"lazy\" decoding=\"async\" class=\"size-medium wp-image-2653 alignright\" src=\"http:\/\/www.schroedergroup.eu\/wp-content\/uploads\/Steuerung\/POS-3000_gH_Karussel-300x225.jpg\" alt=\"\" width=\"300\" height=\"225\" srcset=\"https:\/\/www.schroedergroup.eu\/wp-content\/uploads\/Steuerung\/POS-3000_gH_Karussel-300x225.jpg 300w, https:\/\/www.schroedergroup.eu\/wp-content\/uploads\/Steuerung\/POS-3000_gH_Karussel-1024x768.jpg 1024w, https:\/\/www.schroedergroup.eu\/wp-content\/uploads\/Steuerung\/POS-3000_gH_Karussel-195x146.jpg 195w, https:\/\/www.schroedergroup.eu\/wp-content\/uploads\/Steuerung\/POS-3000_gH_Karussel-50x38.jpg 50w, https:\/\/www.schroedergroup.eu\/wp-content\/uploads\/Steuerung\/POS-3000_gH_Karussel-100x75.jpg 100w, https:\/\/www.schroedergroup.eu\/wp-content\/uploads\/Steuerung\/POS-3000_gH_Karussel.jpg 1920w\" sizes=\"auto, (max-width:767px) 300px, 300px\" \/><\/h2>\n<h2>POS 3000 3D-Grafiksteuerung<\/h2>\n<p>Blechdesign interaktiv<\/p>\n<p>POS 3000 3D-Grafiksteuerung ist eine der leistungsf\u00e4higsten Steuerungen am Markt \u2013 und weil Hard- und Software aus einem Hause kommen, sind PowerBend Industrial UD und POS 3000 3D-Grafiksteuerung perfekt aufeinander abgestimmt.<\/p>\n<h3>So komfortabel arbeiten Sie mit POS 3000:<\/h3>\n<p>In einer \u00fcbersichtlichen Produktauswahl mit Suchfunktion und Navigation in Unterverzeichnissen w\u00e4hlen Sie Arbeitsschritte und verkn\u00fcpfen sie im Men\u00fc Produktionsplan zu Arbeitsfolgen.<\/p>\n<p>Einzelne Produktprofile k\u00f6nnen durch intuitives Zeichnen mit dem Finger sehr schnell entworfen werden. Im Bema\u00dfungsmen\u00fc k\u00f6nnen Sie dann die genauen<br \/>\nMa\u00dfe eingeben und \u00e4ndern. Zur Kontrolle und Abstimmung mit den Kunden kann die Zeichnung an einem Drucker auf Papier ausgegeben werden.<\/p>\n<p>Aus dem so erstellten Programm generiert die Software eine optimale Biegefolge, mit automatischer Kollisions- und Grenzwertpr\u00fcfung. Biegewinkel und Zuschnitt werden durch Interpolation aus der Datenbank automatisch korrigiert.[\/vc_column_text][vc_separator color=&#8220;custom&#8220; accent_color=&#8220;#90be1e&#8220;][vc_column_text]<\/p>\n<h2><img loading=\"lazy\" decoding=\"async\" class=\"size-medium wp-image-3690 alignright\" src=\"http:\/\/www.schroedergroup.eu\/wp-content\/uploads\/Steuerung\/Unfold-web-gH-300x225.jpg\" alt=\"\" width=\"300\" height=\"225\" srcset=\"https:\/\/www.schroedergroup.eu\/wp-content\/uploads\/Steuerung\/Unfold-web-gH-300x225.jpg 300w, https:\/\/www.schroedergroup.eu\/wp-content\/uploads\/Steuerung\/Unfold-web-gH-1024x768.jpg 1024w, https:\/\/www.schroedergroup.eu\/wp-content\/uploads\/Steuerung\/Unfold-web-gH-195x146.jpg 195w, https:\/\/www.schroedergroup.eu\/wp-content\/uploads\/Steuerung\/Unfold-web-gH-50x38.jpg 50w, https:\/\/www.schroedergroup.eu\/wp-content\/uploads\/Steuerung\/Unfold-web-gH-100x75.jpg 100w, https:\/\/www.schroedergroup.eu\/wp-content\/uploads\/Steuerung\/Unfold-web-gH.jpg 1920w\" sizes=\"auto, (max-width:767px) 300px, 300px\" \/>Abwicklungssoftware Schr\u00f6der Unfold<\/h2>\n<p>Unkompliziert und einfach &#8211; die neue Abwicklungssoftware &#8222;SCHR\u00d6DER Unfold&#8220;<\/p>\n<p>Um Hardware und Software noch besser aufeinander abzustimmen hat Hans Schr\u00f6der Maschinenbau in Zusammenarbeit mit einem externen Dienstleister eine Abwicklungssoftware entwickelt, die es erm\u00f6glicht Blechzuschnittsgr\u00f6\u00dfen noch schneller und pr\u00e4ziser zu berechnen.<\/p>\n<p>[\/vc_column_text][\/vc_column_inner][vc_column_inner el_class=&#8220;downloads&#8220; width=&#8220;1\/6&#8243;][vc_column_text]<strong>Prospek<\/strong><strong>te:<\/strong><br \/>\n<a href=\"https:\/\/www.schroedergroup.eu\/wp-content\/uploads\/pdf\/Prospekte_DE\/Motormaschinen_Industrie_DE_web.pdf\" target=\"_blank\" rel=\"noopener\">deutsch<\/a><br \/>\n<a href=\"https:\/\/www.schroedergroup.eu\/wp-content\/uploads\/pdf\/Prospekte_EN\/Motormaschinen_Industrie_EN_web.pdf\" target=\"_blank\" rel=\"noopener\">english<\/a><a class=\"lang\" title=\"Software Control English\" href=\"http:\/\/www.schroedergroup.eu\/cms\/upload\/download\/kataloge\/en\/Steuerungssoftware_EN_160401_Mail.pdf\" target=\"_blank\" rel=\"noopener noreferrer\"><br \/>\n<\/a>[\/vc_column_text][vc_column_text]<strong>Video:<\/strong><br \/>\n<a href=\"https:\/\/www.youtube.com\/watch?v=4xb8Kji0WpY\">PowerBend Industrial\u00a0<\/a><br \/>\n<a href=\"https:\/\/www.youtube.com\/watch?v=sl5j7a_e2q0&amp;t=3s\">PowerBend Industrial &#8211; 3200 x 6,0 (Biegen einer Abdeckhaube)<\/a>[\/vc_column_text][\/vc_column_inner][\/vc_row_inner][\/vc_tta_section][vc_tta_section title=&#8220;Werkzeuge\/Optionen&#8220; tab_id=&#8220;werkzeuge-optionene7c7-1084&#8243;][vc_row_inner][vc_column_inner width=&#8220;5\/6&#8243;][vc_custom_heading text=&#8220;Werkzeuge\/Optionen&#8220; use_theme_fonts=&#8220;yes&#8220;][vc_column_text css=&#8220;&#8220;]Optionen<\/p>\n<ul>\n<li>Technologiepaket 3D\n<ul>\n<li>POS 3000 3D-Grafiksteuerung, DXF-Import und vergr\u00f6\u00dferte Rechnerleistung<\/li>\n<li>Saugplatten im Anschlagtisch mit 6 Saugeinheiten, programmgesteuert incl. Anschlag gegen Biegewange<\/li>\n<li>2 feste Winkelanschl\u00e4ge (links und rechts)<\/li>\n<li>2 pneumatisch absenkbare Winkelanschl\u00e4ge<\/li>\n<\/ul>\n<\/li>\n<li>Hinteranschlag\n<ul>\n<li>Erweiterungen zum J- oder U-Anschlag m\u00f6glich: Basis U-Anschlag 20 &#8211; 1600 mm<\/li>\n<li>U-Anschlag 1600 mm: doppelte Anzahl Kugelrollen und Ecken der Auflagebleche<br \/>\nverschwei\u00dft und geschliffen<\/li>\n<li>U-Anschlag oder J-Anschlag (links oder rechts): doppelte Anzahl Kugelrollen,<br \/>\nEcken der Auflagebleche verschwei\u00dft und geschliffen, Auflageblech au\u00dfen breiter<br \/>\nund mit Kugeln<\/li>\n<li>2 feste Winkelanschl\u00e4ge (links und rechts)<\/li>\n<li>2 pneumatisch absenkbare Winkelanschl\u00e4ge im Gang<\/li>\n<\/ul>\n<\/li>\n<li>Steuerung\n<ul>\n<li>POS 3000 3D Grafiksteuerung, DXF-Import und vergr\u00f6\u00dferte Rechnerleistung<\/li>\n<li>POS 3000 oder POS 2000 Professional PC-Version<\/li>\n<li>SCHR\u00d6DER Unfold Abwicklungssoftware (POS 3000 PC Version notwendig)<\/li>\n<\/ul>\n<\/li>\n<li>Sicherheit und Sonstiges\n<ul>\n<li>Zusatzeinrichtung f\u00fcr 2-Mann Bedienung gem. UVV<\/li>\n<li>Spannungswandler 30 kVA<\/li>\n<li>\u00dcberseeverpackung<\/li>\n<li>Diverse Unterwangen-, Biegewangen- und Oberwangenwerkzeuge<\/li>\n<\/ul>\n<\/li>\n<\/ul>\n<p>[\/vc_column_text][\/vc_column_inner][vc_column_inner el_class=&#8220;downloads&#8220; width=&#8220;1\/6&#8243;][vc_column_text]<strong>Prospek<\/strong><strong>te:<\/strong><br \/>\n<a href=\"https:\/\/www.schroedergroup.eu\/wp-content\/uploads\/pdf\/Prospekte_DE\/Motormaschinen_Industrie_DE_web.pdf\" target=\"_blank\" rel=\"noopener\">deutsch<\/a><br \/>\n<a href=\"https:\/\/www.schroedergroup.eu\/wp-content\/uploads\/pdf\/Prospekte_EN\/Motormaschinen_Industrie_EN_web.pdf\" target=\"_blank\" rel=\"noopener\">english<\/a><a class=\"lang\" title=\"Software Control English\" href=\"http:\/\/www.schroedergroup.eu\/cms\/upload\/download\/kataloge\/en\/Steuerungssoftware_EN_160401_Mail.pdf\" target=\"_blank\" rel=\"noopener noreferrer\"><br \/>\n<\/a>[\/vc_column_text][vc_column_text]<strong>Video:<\/strong><br \/>\n<a href=\"https:\/\/www.youtube.com\/watch?v=4xb8Kji0WpY\">PowerBend Industrial\u00a0<\/a><br \/>\n<a href=\"https:\/\/www.youtube.com\/watch?v=sl5j7a_e2q0&amp;t=3s\">PowerBend Industrial &#8211; 3200 x 6,0 (Biegen einer Abdeckhaube)<\/a>[\/vc_column_text][\/vc_column_inner][\/vc_row_inner][\/vc_tta_section][vc_tta_section title=&#8220;Anwenderberichte&#8220; tab_id=&#8220;anwenderberichte&#8220;][vc_custom_heading text=&#8220;Anwenderberichte&#8220; use_theme_fonts=&#8220;yes&#8220;][vc_row_inner][vc_column_inner width=&#8220;1\/6&#8243;][vc_single_image image=&#8220;7190&#8243; img_size=&#8220;full&#8220;][vc_column_text]<\/p>\n<p style=\"text-align: center;\"><a href=\"https:\/\/www.schroedergroup.eu\/wp-content\/uploads\/success-story\/MVK\/Success-Story-MVK_DE.pdf\" target=\"_blank\" rel=\"noopener noreferrer\">PowerBend Industrial im Einsatz bei MVK<\/a><\/p>\n<p style=\"text-align: center;\">Ver\u00f6ffentlicht in:<br \/>\n<a href=\"https:\/\/www.blechnet.com\/flexibilitaet-in-einer-lebendigen-fabrik-mit-einer-schwenkbiegemaschine-a-827803\/\">blechnet 03\/2019<\/a><\/p>\n<p>[\/vc_column_text][\/vc_column_inner][vc_column_inner width=&#8220;1\/6&#8243;][\/vc_column_inner][vc_column_inner width=&#8220;1\/6&#8243;][\/vc_column_inner][\/vc_row_inner][\/vc_tta_section][\/vc_tta_tabs][\/vc_column][\/vc_row][vc_row][vc_column][vc_column_text]<!--more-->[\/vc_column_text][\/vc_column][\/vc_row]<\/p>\n<\/div>","protected":false},"excerpt":{"rendered":"<p>[vc_row css=&#8220;.vc_custom_1464864323661{margin: 0px !important;padding: 0px !important;}&#8220;][vc_column width=&#8220;5\/6&#8243; css=&#8220;.vc_custom_1464864359760{margin: 0px !important;padding: 0px !important;}&#8220;][vc_custom_heading text=&#8220;PowerBend Industrial UD&#8220; font_container=&#8220;tag:h1|text_align:left&#8220; use_theme_fonts=&#8220;yes&#8220;][\/vc_column][vc_column width=&#8220;1\/6&#8243;][\/vc_column][\/vc_row][vc_row][vc_column][vc_tta_tabs shape=&#8220;square&#8220; active_section=&#8220;1&#8243;][vc_tta_section title=&#8220;\u00dcberblick&#8220; tab_id=&#8220;ueberblicke7c7-1084&#8243;][vc_row_inner][vc_column_inner width=&#8220;3\/6&#8243;][vc_images_carousel images=&#8220;12755,12757&#8243; img_size=&#8220;full&#8220; autoplay=&#8220;yes&#8220;<span class=\"excerpt-hellip\"> [\u2026]<\/span><\/p>\n","protected":false},"author":2,"featured_media":-1,"parent":689,"menu_order":60,"comment_status":"closed","ping_status":"closed","template":"","meta":{"_acf_changed":false,"inline_featured_image":false,"footnotes":""},"class_list":["post-2809","page","type-page","status-publish","has-post-thumbnail","hentry"],"acf":[],"aioseo_notices":[],"_links":{"self":[{"href":"https:\/\/www.schroedergroup.eu\/de\/wp-json\/wp\/v2\/pages\/2809","targetHints":{"allow":["GET"]}}],"collection":[{"href":"https:\/\/www.schroedergroup.eu\/de\/wp-json\/wp\/v2\/pages"}],"about":[{"href":"https:\/\/www.schroedergroup.eu\/de\/wp-json\/wp\/v2\/types\/page"}],"author":[{"embeddable":true,"href":"https:\/\/www.schroedergroup.eu\/de\/wp-json\/wp\/v2\/users\/2"}],"replies":[{"embeddable":true,"href":"https:\/\/www.schroedergroup.eu\/de\/wp-json\/wp\/v2\/comments?post=2809"}],"version-history":[{"count":83,"href":"https:\/\/www.schroedergroup.eu\/de\/wp-json\/wp\/v2\/pages\/2809\/revisions"}],"predecessor-version":[{"id":13998,"href":"https:\/\/www.schroedergroup.eu\/de\/wp-json\/wp\/v2\/pages\/2809\/revisions\/13998"}],"up":[{"embeddable":true,"href":"https:\/\/www.schroedergroup.eu\/de\/wp-json\/wp\/v2\/pages\/689"}],"wp:featuredmedia":[{"embeddable":true,"href":"https:\/\/www.schroedergroup.eu\/de\/wp-json\/"}],"wp:attachment":[{"href":"https:\/\/www.schroedergroup.eu\/de\/wp-json\/wp\/v2\/media?parent=2809"}],"curies":[{"name":"wp","href":"https:\/\/api.w.org\/{rel}","templated":true}]}}