{"id":2592,"date":"2016-12-07T11:05:03","date_gmt":"2016-12-07T10:05:03","guid":{"rendered":"http:\/\/www.schroedergroup.eu\/de\/?page_id=2592"},"modified":"2026-04-23T11:59:36","modified_gmt":"2026-04-23T09:59:36","slug":"m136","status":"publish","type":"page","link":"https:\/\/www.schroedergroup.eu\/de\/produkte\/maschinen\/maschinen-zum-runden\/m136\/","title":{"rendered":"136"},"content":{"rendered":"<div class=\"wpb-content-wrapper\"><p>[vc_row css=&#8220;.vc_custom_1464864323661{margin: 0px !important;padding: 0px !important;}&#8220;][vc_column width=&#8220;5\/6&#8243; css=&#8220;.vc_custom_1464864359760{margin: 0px !important;padding: 0px !important;}&#8220;][vc_custom_heading text=&#8220;136&#8243; font_container=&#8220;tag:h1|text_align:left&#8220; use_theme_fonts=&#8220;yes&#8220;][\/vc_column][vc_column width=&#8220;1\/6&#8243;][\/vc_column][\/vc_row][vc_row][vc_column][vc_tta_tabs shape=&#8220;square&#8220; active_section=&#8220;1&#8243;][vc_tta_section title=&#8220;\u00dcberblick&#8220; tab_id=&#8220;ueberblick&#8220;][vc_row_inner][vc_column_inner width=&#8220;3\/6&#8243;][vc_single_image image=&#8220;2574&#8243; img_size=&#8220;full&#8220; alignment=&#8220;center&#8220; css=&#8220;.vc_custom_1776938352488{margin-top: 0px !important;margin-right: 0px !important;margin-bottom: 0px !important;margin-left: 0px !important;padding-top: 0px !important;padding-right: 0px !important;padding-bottom: 0px !important;padding-left: 0px !important;}&#8220;][\/vc_column_inner][vc_column_inner width=&#8220;2\/6&#8243;][vc_custom_heading text=&#8220;\u00dcberblick&#8220; use_theme_fonts=&#8220;yes&#8220;][vc_column_text]Durch die asymmetrische Walzenstellung erhalten Sie eine bisher nicht gekannte Rundungsqualit\u00e4t. Dieses Walzenkonzept, das umfangreiche Zubeh\u00f6r und die robuste Bauweise erm\u00f6glichen sowohl in der Einzelfertigung als auch in der Serienproduktion ein ausgesprochen universelles und wirtschaftliches Arbeiten.[\/vc_column_text][\/vc_column_inner][vc_column_inner el_class=&#8220;downloads&#8220; width=&#8220;1\/6&#8243;][vc_column_text]<strong>Prospekte:<\/strong><br \/>\n<a href=\"https:\/\/www.schroedergroup.eu\/wp-content\/uploads\/pdf\/Prospekte_DE_EN\/134_136_DE_170623_Mail.pdf\" target=\"_blank\" rel=\"noopener noreferrer\">deutsch<\/a><br \/>\n<a href=\"https:\/\/www.schroedergroup.eu\/wp-content\/uploads\/pdf\/Prospekte_EN\/134_136_EN_Mail.pdf\" target=\"_blank\" rel=\"noopener noreferrer\">english<\/a>[\/vc_column_text][vc_separator color=&#8220;custom&#8220; accent_color=&#8220;#90be1e&#8220;][vc_column_text]<a href=\"https:\/\/www.youtube.com\/watch?v=YvDLDRJNy2s\"><strong>Video<\/strong><\/a>[\/vc_column_text][\/vc_column_inner][\/vc_row_inner][\/vc_tta_section][vc_tta_section title=&#8220;Details&#8220; tab_id=&#8220;details&#8220;][vc_row_inner][vc_column_inner width=&#8220;5\/6&#8243;][vc_custom_heading text=&#8220;Details&#8220; use_theme_fonts=&#8220;yes&#8220;][vc_column_text]<\/p>\n<ul>\n<li>Steuerung FM 1R<\/li>\n<li>Walzen, ca. 700 N\/mm\u00b2 Zugfestigkeit<\/li>\n<li>Ober- und Unterwalze motorisch angetrieben<\/li>\n<li>Hinterwalzenanstellung manuell \u00fcber Handrad nach digitaler Positionsanzeige<\/li>\n<li>Unterwalzenanstellung manuell \u00fcber Handrad nach digitaler Positionsanzeige<\/li>\n<\/ul>\n<p>[\/vc_column_text][\/vc_column_inner][vc_column_inner el_class=&#8220;downloads&#8220; width=&#8220;1\/6&#8243;][vc_column_text]<strong>Prospekte:<\/strong><br \/>\n<a href=\"https:\/\/www.schroedergroup.eu\/wp-content\/uploads\/pdf\/Prospekte_DE_EN\/134_136_DE_170623_Mail.pdf\" target=\"_blank\" rel=\"noopener noreferrer\">deutsch<\/a><br \/>\n<a href=\"https:\/\/www.schroedergroup.eu\/wp-content\/uploads\/pdf\/Prospekte_EN\/134_136_EN_Mail.pdf\" target=\"_blank\" rel=\"noopener noreferrer\">english<\/a>[\/vc_column_text][vc_separator color=&#8220;custom&#8220; accent_color=&#8220;#90be1e&#8220;][vc_column_text]<a href=\"https:\/\/www.youtube.com\/watch?v=YvDLDRJNy2s\"><strong>Video<\/strong><\/a>[\/vc_column_text][\/vc_column_inner][\/vc_row_inner][\/vc_tta_section][vc_tta_section title=&#8220;Technische Daten&#8220; tab_id=&#8220;technische-daten&#8220;][vc_row_inner][vc_column_inner width=&#8220;5\/6&#8243;][vc_custom_heading text=&#8220;Technische Daten&#8220; use_theme_fonts=&#8220;yes&#8220;][vc_column_text]<\/p>\n<table border=\"0\">\n<tbody>\n<tr>\n<td class=\"BeschtiftungTyp\">Typ<\/td>\n<td class=\"BeschriftungOben\">Leistung<\/td>\n<td class=\"BeschriftungOben\">Nutzl\u00e4nge<\/td>\n<td class=\"BeschriftungOben\">Oberwalzen-<br \/>\ndurchmesser<\/td>\n<td class=\"BeschriftungOben\">Motorleistung<\/td>\n<td class=\"BeschriftungOben\">Einzugs-<br \/>\ngeschw.<\/td>\n<\/tr>\n<tr>\n<td class=\"Maschinentypen\"><\/td>\n<td>[mm]<\/td>\n<td>[mm]<\/td>\n<td>[mm]<\/td>\n<td>[kW]<\/td>\n<td>[m\/min]<\/td>\n<\/tr>\n<tr>\n<td class=\"Maschinentypen\">10\/5<\/td>\n<td align=\"right\">5,00<\/td>\n<td align=\"right\">1040<\/td>\n<td align=\"right\">130<\/td>\n<td align=\"right\">2,2<\/td>\n<td align=\"right\">6<\/td>\n<\/tr>\n<tr>\n<td class=\"Maschinentypen\">10\/5,5<\/td>\n<td align=\"right\">5,50<\/td>\n<td align=\"right\">1040<\/td>\n<td align=\"right\">140<\/td>\n<td align=\"right\">3,0<\/td>\n<td align=\"right\">6<\/td>\n<\/tr>\n<tr>\n<td class=\"Maschinentypen\">10\/6<\/td>\n<td align=\"right\">6,00<\/td>\n<td align=\"right\">1040<\/td>\n<td align=\"right\">150<\/td>\n<td align=\"right\">4,0<\/td>\n<td align=\"right\">6<\/td>\n<\/tr>\n<tr>\n<td class=\"Maschinentypen\">10\/6,5<\/td>\n<td align=\"right\">6,50<\/td>\n<td align=\"right\">1040<\/td>\n<td align=\"right\">160<\/td>\n<td align=\"right\">4,0<\/td>\n<td align=\"right\">6<\/td>\n<\/tr>\n<tr>\n<td class=\"Maschinentypen\">12\/4,5<\/td>\n<td align=\"right\">4,50<\/td>\n<td align=\"right\">1290<\/td>\n<td align=\"right\">130<\/td>\n<td align=\"right\">2,2<\/td>\n<td align=\"right\">6<\/td>\n<\/tr>\n<tr>\n<td class=\"Maschinentypen\">12\/5<\/td>\n<td align=\"right\">5,00<\/td>\n<td align=\"right\">1290<\/td>\n<td align=\"right\">140<\/td>\n<td align=\"right\">3,0<\/td>\n<td align=\"right\">6<\/td>\n<\/tr>\n<tr>\n<td class=\"Maschinentypen\">12\/5,5<\/td>\n<td align=\"right\">5,50<\/td>\n<td align=\"right\">1290<\/td>\n<td align=\"right\">150<\/td>\n<td align=\"right\">4,0<\/td>\n<td align=\"right\">6<\/td>\n<\/tr>\n<tr>\n<td class=\"Maschinentypen\">12\/6<\/td>\n<td align=\"right\">6,00<\/td>\n<td align=\"right\">1290<\/td>\n<td align=\"right\">160<\/td>\n<td align=\"right\">4,0<\/td>\n<td align=\"right\">6<\/td>\n<\/tr>\n<tr>\n<td class=\"Maschinentypen\">15\/4<\/td>\n<td align=\"right\">4,00<\/td>\n<td align=\"right\">1540<\/td>\n<td align=\"right\">130<\/td>\n<td align=\"right\">2,2<\/td>\n<td align=\"right\">6<\/td>\n<\/tr>\n<tr>\n<td class=\"Maschinentypen\">15\/4,5<\/td>\n<td align=\"right\">4,50<\/td>\n<td align=\"right\">1540<\/td>\n<td align=\"right\">140<\/td>\n<td align=\"right\">3,0<\/td>\n<td align=\"right\">6<\/td>\n<\/tr>\n<tr>\n<td class=\"Maschinentypen\">15\/5<\/td>\n<td align=\"right\">5,00<\/td>\n<td align=\"right\">1540<\/td>\n<td align=\"right\">150<\/td>\n<td align=\"right\">4,0<\/td>\n<td align=\"right\">6<\/td>\n<\/tr>\n<tr>\n<td class=\"Maschinentypen\">15\/5,5<\/td>\n<td align=\"right\">5,50<\/td>\n<td align=\"right\">1540<\/td>\n<td align=\"right\">160<\/td>\n<td align=\"right\">4,0<\/td>\n<td align=\"right\">6<\/td>\n<\/tr>\n<tr>\n<td class=\"Maschinentypen\">20\/3<\/td>\n<td align=\"right\">3,00<\/td>\n<td align=\"right\">2040<\/td>\n<td align=\"right\">130<\/td>\n<td align=\"right\">2,2<\/td>\n<td align=\"right\">6<\/td>\n<\/tr>\n<tr>\n<td class=\"Maschinentypen\">20\/3,5<\/td>\n<td align=\"right\">3,50<\/td>\n<td align=\"right\">2040<\/td>\n<td align=\"right\">140<\/td>\n<td align=\"right\">3,0<\/td>\n<td align=\"right\">6<\/td>\n<\/tr>\n<tr>\n<td class=\"Maschinentypen\">20\/4<\/td>\n<td align=\"right\">4,00<\/td>\n<td align=\"right\">2040<\/td>\n<td align=\"right\">150<\/td>\n<td align=\"right\">4,0<\/td>\n<td align=\"right\">6<\/td>\n<\/tr>\n<tr>\n<td class=\"Maschinentypen\">20\/4,5<\/td>\n<td align=\"right\">4,50<\/td>\n<td align=\"right\">2040<\/td>\n<td align=\"right\">160<\/td>\n<td align=\"right\">4,0<\/td>\n<td align=\"right\">6<\/td>\n<\/tr>\n<tr>\n<td class=\"Maschinentypen\">25\/2,5<\/td>\n<td align=\"right\">2,50<\/td>\n<td align=\"right\">2540<\/td>\n<td align=\"right\">140<\/td>\n<td align=\"right\">3,0<\/td>\n<td align=\"right\">6<\/td>\n<\/tr>\n<tr>\n<td class=\"Maschinentypen\">25\/3<\/td>\n<td align=\"right\">3,00<\/td>\n<td align=\"right\">2540<\/td>\n<td align=\"right\">150<\/td>\n<td align=\"right\">4,0<\/td>\n<td align=\"right\">6<\/td>\n<\/tr>\n<tr>\n<td class=\"Maschinentypen\">25\/3,5<\/td>\n<td align=\"right\">3,50<\/td>\n<td align=\"right\">2540<\/td>\n<td align=\"right\">160<\/td>\n<td align=\"right\">4,0<\/td>\n<td align=\"right\">6<\/td>\n<\/tr>\n<\/tbody>\n<\/table>\n<p>[\/vc_column_text][\/vc_column_inner][vc_column_inner el_class=&#8220;downloads&#8220; width=&#8220;1\/6&#8243;][vc_column_text]<strong>Prospekte:<\/strong><br \/>\n<a href=\"https:\/\/www.schroedergroup.eu\/wp-content\/uploads\/pdf\/Prospekte_DE_EN\/134_136_DE_170623_Mail.pdf\" target=\"_blank\" rel=\"noopener noreferrer\">deutsch<\/a><br \/>\n<a href=\"https:\/\/www.schroedergroup.eu\/wp-content\/uploads\/pdf\/Prospekte_EN\/134_136_EN_Mail.pdf\" target=\"_blank\" rel=\"noopener noreferrer\">english<\/a>[\/vc_column_text][vc_separator color=&#8220;custom&#8220; accent_color=&#8220;#90be1e&#8220;][vc_column_text]<a href=\"https:\/\/www.youtube.com\/watch?v=YvDLDRJNy2s\"><strong>Video<\/strong><\/a>[\/vc_column_text][\/vc_column_inner][\/vc_row_inner][\/vc_tta_section][\/vc_tta_tabs][\/vc_column][\/vc_row]<\/p>\n<\/div>","protected":false},"excerpt":{"rendered":"<p>[vc_row css=&#8220;.vc_custom_1464864323661{margin: 0px !important;padding: 0px !important;}&#8220;][vc_column width=&#8220;5\/6&#8243; css=&#8220;.vc_custom_1464864359760{margin: 0px !important;padding: 0px !important;}&#8220;][vc_custom_heading text=&#8220;136&#8243; font_container=&#8220;tag:h1|text_align:left&#8220; use_theme_fonts=&#8220;yes&#8220;][\/vc_column][vc_column width=&#8220;1\/6&#8243;][\/vc_column][\/vc_row][vc_row][vc_column][vc_tta_tabs shape=&#8220;square&#8220; active_section=&#8220;1&#8243;][vc_tta_section title=&#8220;\u00dcberblick&#8220; tab_id=&#8220;ueberblick&#8220;][vc_row_inner][vc_column_inner width=&#8220;3\/6&#8243;][vc_single_image image=&#8220;2574&#8243; img_size=&#8220;full&#8220; alignment=&#8220;center&#8220; css=&#8220;.vc_custom_1776938352488{margin-top: 0px<span class=\"excerpt-hellip\"> [\u2026]<\/span><\/p>\n","protected":false},"author":2,"featured_media":-1,"parent":686,"menu_order":30,"comment_status":"closed","ping_status":"closed","template":"","meta":{"_acf_changed":false,"inline_featured_image":false,"footnotes":""},"class_list":["post-2592","page","type-page","status-publish","has-post-thumbnail","hentry"],"acf":[],"aioseo_notices":[],"_links":{"self":[{"href":"https:\/\/www.schroedergroup.eu\/de\/wp-json\/wp\/v2\/pages\/2592","targetHints":{"allow":["GET"]}}],"collection":[{"href":"https:\/\/www.schroedergroup.eu\/de\/wp-json\/wp\/v2\/pages"}],"about":[{"href":"https:\/\/www.schroedergroup.eu\/de\/wp-json\/wp\/v2\/types\/page"}],"author":[{"embeddable":true,"href":"https:\/\/www.schroedergroup.eu\/de\/wp-json\/wp\/v2\/users\/2"}],"replies":[{"embeddable":true,"href":"https:\/\/www.schroedergroup.eu\/de\/wp-json\/wp\/v2\/comments?post=2592"}],"version-history":[{"count":19,"href":"https:\/\/www.schroedergroup.eu\/de\/wp-json\/wp\/v2\/pages\/2592\/revisions"}],"predecessor-version":[{"id":14988,"href":"https:\/\/www.schroedergroup.eu\/de\/wp-json\/wp\/v2\/pages\/2592\/revisions\/14988"}],"up":[{"embeddable":true,"href":"https:\/\/www.schroedergroup.eu\/de\/wp-json\/wp\/v2\/pages\/686"}],"wp:featuredmedia":[{"embeddable":true,"href":"https:\/\/www.schroedergroup.eu\/de\/wp-json\/"}],"wp:attachment":[{"href":"https:\/\/www.schroedergroup.eu\/de\/wp-json\/wp\/v2\/media?parent=2592"}],"curies":[{"name":"wp","href":"https:\/\/api.w.org\/{rel}","templated":true}]}}