{"id":2542,"date":"2016-12-06T15:31:53","date_gmt":"2016-12-06T14:31:53","guid":{"rendered":"http:\/\/www.schroedergroup.eu\/de\/?page_id=2542"},"modified":"2025-06-25T08:50:49","modified_gmt":"2025-06-25T06:50:49","slug":"m527","status":"publish","type":"page","link":"https:\/\/www.schroedergroup.eu\/de\/produkte\/maschinen\/maschinen-zum-schneiden\/m527\/","title":{"rendered":"527"},"content":{"rendered":"<div class=\"wpb-content-wrapper\"><p>[vc_row css=&#8220;.vc_custom_1464864323661{margin: 0px !important;padding: 0px !important;}&#8220;][vc_column width=&#8220;5\/6&#8243; css=&#8220;.vc_custom_1464864359760{margin: 0px !important;padding: 0px !important;}&#8220;][vc_custom_heading text=&#8220;527&#8243; font_container=&#8220;tag:h1|text_align:left&#8220; use_theme_fonts=&#8220;yes&#8220;][\/vc_column][vc_column width=&#8220;1\/6&#8243;][\/vc_column][\/vc_row][vc_row][vc_column][vc_tta_tabs shape=&#8220;square&#8220; active_section=&#8220;1&#8243;][vc_tta_section title=&#8220;\u00dcberblick&#8220; tab_id=&#8220;ueberblicke&#8220;][vc_row_inner][vc_column_inner width=&#8220;3\/6&#8243;][vc_images_carousel images=&#8220;2770&#8243; img_size=&#8220;full&#8220; autoplay=&#8220;yes&#8220; wrap=&#8220;yes&#8220;][\/vc_column_inner][vc_column_inner width=&#8220;2\/6&#8243;][vc_custom_heading text=&#8220;\u00dcberblick&#8220; use_theme_fonts=&#8220;yes&#8220;][vc_column_text]Die Basis der Genauigkeit. Unsere Hochleistungs-Kurbeltafelschere 527 entspricht einerseits den Forderungen des anspruchvollen Handwerkers und ist andererseits den Dauerbelastungen des robusten Industriealltags gewachsen.[\/vc_column_text][\/vc_column_inner][vc_column_inner el_class=&#8220;downloads&#8220; width=&#8220;1\/6&#8243;][vc_column_text]<strong>Prospekte:<\/strong><br \/>\n<a href=\"https:\/\/www.schroedergroup.eu\/wp-content\/uploads\/pdf\/Prospekte_DE\/Motormaschinen_Scheren_DE_web.pdf\" target=\"_blank\" rel=\"noopener\">deutsch<\/a><a class=\"lang\" title=\"Software Control English\" href=\"https:\/\/www.schroedergroup.eu\/wp-content\/uploads\/pdf\/Prospekte_DE\/Motormaschinen_Scheren_DE_web.pdf\" target=\"_blank\" rel=\"noopener\"><br \/>\n<\/a><a href=\"https:\/\/www.schroedergroup.eu\/wp-content\/uploads\/pdf\/Prospekte_EN\/Motormaschinen_Scheren_EN_web.pdf\" target=\"_blank\" rel=\"noopener\">english<\/a>[\/vc_column_text][vc_separator color=&#8220;custom&#8220; accent_color=&#8220;#90be1e&#8220;][vc_column_text css=&#8220;&#8220;]Video:<\/p>\n<p><a href=\"https:\/\/www.youtube.com\/watch?v=eOr3ZJBSmRc\">Kurbeltafelschere Typ 527-10-4 mit Blechhochhaltvorrichtung nach vorne<\/a><\/p>\n<p><a href=\"https:\/\/www.youtube.com\/watch?v=BpVBGUCQ3fA\">SCHROEDER-FASTI Querteilanlage Typ 801 I Blechbearbeitung<\/a>[\/vc_column_text][\/vc_column_inner][\/vc_row_inner][\/vc_tta_section][vc_tta_section title=&#8220;Details&#8220; tab_id=&#8220;details&#8220;][vc_row_inner][vc_column_inner width=&#8220;5\/6&#8243;][vc_custom_heading text=&#8220;Details&#8220; use_theme_fonts=&#8220;yes&#8220;][vc_column_text]<\/p>\n<ul>\n<li>Steuerung FM1S: Elektrische Sicherheitssteuerung<br \/>\nBetriebsarten: Einzelhub, Dauerhub, Tippbetrieb<\/li>\n<li>Manuelle Schnittspaltverstellung<\/li>\n<li>Niederhalter durchgehend<\/li>\n<li>Scherenmesser ausgelegt f\u00fcr Stahl, bis ca. 700 N\/mm\u00b2<\/li>\n<li>Flextisch<\/li>\n<li>Winkelanschlag mit Ma\u00dfstab, 750 mm von Messerkante<\/li>\n<li>Hinteranschlag HAH &#8211; 52, Verstellbereich 10-600 mm<\/li>\n<li>Tischverl\u00e4ngerung 750 mm von Messerkante<\/li>\n<li>Einzelschmierstellen<\/li>\n<li>Fu\u00dfschalter<\/li>\n<li>Sicherheitspaket gem\u00e4\u00df CE: R\u00fcckraumabsicherung \u00fcber 3-strahlige Lichtschranke inkl. seitlichem Schutzgitter<\/li>\n<\/ul>\n<p>[\/vc_column_text][\/vc_column_inner][vc_column_inner el_class=&#8220;downloads&#8220; width=&#8220;1\/6&#8243;][vc_column_text]<strong>Prospekte:<\/strong><br \/>\n<a href=\"https:\/\/www.schroedergroup.eu\/wp-content\/uploads\/pdf\/Prospekte_DE\/Motormaschinen_Scheren_DE_web.pdf\" target=\"_blank\" rel=\"noopener\">deutsch<\/a><a class=\"lang\" title=\"Software Control English\" href=\"https:\/\/www.schroedergroup.eu\/wp-content\/uploads\/pdf\/Prospekte_DE\/Motormaschinen_Scheren_DE_web.pdf\" target=\"_blank\" rel=\"noopener\"><br \/>\n<\/a><a href=\"https:\/\/www.schroedergroup.eu\/wp-content\/uploads\/pdf\/Prospekte_EN\/Motormaschinen_Scheren_EN_web.pdf\" target=\"_blank\" rel=\"noopener\">english<\/a>[\/vc_column_text][vc_separator color=&#8220;custom&#8220; accent_color=&#8220;#90be1e&#8220;][vc_column_text css=&#8220;&#8220;]Video:<\/p>\n<p><a href=\"https:\/\/www.youtube.com\/watch?v=eOr3ZJBSmRc\">Kurbeltafelschere Typ 527-10-4 mit Blechhochhaltvorrichtung nach vorne<\/a><\/p>\n<p><a href=\"https:\/\/www.youtube.com\/watch?v=BpVBGUCQ3fA\">SCHROEDER-FASTI Querteilanlage Typ 801 I Blechbearbeitung<\/a>[\/vc_column_text][\/vc_column_inner][\/vc_row_inner][\/vc_tta_section][vc_tta_section title=&#8220;Technische Daten&#8220; tab_id=&#8220;technische-daten&#8220;][vc_row_inner][vc_column_inner width=&#8220;5\/6&#8243;][vc_custom_heading text=&#8220;Technische Daten&#8220; use_theme_fonts=&#8220;yes&#8220;][vc_column_text]<\/p>\n<table border=\"0\">\n<tbody>\n<tr>\n<td class=\"BeschtiftungTyp\">Typ<\/td>\n<td class=\"BeschriftungOben\">Leistung<\/td>\n<td class=\"BeschriftungOben\">Nutzl\u00e4nge<\/td>\n<td class=\"BeschriftungOben\">Schnittwinkel<\/td>\n<td class=\"BeschriftungOben\">Hubzahl<\/td>\n<td class=\"BeschriftungOben\">Antriebsleistung<\/td>\n<\/tr>\n<tr>\n<td class=\"Maschinentypen\"><\/td>\n<td>[mm]<\/td>\n<td>[mm]<\/td>\n<td>[\u00b0]<\/td>\n<td>[pro.min.]<\/td>\n<td>[kW]<\/td>\n<\/tr>\n<tr>\n<td class=\"Maschinentypen\">16\/3,75<\/td>\n<td align=\"right\">3,75<\/td>\n<td align=\"right\">1640<\/td>\n<td align=\"right\">1,3<\/td>\n<td align=\"right\">50<\/td>\n<td align=\"right\">7,5<\/td>\n<\/tr>\n<tr>\n<td class=\"Maschinentypen\">25\/3,25<\/td>\n<td align=\"right\">3,25<\/td>\n<td align=\"right\">2540<\/td>\n<td align=\"right\">1,2<\/td>\n<td align=\"right\">50<\/td>\n<td align=\"right\">7,5<\/td>\n<\/tr>\n<\/tbody>\n<\/table>\n<p>[\/vc_column_text][\/vc_column_inner][vc_column_inner el_class=&#8220;downloads&#8220; width=&#8220;1\/6&#8243;][vc_column_text]<strong>Prospekte:<\/strong><br \/>\n<a href=\"https:\/\/www.schroedergroup.eu\/wp-content\/uploads\/pdf\/Prospekte_DE\/Motormaschinen_Scheren_DE_web.pdf\" target=\"_blank\" rel=\"noopener\">deutsch<\/a><a class=\"lang\" title=\"Software Control English\" href=\"https:\/\/www.schroedergroup.eu\/wp-content\/uploads\/pdf\/Prospekte_DE\/Motormaschinen_Scheren_DE_web.pdf\" target=\"_blank\" rel=\"noopener\"><br \/>\n<\/a><a href=\"https:\/\/www.schroedergroup.eu\/wp-content\/uploads\/pdf\/Prospekte_EN\/Motormaschinen_Scheren_EN_web.pdf\" target=\"_blank\" rel=\"noopener\">english<\/a>[\/vc_column_text][vc_separator color=&#8220;custom&#8220; accent_color=&#8220;#90be1e&#8220;][vc_column_text css=&#8220;&#8220;]Video:<\/p>\n<p><a href=\"https:\/\/www.youtube.com\/watch?v=eOr3ZJBSmRc\">Kurbeltafelschere Typ 527-10-4 mit Blechhochhaltvorrichtung nach vorne<\/a><\/p>\n<p><a href=\"https:\/\/www.youtube.com\/watch?v=BpVBGUCQ3fA\">SCHROEDER-FASTI Querteilanlage Typ 801 I Blechbearbeitung<\/a>[\/vc_column_text][\/vc_column_inner][\/vc_row_inner][\/vc_tta_section][vc_tta_section title=&#8220;Anwenderbericht&#8220; tab_id=&#8220;anwenderbericht&#8220;][vc_custom_heading text=&#8220;Anwenderbericht&#8220; use_theme_fonts=&#8220;yes&#8220;][vc_row_inner][vc_column_inner width=&#8220;1\/6&#8243;][vc_single_image image=&#8220;4753&#8243; img_size=&#8220;full&#8220; alignment=&#8220;center&#8220; css=&#8220;.vc_custom_1497959379531{margin-top: 0px !important;margin-right: 0px !important;margin-bottom: 0px !important;margin-left: 0px !important;padding-top: 0px !important;padding-right: 0px !important;padding-bottom: 0px !important;padding-left: 0px !important;}&#8220;][vc_column_text]<\/p>\n<p style=\"text-align: center;\"><a href=\"https:\/\/www.schroedergroup.eu\/wp-content\/uploads\/success-story\/16-1969-HSM_Success-Story_Seibel-und-Reitz_DE.pdf\">Sonderkonstruktion De-Coil- und Schneidanlage im Einsatz bei Seibel+Reitz<\/a><\/p>\n<p>[\/vc_column_text][\/vc_column_inner][\/vc_row_inner][\/vc_tta_section][\/vc_tta_tabs][\/vc_column][\/vc_row]<\/p>\n<\/div>","protected":false},"excerpt":{"rendered":"<p>[vc_row css=&#8220;.vc_custom_1464864323661{margin: 0px !important;padding: 0px !important;}&#8220;][vc_column width=&#8220;5\/6&#8243; css=&#8220;.vc_custom_1464864359760{margin: 0px !important;padding: 0px !important;}&#8220;][vc_custom_heading text=&#8220;527&#8243; font_container=&#8220;tag:h1|text_align:left&#8220; use_theme_fonts=&#8220;yes&#8220;][\/vc_column][vc_column width=&#8220;1\/6&#8243;][\/vc_column][\/vc_row][vc_row][vc_column][vc_tta_tabs shape=&#8220;square&#8220; active_section=&#8220;1&#8243;][vc_tta_section title=&#8220;\u00dcberblick&#8220; tab_id=&#8220;ueberblicke&#8220;][vc_row_inner][vc_column_inner width=&#8220;3\/6&#8243;][vc_images_carousel images=&#8220;2770&#8243; img_size=&#8220;full&#8220; autoplay=&#8220;yes&#8220; wrap=&#8220;yes&#8220;][\/vc_column_inner][vc_column_inner width=&#8220;2\/6&#8243;][vc_custom_heading<span class=\"excerpt-hellip\"> [\u2026]<\/span><\/p>\n","protected":false},"author":2,"featured_media":-1,"parent":941,"menu_order":10,"comment_status":"closed","ping_status":"closed","template":"","meta":{"_acf_changed":false,"inline_featured_image":false,"footnotes":""},"class_list":["post-2542","page","type-page","status-publish","has-post-thumbnail","hentry"],"acf":[],"aioseo_notices":[],"_links":{"self":[{"href":"https:\/\/www.schroedergroup.eu\/de\/wp-json\/wp\/v2\/pages\/2542","targetHints":{"allow":["GET"]}}],"collection":[{"href":"https:\/\/www.schroedergroup.eu\/de\/wp-json\/wp\/v2\/pages"}],"about":[{"href":"https:\/\/www.schroedergroup.eu\/de\/wp-json\/wp\/v2\/types\/page"}],"author":[{"embeddable":true,"href":"https:\/\/www.schroedergroup.eu\/de\/wp-json\/wp\/v2\/users\/2"}],"replies":[{"embeddable":true,"href":"https:\/\/www.schroedergroup.eu\/de\/wp-json\/wp\/v2\/comments?post=2542"}],"version-history":[{"count":26,"href":"https:\/\/www.schroedergroup.eu\/de\/wp-json\/wp\/v2\/pages\/2542\/revisions"}],"predecessor-version":[{"id":13932,"href":"https:\/\/www.schroedergroup.eu\/de\/wp-json\/wp\/v2\/pages\/2542\/revisions\/13932"}],"up":[{"embeddable":true,"href":"https:\/\/www.schroedergroup.eu\/de\/wp-json\/wp\/v2\/pages\/941"}],"wp:featuredmedia":[{"embeddable":true,"href":"https:\/\/www.schroedergroup.eu\/de\/wp-json\/"}],"wp:attachment":[{"href":"https:\/\/www.schroedergroup.eu\/de\/wp-json\/wp\/v2\/media?parent=2542"}],"curies":[{"name":"wp","href":"https:\/\/api.w.org\/{rel}","templated":true}]}}