{"id":25,"date":"2016-04-05T13:04:18","date_gmt":"2016-04-05T11:04:18","guid":{"rendered":"http:\/\/www.schroedergroup.eu\/?page_id=25"},"modified":"2024-03-15T08:43:27","modified_gmt":"2024-03-15T07:43:27","slug":"steuerungssoftware","status":"publish","type":"page","link":"https:\/\/www.schroedergroup.eu\/de\/produkte\/steuerungssoftware\/","title":{"rendered":"Steuerungssoftware"},"content":{"rendered":"<div class=\"wpb-content-wrapper\"><p>[vc_row css=&#8220;.vc_custom_1464864323661{margin: 0px !important;padding: 0px !important;}&#8220;][vc_column width=&#8220;5\/6&#8243; css=&#8220;.vc_custom_1464864359760{margin: 0px !important;padding: 0px !important;}&#8220;][vc_custom_heading text=&#8220;Steuerungssoftware&#8220; font_container=&#8220;tag:h1|text_align:left&#8220; use_theme_fonts=&#8220;yes&#8220;][vc_column_text]Damit moderne Schwenkbiegemaschinen ihre maximale Leistung, Flexibilit\u00e4t und Geschwindigkeit erreichen k\u00f6nnen, m\u00fcssen Software und Hardware eine abgestimmte Einheit bilden. Hans Schr\u00f6der Maschinenbau ist nicht nur seit Jahrzehnten ein f\u00fchrender Hersteller von hochwertigen Schwenkbiegemaschinen, sondern auch ein Pionier in der digitalen Steuerung dieser Maschinen.<\/p>\n<p>Unser Angebot: Hardware und Software aus einer Hand, perfekt aufeinander abgestimmt. Durchg\u00e4ngig wird jeder Prozessschritt unterst\u00fctzt \u2013 von der Programmerstellung f\u00fcr die verschiedenen Produkte \u00fcber deren Absicherung in Biegesimulationen bis hin zur Bedienerf\u00fchrung in der Serienfertigung.[\/vc_column_text][\/vc_column][vc_column width=&#8220;1\/6&#8243;][\/vc_column][\/vc_row][vc_row][vc_column][vc_tta_tabs shape=&#8220;square&#8220; active_section=&#8220;1&#8243;][vc_tta_section title=&#8220;POS 3000&#8243; tab_id=&#8220;pos-3000&#8243;][vc_row_inner][vc_column_inner width=&#8220;3\/6&#8243;][vc_single_image image=&#8220;2653&#8243; img_size=&#8220;full&#8220; css_animation=&#8220;right-to-left&#8220;][\/vc_column_inner][vc_column_inner width=&#8220;2\/6&#8243;][vc_custom_heading text=&#8220;POS 3000&#8243; use_theme_fonts=&#8220;yes&#8220;][vc_column_text]<strong>3D-Grafiksteuerung \u2013 Blechdesign interaktiv<\/strong><\/p>\n<p>Mit der POS 3000 3D-Grafiksteuerung setzt die Schr\u00f6der Group Ma\u00dfst\u00e4be bei der Steuerung industrieller Blechbearbeitung.<\/p>\n<p>\u00dcber die Steuerung POS 3000 lassen sich die umfangreichen M\u00f6glichkeiten der High-End-Schwenkbiegemaschinen aus der Evolution-Reihe effizient nutzen. Hardware und Software wurden als Einheit entwickelt \u2013 bis hin zur Steuerung von komplexen Maschinenoptionen wie automatischen Werkzeugwechslern und Handling-Robotern.<\/p>\n<p>Programmiert wird bei der POS 3000 an einem Touchscreen mit 3D-Grafik. Blechprofile werden einfach und interaktiv mit dem Finger auf dem Display entworfen und dann in einem Bema\u00dfungsmen\u00fc detailliert.<\/p>\n<p>Maschine, Werkzeug, Werkst\u00fcck und Bugarten \u2013 alles ist \u00fcbersichtlich dargestellt. Ein 3D-Biegesimulator erlaubt die \u00dcberpr\u00fcfung des Programms und gibt zus\u00e4tzliche Sicherheit f\u00fcr h\u00f6chste Qualit\u00e4t vom ersten Werkst\u00fcck an.[\/vc_column_text][\/vc_column_inner][vc_column_inner el_class=&#8220;downloads&#8220; width=&#8220;1\/6&#8243;][vc_column_text]<strong>Verf\u00fcgbar f\u00fcr:<\/strong><br \/>\n<a href=\"https:\/\/www.schroedergroup.eu\/de\/produkte\/maschinen\/maschinen-zum-biegen\/evo-duobend\/\" target=\"_blank\" rel=\"noopener\">EVO DuoBend<\/a><br \/>\n<a href=\"http:\/\/www.schroedergroup.eu\/de\/produkte\/maschinen\/maschinen-zum-biegen\/mak-4-evolution-ud\/\">MAK 4 Evolution UD<\/a><br \/>\n<a href=\"https:\/\/www.schroedergroup.eu\/wp-content\/uploads\/pdf\/Prospekte_DE\/EVO-CENTER_DE_Mail.pdf\">EVO Center<\/a><br \/>\n<a href=\"http:\/\/www.schroedergroup.eu\/de\/produkte\/maschinen\/maschinen-zum-biegen\/spb-evolution-ud\/\">SPB Evolution UD<\/a><a href=\"http:\/\/www.schroedergroup.eu\/cms\/front_content.php?idart=80\"><br \/>\n<\/a><a href=\"http:\/\/www.schroedergroup.eu\/de\/produkte\/maschinen\/maschinen-zum-biegen\/powerbend-professional\/\">PowerBend Professional<\/a><br \/>\n<a href=\"https:\/\/www.schroedergroup.eu\/de\/produkte\/maschinen\/maschinen-zum-biegen\/powerbend-industrial\/\" target=\"_blank\" rel=\"noopener\">PowerBend Industrial<\/a>[\/vc_column_text][vc_separator color=&#8220;custom&#8220; accent_color=&#8220;#90be1e&#8220;][vc_column_text]<strong>Prospekte:<\/strong><br \/>\n<a href=\"http:\/\/www.schroedergroup.eu\/wp-content\/uploads\/pdf\/Prospekte_DE\/Steuerungssoftware_DE_Mail.pdf\">deutsch<\/a><a class=\"lang\" title=\"Steuerungssoftware DE\" href=\"http:\/\/www.schroedergroup.eu\/cms\/upload\/download\/kataloge\/de\/Steuerungssoftware_DE_160401_Mail.pdf\" target=\"_blank\" rel=\"noopener noreferrer\"><br \/>\n<\/a><a href=\"http:\/\/www.schroedergroup.eu\/wp-content\/uploads\/pdf\/Prospekte_EN\/Steuerungssoftware_EN_Mail.pdf\">english<\/a><a class=\"lang\" title=\"Software Control English\" href=\"http:\/\/www.schroedergroup.eu\/cms\/upload\/download\/kataloge\/en\/Steuerungssoftware_EN_160401_Mail.pdf\" target=\"_blank\" rel=\"noopener noreferrer\"><br \/>\n<\/a>[\/vc_column_text][\/vc_column_inner][\/vc_row_inner][\/vc_tta_section][vc_tta_section title=&#8220;POS 2000 Professional&#8220; tab_id=&#8220;pos-2000-professional&#8220;][vc_row_inner][vc_column_inner width=&#8220;3\/6&#8243;][vc_single_image image=&#8220;2651&#8243; img_size=&#8220;full&#8220; css_animation=&#8220;right-to-left&#8220;][\/vc_column_inner][vc_column_inner width=&#8220;2\/6&#8243;][vc_custom_heading text=&#8220;POS 2000 Professional&#8220; use_theme_fonts=&#8220;yes&#8220;][vc_column_text]<strong>der Standard f\u00fcr industrielle Schwenkbiegemaschinen<\/strong><\/p>\n<p>Die bew\u00e4hrte POS 2000 Professional macht die Programmierung von Schwenkbiegemaschinen schnell und komfortabel. Aus einem umfangreichen und erweiterbaren Katalog k\u00f6nnen die gew\u00fcnschten Programmteile ausgew\u00e4hlt werden, durch Antippen des Bildschirms werden Winkel- und Schenkelma\u00dfe angepasst.<\/p>\n<p>Die Steuerungssoftware zeigt exakt, was die Maschine tut: Schwenkbiegemaschine, Werkst\u00fcck und Werkzeug werden schematisch dargestellt und f\u00fcr jeden Biegeschritt aktualisiert. Wer abseits der Maschine in der Arbeitsvorbereitung programmiert, kann \u00fcber Biegesimulationen die Qualit\u00e4t seiner Programme testen und so Ausschuss und Verz\u00f6gerungen in der Fertigung wirksam vermeiden.<\/p>\n<p>Die Software steuert nicht nur die Maschine, sondern unterst\u00fctzt die Benutzer bei der Bearbeitung: Alle notwendigen Bedienert\u00e4tigkeiten wie Wenden, Umdrehen etc. werden je Biegeschritt angezeigt.[\/vc_column_text][\/vc_column_inner][vc_column_inner el_class=&#8220;downloads&#8220; width=&#8220;1\/6&#8243;][vc_column_text]<strong>Verf\u00fcgbar f\u00fcr:<br \/>\n<\/strong><a href=\"https:\/\/www.schroedergroup.eu\/de\/produkte\/maschinen\/maschinen-zum-biegen\/powerbend-multi\/\" target=\"_blank\" rel=\"noopener\">PBM<\/a><br \/>\n<a href=\"https:\/\/www.schroedergroup.eu\/wp-content\/uploads\/pdf\/Prospekte_DE\/MAKU_DE_Mail.pdf\">MAKU<\/a><a href=\"http:\/\/www.schroedergroup.eu\/cms\/front_content.php?idart=102\"><br \/>\n<\/a><a href=\"http:\/\/www.schroedergroup.eu\/de\/produkte\/maschinen\/maschinen-zum-biegen\/powerbend-universal\/\">PowerBend Universal<\/a><a href=\"http:\/\/www.schroedergroup.eu\/cms\/front_content.php?idart=212\"><br \/>\n<\/a><a href=\"http:\/\/www.schroedergroup.eu\/de\/produkte\/maschinen\/maschinen-zum-biegen\/powerbend-professional\/\">PowerBend Professional<\/a><br \/>\n<a href=\"https:\/\/www.schroedergroup.eu\/de\/produkte\/maschinen\/maschinen-zum-biegen\/powerbend-industrial\/\" target=\"_blank\" rel=\"noopener\">PowerBend Industrial<\/a>[\/vc_column_text][vc_separator color=&#8220;custom&#8220; accent_color=&#8220;#90be1e&#8220;][vc_column_text]<strong>Prospekte:<\/strong><br \/>\n<a href=\"http:\/\/www.schroedergroup.eu\/wp-content\/uploads\/pdf\/Prospekte_DE\/Steuerungssoftware_DE_Mail.pdf\">deutsch<\/a><a class=\"lang\" title=\"Steuerungssoftware DE\" href=\"http:\/\/www.schroedergroup.eu\/cms\/upload\/download\/kataloge\/de\/Steuerungssoftware_DE_160401_Mail.pdf\" target=\"_blank\" rel=\"noopener noreferrer\"><br \/>\n<\/a><a href=\"http:\/\/www.schroedergroup.eu\/wp-content\/uploads\/pdf\/Prospekte_EN\/Steuerungssoftware_EN_Mail.pdf\">english<\/a><a class=\"lang\" title=\"Software Control English\" href=\"http:\/\/www.schroedergroup.eu\/cms\/upload\/download\/kataloge\/en\/Steuerungssoftware_EN_160401_Mail.pdf\" target=\"_blank\" rel=\"noopener noreferrer\"><br \/>\n<\/a>[\/vc_column_text][\/vc_column_inner][\/vc_row_inner][\/vc_tta_section][vc_tta_section title=&#8220;Classic Bend&#8220; tab_id=&#8220;classic-bend&#8220;][vc_row_inner][vc_column_inner width=&#8220;3\/6&#8243;][vc_single_image image=&#8220;10569&#8243; img_size=&#8220;full&#8220; css_animation=&#8220;right-to-left&#8220;][\/vc_column_inner][vc_column_inner width=&#8220;2\/6&#8243;][vc_custom_heading text=&#8220;Classic Bend&#8220; use_theme_fonts=&#8220;yes&#8220;][vc_column_text]<strong>die \u00fcbersichtlichste alphanumerische Steuerung<\/strong><\/p>\n<p>Die j\u00fcngste Software-Innovation aus dem Haus Schr\u00f6der und perfekt f\u00fcr den Einsatz in Werkstatt und Betrieb. Classic Bend ist eine moderne alphanumerische Steuerung, die als Standardsoftware f\u00fcr die Schwenkbiegemaschinen MAKU und PowerBend Universal zum Einsatz kommt.<\/p>\n<p>Classic Bend steuert Oberwange und Biegewange mit einem Wegemesssystem und dar\u00fcber hinaus den motorischen Hinteranschlag \u00fcber digital gesteuerte Frequenzumrichter. Die \u00fcbersichtliche Benutzeroberfl\u00e4che kombiniert schnell erfassbare Symbole mit Text und numerischen Anzeigen.[\/vc_column_text][\/vc_column_inner][vc_column_inner el_class=&#8220;downloads&#8220; width=&#8220;1\/6&#8243;][vc_column_text]<strong>Verf\u00fcgbar f\u00fcr:<\/strong><br \/>\n<a href=\"https:\/\/www.schroedergroup.eu\/wp-content\/uploads\/pdf\/Prospekte_DE\/MAKU_DE_Mail.pdf\">MAKU<\/a><br \/>\n<a href=\"http:\/\/www.schroedergroup.eu\/de\/produkte\/maschinen\/maschinen-zum-biegen\/powerbend-universal\/\">PowerBend Universal<\/a>[\/vc_column_text][vc_separator color=&#8220;custom&#8220; accent_color=&#8220;#90be1e&#8220;][vc_column_text]<strong>Prospekte:<\/strong><br \/>\n<a href=\"http:\/\/www.schroedergroup.eu\/wp-content\/uploads\/pdf\/Prospekte_DE\/Steuerungssoftware_DE_Mail.pdf\">deutsch<\/a><a class=\"lang\" title=\"Steuerungssoftware DE\" href=\"http:\/\/www.schroedergroup.eu\/cms\/upload\/download\/kataloge\/de\/Steuerungssoftware_DE_160401_Mail.pdf\" target=\"_blank\" rel=\"noopener noreferrer\"><br \/>\n<\/a><a href=\"http:\/\/www.schroedergroup.eu\/wp-content\/uploads\/pdf\/Prospekte_EN\/Steuerungssoftware_EN_Mail.pdf\">english<\/a><a class=\"lang\" title=\"Software Control English\" href=\"http:\/\/www.schroedergroup.eu\/cms\/upload\/download\/kataloge\/en\/Steuerungssoftware_EN_160401_Mail.pdf\" target=\"_blank\" rel=\"noopener noreferrer\"><br \/>\n<\/a>[\/vc_column_text][\/vc_column_inner][\/vc_row_inner][\/vc_tta_section][vc_tta_section title=&#8220;Schr\u00f6der Unfold&#8220; tab_id=&#8220;Schroeder-Unfold&#8220;][vc_row_inner][vc_column_inner width=&#8220;3\/6&#8243;][vc_single_image image=&#8220;3690&#8243; img_size=&#8220;full&#8220; alignment=&#8220;center&#8220; css=&#8220;.vc_custom_1487242045572{margin-top: 0px !important;margin-right: 0px !important;margin-bottom: 0px !important;margin-left: 0px !important;padding-top: 0px !important;padding-right: 0px !important;padding-bottom: 0px !important;padding-left: 0px !important;}&#8220;][\/vc_column_inner][vc_column_inner width=&#8220;2\/6&#8243;][vc_custom_heading text=&#8220;Abwicklungssoftware &#8211; Schr\u00f6der Unfold&#8220; use_theme_fonts=&#8220;yes&#8220;][vc_column_text]<strong>Unkompliziert und einfach &#8211; die neue<\/strong><br \/>\n<strong> Abwicklungssoftware \u201eSCHR\u00d6DER Unfold\u201c<\/strong><\/p>\n<p>Um Hardware und Software noch besser aufei-<br \/>\nnander abzustimmen hat Hans Schr\u00f6der Maschinenbau<br \/>\nin Zusammenarbeit mit einem externen Dienstleister eine Abwicklungssoftware entwickelt, die es erm\u00f6glicht<br \/>\nBlechzuschnittsgr\u00f6\u00dfen noch schneller und pr\u00e4ziser zu berechnen. Dabei werden Step-Dateien in die Abwicklungssoftware importiert.<\/p>\n<p>Im \u201eSCHR\u00d6DER Unfold\u201c-Programm werden dann Abwicklung, Biegefolge und Zuschnitt ermittelt.<br \/>\nAls Exportfile wird ein DXF zum Schneiden sowie ein Biegeprogramm erzeugt.[\/vc_column_text][\/vc_column_inner][vc_column_inner width=&#8220;1\/6&#8243;][vc_column_text]<strong>Verf\u00fcgbar f\u00fcr:<\/strong><\/p>\n<p><a href=\"http:\/\/www.schroedergroup.eu\/de\/produkte\/maschinen\/maschinen-zum-biegen\/mak-4-evolution-ud\/\">MAK 4 Evolution UD<\/a><br \/>\n<a href=\"https:\/\/www.schroedergroup.eu\/wp-content\/uploads\/pdf\/Prospekte_DE\/EVO-CENTER_DE_Mail.pdf\">EVO Center<\/a><br \/>\n<a href=\"http:\/\/www.schroedergroup.eu\/de\/produkte\/maschinen\/maschinen-zum-biegen\/spb-evolution-ud\/\">SPB Evolution UD<\/a><br \/>\n<a href=\"http:\/\/www.schroedergroup.eu\/de\/produkte\/maschinen\/maschinen-zum-biegen\/powerbend-industrial-ud\/\">PowerBend Industrial<\/a><br \/>\n<a href=\"http:\/\/www.schroedergroup.eu\/de\/produkte\/maschinen\/maschinen-zum-biegen\/powerbend-professional\/\">PowerBend Professional<\/a>[\/vc_column_text][vc_column_text]<strong>Prospekte:<br \/>\n<\/strong><a href=\"http:\/\/www.schroedergroup.eu\/wp-content\/uploads\/pdf\/Prospekte_DE\/Abwicklungssoftware_DE_Mail.pdf\">deutsch<\/a><br \/>\n<a href=\"http:\/\/www.schroedergroup.eu\/wp-content\/uploads\/pdf\/Prospekte_EN\/Unfold-software_EN_Mail.pdf\">english<\/a>[\/vc_column_text][\/vc_column_inner][\/vc_row_inner][\/vc_tta_section][\/vc_tta_tabs][\/vc_column][\/vc_row][vc_row][vc_column][vc_column_text]<!--more-->[\/vc_column_text][\/vc_column][\/vc_row]<\/p>\n<\/div>","protected":false},"excerpt":{"rendered":"<p>[vc_row css=&#8220;.vc_custom_1464864323661{margin: 0px !important;padding: 0px !important;}&#8220;][vc_column width=&#8220;5\/6&#8243; css=&#8220;.vc_custom_1464864359760{margin: 0px !important;padding: 0px !important;}&#8220;][vc_custom_heading text=&#8220;Steuerungssoftware&#8220; font_container=&#8220;tag:h1|text_align:left&#8220; use_theme_fonts=&#8220;yes&#8220;][vc_column_text]Damit moderne Schwenkbiegemaschinen ihre maximale Leistung, Flexibilit\u00e4t und Geschwindigkeit erreichen k\u00f6nnen, m\u00fcssen<span class=\"excerpt-hellip\"> [\u2026]<\/span><\/p>\n","protected":false},"author":1,"featured_media":0,"parent":20,"menu_order":20,"comment_status":"closed","ping_status":"closed","template":"","meta":{"_acf_changed":false,"inline_featured_image":false,"footnotes":""},"class_list":["post-25","page","type-page","status-publish","hentry"],"acf":[],"aioseo_notices":[],"_links":{"self":[{"href":"https:\/\/www.schroedergroup.eu\/de\/wp-json\/wp\/v2\/pages\/25","targetHints":{"allow":["GET"]}}],"collection":[{"href":"https:\/\/www.schroedergroup.eu\/de\/wp-json\/wp\/v2\/pages"}],"about":[{"href":"https:\/\/www.schroedergroup.eu\/de\/wp-json\/wp\/v2\/types\/page"}],"author":[{"embeddable":true,"href":"https:\/\/www.schroedergroup.eu\/de\/wp-json\/wp\/v2\/users\/1"}],"replies":[{"embeddable":true,"href":"https:\/\/www.schroedergroup.eu\/de\/wp-json\/wp\/v2\/comments?post=25"}],"version-history":[{"count":108,"href":"https:\/\/www.schroedergroup.eu\/de\/wp-json\/wp\/v2\/pages\/25\/revisions"}],"predecessor-version":[{"id":12455,"href":"https:\/\/www.schroedergroup.eu\/de\/wp-json\/wp\/v2\/pages\/25\/revisions\/12455"}],"up":[{"embeddable":true,"href":"https:\/\/www.schroedergroup.eu\/de\/wp-json\/wp\/v2\/pages\/20"}],"wp:attachment":[{"href":"https:\/\/www.schroedergroup.eu\/de\/wp-json\/wp\/v2\/media?parent=25"}],"curies":[{"name":"wp","href":"https:\/\/api.w.org\/{rel}","templated":true}]}}