{"id":2496,"date":"2016-12-06T08:21:38","date_gmt":"2016-12-06T07:21:38","guid":{"rendered":"http:\/\/www.schroedergroup.eu\/de\/?page_id=2496"},"modified":"2023-02-21T06:56:58","modified_gmt":"2023-02-21T05:56:58","slug":"m225","status":"publish","type":"page","link":"https:\/\/www.schroedergroup.eu\/de\/produkte\/maschinen\/maschinen-zum-biegen\/m225\/","title":{"rendered":"225"},"content":{"rendered":"<div class=\"wpb-content-wrapper\"><p>[vc_row css=&#8220;.vc_custom_1464864323661{margin: 0px !important;padding: 0px !important;}&#8220;][vc_column width=&#8220;5\/6&#8243; css=&#8220;.vc_custom_1464864359760{margin: 0px !important;padding: 0px !important;}&#8220;][vc_custom_heading text=&#8220;225&#8243; font_container=&#8220;tag:h1|text_align:left&#8220; use_theme_fonts=&#8220;yes&#8220;][\/vc_column][vc_column width=&#8220;1\/6&#8243;][\/vc_column][\/vc_row][vc_row][vc_column][vc_tta_tabs shape=&#8220;square&#8220; active_section=&#8220;1&#8243;][vc_tta_section title=&#8220;\u00dcberblick&#8220; tab_id=&#8220;ueberblicke&#8220;][vc_row_inner][vc_column_inner width=&#8220;3\/6&#8243;][vc_images_carousel images=&#8220;2476&#8243; img_size=&#8220;full&#8220; autoplay=&#8220;yes&#8220; wrap=&#8220;yes&#8220;][\/vc_column_inner][vc_column_inner width=&#8220;2\/6&#8243;][vc_custom_heading text=&#8220;\u00dcberblick&#8220; use_theme_fonts=&#8220;yes&#8220;][vc_column_text]Die 225 eine Schwenkbiegemaschine f\u00fcr Kunden mit hohen Erwartungen an die Technik. Sie \u00fcberzeugt durch h\u00f6chste Genauigkeit, Flexibilit\u00e4t und eine hohe Geschwindigkeit f\u00fcr zuverl\u00e4ssiges Arbeiten.[\/vc_column_text][\/vc_column_inner][vc_column_inner el_class=&#8220;downloads&#8220; width=&#8220;1\/6&#8243;][vc_column_text]<strong>Prospekte:<br \/>\n<\/strong><a href=\"https:\/\/www.schroedergroup.eu\/wp-content\/uploads\/pdf\/Prospekte_DE\/225_DE_Mail.pdf\" target=\"_blank\" rel=\"noopener noreferrer\">deutsch<\/a><strong><br \/>\n<\/strong><a href=\"https:\/\/www.schroedergroup.eu\/wp-content\/uploads\/pdf\/Prospekte_EN\/225_EN_Mail.pdf\" target=\"_blank\" rel=\"noopener noreferrer\">english<\/a>[\/vc_column_text][vc_separator color=&#8220;custom&#8220; accent_color=&#8220;#90be1e&#8220;][\/vc_column_inner][\/vc_row_inner][\/vc_tta_section][vc_tta_section title=&#8220;Details&#8220; tab_id=&#8220;details&#8220;][vc_row_inner][vc_column_inner width=&#8220;5\/6&#8243;][vc_custom_heading text=&#8220;Details&#8220; use_theme_fonts=&#8220;yes&#8220;][vc_column_text]<\/p>\n<ul>\n<li>Steuerung CFP 120 mit 12&#8243; Touchscreen-Steuerung am schwenkbaren Panel<\/li>\n<li>Oberwange, Werkzeugaufnahme WZS 2000 mit hydraulischer Klemmung<\/li>\n<li>Unterwange, Werkzeugaufnahme WZS 3000 mit mechanischer Klemmung<\/li>\n<li>Biegewange, Werkzeugaufnahme WZS 3000 mit mechanischer Klemmung<\/li>\n<li>Biegewangenverstellung motorisch 60 mm<\/li>\n<li>Unterwangenverstellung motorisch 60 mm<\/li>\n<li>Oberwangenhub 350 mm<\/li>\n<li>Bombierung manuell<\/li>\n<li>Hinteranschlag motorisch MAH 25R, Arbeitsbereich 10 &#8211; 1600 mm, Stahlkugelrollen f\u00fcr Blechauflagetisch<\/li>\n<li>Standardmaschine ohne Werkzeuge<\/li>\n<\/ul>\n<p>[\/vc_column_text][vc_column_text]<a href=\"https:\/\/www.youtube.com\/watch?v=AUbLwRk2Q44\">Video 216<\/a>[\/vc_column_text][\/vc_column_inner][vc_column_inner el_class=&#8220;downloads&#8220; width=&#8220;1\/6&#8243;][vc_column_text]<strong>Prospekte:<br \/>\n<\/strong><a href=\"https:\/\/www.schroedergroup.eu\/wp-content\/uploads\/pdf\/Prospekte_DE\/225_DE_Mail.pdf\" target=\"_blank\" rel=\"noopener noreferrer\">deutsch<\/a><strong><br \/>\n<\/strong><a href=\"https:\/\/www.schroedergroup.eu\/wp-content\/uploads\/pdf\/Prospekte_EN\/225_EN_Mail.pdf\" target=\"_blank\" rel=\"noopener noreferrer\">english<\/a>[\/vc_column_text][vc_separator color=&#8220;custom&#8220; accent_color=&#8220;#90be1e&#8220;][\/vc_column_inner][\/vc_row_inner][\/vc_tta_section][vc_tta_section title=&#8220;Technische Daten&#8220; tab_id=&#8220;technische-daten&#8220;][vc_row_inner][vc_column_inner width=&#8220;5\/6&#8243;][vc_custom_heading text=&#8220;Technische Daten&#8220; use_theme_fonts=&#8220;yes&#8220;][vc_column_text]<\/p>\n<table border=\"0\">\n<tbody>\n<tr>\n<td class=\"BeschtiftungTyp\">Typ<\/td>\n<td class=\"BeschriftungOben\">Leistung<\/td>\n<td class=\"BeschriftungOben\">Nutzl\u00e4nge<\/td>\n<td class=\"BeschriftungOben\">Hub Oberwange<\/td>\n<td class=\"BeschriftungOben\">Biegewangen-<br \/>\nverstellung<\/td>\n<td class=\"BeschriftungOben\">Unterwangen-<br \/>\nverstellung<\/td>\n<td class=\"BeschriftungOben\">Motorleistung<\/td>\n<\/tr>\n<tr>\n<td class=\"Maschinentypen\"><\/td>\n<td>[mm]<\/td>\n<td>[mm]<\/td>\n<td>[mm]<\/td>\n<td>[mm]<\/td>\n<td>[mm]<\/td>\n<td>[kW]<\/td>\n<\/tr>\n<tr>\n<td>20\/6<\/td>\n<td style=\"text-align: left;\" align=\"right\">6,0<\/td>\n<td style=\"text-align: left;\" align=\"right\">2040<\/td>\n<td style=\"text-align: left;\" align=\"right\">350<\/td>\n<td style=\"text-align: left;\" align=\"right\">80<\/td>\n<td style=\"text-align: left;\" align=\"right\">80<\/td>\n<td style=\"text-align: left;\" align=\"right\">8,6<\/td>\n<\/tr>\n<\/tbody>\n<\/table>\n<p>[\/vc_column_text][\/vc_column_inner][vc_column_inner el_class=&#8220;downloads&#8220; width=&#8220;1\/6&#8243;][vc_column_text]<strong>Prospekte:<br \/>\n<\/strong><a href=\"https:\/\/www.schroedergroup.eu\/wp-content\/uploads\/pdf\/Prospekte_DE\/225_DE_Mail.pdf\" target=\"_blank\" rel=\"noopener noreferrer\">deutsch<\/a><strong><br \/>\n<\/strong><a href=\"https:\/\/www.schroedergroup.eu\/wp-content\/uploads\/pdf\/Prospekte_EN\/225_EN_Mail.pdf\" target=\"_blank\" rel=\"noopener noreferrer\">english<\/a>[\/vc_column_text][vc_separator color=&#8220;custom&#8220; accent_color=&#8220;#90be1e&#8220;][\/vc_column_inner][\/vc_row_inner][\/vc_tta_section][\/vc_tta_tabs][\/vc_column][\/vc_row]<\/p>\n<\/div>","protected":false},"excerpt":{"rendered":"<p>[vc_row css=&#8220;.vc_custom_1464864323661{margin: 0px !important;padding: 0px !important;}&#8220;][vc_column width=&#8220;5\/6&#8243; css=&#8220;.vc_custom_1464864359760{margin: 0px !important;padding: 0px !important;}&#8220;][vc_custom_heading text=&#8220;225&#8243; font_container=&#8220;tag:h1|text_align:left&#8220; use_theme_fonts=&#8220;yes&#8220;][\/vc_column][vc_column width=&#8220;1\/6&#8243;][\/vc_column][\/vc_row][vc_row][vc_column][vc_tta_tabs shape=&#8220;square&#8220; active_section=&#8220;1&#8243;][vc_tta_section title=&#8220;\u00dcberblick&#8220; tab_id=&#8220;ueberblicke&#8220;][vc_row_inner][vc_column_inner width=&#8220;3\/6&#8243;][vc_images_carousel images=&#8220;2476&#8243; img_size=&#8220;full&#8220; autoplay=&#8220;yes&#8220; wrap=&#8220;yes&#8220;][\/vc_column_inner][vc_column_inner width=&#8220;2\/6&#8243;][vc_custom_heading<span class=\"excerpt-hellip\"> [\u2026]<\/span><\/p>\n","protected":false},"author":2,"featured_media":0,"parent":689,"menu_order":60,"comment_status":"closed","ping_status":"closed","template":"","meta":{"_acf_changed":false,"inline_featured_image":false,"footnotes":""},"class_list":["post-2496","page","type-page","status-publish","hentry"],"acf":[],"aioseo_notices":[],"_links":{"self":[{"href":"https:\/\/www.schroedergroup.eu\/de\/wp-json\/wp\/v2\/pages\/2496","targetHints":{"allow":["GET"]}}],"collection":[{"href":"https:\/\/www.schroedergroup.eu\/de\/wp-json\/wp\/v2\/pages"}],"about":[{"href":"https:\/\/www.schroedergroup.eu\/de\/wp-json\/wp\/v2\/types\/page"}],"author":[{"embeddable":true,"href":"https:\/\/www.schroedergroup.eu\/de\/wp-json\/wp\/v2\/users\/2"}],"replies":[{"embeddable":true,"href":"https:\/\/www.schroedergroup.eu\/de\/wp-json\/wp\/v2\/comments?post=2496"}],"version-history":[{"count":18,"href":"https:\/\/www.schroedergroup.eu\/de\/wp-json\/wp\/v2\/pages\/2496\/revisions"}],"predecessor-version":[{"id":11495,"href":"https:\/\/www.schroedergroup.eu\/de\/wp-json\/wp\/v2\/pages\/2496\/revisions\/11495"}],"up":[{"embeddable":true,"href":"https:\/\/www.schroedergroup.eu\/de\/wp-json\/wp\/v2\/pages\/689"}],"wp:attachment":[{"href":"https:\/\/www.schroedergroup.eu\/de\/wp-json\/wp\/v2\/media?parent=2496"}],"curies":[{"name":"wp","href":"https:\/\/api.w.org\/{rel}","templated":true}]}}