{"id":2435,"date":"2016-11-29T13:57:10","date_gmt":"2016-11-29T12:57:10","guid":{"rendered":"http:\/\/www.schroedergroup.eu\/de\/?page_id=2435"},"modified":"2025-09-11T11:52:44","modified_gmt":"2025-09-11T09:52:44","slug":"hs","status":"publish","type":"page","link":"https:\/\/www.schroedergroup.eu\/de\/produkte\/maschinen\/maschinen-zum-schneiden\/hs\/","title":{"rendered":"HS"},"content":{"rendered":"<div class=\"wpb-content-wrapper\"><p>[vc_row css=&#8220;.vc_custom_1464864323661{margin: 0px !important;padding: 0px !important;}&#8220;][vc_column width=&#8220;5\/6&#8243; css=&#8220;.vc_custom_1464864359760{margin: 0px !important;padding: 0px !important;}&#8220;][vc_custom_heading text=&#8220;HS&#8220; font_container=&#8220;tag:h1|text_align:left&#8220; use_theme_fonts=&#8220;yes&#8220;][\/vc_column][vc_column width=&#8220;1\/6&#8243;][\/vc_column][\/vc_row][vc_row][vc_column][vc_tta_tabs shape=&#8220;square&#8220; active_section=&#8220;1&#8243;][vc_tta_section title=&#8220;\u00dcberblick&#8220; tab_id=&#8220;ueberblicke&#8220;][vc_row_inner][vc_column_inner width=&#8220;3\/6&#8243;][vc_images_carousel images=&#8220;2562,2563,2568,2564,2566,2565,2567&#8243; img_size=&#8220;full&#8220; autoplay=&#8220;yes&#8220; wrap=&#8220;yes&#8220;][\/vc_column_inner][vc_column_inner width=&#8220;2\/6&#8243;][vc_custom_heading text=&#8220;\u00dcberblick&#8220; use_theme_fonts=&#8220;yes&#8220;][vc_column_text]Die Grundausstattung auch f\u00fcr die kleinste Werkstatt. Die Exzenter-Tafelschere HS wird f\u00fcr nahezu s\u00e4mtliche Schneide-Probleme eingesetzt. Gratfreies, verwindungsarmes und nahezu kraftloses Schneiden sind die Merkmale dieser Tafelschere.[\/vc_column_text][\/vc_column_inner][vc_column_inner el_class=&#8220;downloads&#8220; width=&#8220;1\/6&#8243;][vc_column_text css=&#8220;&#8220;]<strong>Prospekte:<\/strong><br \/>\n<a href=\"https:\/\/www.schroedergroup.eu\/wp-content\/uploads\/pdf\/Prospekte_DE\/Motormaschinen_Scheren_DE_web.pdf\" target=\"_blank\" rel=\"noopener\">deutsch<\/a><a class=\"lang\" title=\"Software Control English\" href=\"https:\/\/www.schroedergroup.eu\/wp-content\/uploads\/pdf\/Prospekte_DE\/Motormaschinen_Scheren_DE_web.pdf\" target=\"_blank\" rel=\"noopener\"><br \/>\n<\/a><a href=\"https:\/\/www.schroedergroup.eu\/wp-content\/uploads\/pdf\/Prospekte_EN\/Motormaschinen_Scheren_EN_web.pdf\" target=\"_blank\" rel=\"noopener\">english<\/a>[\/vc_column_text][vc_separator color=&#8220;custom&#8220; accent_color=&#8220;#90be1e&#8220;][vc_column_text]<strong>Video:<\/strong><\/p>\n<p><a href=\"https:\/\/www.youtube.com\/watch?v=q_V1iVFuLXU\">HS mit Wippe<\/a>[\/vc_column_text][\/vc_column_inner][\/vc_row_inner][\/vc_tta_section][vc_tta_section title=&#8220;Details&#8220; tab_id=&#8220;details&#8220;][vc_row_inner][vc_column_inner width=&#8220;5\/6&#8243;][vc_custom_heading text=&#8220;Details&#8220; use_theme_fonts=&#8220;yes&#8220;][vc_column_text css=&#8220;&#8220;]Standardausstattung<\/p>\n<ul>\n<li>Niederhalter mit Hartgummileiste zur Schonung polierter Bleche<\/li>\n<li>Verl\u00e4ngerter, ausziehbarer Auflagetisch<\/li>\n<li>Manueller Hinteranschlag 500 mm<\/li>\n<li>Einstiche in 10 mm Abstand parallel zum Untermesser \u00fcber den gesamten Tischverlauf<\/li>\n<li>Ganzstahlmesser 2-schneidig<\/li>\n<li>Winkelanschlag links und rechts mit Skalenleiste<\/li>\n<\/ul>\n<p>Optionen<\/p>\n<ul>\n<li>Manueller Hinteranschlag 750 mm<\/li>\n<li>Manueller Hinteranschlag 750 mm von vorne verstellbar mit Digitalanzeige<\/li>\n<li>Mechanische Hochhaltevorrichtung inkl. manuellen Hinteranschlag 750 mm ohne Blechrutsche<\/li>\n<li>Messer zum Schneiden von Edelstahl<\/li>\n<li>Blechrutsche nach vorne<\/li>\n<li>Rutschenwagen einfach mit 4 Lenkrollen, 2 feststellbar (f\u00fcr Zuschnitte bis max. 500 mm bis max. 200 kg)<\/li>\n<li>Fundamentplattensatz inkl. D\u00fcbel<\/li>\n<\/ul>\n<p>[\/vc_column_text][\/vc_column_inner][vc_column_inner el_class=&#8220;downloads&#8220; width=&#8220;1\/6&#8243;][vc_column_text css=&#8220;&#8220;]<strong>Prospekte:<\/strong><br \/>\n<a href=\"https:\/\/www.schroedergroup.eu\/wp-content\/uploads\/pdf\/Prospekte_DE\/Motormaschinen_Scheren_DE_web.pdf\" target=\"_blank\" rel=\"noopener\">deutsch<\/a><a class=\"lang\" title=\"Software Control English\" href=\"https:\/\/www.schroedergroup.eu\/wp-content\/uploads\/pdf\/Prospekte_DE\/Motormaschinen_Scheren_DE_web.pdf\" target=\"_blank\" rel=\"noopener\"><br \/>\n<\/a><a href=\"https:\/\/www.schroedergroup.eu\/wp-content\/uploads\/pdf\/Prospekte_EN\/Motormaschinen_Scheren_EN_web.pdf\" target=\"_blank\" rel=\"noopener\">english<\/a>[\/vc_column_text][vc_separator color=&#8220;custom&#8220; accent_color=&#8220;#90be1e&#8220;][vc_column_text]<strong>Video:<\/strong><\/p>\n<p><a href=\"https:\/\/www.youtube.com\/watch?v=q_V1iVFuLXU\">HS mit Wippe<\/a>[\/vc_column_text][\/vc_column_inner][\/vc_row_inner][\/vc_tta_section][vc_tta_section title=&#8220;Technische Daten&#8220; tab_id=&#8220;technische-daten&#8220;][vc_row_inner][vc_column_inner width=&#8220;5\/6&#8243;][vc_custom_heading text=&#8220;Technische Daten&#8220; use_theme_fonts=&#8220;yes&#8220;][vc_column_text]<\/p>\n<table border=\"0\">\n<tbody>\n<tr>\n<td class=\"BeschtiftungTyp\">Typ<\/td>\n<td class=\"BeschriftungOben\">Leistung<\/td>\n<td class=\"BeschriftungOben\">Nutzl\u00e4nge<\/td>\n<td class=\"BeschriftungOben\">Schnittwinkel<\/td>\n<\/tr>\n<tr>\n<td class=\"Maschinentypen\"><\/td>\n<td>[mm]<\/td>\n<td>[mm]<\/td>\n<td>[\u00b0]<\/td>\n<\/tr>\n<tr>\n<td class=\"Maschinentypen\">1000&#215;2,0<\/td>\n<td align=\"right\">2,00<\/td>\n<td align=\"right\">1030<\/td>\n<td align=\"right\">4,0<\/td>\n<\/tr>\n<tr>\n<td class=\"Maschinentypen\">2000&#215;1,25<\/td>\n<td align=\"right\">1,25<\/td>\n<td align=\"right\">2030<\/td>\n<td align=\"right\">2,2<\/td>\n<\/tr>\n<tr>\n<td class=\"Maschinentypen\">2500&#215;1,0<\/td>\n<td align=\"right\">1,00<\/td>\n<td align=\"right\">2530<\/td>\n<td align=\"right\">1,8<\/td>\n<\/tr>\n<tr>\n<td class=\"Maschinentypen\">3000&#215;1,0<\/td>\n<td align=\"right\">1,00<\/td>\n<td align=\"right\">3030<\/td>\n<td align=\"right\">1,5<\/td>\n<\/tr>\n<\/tbody>\n<\/table>\n<p>[\/vc_column_text][\/vc_column_inner][vc_column_inner el_class=&#8220;downloads&#8220; width=&#8220;1\/6&#8243;][vc_column_text css=&#8220;&#8220;]<strong>Prospekte:<\/strong><br \/>\n<a href=\"https:\/\/www.schroedergroup.eu\/wp-content\/uploads\/pdf\/Prospekte_DE\/Motormaschinen_Scheren_DE_web.pdf\" target=\"_blank\" rel=\"noopener\">deutsch<\/a><a class=\"lang\" title=\"Software Control English\" href=\"https:\/\/www.schroedergroup.eu\/wp-content\/uploads\/pdf\/Prospekte_DE\/Motormaschinen_Scheren_DE_web.pdf\" target=\"_blank\" rel=\"noopener\"><br \/>\n<\/a><a href=\"https:\/\/www.schroedergroup.eu\/wp-content\/uploads\/pdf\/Prospekte_EN\/Motormaschinen_Scheren_EN_web.pdf\" target=\"_blank\" rel=\"noopener\">english<\/a>[\/vc_column_text][vc_separator color=&#8220;custom&#8220; accent_color=&#8220;#90be1e&#8220;][vc_column_text]<strong>Video:<\/strong><\/p>\n<p><a href=\"https:\/\/www.youtube.com\/watch?v=q_V1iVFuLXU\">HS mit Wippe<\/a>[\/vc_column_text][\/vc_column_inner][\/vc_row_inner][\/vc_tta_section][vc_tta_section title=&#8220;Anwenderberichte&#8220; tab_id=&#8220;Anwenderberichte&#8220;][vc_row_inner][vc_column_inner width=&#8220;1\/6&#8243;][vc_single_image image=&#8220;2256&#8243; img_size=&#8220;full&#8220; alignment=&#8220;center&#8220; css=&#8220;.vc_custom_1480422087660{margin-top: 0px !important;margin-right: 0px !important;margin-bottom: 0px !important;margin-left: 0px !important;padding-top: 0px !important;padding-right: 0px !important;padding-bottom: 0px !important;padding-left: 0px !important;}&#8220;][vc_column_text]<a href=\"http:\/\/www.schroedergroup.eu\/wp-content\/uploads\/success-story\/Success-Story_Messerschmidt_DE.pdf\">PDC im Einsatz bei Messerschmidt<\/a>[\/vc_column_text][\/vc_column_inner][vc_column_inner width=&#8220;1\/6&#8243;][vc_single_image image=&#8220;7163&#8243;][vc_column_text]<a href=\"http:\/\/www.schroedergroup.eu\/wp-content\/uploads\/success-story\/Success-Story_Oswald_Meister_DE.pdf\">HS im Einsatz bei Oswald Meister<\/a>[\/vc_column_text][\/vc_column_inner][\/vc_row_inner][\/vc_tta_section][\/vc_tta_tabs][\/vc_column][\/vc_row][vc_row][vc_column][vc_column_text]<!--more-->[\/vc_column_text][\/vc_column][\/vc_row]<\/p>\n<\/div>","protected":false},"excerpt":{"rendered":"<p>[vc_row css=&#8220;.vc_custom_1464864323661{margin: 0px !important;padding: 0px !important;}&#8220;][vc_column width=&#8220;5\/6&#8243; css=&#8220;.vc_custom_1464864359760{margin: 0px !important;padding: 0px !important;}&#8220;][vc_custom_heading text=&#8220;HS&#8220; font_container=&#8220;tag:h1|text_align:left&#8220; use_theme_fonts=&#8220;yes&#8220;][\/vc_column][vc_column width=&#8220;1\/6&#8243;][\/vc_column][\/vc_row][vc_row][vc_column][vc_tta_tabs shape=&#8220;square&#8220; active_section=&#8220;1&#8243;][vc_tta_section title=&#8220;\u00dcberblick&#8220; tab_id=&#8220;ueberblicke&#8220;][vc_row_inner][vc_column_inner width=&#8220;3\/6&#8243;][vc_images_carousel images=&#8220;2562,2563,2568,2564,2566,2565,2567&#8243; img_size=&#8220;full&#8220; autoplay=&#8220;yes&#8220; wrap=&#8220;yes&#8220;][\/vc_column_inner][vc_column_inner width=&#8220;2\/6&#8243;][vc_custom_heading<span class=\"excerpt-hellip\"> [\u2026]<\/span><\/p>\n","protected":false},"author":2,"featured_media":-1,"parent":941,"menu_order":10,"comment_status":"closed","ping_status":"closed","template":"","meta":{"_acf_changed":false,"inline_featured_image":false,"footnotes":""},"class_list":["post-2435","page","type-page","status-publish","has-post-thumbnail","hentry"],"acf":[],"aioseo_notices":[],"_links":{"self":[{"href":"https:\/\/www.schroedergroup.eu\/de\/wp-json\/wp\/v2\/pages\/2435","targetHints":{"allow":["GET"]}}],"collection":[{"href":"https:\/\/www.schroedergroup.eu\/de\/wp-json\/wp\/v2\/pages"}],"about":[{"href":"https:\/\/www.schroedergroup.eu\/de\/wp-json\/wp\/v2\/types\/page"}],"author":[{"embeddable":true,"href":"https:\/\/www.schroedergroup.eu\/de\/wp-json\/wp\/v2\/users\/2"}],"replies":[{"embeddable":true,"href":"https:\/\/www.schroedergroup.eu\/de\/wp-json\/wp\/v2\/comments?post=2435"}],"version-history":[{"count":24,"href":"https:\/\/www.schroedergroup.eu\/de\/wp-json\/wp\/v2\/pages\/2435\/revisions"}],"predecessor-version":[{"id":14198,"href":"https:\/\/www.schroedergroup.eu\/de\/wp-json\/wp\/v2\/pages\/2435\/revisions\/14198"}],"up":[{"embeddable":true,"href":"https:\/\/www.schroedergroup.eu\/de\/wp-json\/wp\/v2\/pages\/941"}],"wp:featuredmedia":[{"embeddable":true,"href":"https:\/\/www.schroedergroup.eu\/de\/wp-json\/"}],"wp:attachment":[{"href":"https:\/\/www.schroedergroup.eu\/de\/wp-json\/wp\/v2\/media?parent=2435"}],"curies":[{"name":"wp","href":"https:\/\/api.w.org\/{rel}","templated":true}]}}