{"id":2425,"date":"2016-11-29T12:00:31","date_gmt":"2016-11-29T11:00:31","guid":{"rendered":"http:\/\/www.schroedergroup.eu\/de\/?page_id=2425"},"modified":"2025-08-07T13:33:26","modified_gmt":"2025-08-07T11:33:26","slug":"pdc-nc","status":"publish","type":"page","link":"https:\/\/www.schroedergroup.eu\/de\/produkte\/maschinen\/maschinen-zum-schneiden\/pdc-nc\/","title":{"rendered":"PDC-NC"},"content":{"rendered":"<div class=\"wpb-content-wrapper\"><p>[vc_row css=&#8220;.vc_custom_1464864323661{margin: 0px !important;padding: 0px !important;}&#8220;][vc_column width=&#8220;5\/6&#8243; css=&#8220;.vc_custom_1464864359760{margin: 0px !important;padding: 0px !important;}&#8220;][vc_custom_heading text=&#8220;PDC-NC&#8220; font_container=&#8220;tag:h1|text_align:left&#8220; use_theme_fonts=&#8220;yes&#8220;][\/vc_column][vc_column width=&#8220;1\/6&#8243;][\/vc_column][\/vc_row][vc_row][vc_column][vc_tta_tabs shape=&#8220;square&#8220; active_section=&#8220;1&#8243;][vc_tta_section title=&#8220;\u00dcberblick&#8220; tab_id=&#8220;ueberblick&#8220;][vc_row_inner][vc_column_inner width=&#8220;3\/6&#8243;][vc_images_carousel images=&#8220;7832,7833,2394,2395,2391,2390,2389,2388,2387,1348&#8243; img_size=&#8220;full&#8220; autoplay=&#8220;yes&#8220; wrap=&#8220;yes&#8220; css=&#8220;&#8220;][\/vc_column_inner][vc_column_inner width=&#8220;2\/6&#8243;][vc_custom_heading text=&#8220;\u00dcberblick&#8220; use_theme_fonts=&#8220;yes&#8220;][vc_column_text]Motor-Tafelschere PDC-NC baut technisch auf die PDC auf. Mit der Schnittspaltverstellung, einer sehr umfangreichen Grundausstattung und dem entsprechenden Design ist die PDC-NC eine beachtliche Aufwertung zur PDC. F\u00fcr den anspruchsvollen Anwender wird hier Top-Technik und Top-Ausf\u00fchrung geboten.<\/p>\n<p>Jetzt neu:<\/p>\n<ul>\n<li class=\"Default\"><span style=\"font-size: 11.0pt; font-family: 'Arial',sans-serif;\">Neue Steuerung Classic Cut: Eingaben jetzt \u00fcber ein Touchdisplay<\/span><\/li>\n<li class=\"Default\"><span style=\"font-family: Arial, sans-serif; font-size: 11pt;\">Kettenma\u00dffunktion f\u00fcr Serienschnitt<\/span><\/li>\n<li class=\"Default\"><span style=\"font-size: 11.0pt; font-family: 'Arial',sans-serif;\">Motorische Schnittspaltverstellung<\/span><\/li>\n<li class=\"Default\"><span style=\"font-family: Arial, sans-serif; font-size: 11pt;\">Servomotoren zum pr\u00e4zisen Positionieren des Anschlags<\/span><\/li>\n<\/ul>\n<p>[\/vc_column_text][\/vc_column_inner][vc_column_inner el_class=&#8220;downloads&#8220; width=&#8220;1\/6&#8243;][vc_column_text]<strong>Prospekte:<\/strong><br \/>\n<a href=\"https:\/\/www.schroedergroup.eu\/wp-content\/uploads\/pdf\/Prospekte_DE\/Motormaschinen_Scheren_DE_web.pdf\" target=\"_blank\" rel=\"noopener\">deutsch<\/a><a class=\"lang\" title=\"Software Control English\" href=\"https:\/\/www.schroedergroup.eu\/wp-content\/uploads\/pdf\/Prospekte_DE\/Motormaschinen_Scheren_DE_web.pdf\" target=\"_blank\" rel=\"noopener\"><br \/>\n<\/a><a href=\"https:\/\/www.schroedergroup.eu\/wp-content\/uploads\/pdf\/Prospekte_EN\/Motormaschinen_Scheren_EN_web.pdf\" target=\"_blank\" rel=\"noopener\">english<\/a>[\/vc_column_text][vc_separator color=&#8220;custom&#8220; accent_color=&#8220;#90be1e&#8220;][vc_column_text]<strong>Video:<\/strong><br \/>\n<a href=\"https:\/\/www.youtube.com\/watch?v=bqPRiJR6MMY\">Video PDC-NC mit Cut Control<\/a>[\/vc_column_text][\/vc_column_inner][\/vc_row_inner][\/vc_tta_section][vc_tta_section title=&#8220;Details&#8220; tab_id=&#8220;details&#8220;][vc_row_inner][vc_column_inner width=&#8220;5\/6&#8243;][vc_custom_heading text=&#8220;Details&#8220; use_theme_fonts=&#8220;yes&#8220;][vc_column_text]<\/p>\n<ul>\n<li>NC-Positioniersteuerung Classic Cut, Eingabe \u00fcber Touchdisplay, Servomotor am motorischen Hinteranschlag 6 &#8211; 750 mm<\/li>\n<li>Schnittz\u00e4hler<\/li>\n<li>Niederhalter mit Hartgummileiste zur Schonung polierter Bleche<\/li>\n<li>Manuelle Schnittspaltverstellung, beidseitig<\/li>\n<li>Rechter verl\u00e4ngerter Winkelanschlag mit T-Nut und Ma\u00dfstab 1000 mm<\/li>\n<li>Ganzstahlmesser 2-schneidig<\/li>\n<li>2 Auflagekonsolen mit T-Nut und Ma\u00dfstab 1000 mm (3 Konsolen bei Nutzl\u00e4nge 4000 mm)<\/li>\n<li>Pneumatisch gesteuerte Blechhochhaltevorrichtung nach vorne mit Blechrutsche, max. 750 mm<br \/>\n<strong>wahlweise<\/strong><br \/>\nnach hinten, ohne Blechrutsche (Bei Bestellung angeben!)<\/li>\n<li>Tischaufbau mit auswechselbaren Edelstahl-Auflageblechen mit Griffmulden<\/li>\n<li>Beidseitige Antriebe<\/li>\n<li>Fu\u00dfschalter<\/li>\n<li>Fundamentplatten incl. D\u00fcbel<\/li>\n<li>Sicherheitspaket CE<\/li>\n<\/ul>\n<p>[\/vc_column_text][\/vc_column_inner][vc_column_inner el_class=&#8220;downloads&#8220; width=&#8220;1\/6&#8243;][vc_column_text]<strong>Prospekte:<\/strong><br \/>\n<a href=\"https:\/\/www.schroedergroup.eu\/wp-content\/uploads\/pdf\/Prospekte_DE\/Motormaschinen_Scheren_DE_web.pdf\" target=\"_blank\" rel=\"noopener\">deutsch<\/a><a class=\"lang\" title=\"Software Control English\" href=\"https:\/\/www.schroedergroup.eu\/wp-content\/uploads\/pdf\/Prospekte_DE\/Motormaschinen_Scheren_DE_web.pdf\" target=\"_blank\" rel=\"noopener\"><br \/>\n<\/a><a href=\"https:\/\/www.schroedergroup.eu\/wp-content\/uploads\/pdf\/Prospekte_EN\/Motormaschinen_Scheren_EN_web.pdf\" target=\"_blank\" rel=\"noopener\">english<\/a>[\/vc_column_text][vc_separator color=&#8220;custom&#8220; accent_color=&#8220;#90be1e&#8220;][vc_column_text]<strong>Video:<\/strong><br \/>\n<a href=\"https:\/\/www.youtube.com\/watch?v=bqPRiJR6MMY\">Video PDC-NC mit Cut Control<\/a>[\/vc_column_text][\/vc_column_inner][\/vc_row_inner][\/vc_tta_section][vc_tta_section title=&#8220;Optionen&#8220; tab_id=&#8220;optionen&#8220;][vc_row_inner][vc_column_inner][vc_custom_heading text=&#8220;Optionen&#8220;][vc_column_text]Optionen<\/p>\n<ul>\n<li>Messer zum Schneiden von Edelstahl<\/li>\n<li>Manueller Hinteranschlag 1000 mm, von vorne verstellbar mit Digitalanzeige<\/li>\n<li>NC-Positionieranschlag Classic Cut 750 mm oder 1000 mm<\/li>\n<li>Anschlagerweiterung bis 1000 mm<\/li>\n<li>Longlife-Lagerung<\/li>\n<li>Hinteranschlag mit Kugelumlaufspindeln<\/li>\n<li>Blechhochhaltevorrichtung pneumatisch gesteuert, nach vorne 750 mm oder 1000 mm<\/li>\n<li>Blechhochhaltevorrichtung pneumatisch gesteuert nach hinten, Auflagebreite 750 mm<\/li>\n<li>Tischauflage in geschlossener Ausf\u00fchrung, Auflagebleche und Konsolen mit Kugelrollen<\/li>\n<li>Verl\u00e4ngerter Winkelanschlag (rechts oder links) mit T-Nut und Ma\u00dfstab<\/li>\n<li>Kippanschlag zum Einlegen in die T-Nut<\/li>\n<li>Zus\u00e4tzlicher verl\u00e4ngerter Winkelanschlag (rechts oder links) mit T-Nut und Ma\u00dfstab<\/li>\n<li>Verl\u00e4ngerter Winkelanschlag (rechts oder links) mit Ma\u00dfstab incl. seitlichem Klappanschlag auf Linearf\u00fchrung<\/li>\n<li>Verl\u00e4ngerter Winkelanschlag (rechts oder links) mit elektronischem L\u00e4ngenmesssystem, Feineinstellung und seitlichem Klappanschlag auf Linearf\u00fchrung<\/li>\n<li>Verstellbarer Winkelanschlag mit Gradeinteilung 0 &#8211; 180\u00b0<\/li>\n<li>Linearf\u00fchrung stirnseitig f\u00fcr verschiebbare T-Nuten Konsolen (ohne Konsole)<\/li>\n<li>Verschiebbare Konsole f\u00fcr stirnseitige Linearf\u00fchrung einschl. T-Nut und Ma\u00dfstab<\/li>\n<li>Motorische Schnittspaltverstellung (nur in Verbindung mit Positioniersteuerung &#8222;Cut Control&#8220;)<\/li>\n<li>LED Schnittkantenbeleuchtung<\/li>\n<li>Pneumatischer Niederhalter<\/li>\n<li>Schnittz\u00e4hler<\/li>\n<li>Blechstapelwagen, schr\u00e4ge Ausf\u00fchrung, f\u00fcr hinten<\/li>\n<li>Blechstapelwagen, schr\u00e4ge Ausf\u00fchrung, f\u00fcr vorne (nur in Verbindung mit Arbeitserh\u00f6hung 950 mm und verk\u00fcrzter Blechrutsche)<\/li>\n<li>Arbeitserh\u00f6hung auf 950 mm<\/li>\n<li>Verk\u00fcrzte Blechrutsche<\/li>\n<\/ul>\n<p>[\/vc_column_text][\/vc_column_inner][\/vc_row_inner][\/vc_tta_section][vc_tta_section title=&#8220;Technische Daten&#8220; tab_id=&#8220;technische-daten&#8220;][vc_row_inner][vc_column_inner width=&#8220;5\/6&#8243;][vc_custom_heading text=&#8220;Technische Daten&#8220; use_theme_fonts=&#8220;yes&#8220;][vc_column_text]<\/p>\n<table border=\"0\">\n<tbody>\n<tr>\n<td class=\"BeschtiftungTyp\">Typ<\/td>\n<td class=\"BeschriftungOben\">Leistung<\/td>\n<td class=\"BeschriftungOben\">Nutzl\u00e4nge<\/td>\n<td class=\"BeschriftungOben\">Schnittwinkel<\/td>\n<td class=\"BeschriftungOben\">Hubzahl<\/td>\n<td class=\"BeschriftungOben\">Antriebsleistung<\/td>\n<\/tr>\n<tr>\n<td class=\"Maschinentypen\"><\/td>\n<td>[mm]<\/td>\n<td>[mm]<\/td>\n<td>[\u00b0]<\/td>\n<td>[pro min.]<\/td>\n<td>[kW]<\/td>\n<\/tr>\n<tr>\n<td class=\"Maschinentypen\">3200&#215;3,0<\/td>\n<td>3,00<\/td>\n<td align=\"right\">3230<\/td>\n<td align=\"right\">1,6<\/td>\n<td align=\"right\">34<\/td>\n<td>2&#215;4,0<\/td>\n<\/tr>\n<tr>\n<td class=\"Maschinentypen\">4000&#215;2,5<\/td>\n<td align=\"right\">2,50<\/td>\n<td align=\"right\">4080<\/td>\n<td align=\"right\">1,3<\/td>\n<td align=\"right\">34<\/td>\n<td>2&#215;4,0<\/td>\n<\/tr>\n<\/tbody>\n<\/table>\n<p>[\/vc_column_text][\/vc_column_inner][vc_column_inner el_class=&#8220;downloads&#8220; width=&#8220;1\/6&#8243;][vc_column_text]<strong>Prospekte:<\/strong><br \/>\n<a href=\"http:\/\/www.schroedergroup.eu\/wp-content\/uploads\/pdf\/Prospekte_DE\/PDC_DE_Mail.pdf\">deutsch<\/a><a class=\"lang\" title=\"Software Control English\" href=\"http:\/\/www.schroedergroup.eu\/wp-content\/uploads\/pdf\/Prospekte_EN\/PowerShear-EN_Mail.pdf\" target=\"_blank\" rel=\"noopener noreferrer\"><br \/>\n<\/a><a href=\"http:\/\/www.schroedergroup.eu\/wp-content\/uploads\/pdf\/Prospekte_EN\/PDC_EN_Mail.pdf\">english<\/a>[\/vc_column_text][vc_separator color=&#8220;custom&#8220; accent_color=&#8220;#90be1e&#8220;][vc_column_text]<strong>Video:<\/strong><br \/>\n<a href=\"https:\/\/www.youtube.com\/watch?v=bqPRiJR6MMY\">Video PDC-NC mit Cut Control<\/a>[\/vc_column_text][\/vc_column_inner][\/vc_row_inner][\/vc_tta_section][\/vc_tta_tabs][\/vc_column][\/vc_row][vc_row][vc_column][vc_column_text]<!--more-->[\/vc_column_text][\/vc_column][\/vc_row]<\/p>\n<\/div>","protected":false},"excerpt":{"rendered":"<p>[vc_row css=&#8220;.vc_custom_1464864323661{margin: 0px !important;padding: 0px !important;}&#8220;][vc_column width=&#8220;5\/6&#8243; css=&#8220;.vc_custom_1464864359760{margin: 0px !important;padding: 0px !important;}&#8220;][vc_custom_heading text=&#8220;PDC-NC&#8220; font_container=&#8220;tag:h1|text_align:left&#8220; use_theme_fonts=&#8220;yes&#8220;][\/vc_column][vc_column width=&#8220;1\/6&#8243;][\/vc_column][\/vc_row][vc_row][vc_column][vc_tta_tabs shape=&#8220;square&#8220; active_section=&#8220;1&#8243;][vc_tta_section title=&#8220;\u00dcberblick&#8220; tab_id=&#8220;ueberblick&#8220;][vc_row_inner][vc_column_inner width=&#8220;3\/6&#8243;][vc_images_carousel images=&#8220;7832,7833,2394,2395,2391,2390,2389,2388,2387,1348&#8243; img_size=&#8220;full&#8220; autoplay=&#8220;yes&#8220; wrap=&#8220;yes&#8220; css=&#8220;&#8220;][\/vc_column_inner][vc_column_inner<span class=\"excerpt-hellip\"> [\u2026]<\/span><\/p>\n","protected":false},"author":2,"featured_media":-1,"parent":941,"menu_order":10,"comment_status":"closed","ping_status":"closed","template":"","meta":{"_acf_changed":false,"inline_featured_image":false,"footnotes":""},"class_list":["post-2425","page","type-page","status-publish","has-post-thumbnail","hentry"],"acf":[],"aioseo_notices":[],"_links":{"self":[{"href":"https:\/\/www.schroedergroup.eu\/de\/wp-json\/wp\/v2\/pages\/2425","targetHints":{"allow":["GET"]}}],"collection":[{"href":"https:\/\/www.schroedergroup.eu\/de\/wp-json\/wp\/v2\/pages"}],"about":[{"href":"https:\/\/www.schroedergroup.eu\/de\/wp-json\/wp\/v2\/types\/page"}],"author":[{"embeddable":true,"href":"https:\/\/www.schroedergroup.eu\/de\/wp-json\/wp\/v2\/users\/2"}],"replies":[{"embeddable":true,"href":"https:\/\/www.schroedergroup.eu\/de\/wp-json\/wp\/v2\/comments?post=2425"}],"version-history":[{"count":41,"href":"https:\/\/www.schroedergroup.eu\/de\/wp-json\/wp\/v2\/pages\/2425\/revisions"}],"predecessor-version":[{"id":14120,"href":"https:\/\/www.schroedergroup.eu\/de\/wp-json\/wp\/v2\/pages\/2425\/revisions\/14120"}],"up":[{"embeddable":true,"href":"https:\/\/www.schroedergroup.eu\/de\/wp-json\/wp\/v2\/pages\/941"}],"wp:featuredmedia":[{"embeddable":true,"href":"https:\/\/www.schroedergroup.eu\/de\/wp-json\/"}],"wp:attachment":[{"href":"https:\/\/www.schroedergroup.eu\/de\/wp-json\/wp\/v2\/media?parent=2425"}],"curies":[{"name":"wp","href":"https:\/\/api.w.org\/{rel}","templated":true}]}}