{"id":2400,"date":"2016-11-29T09:43:08","date_gmt":"2016-11-29T08:43:08","guid":{"rendered":"http:\/\/www.schroedergroup.eu\/de\/?page_id=2400"},"modified":"2025-10-01T13:45:45","modified_gmt":"2025-10-01T11:45:45","slug":"mhsu","status":"publish","type":"page","link":"https:\/\/www.schroedergroup.eu\/de\/produkte\/maschinen\/maschinen-zum-schneiden\/mhsu\/","title":{"rendered":"MHSU"},"content":{"rendered":"<div class=\"wpb-content-wrapper\"><p>[vc_row css=&#8220;.vc_custom_1464864323661{margin: 0px !important;padding: 0px !important;}&#8220;][vc_column width=&#8220;5\/6&#8243; css=&#8220;.vc_custom_1464864359760{margin: 0px !important;padding: 0px !important;}&#8220;][vc_custom_heading text=&#8220;MHSU&#8220; font_container=&#8220;tag:h1|text_align:left&#8220; use_theme_fonts=&#8220;yes&#8220;][\/vc_column][vc_column width=&#8220;1\/6&#8243;][\/vc_column][\/vc_row][vc_row][vc_column][vc_tta_tabs shape=&#8220;square&#8220; active_section=&#8220;1&#8243;][vc_tta_section title=&#8220;\u00dcberblick&#8220; tab_id=&#8220;ueberblick&#8220;][vc_row_inner][vc_column_inner width=&#8220;3\/6&#8243;][vc_images_carousel images=&#8220;13149,13156,13160,13158,2409,2402,2412,2403&#8243; img_size=&#8220;full&#8220; autoplay=&#8220;yes&#8220; wrap=&#8220;yes&#8220; css=&#8220;&#8220;][\/vc_column_inner][vc_column_inner width=&#8220;2\/6&#8243;][vc_custom_heading text=&#8220;\u00dcberblick&#8220; use_theme_fonts=&#8220;yes&#8220;][vc_column_text]Die Motortafelschere MHSU ist das Einstiegsmodell bei unseren motorischen Tafelscheren. Klein und kompakt in der Grundversion, f\u00fcr viele spezielle Aufgaben einsetzbar durch eine Vielzahl von Ausstattungsm\u00f6glichkeiten.[\/vc_column_text][\/vc_column_inner][vc_column_inner el_class=&#8220;downloads&#8220; width=&#8220;1\/6&#8243;][vc_column_text]<strong>Prospekte:<\/strong><br \/>\n<a href=\"https:\/\/www.schroedergroup.eu\/wp-content\/uploads\/pdf\/Prospekte_DE\/Motormaschinen_Scheren_DE_web.pdf\" target=\"_blank\" rel=\"noopener\">deutsch<\/a><a class=\"lang\" title=\"Software Control English\" href=\"http:\/\/www.schroedergroup.eu\/wp-content\/uploads\/pdf\/Prospekte_EN\/PowerShear-EN_Mail.pdf\" target=\"_blank\" rel=\"noopener noreferrer\"><br \/>\n<\/a><a href=\"https:\/\/www.schroedergroup.eu\/wp-content\/uploads\/pdf\/Prospekte_EN\/Motormaschinen_Scheren_EN_web.pdf\" target=\"_blank\" rel=\"noopener\">english<\/a>[\/vc_column_text][vc_separator color=&#8220;custom&#8220; accent_color=&#8220;#90be1e&#8220;][\/vc_column_inner][\/vc_row_inner][\/vc_tta_section][vc_tta_section title=&#8220;Details&#8220; tab_id=&#8220;details&#8220;][vc_row_inner][vc_column_inner width=&#8220;5\/6&#8243;][vc_custom_heading text=&#8220;Details&#8220; use_theme_fonts=&#8220;yes&#8220;][vc_column_text css=&#8220;&#8220;]<\/p>\n<ul>\n<li>Manueller Hinteranschlag 750 mm von vorne verstellbar mit Digitalanzeige<\/li>\n<li>Niederhalter mit Hartgummileiste zur Schonung polierter Bleche<\/li>\n<li>Verl\u00e4ngerter, ausziehbarer Auflagetisch<\/li>\n<li>Ganzstahlmesser 2-schneidig<\/li>\n<li>R\u00fcckraumabsicherung gem. CE \u00fcber 3-strahlige Lichtschranke und seitlichem Schutzgitter<\/li>\n<li>Einstellbarer Winkelanschlag links und rechts mit Skala<\/li>\n<li>Einstiche in 10 mm Abstand parallel zum Untermesser \u00fcber den gesamten Tischverlauf<\/li>\n<li>Wahlschalter f\u00fcr Einzel- und Dauerhub<\/li>\n<li>Fu\u00dfschalter<\/li>\n<li>Fundamentplatten incl. D\u00fcbel<\/li>\n<li>Arbeitsh\u00f6he 920 mm<\/li>\n<\/ul>\n<p>[\/vc_column_text][\/vc_column_inner][vc_column_inner el_class=&#8220;downloads&#8220; width=&#8220;1\/6&#8243;][vc_column_text]<strong>Prospekte:<\/strong><br \/>\n<a href=\"https:\/\/www.schroedergroup.eu\/wp-content\/uploads\/pdf\/Prospekte_DE\/Motormaschinen_Scheren_DE_web.pdf\" target=\"_blank\" rel=\"noopener\">deutsch<\/a><a class=\"lang\" title=\"Software Control English\" href=\"http:\/\/www.schroedergroup.eu\/wp-content\/uploads\/pdf\/Prospekte_EN\/PowerShear-EN_Mail.pdf\" target=\"_blank\" rel=\"noopener noreferrer\"><br \/>\n<\/a><a href=\"https:\/\/www.schroedergroup.eu\/wp-content\/uploads\/pdf\/Prospekte_EN\/Motormaschinen_Scheren_EN_web.pdf\" target=\"_blank\" rel=\"noopener\">english<\/a>[\/vc_column_text][vc_separator color=&#8220;custom&#8220; accent_color=&#8220;#90be1e&#8220;][\/vc_column_inner][\/vc_row_inner][\/vc_tta_section][vc_tta_section title=&#8220;Technische Daten&#8220; tab_id=&#8220;technische-daten&#8220;][vc_row_inner][vc_column_inner width=&#8220;5\/6&#8243;][vc_custom_heading text=&#8220;Technische Daten&#8220; use_theme_fonts=&#8220;yes&#8220;][vc_column_text css=&#8220;&#8220;]<\/p>\n<table border=\"0\">\n<tbody>\n<tr>\n<td class=\"BeschtiftungTyp\">Typ<\/td>\n<td class=\"BeschriftungOben\">Leistung<\/td>\n<td class=\"BeschriftungOben\">Nutzl\u00e4nge<\/td>\n<td class=\"BeschriftungOben\">Schnittwinkel<\/td>\n<td class=\"BeschriftungOben\">Hubzahl<\/td>\n<td class=\"BeschriftungOben\">Antriebsleistung<\/td>\n<\/tr>\n<tr>\n<td class=\"Maschinentypen\"><\/td>\n<td>[mm]<\/td>\n<td>[mm]<\/td>\n<td>[\u00b0]<\/td>\n<td>[pro min.]<\/td>\n<td>[kW]<\/td>\n<\/tr>\n<tr>\n<td class=\"Maschinentypen\">1250&#215;4,0<\/td>\n<td style=\"text-align: right;\" align=\"right\">4,00<\/td>\n<td align=\"right\">1280<\/td>\n<td align=\"right\">2,0<\/td>\n<td align=\"right\">34<\/td>\n<td align=\"right\">4,0<\/td>\n<\/tr>\n<tr>\n<td class=\"Maschinentypen\">1500&#215;2,5<\/td>\n<td align=\"right\">2,50<\/td>\n<td align=\"right\">1530<\/td>\n<td align=\"right\">2,7<\/td>\n<td align=\"right\">34<\/td>\n<td align=\"right\">3,4<\/td>\n<\/tr>\n<tr>\n<td class=\"Maschinentypen\">1500&#215;4,0<\/td>\n<td align=\"right\">4,00<\/td>\n<td align=\"right\">1530<\/td>\n<td align=\"right\">2,7<\/td>\n<td align=\"right\">34<\/td>\n<td align=\"right\">4,0<\/td>\n<\/tr>\n<tr>\n<td class=\"Maschinentypen\">2000&#215;2,5<\/td>\n<td align=\"right\">2,50<\/td>\n<td align=\"right\">2030<\/td>\n<td align=\"right\">2,0<\/td>\n<td align=\"right\">34<\/td>\n<td align=\"right\">3,4<\/td>\n<\/tr>\n<tr>\n<td class=\"Maschinentypen\">2000&#215;3,0<\/td>\n<td align=\"right\">3,00<\/td>\n<td align=\"right\">2030<\/td>\n<td align=\"right\">2,0<\/td>\n<td align=\"right\">34<\/td>\n<td align=\"right\">4,0<\/td>\n<\/tr>\n<tr>\n<td class=\"Maschinentypen\">2500&#215;2,0<\/td>\n<td align=\"right\">2,00<\/td>\n<td align=\"right\">2530<\/td>\n<td align=\"right\">1,7<\/td>\n<td align=\"right\">34<\/td>\n<td align=\"right\">3,4<\/td>\n<\/tr>\n<tr>\n<td class=\"Maschinentypen\">2500&#215;2,5<\/td>\n<td align=\"right\">2,50<\/td>\n<td align=\"right\">2530<\/td>\n<td align=\"right\">1,7<\/td>\n<td align=\"right\">34<\/td>\n<td align=\"right\">4,0<\/td>\n<\/tr>\n<tr>\n<td class=\"Maschinentypen\">3200&#215;1,5<\/td>\n<td align=\"right\">1,50<\/td>\n<td align=\"right\">3230<\/td>\n<td align=\"right\">1,3<\/td>\n<td align=\"right\">34<\/td>\n<td align=\"right\">3,4<\/td>\n<\/tr>\n<tr>\n<td class=\"Maschinentypen\">3200&#215;2,0<\/td>\n<td align=\"right\">2,00<\/td>\n<td align=\"right\">3230<\/td>\n<td align=\"right\">1,3<\/td>\n<td align=\"right\">34<\/td>\n<td align=\"right\">4,0<\/td>\n<\/tr>\n<\/tbody>\n<\/table>\n<p>[\/vc_column_text][\/vc_column_inner][vc_column_inner el_class=&#8220;downloads&#8220; width=&#8220;1\/6&#8243;][vc_column_text]<strong>Prospekte:<\/strong><br \/>\n<a href=\"https:\/\/www.schroedergroup.eu\/wp-content\/uploads\/pdf\/Prospekte_DE\/Motormaschinen_Scheren_DE_web.pdf\" target=\"_blank\" rel=\"noopener\">deutsch<\/a><a class=\"lang\" title=\"Software Control English\" href=\"http:\/\/www.schroedergroup.eu\/wp-content\/uploads\/pdf\/Prospekte_EN\/PowerShear-EN_Mail.pdf\" target=\"_blank\" rel=\"noopener noreferrer\"><br \/>\n<\/a><a href=\"https:\/\/www.schroedergroup.eu\/wp-content\/uploads\/pdf\/Prospekte_EN\/Motormaschinen_Scheren_EN_web.pdf\" target=\"_blank\" rel=\"noopener\">english<\/a>[\/vc_column_text][vc_separator color=&#8220;custom&#8220; accent_color=&#8220;#90be1e&#8220;][\/vc_column_inner][\/vc_row_inner][\/vc_tta_section][vc_tta_section title=&#8220;Optionen&#8220; tab_id=&#8220;optionen&#8220;][vc_row_inner][vc_column_inner width=&#8220;5\/6&#8243;][vc_custom_heading text=&#8220;Optionen&#8220; use_theme_fonts=&#8220;yes&#8220;][vc_column_text css=&#8220;&#8220;]Optionen<\/p>\n<ul>\n<li>Schrauben zur Feinjustierung von Schnittgut unter 0,5 mm<\/li>\n<li>Messer zum Schneiden von Edelstahl<\/li>\n<li>Manueller Hinteranschlag 1000 mm, von vorne verstellbar mit Digitalanzeige<\/li>\n<li>NC-Positionieranschlag ClassicCut Touch-Steuerung am drehbaren Panel<\/li>\n<li>Blechhochhaltevorrichtung pneumatisch gesteuert, nach hinten\n<ul>\n<li>Abspenden nach hinten<\/li>\n<li>Wippenabstand zum Untermesser wahlweise einstellbar durch &#8222;Schnellverstellung&#8220; auf 10-40-70 mm<\/li>\n<li>Mechanische Freischwenkfunktion (Abstand zwischen Anschlagwinkel und abgesenkter Wippe)<\/li>\n<li>Einstellbarer Abschwenkwinkel (von 25\u00b0 bis 10\u00b0)<\/li>\n<li>inkl. Blechrutsche nach vorne (ohne Wagen)<\/li>\n<\/ul>\n<\/li>\n<li>Variante 1 Blechhochhaltevorrichtung pneumatisch gesteuert nach vorne incl. Blechrutsche<\/li>\n<li>Variante 2 Kombi-BHV (nur in Verbindung mit ClassicCut), pneumatisch gesteuerte BHV mit folgenden Funktionen:\n<ul>\n<li>Abspenden nach vorne inkl. Blechruschte<\/li>\n<li>Querteilfunktion nach hinten inkl. Sicherheitspaket<\/li>\n<\/ul>\n<\/li>\n<li>Variante 3 Kombi-BHV (nur in Verbindung mit ClassicCut), pneumatisch gesteuerte BHV mit folgenden Funktionen:\n<ul>\n<li>Abspenden nach vorne inkl. Blechruschte<\/li>\n<li>Abspenden nach hinten mit Stapelfunktion<\/li>\n<li>Wippe mit Kunststoffrollen<\/li>\n<\/ul>\n<\/li>\n<li>Blechhochhaltevorrichtung nach vorne, bei Anschlagerweiterung bis 1000 mm<\/li>\n<li>2 Auflagekonsolen mit T-Nut incl. Ma\u00dfstab (ausziehbarer Auflagetisch entf\u00e4llt)<\/li>\n<li>Verl\u00e4ngerter Winkelanschlag (rechts oder links) mit Ma\u00dfstab<\/li>\n<li>Verl\u00e4ngerter Winkelanschlag (rechts oder links) mit Ma\u00dfstab incl. seitlichem Klappanschlag auf Linearf\u00fchrung<\/li>\n<li>Verl\u00e4ngerter Winkelanschlag (rechts oder links) mit elektronischem L\u00e4ngenmesssystem, Feineinstellung und seitlichem Klappanschlag auf Linearf\u00fchrung<\/li>\n<li>Verstellbarer Winkelanschlag mit Gradeinteilung 0 &#8211; 180\u00b0<\/li>\n<li>T-Nut im Tisch 400 mm<\/li>\n<li>Kippanschlag zum Einlegen in die T-Nut<\/li>\n<li>Linearf\u00fchrung stirnseitig f\u00fcr verschiebbare T-Nuten Konsolen (ohne Konsole)<\/li>\n<li>Verschiebbare Konsole f\u00fcr stirnseitige Linearf\u00fchrung einschl. T-Nut und Ma\u00dfstab<\/li>\n<li>Longlife Lagerung, Kurbelstange mit Pendelrollenlager, Pleuelstangen mit Nadellager<\/li>\n<li>LED Schnittkantenbeleuchtung<\/li>\n<li>Pneumatischer Niederhalter<\/li>\n<li>Schnittz\u00e4hler (bei ClassicCut incl.)<\/li>\n<li>Verl\u00e4ngerte Blechrutsche nach vorne<\/li>\n<li>Rutschenwagen einfach mit 4 Lenkrollen, 2 feststellbar<br \/>\n(f\u00fcr Zuschnitte bis max. 500 mm bis max. 200 kg)<\/li>\n<li>Rutschenwagen (ohne Blecheinlagen) einsetzbar nur in Verbindung mit Blechhochhaltevorrichtung wahlweise nach vorne und hinten mit 4 Lenkrollen, 2 feststellbar<br \/>\n(f\u00fcr Zuschnitte bis max. 750 mm bis max. 400 kg)<\/li>\n<li>Satz Stapelbleche f\u00fcr Rutschenwagen, maximale Stapelh\u00f6he 30 mm<\/li>\n<li>Ergonomischer Stapelwagen rahmengef\u00fchrt auf Lenkrollen f\u00fcr Kombi-BHV Variante 3 und BHV nach hinten (Voraussetzung: Wippe mit Rollen) zum Abstapeln nach hinten auf 675 mm H\u00f6he, max. Zuladung 400 kg, Stapelh\u00f6he ca. 100 mm<\/li>\n<\/ul>\n<p>[\/vc_column_text][\/vc_column_inner][vc_column_inner width=&#8220;1\/6&#8243;][\/vc_column_inner][\/vc_row_inner][\/vc_tta_section][\/vc_tta_tabs][\/vc_column][\/vc_row][vc_row][vc_column][vc_column_text]<!--more-->[\/vc_column_text][\/vc_column][\/vc_row]<\/p>\n<\/div>","protected":false},"excerpt":{"rendered":"<p>[vc_row css=&#8220;.vc_custom_1464864323661{margin: 0px !important;padding: 0px !important;}&#8220;][vc_column width=&#8220;5\/6&#8243; css=&#8220;.vc_custom_1464864359760{margin: 0px !important;padding: 0px !important;}&#8220;][vc_custom_heading text=&#8220;MHSU&#8220; font_container=&#8220;tag:h1|text_align:left&#8220; use_theme_fonts=&#8220;yes&#8220;][\/vc_column][vc_column width=&#8220;1\/6&#8243;][\/vc_column][\/vc_row][vc_row][vc_column][vc_tta_tabs shape=&#8220;square&#8220; active_section=&#8220;1&#8243;][vc_tta_section title=&#8220;\u00dcberblick&#8220; tab_id=&#8220;ueberblick&#8220;][vc_row_inner][vc_column_inner width=&#8220;3\/6&#8243;][vc_images_carousel images=&#8220;13149,13156,13160,13158,2409,2402,2412,2403&#8243; img_size=&#8220;full&#8220; autoplay=&#8220;yes&#8220; wrap=&#8220;yes&#8220; css=&#8220;&#8220;][\/vc_column_inner][vc_column_inner<span class=\"excerpt-hellip\"> [\u2026]<\/span><\/p>\n","protected":false},"author":2,"featured_media":-1,"parent":941,"menu_order":10,"comment_status":"closed","ping_status":"closed","template":"","meta":{"_acf_changed":false,"inline_featured_image":false,"footnotes":""},"class_list":["post-2400","page","type-page","status-publish","has-post-thumbnail","hentry"],"acf":[],"aioseo_notices":[],"_links":{"self":[{"href":"https:\/\/www.schroedergroup.eu\/de\/wp-json\/wp\/v2\/pages\/2400","targetHints":{"allow":["GET"]}}],"collection":[{"href":"https:\/\/www.schroedergroup.eu\/de\/wp-json\/wp\/v2\/pages"}],"about":[{"href":"https:\/\/www.schroedergroup.eu\/de\/wp-json\/wp\/v2\/types\/page"}],"author":[{"embeddable":true,"href":"https:\/\/www.schroedergroup.eu\/de\/wp-json\/wp\/v2\/users\/2"}],"replies":[{"embeddable":true,"href":"https:\/\/www.schroedergroup.eu\/de\/wp-json\/wp\/v2\/comments?post=2400"}],"version-history":[{"count":44,"href":"https:\/\/www.schroedergroup.eu\/de\/wp-json\/wp\/v2\/pages\/2400\/revisions"}],"predecessor-version":[{"id":14234,"href":"https:\/\/www.schroedergroup.eu\/de\/wp-json\/wp\/v2\/pages\/2400\/revisions\/14234"}],"up":[{"embeddable":true,"href":"https:\/\/www.schroedergroup.eu\/de\/wp-json\/wp\/v2\/pages\/941"}],"wp:featuredmedia":[{"embeddable":true,"href":"https:\/\/www.schroedergroup.eu\/de\/wp-json\/"}],"wp:attachment":[{"href":"https:\/\/www.schroedergroup.eu\/de\/wp-json\/wp\/v2\/media?parent=2400"}],"curies":[{"name":"wp","href":"https:\/\/api.w.org\/{rel}","templated":true}]}}