{"id":2384,"date":"2016-11-25T11:36:47","date_gmt":"2016-11-25T10:36:47","guid":{"rendered":"http:\/\/www.schroedergroup.eu\/de\/?page_id=2384"},"modified":"2025-01-27T12:53:35","modified_gmt":"2025-01-27T11:53:35","slug":"pdc","status":"publish","type":"page","link":"https:\/\/www.schroedergroup.eu\/de\/produkte\/maschinen\/maschinen-zum-schneiden\/pdc\/","title":{"rendered":"PDC"},"content":{"rendered":"<div class=\"wpb-content-wrapper\"><p>[vc_row css=&#8220;.vc_custom_1464864323661{margin: 0px !important;padding: 0px !important;}&#8220;][vc_column width=&#8220;5\/6&#8243; css=&#8220;.vc_custom_1464864359760{margin: 0px !important;padding: 0px !important;}&#8220;][vc_custom_heading text=&#8220;PDC&#8220; font_container=&#8220;tag:h1|text_align:left&#8220; use_theme_fonts=&#8220;yes&#8220;][\/vc_column][vc_column width=&#8220;1\/6&#8243;][\/vc_column][\/vc_row][vc_row][vc_column][vc_tta_tabs shape=&#8220;square&#8220; active_section=&#8220;1&#8243;][vc_tta_section title=&#8220;\u00dcberblick&#8220; tab_id=&#8220;ueberblicke&#8220;][vc_row_inner][vc_column_inner width=&#8220;3\/6&#8243;][vc_images_carousel images=&#8220;7929,2389,2390,2391,2395,2394,2388,2387&#8243; img_size=&#8220;full&#8220; autoplay=&#8220;yes&#8220; wrap=&#8220;yes&#8220;][\/vc_column_inner][vc_column_inner width=&#8220;2\/6&#8243;][vc_custom_heading text=&#8220;\u00dcberblick&#8220; use_theme_fonts=&#8220;yes&#8220;][vc_column_text]Die Motortafelschere PDC ist die verst\u00e4rkte Version der MHSU. Mit mehr Leistung durch stabilere Ausf\u00fchrung und beidseitigem &#8222;DUO-CUT-Antrieb&#8220;.[\/vc_column_text][\/vc_column_inner][vc_column_inner el_class=&#8220;downloads&#8220; width=&#8220;1\/6&#8243;][vc_column_text]<strong>Prospekte:<\/strong><br \/>\n<a href=\"https:\/\/www.schroedergroup.eu\/wp-content\/uploads\/pdf\/Prospekte_DE\/Motormaschinen_Scheren_DE_web.pdf\" target=\"_blank\" rel=\"noopener\">deutsch<\/a><a class=\"lang\" title=\"Software Control English\" href=\"https:\/\/www.schroedergroup.eu\/wp-content\/uploads\/pdf\/Prospekte_DE\/Motormaschinen_Scheren_DE_web.pdf\" target=\"_blank\" rel=\"noopener\"><br \/>\n<\/a><a href=\"https:\/\/www.schroedergroup.eu\/wp-content\/uploads\/pdf\/Prospekte_EN\/Motormaschinen_Scheren_EN_web.pdf\" target=\"_blank\" rel=\"noopener\">english<\/a>[\/vc_column_text][vc_separator color=&#8220;custom&#8220; accent_color=&#8220;#90be1e&#8220;][vc_column_text]<strong>Video:<\/strong><br \/>\n<a href=\"https:\/\/www.youtube.com\/watch?v=bqPRiJR6MMY\">Video PDC-NC mit Cut Control<\/a>[\/vc_column_text][\/vc_column_inner][\/vc_row_inner][\/vc_tta_section][vc_tta_section title=&#8220;Details&#8220; tab_id=&#8220;details&#8220;][vc_row_inner][vc_column_inner width=&#8220;5\/6&#8243;][vc_custom_heading text=&#8220;Details&#8220; use_theme_fonts=&#8220;yes&#8220;][vc_column_text]<\/p>\n<ul>\n<li>Manueller Hinteranschlag 750 mm von vorne verstellbar mit Digitalanzeige<\/li>\n<li>Niederhalter mit Hartgummileiste zur Schonung polierter Bleche<\/li>\n<li>Manuelle Schnittspaltverstellung beidseitig<\/li>\n<li>Rechter verl\u00e4ngerter Winkelanschlag mit T-Nut und Ma\u00dfstab 1000 mm<\/li>\n<li>Ganzstahlmesser 2-schneidig<\/li>\n<li>Fu\u00dfschalter<\/li>\n<li>R\u00fcckraumabsicherung gem. CE \u00fcber 3-strahlige Lichtschranke und seitlichem Schutzgitter<\/li>\n<li>2 Auflagekonsolen mit T-Nut und Ma\u00dfstab 1000 mm (3 Konsolen bei Nutzl\u00e4nge 4000 mm)<\/li>\n<li>Tischaufbau mit auswechselbaren Edelstahl &#8211; Auflagebleche mit Griffmulden<\/li>\n<li>Wahlschalter f\u00fcr Einzel- und Dauerhub<\/li>\n<li>Beidseitige Antriebe ab 2000 mm<\/li>\n<li>Fundamentplatten incl. D\u00fcbel<\/li>\n<\/ul>\n<p>[\/vc_column_text][\/vc_column_inner][vc_column_inner el_class=&#8220;downloads&#8220; width=&#8220;1\/6&#8243;][vc_column_text]<strong>Prospekte:<\/strong><br \/>\n<a href=\"https:\/\/www.schroedergroup.eu\/wp-content\/uploads\/pdf\/Prospekte_DE\/Motormaschinen_Scheren_DE_web.pdf\" target=\"_blank\" rel=\"noopener\">deutsch<\/a><a class=\"lang\" title=\"Software Control English\" href=\"https:\/\/www.schroedergroup.eu\/wp-content\/uploads\/pdf\/Prospekte_DE\/Motormaschinen_Scheren_DE_web.pdf\" target=\"_blank\" rel=\"noopener\"><br \/>\n<\/a><a href=\"https:\/\/www.schroedergroup.eu\/wp-content\/uploads\/pdf\/Prospekte_EN\/Motormaschinen_Scheren_EN_web.pdf\" target=\"_blank\" rel=\"noopener\">english<\/a>[\/vc_column_text][vc_separator color=&#8220;custom&#8220; accent_color=&#8220;#90be1e&#8220;][vc_column_text]<strong>Video:<\/strong><br \/>\n<a href=\"https:\/\/www.youtube.com\/watch?v=bqPRiJR6MMY\">Video PDC-NC mit Cut Control<\/a>[\/vc_column_text][\/vc_column_inner][\/vc_row_inner][\/vc_tta_section][vc_tta_section title=&#8220;Technische Daten&#8220; tab_id=&#8220;technischedaten&#8220;][vc_row_inner][vc_column_inner width=&#8220;5\/6&#8243;][vc_custom_heading text=&#8220;Technische Daten&#8220; use_theme_fonts=&#8220;yes&#8220;][vc_column_text]<\/p>\n<table border=\"0\">\n<tbody>\n<tr>\n<td class=\"BeschtiftungTyp\">Typ<\/td>\n<td class=\"BeschriftungOben\">Leistung<\/td>\n<td class=\"BeschriftungOben\">Nutzl\u00e4nge<\/td>\n<td class=\"BeschriftungOben\">Schnittwinkel<\/td>\n<td class=\"BeschriftungOben\">Hubzahl<\/td>\n<td class=\"BeschriftungOben\">Antriebsleistung<\/td>\n<\/tr>\n<tr>\n<td class=\"Maschinentypen\"><\/td>\n<td>[mm]<\/td>\n<td>[mm]<\/td>\n<td>[\u00b0]<\/td>\n<td>[pro min.]<\/td>\n<td>[kW]<\/td>\n<\/tr>\n<tr>\n<td class=\"Maschinentypen\">1500&#215;4,5<\/td>\n<td>4,50<\/td>\n<td align=\"right\">1530<\/td>\n<td align=\"right\">2,85<\/td>\n<td align=\"right\">34<\/td>\n<td>1&#215;7,5<\/td>\n<\/tr>\n<tr>\n<td class=\"Maschinentypen\">2000&#215;4,0<\/td>\n<td>4,00<\/td>\n<td align=\"right\">2030<\/td>\n<td align=\"right\">2,5<\/td>\n<td align=\"right\">34<\/td>\n<td>2&#215;4,0<\/td>\n<\/tr>\n<tr>\n<td class=\"Maschinentypen\">2500&#215;3,5<\/td>\n<td>3,50<\/td>\n<td align=\"right\">2530<\/td>\n<td align=\"right\">2,0<\/td>\n<td align=\"right\">34<\/td>\n<td>2&#215;4,0<\/td>\n<\/tr>\n<tr>\n<td class=\"Maschinentypen\">3200&#215;3,0<\/td>\n<td>3,00<\/td>\n<td align=\"right\">3230<\/td>\n<td align=\"right\">1,6<\/td>\n<td align=\"right\">34<\/td>\n<td>2&#215;4,0<\/td>\n<\/tr>\n<tr>\n<td class=\"Maschinentypen\">4000&#215;2,5<\/td>\n<td align=\"right\">2,50<\/td>\n<td align=\"right\">4080<\/td>\n<td align=\"right\">1,3<\/td>\n<td align=\"right\">34<\/td>\n<td>2&#215;4,0<\/td>\n<\/tr>\n<\/tbody>\n<\/table>\n<p>[\/vc_column_text][\/vc_column_inner][vc_column_inner el_class=&#8220;downloads&#8220; width=&#8220;1\/6&#8243;][vc_column_text]<strong>Prospekte:<\/strong><br \/>\n<a href=\"https:\/\/www.schroedergroup.eu\/wp-content\/uploads\/pdf\/Prospekte_DE\/Motormaschinen_Scheren_DE_web.pdf\" target=\"_blank\" rel=\"noopener\">deutsch<\/a><a class=\"lang\" title=\"Software Control English\" href=\"https:\/\/www.schroedergroup.eu\/wp-content\/uploads\/pdf\/Prospekte_DE\/Motormaschinen_Scheren_DE_web.pdf\" target=\"_blank\" rel=\"noopener\"><br \/>\n<\/a><a href=\"https:\/\/www.schroedergroup.eu\/wp-content\/uploads\/pdf\/Prospekte_EN\/Motormaschinen_Scheren_EN_web.pdf\" target=\"_blank\" rel=\"noopener\">english<\/a>[\/vc_column_text][vc_separator color=&#8220;custom&#8220; accent_color=&#8220;#90be1e&#8220;][vc_column_text]<strong>Video:<\/strong><br \/>\n<a href=\"https:\/\/www.youtube.com\/watch?v=bqPRiJR6MMY\">Video PDC-NC mit Cut Control<\/a>[\/vc_column_text][\/vc_column_inner][\/vc_row_inner][\/vc_tta_section][vc_tta_section title=&#8220;Optionen&#8220; tab_id=&#8220;optionen&#8220;][vc_row_inner][vc_column_inner][vc_custom_heading text=&#8220;Optionen&#8220; use_theme_fonts=&#8220;yes&#8220;][vc_column_text]Optionen<\/p>\n<ul>\n<li>Messer zum Schneiden von Edelstahl<\/li>\n<li>Manueller Hinteranschlag 1000 mm, von vorne verstellbar mit Digitalanzeige<\/li>\n<li>NC-Positionieranschlag Classic Cut 750 mm oder 1000 mm<\/li>\n<li>Longlife-Lagerung<\/li>\n<li>Hinteranschlag mit Kugelumlaufspindeln<\/li>\n<li>Blechhochhaltevorrichtung pneumatisch gesteuert, nach vorne 750 mm oder 1000 mm<\/li>\n<li>Blechhochhaltevorrichtung pneumatisch gesteuert nach hinten, Auflagebreite 750 mm<\/li>\n<li>Tischauflage in geschlossener Ausf\u00fchrung, Auflagebleche und Konsolen mit Kugelrollen<\/li>\n<li>Verl\u00e4ngerter Winkelanschlag (rechts oder links) mit T-Nut und Ma\u00dfstab<\/li>\n<li>Kippanschlag zum Einlegen in die T-Nut<\/li>\n<li>Zus\u00e4tzlicher verl\u00e4ngerter Winkelanschlag (rechts oder links) mit T-Nut und Ma\u00dfstab<\/li>\n<li>Verl\u00e4ngerter Winkelanschlag (rechts oder links) mit Ma\u00dfstab incl. seitlichem Klappanschlag auf Linearf\u00fchrung<\/li>\n<li>Verl\u00e4ngerter Winkelanschlag (rechts oder links) mit elektronischem L\u00e4ngenmesssystem, Feineinstellung und seitlichem Klappanschlag auf Linearf\u00fchrung<\/li>\n<li>Verstellbarer Winkelanschlag mit Gradeinteilung 0 &#8211; 180\u00b0<\/li>\n<li>Linearf\u00fchrung stirnseitig f\u00fcr verschiebbare T-Nuten Konsolen (ohne Konsole)<\/li>\n<li>Verschiebbare Konsole f\u00fcr stirnseitige Linearf\u00fchrung einschl. T-Nut und Ma\u00dfstab<\/li>\n<li>Motorische Schnittspaltverstellung (nur in Verbindung mit Positioniersteuerung &#8222;Classic Cut&#8220;)<\/li>\n<li>LED Schnittkantenbeleuchtung<\/li>\n<li>Pneumatischer Niederhalter<\/li>\n<li>Schnittz\u00e4hler<\/li>\n<li>Blechstapelwagen, schr\u00e4ge Ausf\u00fchrung, f\u00fcr hinten<\/li>\n<li>Blechstapelwagen, schr\u00e4ge Ausf\u00fchrung, f\u00fcr vorne (nur in Verbindung mit Arbeitserh\u00f6hung 950 mm und verk\u00fcrzter Blechrutsche)<\/li>\n<li>Arbeitserh\u00f6hung auf 950 mm<\/li>\n<li>Blechrutsche verk\u00fcrzt<\/li>\n<\/ul>\n<p>[\/vc_column_text][\/vc_column_inner][\/vc_row_inner][\/vc_tta_section][vc_tta_section title=&#8220;Anwenderberichte&#8220; tab_id=&#8220;Anwenderberichte&#8220;][vc_row_inner][vc_column_inner width=&#8220;1\/6&#8243;][vc_single_image image=&#8220;2256&#8243; img_size=&#8220;full&#8220; alignment=&#8220;center&#8220; css=&#8220;.vc_custom_1480422087660{margin-top: 0px !important;margin-right: 0px !important;margin-bottom: 0px !important;margin-left: 0px !important;padding-top: 0px !important;padding-right: 0px !important;padding-bottom: 0px !important;padding-left: 0px !important;}&#8220;][vc_column_text]<\/p>\n<p style=\"text-align: center;\"><a href=\"http:\/\/www.schroedergroup.eu\/wp-content\/uploads\/success-story\/Success-Story_Messerschmidt_DE.pdf\">PDC im Einsatz bei Messerschmidt<\/a><\/p>\n<p>[\/vc_column_text][vc_column_text]<\/p>\n<p style=\"text-align: center;\">Ver\u00f6ffentlicht in:<br \/>\n<a href=\"http:\/\/www.schroedergroup.eu\/wp-content\/uploads\/maschinen\/biegen\/mpb\/HSM_Michael_Messerschmidt_BAUMETALL_30_2013_02_130306.pdf\">BAUMETALL 02\/2013<\/a><\/p>\n<p>[\/vc_column_text][\/vc_column_inner][\/vc_row_inner][\/vc_tta_section][\/vc_tta_tabs][\/vc_column][\/vc_row]<\/p>\n<\/div>","protected":false},"excerpt":{"rendered":"<p>[vc_row css=&#8220;.vc_custom_1464864323661{margin: 0px !important;padding: 0px !important;}&#8220;][vc_column width=&#8220;5\/6&#8243; css=&#8220;.vc_custom_1464864359760{margin: 0px !important;padding: 0px !important;}&#8220;][vc_custom_heading text=&#8220;PDC&#8220; font_container=&#8220;tag:h1|text_align:left&#8220; use_theme_fonts=&#8220;yes&#8220;][\/vc_column][vc_column width=&#8220;1\/6&#8243;][\/vc_column][\/vc_row][vc_row][vc_column][vc_tta_tabs shape=&#8220;square&#8220; active_section=&#8220;1&#8243;][vc_tta_section title=&#8220;\u00dcberblick&#8220; tab_id=&#8220;ueberblicke&#8220;][vc_row_inner][vc_column_inner width=&#8220;3\/6&#8243;][vc_images_carousel images=&#8220;7929,2389,2390,2391,2395,2394,2388,2387&#8243; img_size=&#8220;full&#8220; autoplay=&#8220;yes&#8220; wrap=&#8220;yes&#8220;][\/vc_column_inner][vc_column_inner width=&#8220;2\/6&#8243;][vc_custom_heading<span class=\"excerpt-hellip\"> [\u2026]<\/span><\/p>\n","protected":false},"author":2,"featured_media":0,"parent":941,"menu_order":10,"comment_status":"closed","ping_status":"closed","template":"","meta":{"_acf_changed":false,"inline_featured_image":false,"footnotes":""},"class_list":["post-2384","page","type-page","status-publish","hentry"],"acf":[],"aioseo_notices":[],"_links":{"self":[{"href":"https:\/\/www.schroedergroup.eu\/de\/wp-json\/wp\/v2\/pages\/2384","targetHints":{"allow":["GET"]}}],"collection":[{"href":"https:\/\/www.schroedergroup.eu\/de\/wp-json\/wp\/v2\/pages"}],"about":[{"href":"https:\/\/www.schroedergroup.eu\/de\/wp-json\/wp\/v2\/types\/page"}],"author":[{"embeddable":true,"href":"https:\/\/www.schroedergroup.eu\/de\/wp-json\/wp\/v2\/users\/2"}],"replies":[{"embeddable":true,"href":"https:\/\/www.schroedergroup.eu\/de\/wp-json\/wp\/v2\/comments?post=2384"}],"version-history":[{"count":48,"href":"https:\/\/www.schroedergroup.eu\/de\/wp-json\/wp\/v2\/pages\/2384\/revisions"}],"predecessor-version":[{"id":13267,"href":"https:\/\/www.schroedergroup.eu\/de\/wp-json\/wp\/v2\/pages\/2384\/revisions\/13267"}],"up":[{"embeddable":true,"href":"https:\/\/www.schroedergroup.eu\/de\/wp-json\/wp\/v2\/pages\/941"}],"wp:attachment":[{"href":"https:\/\/www.schroedergroup.eu\/de\/wp-json\/wp\/v2\/media?parent=2384"}],"curies":[{"name":"wp","href":"https:\/\/api.w.org\/{rel}","templated":true}]}}