{"id":2378,"date":"2016-11-25T11:19:57","date_gmt":"2016-11-25T10:19:57","guid":{"rendered":"http:\/\/www.schroedergroup.eu\/de\/?page_id=2378"},"modified":"2024-03-18T15:07:05","modified_gmt":"2024-03-18T14:07:05","slug":"m528","status":"publish","type":"page","link":"https:\/\/www.schroedergroup.eu\/de\/produkte\/maschinen\/maschinen-zum-schneiden\/m528\/","title":{"rendered":"528"},"content":{"rendered":"<div class=\"wpb-content-wrapper\"><p>[vc_row css=&#8220;.vc_custom_1464864323661{margin: 0px !important;padding: 0px !important;}&#8220;][vc_column width=&#8220;5\/6&#8243; css=&#8220;.vc_custom_1464864359760{margin: 0px !important;padding: 0px !important;}&#8220;][vc_custom_heading text=&#8220;528&#8243; font_container=&#8220;tag:h1|text_align:left&#8220; use_theme_fonts=&#8220;yes&#8220;][\/vc_column][vc_column width=&#8220;1\/6&#8243;][\/vc_column][\/vc_row][vc_row][vc_column][vc_tta_tabs shape=&#8220;square&#8220; active_section=&#8220;1&#8243;][vc_tta_section title=&#8220;\u00dcberblick&#8220; tab_id=&#8220;ueberblick&#8220;][vc_row_inner][vc_column_inner width=&#8220;3\/6&#8243;][vc_images_carousel images=&#8220;2769&#8243; img_size=&#8220;full&#8220; autoplay=&#8220;yes&#8220; wrap=&#8220;yes&#8220;][\/vc_column_inner][vc_column_inner width=&#8220;2\/6&#8243;][vc_custom_heading text=&#8220;\u00dcberblick&#8220; use_theme_fonts=&#8220;yes&#8220;][vc_column_text]Die hydraulische Tafelschere 528 hat durch die massiven Baugruppen wie Seitenst\u00e4nder, Auflagetisch und Antriebseinheit eine hohe statische und dynamische Steifigkeit. Sie erf\u00fcllt damit alle Voraussetzungen f\u00fcr einen genauen Schnitt mit hoher Produktivit\u00e4t.[\/vc_column_text][\/vc_column_inner][vc_column_inner el_class=&#8220;downloads&#8220; width=&#8220;1\/6&#8243;][vc_column_text]<strong>Prospekte:<\/strong><br \/>\n<a href=\"https:\/\/www.schroedergroup.eu\/wp-content\/uploads\/pdf\/Prospekte_DE\/Motormaschinen_Scheren_DE_web.pdf\" target=\"_blank\" rel=\"noopener\">deutsch<\/a><a class=\"lang\" title=\"Software Control English\" href=\"https:\/\/www.schroedergroup.eu\/wp-content\/uploads\/pdf\/Prospekte_DE\/Motormaschinen_Scheren_DE_web.pdf\" target=\"_blank\" rel=\"noopener\"><br \/>\n<\/a><a href=\"https:\/\/www.schroedergroup.eu\/wp-content\/uploads\/pdf\/Prospekte_EN\/Motormaschinen_Scheren_EN_web.pdf\" target=\"_blank\" rel=\"noopener\">english<\/a><\/p>\n<p>[\/vc_column_text][vc_separator color=&#8220;custom&#8220; accent_color=&#8220;#90be1e&#8220;][vc_column_text]<a href=\"https:\/\/www.youtube.com\/watch?v=9Bi04HSz-Zo\" rel=\"prettyPhoto\">Video<\/a>[\/vc_column_text][\/vc_column_inner][\/vc_row_inner][\/vc_tta_section][vc_tta_section title=&#8220;Details&#8220; tab_id=&#8220;details&#8220;][vc_row_inner][vc_column_inner width=&#8220;5\/6&#8243;][vc_custom_heading text=&#8220;Details&#8220; use_theme_fonts=&#8220;yes&#8220;][vc_column_text]<\/p>\n<ul>\n<li>Steuerung CGS 80 am schwenkbaren Panel, Farb-Touch-Screen Display 8&#8243;<br \/>\nBetriebsart: Einzelhub, Dauerhub, Tippbetrieb<\/li>\n<li>Messer ausgelegt f\u00fcr Stahl, Zugfestigkeiten bis ca. 700 N\/mm\u00b2<\/li>\n<li>Schnittkantenbeleuchtung<\/li>\n<li>Flextisch<\/li>\n<li>Rechter Winkelanschlag mit Ma\u00dfstab, 1000 mm von Messerkante<\/li>\n<li>Tischverl\u00e4ngerung 1000 mm lang<\/li>\n<li>Schnittspaltverstellung zentral \u00fcber Handrad an der linken Seite der Maschine<\/li>\n<li>Automatische Berechnung des Scherwinkels<\/li>\n<li>Hinteranschlag motorisch MAH &#8211; 52, Verstellbereich 10 &#8211; 1000 mm \u00fcber Kugelumlaufspindeln<\/li>\n<li>Sicherheitspaket gem\u00e4\u00df CE: R\u00fcckraumabsicherung \u00fcber 3-strahlige Lichtschranke<br \/>\ninkl. seitlichem Schutzgitter<\/li>\n<li>Achtung: Ab den Gr\u00f6\u00dfen 30\/13 mit motorischer Schnittspaltverstellung in der Standardausstattung<\/li>\n<\/ul>\n<p>[\/vc_column_text][\/vc_column_inner][vc_column_inner el_class=&#8220;downloads&#8220; width=&#8220;1\/6&#8243;][vc_column_text]<strong>Prospekte:<\/strong><br \/>\n<a href=\"https:\/\/www.schroedergroup.eu\/wp-content\/uploads\/pdf\/Prospekte_DE\/Motormaschinen_Scheren_DE_web.pdf\" target=\"_blank\" rel=\"noopener\">deutsch<\/a><a class=\"lang\" title=\"Software Control English\" href=\"https:\/\/www.schroedergroup.eu\/wp-content\/uploads\/pdf\/Prospekte_DE\/Motormaschinen_Scheren_DE_web.pdf\" target=\"_blank\" rel=\"noopener\"><br \/>\n<\/a><a href=\"https:\/\/www.schroedergroup.eu\/wp-content\/uploads\/pdf\/Prospekte_EN\/Motormaschinen_Scheren_EN_web.pdf\" target=\"_blank\" rel=\"noopener\">english<\/a><\/p>\n<p>[\/vc_column_text][vc_separator color=&#8220;custom&#8220; accent_color=&#8220;#90be1e&#8220;][vc_column_text]<a href=\"https:\/\/www.youtube.com\/watch?v=9Bi04HSz-Zo\" rel=\"prettyPhoto\">Video<\/a>[\/vc_column_text][\/vc_column_inner][\/vc_row_inner][\/vc_tta_section][vc_tta_section title=&#8220;Technische Daten&#8220; tab_id=&#8220;technische-daten&#8220;][vc_row_inner][vc_column_inner width=&#8220;5\/6&#8243;][vc_custom_heading text=&#8220;Technische Daten&#8220; use_theme_fonts=&#8220;yes&#8220;][vc_column_text]<\/p>\n<table border=\"0\">\n<tbody>\n<tr>\n<td class=\"BeschtiftungTyp\">Typ<\/td>\n<td class=\"BeschriftungOben\">Leistung<\/td>\n<td class=\"BeschriftungOben\">Nutzl\u00e4nge<\/td>\n<td class=\"BeschriftungOben\">Schnittwinkel<\/td>\n<td class=\"BeschriftungOben\">Hubzahl<\/td>\n<td class=\"BeschriftungOben\">Antriebsleistung<\/td>\n<\/tr>\n<tr>\n<td class=\"Maschinentypen\"><\/td>\n<td>[mm]<\/td>\n<td>[mm]<\/td>\n<td>[\u00b0]<\/td>\n<td>[pro.min.]<\/td>\n<td>[kW]<\/td>\n<\/tr>\n<tr>\n<td class=\"Maschinentypen\">20\/10<\/td>\n<td align=\"right\">10,0<\/td>\n<td align=\"right\">2040<\/td>\n<td>0,5 &#8211; 2,2<\/td>\n<td>20-38<\/td>\n<td>15<\/td>\n<\/tr>\n<tr>\n<td class=\"Maschinentypen\">30\/10<\/td>\n<td align=\"right\">10,0<\/td>\n<td align=\"right\">3040<\/td>\n<td>0,5 &#8211; 2,2<\/td>\n<td>13-26<\/td>\n<td>15<\/td>\n<\/tr>\n<tr>\n<td class=\"Maschinentypen\">30\/13<\/td>\n<td align=\"right\">13,0<\/td>\n<td align=\"right\">3040<\/td>\n<td>1,0 &#8211; 2,5<\/td>\n<td>9 &#8211; 19<\/td>\n<td>22<\/td>\n<\/tr>\n<\/tbody>\n<\/table>\n<p>[\/vc_column_text][\/vc_column_inner][vc_column_inner el_class=&#8220;downloads&#8220; width=&#8220;1\/6&#8243;][vc_column_text]<strong>Prospekte:<\/strong><br \/>\n<a href=\"https:\/\/www.schroedergroup.eu\/wp-content\/uploads\/pdf\/Prospekte_DE\/Motormaschinen_Scheren_DE_web.pdf\" target=\"_blank\" rel=\"noopener\">deutsch<\/a><a class=\"lang\" title=\"Software Control English\" href=\"https:\/\/www.schroedergroup.eu\/wp-content\/uploads\/pdf\/Prospekte_DE\/Motormaschinen_Scheren_DE_web.pdf\" target=\"_blank\" rel=\"noopener\"><br \/>\n<\/a><a href=\"https:\/\/www.schroedergroup.eu\/wp-content\/uploads\/pdf\/Prospekte_EN\/Motormaschinen_Scheren_EN_web.pdf\" target=\"_blank\" rel=\"noopener\">english<\/a><\/p>\n<p>[\/vc_column_text][vc_separator color=&#8220;custom&#8220; accent_color=&#8220;#90be1e&#8220;][vc_column_text]<a href=\"https:\/\/www.youtube.com\/watch?v=9Bi04HSz-Zo\" rel=\"prettyPhoto\">Video<\/a>[\/vc_column_text][\/vc_column_inner][\/vc_row_inner][\/vc_tta_section][\/vc_tta_tabs][\/vc_column][\/vc_row]<\/p>\n<\/div>","protected":false},"excerpt":{"rendered":"<p>[vc_row css=&#8220;.vc_custom_1464864323661{margin: 0px !important;padding: 0px !important;}&#8220;][vc_column width=&#8220;5\/6&#8243; css=&#8220;.vc_custom_1464864359760{margin: 0px !important;padding: 0px !important;}&#8220;][vc_custom_heading text=&#8220;528&#8243; font_container=&#8220;tag:h1|text_align:left&#8220; use_theme_fonts=&#8220;yes&#8220;][\/vc_column][vc_column width=&#8220;1\/6&#8243;][\/vc_column][\/vc_row][vc_row][vc_column][vc_tta_tabs shape=&#8220;square&#8220; active_section=&#8220;1&#8243;][vc_tta_section title=&#8220;\u00dcberblick&#8220; tab_id=&#8220;ueberblick&#8220;][vc_row_inner][vc_column_inner width=&#8220;3\/6&#8243;][vc_images_carousel images=&#8220;2769&#8243; img_size=&#8220;full&#8220; autoplay=&#8220;yes&#8220; wrap=&#8220;yes&#8220;][\/vc_column_inner][vc_column_inner width=&#8220;2\/6&#8243;][vc_custom_heading<span class=\"excerpt-hellip\"> [\u2026]<\/span><\/p>\n","protected":false},"author":2,"featured_media":0,"parent":941,"menu_order":10,"comment_status":"closed","ping_status":"closed","template":"","meta":{"_acf_changed":false,"inline_featured_image":false,"footnotes":""},"class_list":["post-2378","page","type-page","status-publish","hentry"],"acf":[],"aioseo_notices":[],"_links":{"self":[{"href":"https:\/\/www.schroedergroup.eu\/de\/wp-json\/wp\/v2\/pages\/2378","targetHints":{"allow":["GET"]}}],"collection":[{"href":"https:\/\/www.schroedergroup.eu\/de\/wp-json\/wp\/v2\/pages"}],"about":[{"href":"https:\/\/www.schroedergroup.eu\/de\/wp-json\/wp\/v2\/types\/page"}],"author":[{"embeddable":true,"href":"https:\/\/www.schroedergroup.eu\/de\/wp-json\/wp\/v2\/users\/2"}],"replies":[{"embeddable":true,"href":"https:\/\/www.schroedergroup.eu\/de\/wp-json\/wp\/v2\/comments?post=2378"}],"version-history":[{"count":24,"href":"https:\/\/www.schroedergroup.eu\/de\/wp-json\/wp\/v2\/pages\/2378\/revisions"}],"predecessor-version":[{"id":12485,"href":"https:\/\/www.schroedergroup.eu\/de\/wp-json\/wp\/v2\/pages\/2378\/revisions\/12485"}],"up":[{"embeddable":true,"href":"https:\/\/www.schroedergroup.eu\/de\/wp-json\/wp\/v2\/pages\/941"}],"wp:attachment":[{"href":"https:\/\/www.schroedergroup.eu\/de\/wp-json\/wp\/v2\/media?parent=2378"}],"curies":[{"name":"wp","href":"https:\/\/api.w.org\/{rel}","templated":true}]}}