{"id":2356,"date":"2016-11-25T09:40:23","date_gmt":"2016-11-25T08:40:23","guid":{"rendered":"http:\/\/www.schroedergroup.eu\/de\/?page_id=2356"},"modified":"2025-06-25T08:30:47","modified_gmt":"2025-06-25T06:30:47","slug":"powershear","status":"publish","type":"page","link":"https:\/\/www.schroedergroup.eu\/de\/produkte\/maschinen\/maschinen-zum-schneiden\/powershear\/","title":{"rendered":"PowerShear"},"content":{"rendered":"<div class=\"wpb-content-wrapper\"><p>[vc_row css=&#8220;.vc_custom_1464864323661{margin: 0px !important;padding: 0px !important;}&#8220;][vc_column width=&#8220;5\/6&#8243; css=&#8220;.vc_custom_1464864359760{margin: 0px !important;padding: 0px !important;}&#8220;][vc_custom_heading text=&#8220;PowerShear&#8220; font_container=&#8220;tag:h1|text_align:left&#8220; use_theme_fonts=&#8220;yes&#8220;][\/vc_column][vc_column width=&#8220;1\/6&#8243;][\/vc_column][\/vc_row][vc_row][vc_column][vc_tta_tabs shape=&#8220;square&#8220; active_section=&#8220;1&#8243;][vc_tta_section title=&#8220;\u00dcberblick&#8220; tab_id=&#8220;ueberblicke&#8220;][vc_row_inner][vc_column_inner width=&#8220;3\/6&#8243;][vc_images_carousel images=&#8220;11454,3790,2369,2368,2367,2366&#8243; img_size=&#8220;full&#8220; autoplay=&#8220;yes&#8220; wrap=&#8220;yes&#8220;][\/vc_column_inner][vc_column_inner width=&#8220;2\/6&#8243;][vc_custom_heading text=&#8220;\u00dcberblick&#8220; use_theme_fonts=&#8220;yes&#8220;][vc_column_text]Die hydraulische Tafelschere PowerShear integriert eine Vielzahl technologischer Innovationen. So wurde die Konstruktion des Maschinenk\u00f6rpers mit der Finite-Elemente-Methode optimiert und das Antriebskonzept komplett \u00fcberarbeitet. Der neue Antrieb mit frequenzgeregeltem Motor und hydraulischer Pumpe kommt mit deutlich weniger Hydraulik\u00f6l aus und verbraucht weniger Energie. Die Tafelschere mit 3 000 mm Arbeitsl\u00e4nge trennt bis zu 6 mm starkes Stahlblech.[\/vc_column_text][\/vc_column_inner][vc_column_inner el_class=&#8220;downloads&#8220; width=&#8220;1\/6&#8243;][vc_column_text]<strong>Prospekte:<\/strong><br \/>\n<a href=\"https:\/\/www.schroedergroup.eu\/wp-content\/uploads\/pdf\/Prospekte_DE\/Motormaschinen_Scheren_DE_web.pdf\" target=\"_blank\" rel=\"noopener\">deutsch<\/a><a class=\"lang\" title=\"Software Control English\" href=\"https:\/\/www.schroedergroup.eu\/wp-content\/uploads\/pdf\/Prospekte_DE\/Motormaschinen_Scheren_DE_web.pdf\" target=\"_blank\" rel=\"noopener\"><br \/>\n<\/a><a href=\"https:\/\/www.schroedergroup.eu\/wp-content\/uploads\/pdf\/Prospekte_EN\/Motormaschinen_Scheren_EN_web.pdf\" target=\"_blank\" rel=\"noopener\">english<\/a><\/p>\n<p>[\/vc_column_text][vc_separator color=&#8220;custom&#8220; accent_color=&#8220;#90be1e&#8220;][vc_column_text css=&#8220;&#8220;]Video:<br \/>\n<a href=\"https:\/\/youtu.be\/TnwMCVtl--E\">PowerShear 3000 x 6,0 mm mit Stapelfunktion<\/a><\/p>\n<p><a href=\"https:\/\/www.youtube.com\/watch?v=IC9mQ30Ea1k\" target=\"_blank\" rel=\"noopener\">Hydraulische Tafelschere PowerShear Professional 3000 x 6,0 mm<\/a>[\/vc_column_text][\/vc_column_inner][\/vc_row_inner][\/vc_tta_section][vc_tta_section title=&#8220;Details&#8220; tab_id=&#8220;details&#8220;][vc_row_inner][vc_column_inner width=&#8220;5\/6&#8243;][vc_custom_heading text=&#8220;Details&#8220; use_theme_fonts=&#8220;yes&#8220;][vc_column_text]<\/p>\n<ul>\n<li>12&#8243; Touchscreen-Steuerung PSC 150 am schwenkbaren Panel (Speicherm\u00f6glichkeit auf der SD-Card oder USB-Stick)<\/li>\n<li>Messer ausgelegt f\u00fcr Stahl, ca. 700 N\/mm\u00b2<\/li>\n<li>Energieeffizienter Antrieb mit frequenzgeregeltem Motor und Pumpe<\/li>\n<li>Automatische Berechnung der motorischen Schnittspaltverstellung<\/li>\n<li>Automatische Berechnung der Scherwinkelverstellung<\/li>\n<li>Frequenzgeregelter motorischer Hinteranschlag 10 &#8211; 1000 mm<\/li>\n<li>Pneumatische Blechhochhaltevorrichtung<\/li>\n<li>LED-Schnittkantenbeleuchtung<\/li>\n<li>Programmierbare Start- und Endposition des Messerbalkens<\/li>\n<li>1x Winkelanschlag 1000 mm Standard mit Ma\u00dfstab links montiert<\/li>\n<li>2x Tischverl\u00e4ngerungen 1000 mm mit T-Nut und Skala (bei Nutzl\u00e4nge 4040 mm 3x Tischverl\u00e4ngerungen)<\/li>\n<li>Tischauflage in geschlossener Ausf\u00fchrung bestehend aus auswechselbaren Edelstahl-Auflageblechen incl. Kugelrollen<\/li>\n<li>Programmierung von Schneideprogrammen<\/li>\n<li>Absicherung der Scherenr\u00fcckseite durch Unfallschutz-Lichtschranke<\/li>\n<\/ul>\n<p>[\/vc_column_text][\/vc_column_inner][vc_column_inner el_class=&#8220;downloads&#8220; width=&#8220;1\/6&#8243;][vc_column_text]<strong>Prospekte:<\/strong><br \/>\n<a href=\"https:\/\/www.schroedergroup.eu\/wp-content\/uploads\/pdf\/Prospekte_DE\/Motormaschinen_Scheren_DE_web.pdf\" target=\"_blank\" rel=\"noopener\">deutsch<\/a><a class=\"lang\" title=\"Software Control English\" href=\"https:\/\/www.schroedergroup.eu\/wp-content\/uploads\/pdf\/Prospekte_DE\/Motormaschinen_Scheren_DE_web.pdf\" target=\"_blank\" rel=\"noopener\"><br \/>\n<\/a><a href=\"https:\/\/www.schroedergroup.eu\/wp-content\/uploads\/pdf\/Prospekte_EN\/Motormaschinen_Scheren_EN_web.pdf\" target=\"_blank\" rel=\"noopener\">english<\/a><\/p>\n<p>[\/vc_column_text][vc_separator color=&#8220;custom&#8220; accent_color=&#8220;#90be1e&#8220;][vc_column_text css=&#8220;&#8220;]Video:<br \/>\n<a href=\"https:\/\/youtu.be\/TnwMCVtl--E\">PowerShear 3000 x 6,0 mm mit Stapelfunktion<\/a><\/p>\n<p><a href=\"https:\/\/www.youtube.com\/watch?v=IC9mQ30Ea1k\" target=\"_blank\" rel=\"noopener\">Hydraulische Tafelschere PowerShear Professional 3000 x 6,0 mm<\/a>[\/vc_column_text][\/vc_column_inner][\/vc_row_inner][\/vc_tta_section][vc_tta_section title=&#8220;Technische Daten&#8220; tab_id=&#8220;technische-daten&#8220;][vc_row_inner][vc_column_inner width=&#8220;5\/6&#8243;][vc_custom_heading text=&#8220;Technische Daten&#8220; use_theme_fonts=&#8220;yes&#8220;][vc_column_text]<\/p>\n<table border=\"0\">\n<tbody>\n<tr>\n<td class=\"BeschtiftungTyp\">Typ<\/td>\n<td class=\"BeschriftungOben\"><\/td>\n<td class=\"BeschriftungOben\">30\/6<\/td>\n<td class=\"BeschriftungOben\">40\/6<\/td>\n<\/tr>\n<tr>\n<td class=\"Maschinentypen\">\u00a0Blechdicke (400N\/mm\u00b2)<\/td>\n<td style=\"text-align: right;\">[mm]<\/td>\n<td>6,0<\/td>\n<td>6,0<\/td>\n<\/tr>\n<tr>\n<td class=\"Maschinentypen\">Blechdicke (700N\/mm\u00b2)<\/td>\n<td align=\"right\">[mm]<\/td>\n<td align=\"right\">4,0<\/td>\n<td align=\"right\">4,0<\/td>\n<\/tr>\n<tr>\n<td class=\"Maschinentypen\">Nutzl\u00e4nge<\/td>\n<td align=\"right\">[mm]<\/td>\n<td align=\"right\">3040<\/td>\n<td align=\"right\">4040<\/td>\n<\/tr>\n<tr>\n<td class=\"Maschinentypen\">Schnittwinkel<\/td>\n<td align=\"right\">[\u00b0]<\/td>\n<td align=\"right\">0,5 &#8211; 1,9<\/td>\n<td align=\"right\">0,5 &#8211; 1,9<\/td>\n<\/tr>\n<tr>\n<td class=\"Maschinentypen\">Hubzahl<\/td>\n<td align=\"right\">[pro.min.]<\/td>\n<td align=\"right\">24 &#8211; 61<\/td>\n<td align=\"right\">20 &#8211; 56<\/td>\n<\/tr>\n<tr>\n<td class=\"Maschinentypen\">Antriebsleistung<\/td>\n<td align=\"right\">[kW]<\/td>\n<td align=\"right\">12<\/td>\n<td align=\"right\">12<\/td>\n<\/tr>\n<tr>\n<td class=\"Maschinentypen\">Gewicht<\/td>\n<td align=\"right\">[kg]<\/td>\n<td align=\"right\">6500<\/td>\n<td align=\"right\">8400<\/td>\n<\/tr>\n<tr>\n<td class=\"Maschinentypen\">Maschinentiefe<\/td>\n<td align=\"right\">[mm]<\/td>\n<td align=\"right\">3090<\/td>\n<td align=\"right\">3090<\/td>\n<\/tr>\n<tr>\n<td class=\"Maschinentypen\">Maschinenl\u00e4nge<\/td>\n<td align=\"right\">[mm]<\/td>\n<td align=\"right\">4000<\/td>\n<td align=\"right\">5000<\/td>\n<\/tr>\n<tr>\n<td class=\"Maschinentypen\">Maschinenh\u00f6he<\/td>\n<td align=\"right\">[mm]<\/td>\n<td align=\"right\">1969<\/td>\n<td align=\"right\">1969<\/td>\n<\/tr>\n<\/tbody>\n<\/table>\n<p>[\/vc_column_text][\/vc_column_inner][vc_column_inner el_class=&#8220;downloads&#8220; width=&#8220;1\/6&#8243;][vc_column_text]<strong>Prospekte:<\/strong><br \/>\n<a class=\"lang\" title=\"Steuerungssoftware DE\" href=\"http:\/\/www.schroedergroup.eu\/wp-content\/uploads\/pdf\/Prospekte_DE\/PowerShear-DE_Mail.pdf\" target=\"_blank\" rel=\"noopener noreferrer\">deutsch<br \/>\n<\/a><a class=\"lang\" title=\"Software Control English\" href=\"http:\/\/www.schroedergroup.eu\/wp-content\/uploads\/pdf\/Prospekte_EN\/PowerShear-EN_Mail.pdf\" target=\"_blank\" rel=\"noopener noreferrer\">english<br \/>\n<\/a>[\/vc_column_text][vc_separator color=&#8220;custom&#8220; accent_color=&#8220;#90be1e&#8220;][vc_column_text css=&#8220;&#8220;]Video:<br \/>\n<a href=\"https:\/\/youtu.be\/TnwMCVtl--E\">PowerShear 3000 x 6,0 mm mit Stapelfunktion<\/a><\/p>\n<p><a href=\"https:\/\/www.youtube.com\/watch?v=IC9mQ30Ea1k\" target=\"_blank\" rel=\"noopener\">Hydraulische Tafelschere PowerShear Professional 3000 x 6,0 mm<\/a>[\/vc_column_text][\/vc_column_inner][\/vc_row_inner][\/vc_tta_section][vc_tta_section title=&#8220;Optionen&#8220; tab_id=&#8220;optionen&#8220;][vc_row_inner][vc_column_inner][vc_custom_heading text=&#8220;Optionen&#8220; use_theme_fonts=&#8220;yes&#8220;][vc_column_text]<strong>Optionen<\/strong><\/p>\n<ul>\n<li>Professional-Paket\n<ul>\n<li>Schrott- und Kleinteilweiche nach vorne incl. &#8222;Return to Sender&#8220;<\/li>\n<li>Blechdurchf\u00fchrung (abklappbare Anschlagschiene)<\/li>\n<li>Hinteranschlag mit Linearf\u00fchrung und Kugelumlaufspindeln<\/li>\n<\/ul>\n<\/li>\n<li>\u00a0Messer\n<ul>\n<li>Ersatzmesser ausgelegt f\u00fcr Stahl bis 700 N\/mm\u00b2<\/li>\n<\/ul>\n<\/li>\n<li>Auflagetisch\n<ul>\n<li>Verl\u00e4ngerter Winkelanschlag mit Ma\u00dfstab 1500 mm<\/li>\n<li>Tischverl\u00e4ngerung mit T-Nut und Ma\u00dfstab incl. Kugelrollen 1500 mm<\/li>\n<li>2 x 1000 mm Tischverl\u00e4ngerungen incl. Kugelrollen verschiebbar auf F\u00fchrungsschiene<\/li>\n<li>3 x 1000 mm Tischverl\u00e4ngerungen incl. Kugelrollen verschiebbar auf F\u00fchrungsschiene<\/li>\n<li>Tischverl\u00e4ngerunge mit T-Nut und Ma\u00dfstab incl. Kugelrollen 1500 mm verschiebbar auf F\u00fchrungsschiene<\/li>\n<li>2 x 1000 mm Auflagekonsolen incl. Kugelrollen verschiebbar auf F\u00fchrungsschiene<\/li>\n<li>Kippanschlag zum Einlegen in T-Nut<\/li>\n<\/ul>\n<\/li>\n<li>Sonstiges\n<ul>\n<li>Kunststoffschuhe f\u00fcr Niederhalter<\/li>\n<li>Einstellbarer Niederhalterdruck \u00fcber Steuerung vorw\u00e4hlbar<\/li>\n<li>Fingerschutz auf ca. 1500 mm hochschiebbar incl. elektrischer Absicherung<\/li>\n<li>Schrottwagen vorne 1000 mm breit, verfahrbar, 2 Bock- und Lenkrollen (Nur in Verbindung mit Professional-Paket)<\/li>\n<\/ul>\n<\/li>\n<\/ul>\n<p>[\/vc_column_text][\/vc_column_inner][\/vc_row_inner][\/vc_tta_section][\/vc_tta_tabs][\/vc_column][\/vc_row][vc_row][vc_column][vc_column_text]<!--more-->[\/vc_column_text][\/vc_column][\/vc_row]<\/p>\n<\/div>","protected":false},"excerpt":{"rendered":"<p>[vc_row css=&#8220;.vc_custom_1464864323661{margin: 0px !important;padding: 0px !important;}&#8220;][vc_column width=&#8220;5\/6&#8243; css=&#8220;.vc_custom_1464864359760{margin: 0px !important;padding: 0px !important;}&#8220;][vc_custom_heading text=&#8220;PowerShear&#8220; font_container=&#8220;tag:h1|text_align:left&#8220; use_theme_fonts=&#8220;yes&#8220;][\/vc_column][vc_column width=&#8220;1\/6&#8243;][\/vc_column][\/vc_row][vc_row][vc_column][vc_tta_tabs shape=&#8220;square&#8220; active_section=&#8220;1&#8243;][vc_tta_section title=&#8220;\u00dcberblick&#8220; tab_id=&#8220;ueberblicke&#8220;][vc_row_inner][vc_column_inner width=&#8220;3\/6&#8243;][vc_images_carousel images=&#8220;11454,3790,2369,2368,2367,2366&#8243; img_size=&#8220;full&#8220; autoplay=&#8220;yes&#8220; wrap=&#8220;yes&#8220;][\/vc_column_inner][vc_column_inner width=&#8220;2\/6&#8243;][vc_custom_heading<span class=\"excerpt-hellip\"> [\u2026]<\/span><\/p>\n","protected":false},"author":2,"featured_media":-1,"parent":941,"menu_order":10,"comment_status":"closed","ping_status":"closed","template":"","meta":{"_acf_changed":false,"inline_featured_image":false,"footnotes":""},"class_list":["post-2356","page","type-page","status-publish","has-post-thumbnail","hentry"],"acf":[],"aioseo_notices":[],"_links":{"self":[{"href":"https:\/\/www.schroedergroup.eu\/de\/wp-json\/wp\/v2\/pages\/2356","targetHints":{"allow":["GET"]}}],"collection":[{"href":"https:\/\/www.schroedergroup.eu\/de\/wp-json\/wp\/v2\/pages"}],"about":[{"href":"https:\/\/www.schroedergroup.eu\/de\/wp-json\/wp\/v2\/types\/page"}],"author":[{"embeddable":true,"href":"https:\/\/www.schroedergroup.eu\/de\/wp-json\/wp\/v2\/users\/2"}],"replies":[{"embeddable":true,"href":"https:\/\/www.schroedergroup.eu\/de\/wp-json\/wp\/v2\/comments?post=2356"}],"version-history":[{"count":30,"href":"https:\/\/www.schroedergroup.eu\/de\/wp-json\/wp\/v2\/pages\/2356\/revisions"}],"predecessor-version":[{"id":12487,"href":"https:\/\/www.schroedergroup.eu\/de\/wp-json\/wp\/v2\/pages\/2356\/revisions\/12487"}],"up":[{"embeddable":true,"href":"https:\/\/www.schroedergroup.eu\/de\/wp-json\/wp\/v2\/pages\/941"}],"wp:featuredmedia":[{"embeddable":true,"href":"https:\/\/www.schroedergroup.eu\/de\/wp-json\/"}],"wp:attachment":[{"href":"https:\/\/www.schroedergroup.eu\/de\/wp-json\/wp\/v2\/media?parent=2356"}],"curies":[{"name":"wp","href":"https:\/\/api.w.org\/{rel}","templated":true}]}}