{"id":2332,"date":"2016-11-24T15:55:01","date_gmt":"2016-11-24T14:55:01","guid":{"rendered":"http:\/\/www.schroedergroup.eu\/de\/?page_id=2332"},"modified":"2025-09-11T12:50:31","modified_gmt":"2025-09-11T10:50:31","slug":"bam","status":"publish","type":"page","link":"https:\/\/www.schroedergroup.eu\/de\/produkte\/maschinen\/maschinen-zum-biegen\/bam\/","title":{"rendered":"BAM"},"content":{"rendered":"<div class=\"wpb-content-wrapper\"><p>[vc_row css=&#8220;.vc_custom_1464864323661{margin: 0px !important;padding: 0px !important;}&#8220;][vc_column width=&#8220;5\/6&#8243; css=&#8220;.vc_custom_1464864359760{margin: 0px !important;padding: 0px !important;}&#8220;][vc_custom_heading text=&#8220;BAM&#8220; font_container=&#8220;tag:h1|text_align:left&#8220; use_theme_fonts=&#8220;yes&#8220;][\/vc_column][vc_column width=&#8220;1\/6&#8243;][\/vc_column][\/vc_row][vc_row][vc_column][vc_tta_tabs shape=&#8220;square&#8220; active_section=&#8220;1&#8243;][vc_tta_section title=&#8220;\u00dcberblick&#8220; tab_id=&#8220;ueberblicke&#8220;][vc_row_inner][vc_column_inner width=&#8220;3\/6&#8243;][vc_images_carousel images=&#8220;2482,2339,2341,2344,2343,2342,2340&#8243; img_size=&#8220;full&#8220; autoplay=&#8220;yes&#8220; wrap=&#8220;yes&#8220;][\/vc_column_inner][vc_column_inner width=&#8220;2\/6&#8243;][vc_custom_heading text=&#8220;\u00dcberblick&#8220; use_theme_fonts=&#8220;yes&#8220;][vc_column_text]Die Schr\u00f6der Bauabkant BAM 1000 und BAM 2000 ist klein, leicht aber mit h\u00f6chster Funktionalit\u00e4t ausgestattet und mobil einsetzbar.[\/vc_column_text][\/vc_column_inner][vc_column_inner el_class=&#8220;downloads&#8220; width=&#8220;1\/6&#8243;][vc_column_text css=&#8220;&#8220;]<strong>Prospekte:<\/strong><br \/>\n<a class=\"lang\" title=\"Handmaschinen DE\" href=\"https:\/\/www.schroedergroup.eu\/wp-content\/uploads\/pdf\/Prospekte_DE\/Handmaschinen_DE_web.pdf\" target=\"_blank\" rel=\"noopener\">deutsch<br \/>\n<\/a><a class=\"lang\" title=\"Manual machines EN\" href=\"https:\/\/www.schroedergroup.eu\/wp-content\/uploads\/pdf\/Prospekte_EN\/Handmaschinen_EN_web.pdf\" target=\"_blank\" rel=\"noopener\">english<br \/>\n<\/a>[\/vc_column_text][vc_separator color=&#8220;custom&#8220; accent_color=&#8220;#90be1e&#8220;][\/vc_column_inner][\/vc_row_inner][\/vc_tta_section][vc_tta_section title=&#8220;Details&#8220; tab_id=&#8220;details&#8220;][vc_row_inner][vc_column_inner width=&#8220;5\/6&#8243;][vc_custom_heading text=&#8220;Details&#8220; use_theme_fonts=&#8220;yes&#8220;][vc_column_text]<strong>BAM 1000<\/strong><\/p>\n<ul>\n<li>Schnell drehbare Oberwange mit Scharfschiene und Gei\u00dffu\u00df f\u00fcr enge Kantungen<\/li>\n<li>Biegeschiene 15 mm<\/li>\n<li>Mit wenigen Handgriffen zerlegt und transportabel<\/li>\n<li>Oberwangenschnellklemmung<\/li>\n<li>Hinteranschlag und Blechauflagesystem 500 mm<\/li>\n<li>Schneideinrichtung: Rollenschere incl. F\u00fchrungsschiene f\u00fcr max. Materialst\u00e4rke 0,8 mm St37<\/li>\n<li>Untergestell mit 4 Rollen: 2 Bock- und 2 Lenkrollen, feststellbar<\/li>\n<li>Biegewinkelanzeige<\/li>\n<\/ul>\n<p><strong>BAM 2000<\/strong><\/p>\n<ul>\n<li>Spitzschiene 20\u00b0, wechselbar<\/li>\n<li>Biegeschiene 15 mm, wechselbar<\/li>\n<li>Biegewange bombierbar<\/li>\n<li>Biegewangenverstellung f\u00fcr Einsatz von Rundschiene<\/li>\n<li>Oberwange mit Gewichtsausgleich<\/li>\n<li>Oberwangenschnellklemmung mit Einhandgriffbet\u00e4tigung<\/li>\n<li>Hinteranschlag und Blechauflagesystem 750 mm<\/li>\n<li>Schneideinrichtung: Rollenschere incl. F\u00fchrungsschiene f\u00fcr max. Materialst\u00e4rke 0,8 mm St37<\/li>\n<li>Untergestell abnehmbar mit 4 Rollen: 2 Bock- und 2 Lenkrollen, feststellbar<\/li>\n<li>Biegewinkelanzeige<\/li>\n<\/ul>\n<p>[\/vc_column_text][\/vc_column_inner][vc_column_inner el_class=&#8220;downloads&#8220; width=&#8220;1\/6&#8243;][vc_column_text css=&#8220;&#8220;]<strong>Prospekte:<\/strong><br \/>\n<a class=\"lang\" title=\"Handmaschinen DE\" href=\"https:\/\/www.schroedergroup.eu\/wp-content\/uploads\/pdf\/Prospekte_DE\/Handmaschinen_DE_web.pdf\" target=\"_blank\" rel=\"noopener\">deutsch<br \/>\n<\/a><a class=\"lang\" title=\"Manual machines EN\" href=\"https:\/\/www.schroedergroup.eu\/wp-content\/uploads\/pdf\/Prospekte_EN\/Handmaschinen_EN_web.pdf\" target=\"_blank\" rel=\"noopener\">english<br \/>\n<\/a>[\/vc_column_text][vc_separator color=&#8220;custom&#8220; accent_color=&#8220;#90be1e&#8220;][\/vc_column_inner][\/vc_row_inner][\/vc_tta_section][vc_tta_section title=&#8220;Technische Daten&#8220; tab_id=&#8220;technische-daten&#8220;][vc_row_inner][vc_column_inner width=&#8220;5\/6&#8243;][vc_custom_heading text=&#8220;Technische Daten&#8220; use_theme_fonts=&#8220;yes&#8220;][vc_column_text]<\/p>\n<table border=\"0\">\n<tbody>\n<tr>\n<td class=\"BeschtiftungTyp\">Typ<\/td>\n<td class=\"BeschriftungOben\">Leistung<\/td>\n<td class=\"BeschriftungOben\">Nutzl\u00e4nge<\/td>\n<td class=\"BeschriftungOben\">Oberwangenhub<\/td>\n<\/tr>\n<tr>\n<td class=\"Maschinentypen\"><\/td>\n<td>[mm]<\/td>\n<td>[mm]<\/td>\n<td>[mm]<\/td>\n<\/tr>\n<tr>\n<td class=\"Maschinentypen\">1000&#215;0,8<\/td>\n<td align=\"right\">0,8<\/td>\n<td align=\"right\">1020<\/td>\n<td align=\"right\">45<\/td>\n<\/tr>\n<tr>\n<td class=\"Maschinentypen\">2000&#215;0,75<\/td>\n<td align=\"right\">0,75<\/td>\n<td align=\"right\">2020<\/td>\n<td align=\"right\">65<\/td>\n<\/tr>\n<\/tbody>\n<\/table>\n<p>[\/vc_column_text][\/vc_column_inner][vc_column_inner el_class=&#8220;downloads&#8220; width=&#8220;1\/6&#8243;][vc_column_text css=&#8220;&#8220;]<strong>Prospekte:<\/strong><br \/>\n<a class=\"lang\" title=\"Handmaschinen DE\" href=\"https:\/\/www.schroedergroup.eu\/wp-content\/uploads\/pdf\/Prospekte_DE\/Handmaschinen_DE_web.pdf\" target=\"_blank\" rel=\"noopener\">deutsch<br \/>\n<\/a><a class=\"lang\" title=\"Manual machines EN\" href=\"https:\/\/www.schroedergroup.eu\/wp-content\/uploads\/pdf\/Prospekte_EN\/Handmaschinen_EN_web.pdf\" target=\"_blank\" rel=\"noopener\">english<br \/>\n<\/a>[\/vc_column_text][vc_separator color=&#8220;custom&#8220; accent_color=&#8220;#90be1e&#8220;][\/vc_column_inner][\/vc_row_inner][\/vc_tta_section][vc_tta_section title=&#8220;Werkzeuge\/Optionen&#8220; tab_id=&#8220;werkzeuge-optionen&#8220;][vc_column_text][\/vc_column_text][vc_row_inner][vc_column_inner width=&#8220;5\/6&#8243;][vc_custom_heading text=&#8220;Werkzeuge\/Optionen&#8220; use_theme_fonts=&#8220;yes&#8220;][vc_column_text]Optionen<\/p>\n<ul>\n<li>Wulsteinrichtung ohne Wulststab und Windeisen<\/li>\n<li>Wulststab 12 mm, 14 mm oder 16 mm und je 1 Satz Windeisen<\/li>\n<\/ul>\n<p>[\/vc_column_text][\/vc_column_inner][vc_column_inner el_class=&#8220;downloads&#8220; width=&#8220;1\/6&#8243;][vc_column_text css=&#8220;&#8220;]<strong>Prospekte:<\/strong><br \/>\n<a class=\"lang\" title=\"Handmaschinen DE\" href=\"https:\/\/www.schroedergroup.eu\/wp-content\/uploads\/pdf\/Prospekte_DE\/Handmaschinen_DE_web.pdf\" target=\"_blank\" rel=\"noopener\">deutsch<br \/>\n<\/a><a class=\"lang\" title=\"Manual machines EN\" href=\"https:\/\/www.schroedergroup.eu\/wp-content\/uploads\/pdf\/Prospekte_EN\/Handmaschinen_EN_web.pdf\" target=\"_blank\" rel=\"noopener\">english<br \/>\n<\/a>[\/vc_column_text][vc_separator color=&#8220;custom&#8220; accent_color=&#8220;#90be1e&#8220;][\/vc_column_inner][\/vc_row_inner][\/vc_tta_section][\/vc_tta_tabs][\/vc_column][\/vc_row]<\/p>\n<\/div>","protected":false},"excerpt":{"rendered":"<p>[vc_row css=&#8220;.vc_custom_1464864323661{margin: 0px !important;padding: 0px !important;}&#8220;][vc_column width=&#8220;5\/6&#8243; css=&#8220;.vc_custom_1464864359760{margin: 0px !important;padding: 0px !important;}&#8220;][vc_custom_heading text=&#8220;BAM&#8220; font_container=&#8220;tag:h1|text_align:left&#8220; use_theme_fonts=&#8220;yes&#8220;][\/vc_column][vc_column width=&#8220;1\/6&#8243;][\/vc_column][\/vc_row][vc_row][vc_column][vc_tta_tabs shape=&#8220;square&#8220; active_section=&#8220;1&#8243;][vc_tta_section title=&#8220;\u00dcberblick&#8220; tab_id=&#8220;ueberblicke&#8220;][vc_row_inner][vc_column_inner width=&#8220;3\/6&#8243;][vc_images_carousel images=&#8220;2482,2339,2341,2344,2343,2342,2340&#8243; img_size=&#8220;full&#8220; autoplay=&#8220;yes&#8220; wrap=&#8220;yes&#8220;][\/vc_column_inner][vc_column_inner width=&#8220;2\/6&#8243;][vc_custom_heading<span class=\"excerpt-hellip\"> [\u2026]<\/span><\/p>\n","protected":false},"author":2,"featured_media":-1,"parent":689,"menu_order":60,"comment_status":"closed","ping_status":"closed","template":"","meta":{"_acf_changed":false,"inline_featured_image":false,"footnotes":""},"class_list":["post-2332","page","type-page","status-publish","has-post-thumbnail","hentry"],"acf":[],"aioseo_notices":[],"_links":{"self":[{"href":"https:\/\/www.schroedergroup.eu\/de\/wp-json\/wp\/v2\/pages\/2332","targetHints":{"allow":["GET"]}}],"collection":[{"href":"https:\/\/www.schroedergroup.eu\/de\/wp-json\/wp\/v2\/pages"}],"about":[{"href":"https:\/\/www.schroedergroup.eu\/de\/wp-json\/wp\/v2\/types\/page"}],"author":[{"embeddable":true,"href":"https:\/\/www.schroedergroup.eu\/de\/wp-json\/wp\/v2\/users\/2"}],"replies":[{"embeddable":true,"href":"https:\/\/www.schroedergroup.eu\/de\/wp-json\/wp\/v2\/comments?post=2332"}],"version-history":[{"count":27,"href":"https:\/\/www.schroedergroup.eu\/de\/wp-json\/wp\/v2\/pages\/2332\/revisions"}],"predecessor-version":[{"id":14211,"href":"https:\/\/www.schroedergroup.eu\/de\/wp-json\/wp\/v2\/pages\/2332\/revisions\/14211"}],"up":[{"embeddable":true,"href":"https:\/\/www.schroedergroup.eu\/de\/wp-json\/wp\/v2\/pages\/689"}],"wp:featuredmedia":[{"embeddable":true,"href":"https:\/\/www.schroedergroup.eu\/de\/wp-json\/"}],"wp:attachment":[{"href":"https:\/\/www.schroedergroup.eu\/de\/wp-json\/wp\/v2\/media?parent=2332"}],"curies":[{"name":"wp","href":"https:\/\/api.w.org\/{rel}","templated":true}]}}