{"id":2325,"date":"2016-11-24T15:08:48","date_gmt":"2016-11-24T14:08:48","guid":{"rendered":"http:\/\/www.schroedergroup.eu\/de\/?page_id=2325"},"modified":"2025-09-11T12:00:27","modified_gmt":"2025-09-11T10:00:27","slug":"ask-ii","status":"publish","type":"page","link":"https:\/\/www.schroedergroup.eu\/de\/produkte\/maschinen\/maschinen-zum-biegen\/ask-ii\/","title":{"rendered":"ASK II"},"content":{"rendered":"<div class=\"wpb-content-wrapper\"><p>[vc_row css=&#8220;.vc_custom_1464864323661{margin: 0px !important;padding: 0px !important;}&#8220;][vc_column width=&#8220;5\/6&#8243; css=&#8220;.vc_custom_1464864359760{margin: 0px !important;padding: 0px !important;}&#8220;][vc_custom_heading text=&#8220;ASK II&#8220; font_container=&#8220;tag:h1|text_align:left&#8220; use_theme_fonts=&#8220;yes&#8220;][\/vc_column][vc_column width=&#8220;1\/6&#8243;][\/vc_column][\/vc_row][vc_row][vc_column][vc_tta_tabs shape=&#8220;square&#8220; active_section=&#8220;1&#8243;][vc_tta_section title=&#8220;\u00dcberblick&#8220; tab_id=&#8220;ueberblick&#8220;][vc_row_inner][vc_column_inner width=&#8220;3\/6&#8243;][vc_images_carousel images=&#8220;10528,2330&#8243; img_size=&#8220;full&#8220; autoplay=&#8220;yes&#8220; wrap=&#8220;yes&#8220;][\/vc_column_inner][vc_column_inner width=&#8220;2\/6&#8243;][vc_custom_heading text=&#8220;\u00dcberblick&#8220; use_theme_fonts=&#8220;yes&#8220;][vc_column_text]Die ASK II erlaubt durch ihre robustere Ausf\u00fchrung eine sehr hohe Biegeleistung. Sie ist standardm\u00e4\u00dfig mit einem 2-stufigen Antrieb ausgestattet, welcher \u00fcber Anschlagnocken verstellt wird.[\/vc_column_text][\/vc_column_inner][vc_column_inner el_class=&#8220;downloads&#8220; width=&#8220;1\/6&#8243;][vc_column_text css=&#8220;&#8220;]<strong>Prospekte:<\/strong><br \/>\n<a class=\"lang\" title=\"Handmaschinen DE\" href=\"https:\/\/www.schroedergroup.eu\/wp-content\/uploads\/pdf\/Prospekte_DE\/Handmaschinen_DE_web.pdf\" target=\"_blank\" rel=\"noopener\">deutsch<br \/>\n<\/a><a class=\"lang\" title=\"Manual machines EN\" href=\"https:\/\/www.schroedergroup.eu\/wp-content\/uploads\/pdf\/Prospekte_EN\/Handmaschinen_EN_web.pdf\" target=\"_blank\" rel=\"noopener\">english<br \/>\n<\/a>[\/vc_column_text][vc_separator color=&#8220;custom&#8220; accent_color=&#8220;#90be1e&#8220;][vc_column_text]<a href=\"https:\/\/youtu.be\/8XCXOjIGLtI\">Video Herstellung Fensterbank mit Quetschfaltung<\/a>[\/vc_column_text][\/vc_column_inner][\/vc_row_inner][\/vc_tta_section][vc_tta_section title=&#8220;Details&#8220; tab_id=&#8220;details&#8220;][vc_row_inner][vc_column_inner width=&#8220;5\/6&#8243;][vc_custom_heading text=&#8220;Details&#8220; use_theme_fonts=&#8220;yes&#8220;][vc_column_text]<\/p>\n<ul>\n<li>Patentierte Exzenter\u2013Schnellklemmung f\u00fcr den Werkzeugwechsel<br \/>\nbei Ober- und Biegewange mit nur einem Handgriff<\/li>\n<li>Zweistufiger Oberwangenantrieb f\u00fcr zwei verschiedene Werkzeugh\u00f6hen<\/li>\n<li>Gei\u00dffu\u00dfschiene, 130 mm hoch, 30\u00b0, segmentiert incl. Eckst\u00fccke, Freiraum 26 mm, Fu\u00dfbreite 41 mm, freier Durchgang 110 mm, Materialfestigkeit 700 N\/mm\u00b2<\/li>\n<li>Segmentierte Biegeschiene 15 mm incl. Eckst\u00fccke, 700 N\/mm\u00b2<\/li>\n<li>Segmentierte Unterwangenschiene, Stecksystem mit Eckst\u00fccken, 700 N\/mm\u00b2<\/li>\n<li>Teilung der Werkzeuge f\u00fcr 1000 mm: 30\/50\/70\/75\/75\/100\/150\/200\/300 mm + 2x 75 mm Eckst\u00fccke<br \/>\nbei gr\u00f6\u00dferen L\u00e4ngen zus\u00e4tzlich 500 mm Teilst\u00fccke<\/li>\n<li>Oberwangenhub 110 mm<\/li>\n<li>Biegewinkelanzeige<\/li>\n<li>Fu\u00dfhebeleinrichtung zum \u00d6ffnen und Schlie\u00dfen der Oberwange<\/li>\n<\/ul>\n<p>[\/vc_column_text][\/vc_column_inner][vc_column_inner el_class=&#8220;downloads&#8220; width=&#8220;1\/6&#8243;][vc_column_text css=&#8220;&#8220;]<strong>Prospekte:<\/strong><br \/>\n<a class=\"lang\" title=\"Handmaschinen DE\" href=\"https:\/\/www.schroedergroup.eu\/wp-content\/uploads\/pdf\/Prospekte_DE\/Handmaschinen_DE_web.pdf\" target=\"_blank\" rel=\"noopener\">deutsch<br \/>\n<\/a><a class=\"lang\" title=\"Manual machines EN\" href=\"https:\/\/www.schroedergroup.eu\/wp-content\/uploads\/pdf\/Prospekte_EN\/Handmaschinen_EN_web.pdf\" target=\"_blank\" rel=\"noopener\">english<\/a>[\/vc_column_text][vc_separator color=&#8220;custom&#8220; accent_color=&#8220;#90be1e&#8220;][vc_column_text]<a href=\"https:\/\/youtu.be\/8XCXOjIGLtI\">Video Herstellung Fensterbank mit Quetschfaltung<\/a>[\/vc_column_text][\/vc_column_inner][\/vc_row_inner][\/vc_tta_section][vc_tta_section title=&#8220;Technische Daten&#8220; tab_id=&#8220;technische-daten&#8220;][vc_row_inner][vc_column_inner width=&#8220;5\/6&#8243;][vc_custom_heading text=&#8220;Technical Data&#8220; use_theme_fonts=&#8220;yes&#8220;][vc_column_text]<\/p>\n<table border=\"0\">\n<tbody>\n<tr>\n<td class=\"BeschtiftungTyp\">Typ<\/td>\n<td class=\"BeschriftungOben\">Leistung<\/td>\n<td class=\"BeschriftungOben\">Nutzl\u00e4nge<\/td>\n<td class=\"BeschriftungOben\">Stufen<\/td>\n<td class=\"BeschriftungOben\">L x B x H<\/td>\n<td class=\"BeschriftungOben\">Gewicht<\/td>\n<\/tr>\n<tr>\n<td class=\"Maschinentypen\"><\/td>\n<td>[mm]<\/td>\n<td>[mm]<\/td>\n<td><\/td>\n<td>[mm]<\/td>\n<td>[kg]<\/td>\n<\/tr>\n<tr>\n<td class=\"Maschinentypen\">1000&#215;2,0<\/td>\n<td>2,00<\/td>\n<td align=\"right\">1050<\/td>\n<td align=\"right\">2<\/td>\n<td align=\"right\">1 540 x 750 x 1 265<\/td>\n<td align=\"right\">475<\/td>\n<\/tr>\n<tr>\n<td class=\"Maschinentypen\">1500&#215;1,75<\/td>\n<td>1,75<\/td>\n<td align=\"right\">1550<\/td>\n<td align=\"right\">2<\/td>\n<td align=\"right\">2 040 x 750 x 1 265<\/td>\n<td align=\"right\">585<\/td>\n<\/tr>\n<tr>\n<td class=\"Maschinentypen\">2000&#215;1,0<\/td>\n<td>1,00<\/td>\n<td align=\"right\">2050<\/td>\n<td align=\"right\">2<\/td>\n<td align=\"right\">2 540 x 750 x 1 265<\/td>\n<td align=\"right\">725<\/td>\n<\/tr>\n<\/tbody>\n<\/table>\n<p>[\/vc_column_text][\/vc_column_inner][vc_column_inner el_class=&#8220;downloads&#8220; width=&#8220;1\/6&#8243;][vc_column_text css=&#8220;&#8220;]<strong>Prospekte:<\/strong><br \/>\n<a class=\"lang\" title=\"Handmaschinen DE\" href=\"https:\/\/www.schroedergroup.eu\/wp-content\/uploads\/pdf\/Prospekte_DE\/Handmaschinen_DE_web.pdf\" target=\"_blank\" rel=\"noopener\">deutsch<br \/>\n<\/a><a class=\"lang\" title=\"Manual machines EN\" href=\"https:\/\/www.schroedergroup.eu\/wp-content\/uploads\/pdf\/Prospekte_EN\/Handmaschinen_EN_web.pdf\" target=\"_blank\" rel=\"noopener\">english<br \/>\n<\/a>[\/vc_column_text][vc_separator color=&#8220;custom&#8220; accent_color=&#8220;#90be1e&#8220;][vc_column_text]<a href=\"https:\/\/youtu.be\/8XCXOjIGLtI\">Video Herstellung Fensterbank mit Quetschfaltung<\/a>[\/vc_column_text][\/vc_column_inner][\/vc_row_inner][\/vc_tta_section][vc_tta_section title=&#8220;Werkzeuge\/Optionen&#8220; tab_id=&#8220;werkzeuge-optionen&#8220;][vc_row_inner][vc_column_inner width=&#8220;5\/6&#8243;][vc_custom_heading text=&#8220;Werkzeuge\/Optionen&#8220; use_theme_fonts=&#8220;yes&#8220;][vc_column_text]Optionen<\/p>\n<ul>\n<li>2 variable Anschlagarme 750 mm mit 2 T-Nuten und Ma\u00dfstab, verschiebbar auf F\u00fchrungsschiene incl. 2 Kippanschl\u00e4ge zum Einlegen in die T-Nut<\/li>\n<li>Maschine auf Rollen: 4 Lenkrollen, feststellbar<\/li>\n<li>Werkzeugkiste<\/li>\n<li>Schneideinrichtung: Rollenschere incl. F\u00fchrungsschiene f\u00fcr max. Materialst\u00e4rke 0,8 mm St37<\/li>\n<\/ul>\n<p>Oberwangenwerkzeuge<\/p>\n<ul>\n<li>Verg\u00fctete Gei\u00dffu\u00dfschiene, 130 mm hoch, 30\u00b0, R 1\/2\/3\/4, Freiraum 30 mm, Fu\u00dfbreite 50 mm, freier Durchgang 110 mm, segmentiert incl. Eckst\u00fccke, 1100 N\/mm\u00b2<\/li>\n<li>Spitzschiene 20\u00b0 und \/ oder 30\u00b0, scharf<\/li>\n<li>Rundschiene R2\/3\/4\/5<\/li>\n<li>Eins\u00e4tze zur Fensterbankherstellung<\/li>\n<\/ul>\n<p>[\/vc_column_text][\/vc_column_inner][vc_column_inner el_class=&#8220;downloads&#8220; width=&#8220;1\/6&#8243;][vc_column_text css=&#8220;&#8220;]<strong>Prospekte:<\/strong><br \/>\n<a class=\"lang\" title=\"Handmaschinen DE\" href=\"https:\/\/www.schroedergroup.eu\/wp-content\/uploads\/pdf\/Prospekte_DE\/Handmaschinen_DE_web.pdf\" target=\"_blank\" rel=\"noopener\">deutsch<br \/>\n<\/a><a class=\"lang\" title=\"Manual machines EN\" href=\"https:\/\/www.schroedergroup.eu\/wp-content\/uploads\/pdf\/Prospekte_EN\/Handmaschinen_EN_web.pdf\" target=\"_blank\" rel=\"noopener\">english<br \/>\n<\/a>[\/vc_column_text][vc_separator color=&#8220;custom&#8220; accent_color=&#8220;#90be1e&#8220;][vc_column_text]<a href=\"https:\/\/youtu.be\/8XCXOjIGLtI\">Video Herstellung Fensterbank mit Quetschfaltung<\/a>[\/vc_column_text][\/vc_column_inner][\/vc_row_inner][\/vc_tta_section][\/vc_tta_tabs][\/vc_column][\/vc_row][vc_row][vc_column][vc_column_text]<!--more-->[\/vc_column_text][\/vc_column][vc_column][\/vc_column][\/vc_row]<\/p>\n<\/div>","protected":false},"excerpt":{"rendered":"<p>[vc_row css=&#8220;.vc_custom_1464864323661{margin: 0px !important;padding: 0px !important;}&#8220;][vc_column width=&#8220;5\/6&#8243; css=&#8220;.vc_custom_1464864359760{margin: 0px !important;padding: 0px !important;}&#8220;][vc_custom_heading text=&#8220;ASK II&#8220; font_container=&#8220;tag:h1|text_align:left&#8220; use_theme_fonts=&#8220;yes&#8220;][\/vc_column][vc_column width=&#8220;1\/6&#8243;][\/vc_column][\/vc_row][vc_row][vc_column][vc_tta_tabs shape=&#8220;square&#8220; active_section=&#8220;1&#8243;][vc_tta_section title=&#8220;\u00dcberblick&#8220; tab_id=&#8220;ueberblick&#8220;][vc_row_inner][vc_column_inner width=&#8220;3\/6&#8243;][vc_images_carousel images=&#8220;10528,2330&#8243; img_size=&#8220;full&#8220; autoplay=&#8220;yes&#8220; wrap=&#8220;yes&#8220;][\/vc_column_inner][vc_column_inner<span class=\"excerpt-hellip\"> [\u2026]<\/span><\/p>\n","protected":false},"author":2,"featured_media":-1,"parent":689,"menu_order":60,"comment_status":"closed","ping_status":"closed","template":"","meta":{"_acf_changed":false,"inline_featured_image":false,"footnotes":""},"class_list":["post-2325","page","type-page","status-publish","has-post-thumbnail","hentry"],"acf":[],"aioseo_notices":[],"_links":{"self":[{"href":"https:\/\/www.schroedergroup.eu\/de\/wp-json\/wp\/v2\/pages\/2325","targetHints":{"allow":["GET"]}}],"collection":[{"href":"https:\/\/www.schroedergroup.eu\/de\/wp-json\/wp\/v2\/pages"}],"about":[{"href":"https:\/\/www.schroedergroup.eu\/de\/wp-json\/wp\/v2\/types\/page"}],"author":[{"embeddable":true,"href":"https:\/\/www.schroedergroup.eu\/de\/wp-json\/wp\/v2\/users\/2"}],"replies":[{"embeddable":true,"href":"https:\/\/www.schroedergroup.eu\/de\/wp-json\/wp\/v2\/comments?post=2325"}],"version-history":[{"count":36,"href":"https:\/\/www.schroedergroup.eu\/de\/wp-json\/wp\/v2\/pages\/2325\/revisions"}],"predecessor-version":[{"id":14204,"href":"https:\/\/www.schroedergroup.eu\/de\/wp-json\/wp\/v2\/pages\/2325\/revisions\/14204"}],"up":[{"embeddable":true,"href":"https:\/\/www.schroedergroup.eu\/de\/wp-json\/wp\/v2\/pages\/689"}],"wp:featuredmedia":[{"embeddable":true,"href":"https:\/\/www.schroedergroup.eu\/de\/wp-json\/"}],"wp:attachment":[{"href":"https:\/\/www.schroedergroup.eu\/de\/wp-json\/wp\/v2\/media?parent=2325"}],"curies":[{"name":"wp","href":"https:\/\/api.w.org\/{rel}","templated":true}]}}