{"id":2313,"date":"2016-11-24T13:18:19","date_gmt":"2016-11-24T12:18:19","guid":{"rendered":"http:\/\/www.schroedergroup.eu\/de\/?page_id=2313"},"modified":"2026-03-23T14:05:53","modified_gmt":"2026-03-23T13:05:53","slug":"ask-3","status":"publish","type":"page","link":"https:\/\/www.schroedergroup.eu\/de\/produkte\/maschinen\/maschinen-zum-biegen\/ask-3\/","title":{"rendered":"ASK 3"},"content":{"rendered":"<div class=\"wpb-content-wrapper\"><p>[vc_row css=&#8220;.vc_custom_1464864323661{margin: 0px !important;padding: 0px !important;}&#8220;][vc_column width=&#8220;5\/6&#8243; css=&#8220;.vc_custom_1464864359760{margin: 0px !important;padding: 0px !important;}&#8220;][vc_custom_heading text=&#8220;ASK 3&#8243; font_container=&#8220;tag:h1|text_align:left&#8220; use_theme_fonts=&#8220;yes&#8220;][\/vc_column][vc_column width=&#8220;1\/6&#8243;][\/vc_column][\/vc_row][vc_row][vc_column][vc_tta_tabs shape=&#8220;square&#8220; active_section=&#8220;1&#8243;][vc_tta_section title=&#8220;\u00dcberblick&#8220; tab_id=&#8220;ueberblick&#8220;][vc_row_inner][vc_column_inner width=&#8220;3\/6&#8243;][vc_images_carousel images=&#8220;6292,10501,10525,10522,10519,2317&#8243; img_size=&#8220;full&#8220; autoplay=&#8220;yes&#8220; wrap=&#8220;yes&#8220;][\/vc_column_inner][vc_column_inner width=&#8220;2\/6&#8243;][vc_custom_heading text=&#8220;\u00dcberblick&#8220; use_theme_fonts=&#8220;yes&#8220;][vc_column_text]Die Segmentabkantmaschine Typ ASK 3 ist die manuelle Schwenkbiegemaschine der 3. Generation. Sie ist die vielseitige L\u00f6sung f\u00fcr die Blechbearbeitung in Werkst\u00e4tten und auf Baustellen. Neben der standardm\u00e4\u00dfigen Ausf\u00fchrung wie z.B. der patentierten Exzenter-Schnellklemmung an der Oberwange bietet die neue Version der ASK optional auch freie Durchgangsh\u00f6hen an der Oberwange von bis zu 180 mm, bis zu 120 mm an der Unterwange und bis zu 142 mm an der Biegewange. Die gro\u00dfen Werkzeugfreir\u00e4ume erweitern das Produktspektrum enorm und erh\u00f6hen die Flexibilit\u00e4t.[\/vc_column_text][\/vc_column_inner][vc_column_inner el_class=&#8220;downloads&#8220; width=&#8220;1\/6&#8243;][vc_column_text css=&#8220;&#8220;]<strong>Prospekte:<\/strong><br \/>\n<a class=\"lang\" title=\"Handmaschinen DE\" href=\"https:\/\/www.schroedergroup.eu\/wp-content\/uploads\/pdf\/Prospekte_DE\/Handmaschinen_DE_web.pdf\" target=\"_blank\" rel=\"noopener\">deutsch<br \/>\n<\/a><a class=\"lang\" title=\"Manual machines EN\" href=\"https:\/\/www.schroedergroup.eu\/wp-content\/uploads\/pdf\/Prospekte_EN\/Handmaschinen_EN_web.pdf\" target=\"_blank\" rel=\"noopener\">english<br \/>\n<\/a>[\/vc_column_text][vc_separator color=&#8220;custom&#8220; accent_color=&#8220;#90be1e&#8220;][\/vc_column_inner][\/vc_row_inner][\/vc_tta_section][vc_tta_section title=&#8220;Details&#8220; tab_id=&#8220;details&#8220;][vc_row_inner][vc_column_inner width=&#8220;5\/6&#8243;][vc_custom_heading text=&#8220;Details&#8220; use_theme_fonts=&#8220;yes&#8220;][vc_column_text]<\/p>\n<ul>\n<li>Patentierte Exzenter \u2013 Schnellklemmung f\u00fcr den Werkzeugwechsel bei Ober- und Biegewange mit nur einem Handgriff<\/li>\n<li>Mehrstufiger Oberwangenantrieb f\u00fcr vier verschiedene Werkzeugh\u00f6hen<\/li>\n<li>Gei\u00dffu\u00dfschiene, H = 130 mm, 30\u00b0, scharf, Freiraum 26 mm, Fu\u00dfbreite 41 mm, freier Durchgang 110 mm, segmentiert incl. Eckst\u00fccke, Materialfestigkeit 700 N\/mm\u00b2<\/li>\n<li>Unterwangenschiene, freier Durchgang 55 mm, segmentiert incl. Eckst\u00fccke, Materialfestigkeit 700 N\/mm\u00b2<\/li>\n<li>Kombi-Biegeschiene, H = 120 mm, 12\/15 mm, freier Durchgang 77 mm, segmentiert incl. Eckst\u00fccke, Materialfestigkeit 700 N\/mm\u00b2<\/li>\n<li>Teilung der Werkzeuge f\u00fcr 1000 mm: 30\/50\/70\/100\/150\/200\/300 mm + 2 x 75 mm Eckst\u00fccke bei 1250 mm zus\u00e4tzlich 250 mm,<br \/>\nbei 1500 mm zus\u00e4tzlich 2 x 250 mm<\/li>\n<li>Oberwangenhub 110 mm<\/li>\n<li>Oberwange mit Blechauflage (Werkzeugablage)<\/li>\n<li>St\u00e4nder mit Ablageblech incl. Werkzeugablage<\/li>\n<li>Biegewinkelanzeige<\/li>\n<li>Biegewinkelanschlag<\/li>\n<li>Werkzeugablagetisch<\/li>\n<li>Fu\u00dfhebeleinrichtung zum \u00d6ffnen und Schlie\u00dfen der Oberwange<\/li>\n<li>Maschine auf vier Rollen: 2 Bock- und 2 Lenkrollen, feststellbar<br \/>\n(Lenkrolle vorne rechts h\u00f6henverstellbar mit Griff)<\/li>\n<\/ul>\n<p>[\/vc_column_text][\/vc_column_inner][vc_column_inner el_class=&#8220;downloads&#8220; width=&#8220;1\/6&#8243;][vc_column_text css=&#8220;&#8220;]<strong>Prospekte:<\/strong><br \/>\n<a class=\"lang\" title=\"Handmaschinen DE\" href=\"https:\/\/www.schroedergroup.eu\/wp-content\/uploads\/pdf\/Prospekte_DE\/Handmaschinen_DE_web.pdf\" target=\"_blank\" rel=\"noopener\">deutsch<br \/>\n<\/a><a class=\"lang\" title=\"Manual machines EN\" href=\"https:\/\/www.schroedergroup.eu\/wp-content\/uploads\/pdf\/Prospekte_EN\/Handmaschinen_EN_web.pdf\" target=\"_blank\" rel=\"noopener\">english<br \/>\n<\/a>[\/vc_column_text][vc_separator color=&#8220;custom&#8220; accent_color=&#8220;#90be1e&#8220;][\/vc_column_inner][\/vc_row_inner][\/vc_tta_section][vc_tta_section title=&#8220;Technische Daten&#8220; tab_id=&#8220;technische-daten&#8220;][vc_row_inner][vc_column_inner width=&#8220;5\/6&#8243;][vc_custom_heading text=&#8220;Technische Daten&#8220; use_theme_fonts=&#8220;yes&#8220;][vc_column_text]<\/p>\n<table border=\"0\">\n<tbody>\n<tr>\n<td class=\"BeschtiftungTyp\">Typ<\/td>\n<td class=\"BeschriftungOben\">Leistung<\/td>\n<td class=\"BeschriftungOben\">Nutzl\u00e4nge<\/td>\n<td class=\"BeschriftungOben\">L x B x H<\/td>\n<td class=\"BeschriftungOben\">Gewicht<\/td>\n<\/tr>\n<tr>\n<td class=\"Maschinentypen\"><\/td>\n<td>[mm]<\/td>\n<td>[mm]<\/td>\n<td>[mm]<\/td>\n<td>[kg]<\/td>\n<\/tr>\n<tr>\n<td class=\"Maschinentypen\">1000&#215;1,5<\/td>\n<td>1,50<\/td>\n<td align=\"right\">1050<\/td>\n<td align=\"right\">1 613 x 885 x 1 387<\/td>\n<td align=\"right\">310<\/td>\n<\/tr>\n<tr>\n<td class=\"Maschinentypen\">1250&#215;1,5<\/td>\n<td>1,50<\/td>\n<td align=\"right\">1300<\/td>\n<td align=\"right\">1 863 x 885 x 1 387<\/td>\n<td align=\"right\">350<\/td>\n<\/tr>\n<tr>\n<td class=\"Maschinentypen\">1500&#215;1,5<\/td>\n<td>1,50<\/td>\n<td align=\"right\">1550<\/td>\n<td align=\"right\">2 113 x 885 x 1 387<\/td>\n<td align=\"right\">390<\/td>\n<\/tr>\n<\/tbody>\n<\/table>\n<p>[\/vc_column_text][\/vc_column_inner][vc_column_inner el_class=&#8220;downloads&#8220; width=&#8220;1\/6&#8243;][vc_column_text css=&#8220;&#8220;]<strong>Prospekte:<\/strong><br \/>\n<a class=\"lang\" title=\"Handmaschinen DE\" href=\"https:\/\/www.schroedergroup.eu\/wp-content\/uploads\/pdf\/Prospekte_DE\/Handmaschinen_DE_web.pdf\" target=\"_blank\" rel=\"noopener\">deutsch<br \/>\n<\/a><a class=\"lang\" title=\"Manual machines EN\" href=\"https:\/\/www.schroedergroup.eu\/wp-content\/uploads\/pdf\/Prospekte_EN\/Handmaschinen_EN_web.pdf\" target=\"_blank\" rel=\"noopener\">english<br \/>\n<\/a>[\/vc_column_text][vc_separator color=&#8220;custom&#8220; accent_color=&#8220;#90be1e&#8220;][\/vc_column_inner][\/vc_row_inner][\/vc_tta_section][vc_tta_section title=&#8220;Werkzeuge\/Optionen&#8220; tab_id=&#8220;werkzeuge-optionen&#8220;][vc_row_inner][vc_column_inner width=&#8220;5\/6&#8243;][vc_custom_heading text=&#8220;Werkzeuge\/Optionen&#8220; use_theme_fonts=&#8220;yes&#8220;][vc_column_text css=&#8220;&#8220;]Optionen<\/p>\n<ul>\n<li>2 variable Auflagekonsolen, 600 mm mit Ma\u00dfstab, verschiebbar auf F\u00fchrungsschiene incl. 2\u00a0 Kippanschl\u00e4ge<\/li>\n<li>1 Paar zus\u00e4tzliche Kippanschl\u00e4ge<\/li>\n<li>Zus\u00e4tzlicher Biegewinkelanschlag<\/li>\n<li>Korrisionsschutz zink-phosphatiert f\u00fcr einen kompletten Werkzeugsatz in Standardqualit\u00e4t<\/li>\n<li>Oberwangenwerkzeug mangan-phosphatiert (bei verg\u00fcteten Werkzeugen), Hinweis: unterschiedliche Optik der Werkzeuge<\/li>\n<li>Eins\u00e4tze zur Fensterbankherstellung<\/li>\n<li>2 zus\u00e4tzliche Lenkrollen (Bockrollen Standard entfallen)<\/li>\n<li>Rollenschere incl. F\u00fchrungsschiene f\u00fcr max. Materialst\u00e4rke 0,8 mm St37 (Nur f\u00fcr Standard-Biegewangenh\u00f6he)<\/li>\n<li>Werkzeugkiste<\/li>\n<li>Biegewange und Unterwange abgesenkt mit Werkzeugen, ca. 700 N\/mm\u00b2:<br \/>\n&#8211; Biegewange freier Durchgang 142 mm, Breite 17 mm<br \/>\n&#8211; Unterwange freier Durchgang 120 mm, Breite 45 mm<br \/>\n(Nur als Erstausr\u00fcstung lieferbar!)<\/li>\n<\/ul>\n<p>Werkzeuge Oberwange verg\u00fctet 1100 N\/mm\u00b2<\/p>\n<ul>\n<li>Gei\u00dffu\u00dfschiene 130 mm hoch, 30\u00b0, R 1\/2\/3\/4, Freiraum 30 mm, Fu\u00dfbreite 501 mm, freier Durchgang 110 mm, segmentiert incl. Eckst\u00fccke<\/li>\n<li>Gei\u00dffu\u00dfschiene 170 mm hoch, 30\u00b0, R 1\/2\/3\/4, Freiraum 30 mm, Fu\u00dfbreite 50 mm, freier Durchgang 150 mm, segmentiert incl. Eckst\u00fccke<\/li>\n<li>Gei\u00dffu\u00dfschiene 200 mm hoch, 30\u00b0, R 1\/2\/3\/4, Freiraum 30 mm, Fu\u00dfbreite 50 mm, freier Durchgang 180 mm, segmentiert incl. Eckst\u00fccke<\/li>\n<\/ul>\n<p>[\/vc_column_text][\/vc_column_inner][vc_column_inner width=&#8220;1\/6&#8243;][vc_column_text css=&#8220;&#8220;]<strong>Prospekte:<\/strong><br \/>\n<a class=\"lang\" title=\"Handmaschinen DE\" href=\"https:\/\/www.schroedergroup.eu\/wp-content\/uploads\/pdf\/Prospekte_DE\/Handmaschinen_DE_web.pdf\" target=\"_blank\" rel=\"noopener\">deutsch<br \/>\n<\/a><a class=\"lang\" title=\"Manual machines EN\" href=\"https:\/\/www.schroedergroup.eu\/wp-content\/uploads\/pdf\/Prospekte_EN\/Handmaschinen_EN_web.pdf\" target=\"_blank\" rel=\"noopener\">english<br \/>\n<\/a>[\/vc_column_text][vc_separator color=&#8220;custom&#8220; accent_color=&#8220;#90be1e&#8220;][\/vc_column_inner][\/vc_row_inner][\/vc_tta_section][\/vc_tta_tabs][\/vc_column][\/vc_row][vc_row][vc_column][vc_column_text]<!--more-->[\/vc_column_text][\/vc_column][\/vc_row]<\/p>\n<\/div>","protected":false},"excerpt":{"rendered":"<p>[vc_row css=&#8220;.vc_custom_1464864323661{margin: 0px !important;padding: 0px !important;}&#8220;][vc_column width=&#8220;5\/6&#8243; css=&#8220;.vc_custom_1464864359760{margin: 0px !important;padding: 0px !important;}&#8220;][vc_custom_heading text=&#8220;ASK 3&#8243; font_container=&#8220;tag:h1|text_align:left&#8220; use_theme_fonts=&#8220;yes&#8220;][\/vc_column][vc_column width=&#8220;1\/6&#8243;][\/vc_column][\/vc_row][vc_row][vc_column][vc_tta_tabs shape=&#8220;square&#8220; active_section=&#8220;1&#8243;][vc_tta_section title=&#8220;\u00dcberblick&#8220; tab_id=&#8220;ueberblick&#8220;][vc_row_inner][vc_column_inner width=&#8220;3\/6&#8243;][vc_images_carousel images=&#8220;6292,10501,10525,10522,10519,2317&#8243; img_size=&#8220;full&#8220; autoplay=&#8220;yes&#8220; wrap=&#8220;yes&#8220;][\/vc_column_inner][vc_column_inner<span class=\"excerpt-hellip\"> [\u2026]<\/span><\/p>\n","protected":false},"author":2,"featured_media":-1,"parent":689,"menu_order":60,"comment_status":"closed","ping_status":"closed","template":"","meta":{"_acf_changed":false,"inline_featured_image":false,"footnotes":""},"class_list":["post-2313","page","type-page","status-publish","has-post-thumbnail","hentry"],"acf":[],"aioseo_notices":[],"_links":{"self":[{"href":"https:\/\/www.schroedergroup.eu\/de\/wp-json\/wp\/v2\/pages\/2313","targetHints":{"allow":["GET"]}}],"collection":[{"href":"https:\/\/www.schroedergroup.eu\/de\/wp-json\/wp\/v2\/pages"}],"about":[{"href":"https:\/\/www.schroedergroup.eu\/de\/wp-json\/wp\/v2\/types\/page"}],"author":[{"embeddable":true,"href":"https:\/\/www.schroedergroup.eu\/de\/wp-json\/wp\/v2\/users\/2"}],"replies":[{"embeddable":true,"href":"https:\/\/www.schroedergroup.eu\/de\/wp-json\/wp\/v2\/comments?post=2313"}],"version-history":[{"count":38,"href":"https:\/\/www.schroedergroup.eu\/de\/wp-json\/wp\/v2\/pages\/2313\/revisions"}],"predecessor-version":[{"id":14875,"href":"https:\/\/www.schroedergroup.eu\/de\/wp-json\/wp\/v2\/pages\/2313\/revisions\/14875"}],"up":[{"embeddable":true,"href":"https:\/\/www.schroedergroup.eu\/de\/wp-json\/wp\/v2\/pages\/689"}],"wp:featuredmedia":[{"embeddable":true,"href":"https:\/\/www.schroedergroup.eu\/de\/wp-json\/"}],"wp:attachment":[{"href":"https:\/\/www.schroedergroup.eu\/de\/wp-json\/wp\/v2\/media?parent=2313"}],"curies":[{"name":"wp","href":"https:\/\/api.w.org\/{rel}","templated":true}]}}