{"id":2307,"date":"2016-11-24T11:52:28","date_gmt":"2016-11-24T10:52:28","guid":{"rendered":"http:\/\/www.schroedergroup.eu\/de\/?page_id=2307"},"modified":"2025-09-11T12:44:18","modified_gmt":"2025-09-11T10:44:18","slug":"ak","status":"publish","type":"page","link":"https:\/\/www.schroedergroup.eu\/de\/produkte\/maschinen\/maschinen-zum-biegen\/ak\/","title":{"rendered":"AK"},"content":{"rendered":"<div class=\"wpb-content-wrapper\"><p>[vc_row css=&#8220;.vc_custom_1464864323661{margin: 0px !important;padding: 0px !important;}&#8220;][vc_column width=&#8220;5\/6&#8243; css=&#8220;.vc_custom_1464864359760{margin: 0px !important;padding: 0px !important;}&#8220;][vc_custom_heading text=&#8220;AK&#8220; font_container=&#8220;tag:h1|text_align:left&#8220; use_theme_fonts=&#8220;yes&#8220;][\/vc_column][vc_column width=&#8220;1\/6&#8243;][\/vc_column][\/vc_row][vc_row][vc_column][vc_tta_tabs shape=&#8220;square&#8220; active_section=&#8220;1&#8243;][vc_tta_section title=&#8220;\u00dcberblick&#8220; tab_id=&#8220;ueberblicke&#8220;][vc_row_inner][vc_column_inner width=&#8220;3\/6&#8243;][vc_images_carousel images=&#8220;2463,4548,2297,2296,2295&#8243; img_size=&#8220;full&#8220; autoplay=&#8220;yes&#8220; wrap=&#8220;yes&#8220;][\/vc_column_inner][vc_column_inner width=&#8220;2\/6&#8243;][vc_custom_heading text=&#8220;\u00dcberblick&#8220; use_theme_fonts=&#8220;yes&#8220;][vc_column_text]Die Hand-Schwenkbiegemaschinen AK ist eine klassische Werkstattmaschine. Die technisch perfekte und ausgereifte Konstruktion verleiht der Maschine Flexibilit\u00e4t und Rentabilit\u00e4t und dank ihrer wartungs- und verschlei\u00dffreien F\u00fchrungen und Maschinenelemente ist die AK im t\u00e4glichen Einsatz nahezu unverw\u00fcstlich.[\/vc_column_text][\/vc_column_inner][vc_column_inner el_class=&#8220;downloads&#8220; width=&#8220;1\/6&#8243;][vc_column_text css=&#8220;&#8220;]<strong>Prospekte:<\/strong><br \/>\n<a class=\"lang\" title=\"Handmaschinen DE\" href=\"https:\/\/www.schroedergroup.eu\/wp-content\/uploads\/pdf\/Prospekte_DE\/Handmaschinen_DE_web.pdf\" target=\"_blank\" rel=\"noopener\">deutsch<br \/>\n<\/a><a class=\"lang\" title=\"Manual machines EN\" href=\"https:\/\/www.schroedergroup.eu\/wp-content\/uploads\/pdf\/Prospekte_EN\/Handmaschinen_EN_web.pdf\" target=\"_blank\" rel=\"noopener\">english<br \/>\n<\/a>[\/vc_column_text][vc_separator color=&#8220;custom&#8220; accent_color=&#8220;#90be1e&#8220;][vc_column_text]<strong>Video:<br \/>\n<\/strong><a href=\"https:\/\/youtu.be\/MdlsZAhz01I\" rel=\"prettyPhoto\">Handabkantmaschine AK<\/a>[\/vc_column_text][\/vc_column_inner][\/vc_row_inner][\/vc_tta_section][vc_tta_section title=&#8220;Details&#8220; tab_id=&#8220;details&#8220;][vc_row_inner][vc_column_inner width=&#8220;5\/6&#8243;][vc_custom_heading text=&#8220;Details&#8220; use_theme_fonts=&#8220;yes&#8220;][vc_column_text]<\/p>\n<ul>\n<li>Fu\u00dfhebeleinrichtung zum Bedienen der Oberwange<\/li>\n<li>Spenglerschiene 22,5\u00b0, direkt verschraubt<\/li>\n<li>Biegeschienen 10 und 25 mm (bei AK 3000: 15 und 25 mm)<\/li>\n<li>Verstellbarer Winkelanschlag<\/li>\n<li>Unterwangenschiene, einteilig<\/li>\n<li>Werkzeugset<\/li>\n<li>Arbeitsh\u00f6he 930 mm<\/li>\n<\/ul>\n<p>[\/vc_column_text][\/vc_column_inner][vc_column_inner el_class=&#8220;downloads&#8220; width=&#8220;1\/6&#8243;][vc_column_text css=&#8220;&#8220;]<strong>Prospekte:<\/strong><br \/>\n<a class=\"lang\" title=\"Handmaschinen DE\" href=\"https:\/\/www.schroedergroup.eu\/wp-content\/uploads\/pdf\/Prospekte_DE\/Handmaschinen_DE_web.pdf\" target=\"_blank\" rel=\"noopener\">deutsch<br \/>\n<\/a><a class=\"lang\" title=\"Manual machines EN\" href=\"https:\/\/www.schroedergroup.eu\/wp-content\/uploads\/pdf\/Prospekte_EN\/Handmaschinen_EN_web.pdf\" target=\"_blank\" rel=\"noopener\">english<br \/>\n<\/a>[\/vc_column_text][vc_separator color=&#8220;custom&#8220; accent_color=&#8220;#90be1e&#8220;][vc_column_text]<strong>Video:<br \/>\n<\/strong><a href=\"https:\/\/youtu.be\/MdlsZAhz01I\" rel=\"prettyPhoto\">Handabkantmaschine AK<\/a>[\/vc_column_text][\/vc_column_inner][\/vc_row_inner][\/vc_tta_section][vc_tta_section title=&#8220;Technische Daten&#8220; tab_id=&#8220;technische-daten&#8220;][vc_row_inner][vc_column_inner width=&#8220;5\/6&#8243;][vc_custom_heading text=&#8220;Technische Daten&#8220; use_theme_fonts=&#8220;yes&#8220;][vc_column_text]<\/p>\n<table border=\"0\">\n<tbody>\n<tr>\n<td class=\"BeschtiftungTyp\">Typ<\/td>\n<td class=\"BeschriftungOben\">Leistung<\/td>\n<td class=\"BeschriftungOben\">Nutzl\u00e4nge<\/td>\n<td class=\"BeschriftungOben\">Oberwangenhub<\/td>\n<\/tr>\n<tr>\n<td class=\"Maschinentypen\"><\/td>\n<td>[mm]<\/td>\n<td>[mm]<\/td>\n<td>[mm]<\/td>\n<\/tr>\n<tr>\n<td class=\"Maschinentypen\">2000&#215;1,0<\/td>\n<td align=\"right\">1,0<\/td>\n<td align=\"right\">2020<\/td>\n<td align=\"right\">110<\/td>\n<\/tr>\n<tr>\n<td class=\"Maschinentypen\">2000&#215;1,5<\/td>\n<td align=\"right\">1,5<\/td>\n<td align=\"right\">2020<\/td>\n<td align=\"right\">110<\/td>\n<\/tr>\n<tr>\n<td class=\"Maschinentypen\">2500&#215;1,0<\/td>\n<td align=\"right\">1,0<\/td>\n<td align=\"right\">2520<\/td>\n<td align=\"right\">110<\/td>\n<\/tr>\n<tr>\n<td class=\"Maschinentypen\">3000&#215;1,0<\/td>\n<td align=\"right\">1,0<\/td>\n<td align=\"right\">3020<\/td>\n<td align=\"right\">110<\/td>\n<\/tr>\n<\/tbody>\n<\/table>\n<p>[\/vc_column_text][\/vc_column_inner][vc_column_inner el_class=&#8220;downloads&#8220; width=&#8220;1\/6&#8243;][vc_column_text css=&#8220;&#8220;]<strong>Prospekte:<\/strong><br \/>\n<a class=\"lang\" title=\"Handmaschinen DE\" href=\"https:\/\/www.schroedergroup.eu\/wp-content\/uploads\/pdf\/Prospekte_DE\/Handmaschinen_DE_web.pdf\" target=\"_blank\" rel=\"noopener\">deutsch<br \/>\n<\/a><a class=\"lang\" title=\"Manual machines EN\" href=\"https:\/\/www.schroedergroup.eu\/wp-content\/uploads\/pdf\/Prospekte_EN\/Handmaschinen_EN_web.pdf\" target=\"_blank\" rel=\"noopener\">english<br \/>\n<\/a>[\/vc_column_text][vc_separator color=&#8220;custom&#8220; accent_color=&#8220;#90be1e&#8220;][vc_column_text]<strong>Video:<br \/>\n<\/strong><a href=\"https:\/\/youtu.be\/MdlsZAhz01I\" rel=\"prettyPhoto\">Handabkantmaschine AK<\/a>[\/vc_column_text][\/vc_column_inner][\/vc_row_inner][\/vc_tta_section][vc_tta_section title=&#8220;Werkzeuge\/Optionen&#8220; tab_id=&#8220;werkzeuge-optionen&#8220;][vc_row_inner][vc_column_inner width=&#8220;5\/6&#8243;][vc_custom_heading text=&#8220;Werkzeuge\/Optionen&#8220; use_theme_fonts=&#8220;yes&#8220;][vc_column_text]Optionen<\/p>\n<ul>\n<li>Auflagetisch incl. Hinteranschlag 10 &#8211; 750 mm von hinten verstellbar<\/li>\n<li>Manueller Hinteranschlag 10 &#8211; 750 mm von vorne verstellbar mit Digitalanzeige incl. Auflagetisch<\/li>\n<li>Zus\u00e4tzlicher Biegewinkelanschlag<\/li>\n<li>F\u00fchrungsschiene<\/li>\n<li>Rollenschere f\u00fcr max.\u00a0 Materialst\u00e4rke 0,8 mm St37<\/li>\n<li>Profilier- und Zudr\u00fcckkopf<\/li>\n<li>Pneumatische Biegehilfe<\/li>\n<li>Verstellbare Wulsteinrichtung ohne Wulststab und Windeisen<\/li>\n<li>Wulststab 14\/16\/18\/20 oder 22 mm<\/li>\n<li>Satz Windeisen<\/li>\n<\/ul>\n<p>Werkzeuge Oberwange<\/p>\n<ul>\n<li>Rundschiene R2\/3\/4\/5<\/li>\n<\/ul>\n<p>Werkzeuge Biegewange<\/p>\n<ul>\n<li>Biegeschienen 10 mm und 15 mm<\/li>\n<\/ul>\n<p>[\/vc_column_text][\/vc_column_inner][vc_column_inner el_class=&#8220;downloads&#8220; width=&#8220;1\/6&#8243;][vc_column_text css=&#8220;&#8220;]<strong>Prospekte:<\/strong><br \/>\n<a class=\"lang\" title=\"Handmaschinen DE\" href=\"https:\/\/www.schroedergroup.eu\/wp-content\/uploads\/pdf\/Prospekte_DE\/Handmaschinen_DE_web.pdf\" target=\"_blank\" rel=\"noopener\">deutsch<br \/>\n<\/a><a class=\"lang\" title=\"Manual machines EN\" href=\"https:\/\/www.schroedergroup.eu\/wp-content\/uploads\/pdf\/Prospekte_EN\/Handmaschinen_EN_web.pdf\" target=\"_blank\" rel=\"noopener\">english<br \/>\n<\/a>[\/vc_column_text][vc_separator color=&#8220;custom&#8220; accent_color=&#8220;#90be1e&#8220;][vc_column_text]<strong>Video:<br \/>\n<\/strong><a href=\"https:\/\/youtu.be\/MdlsZAhz01I\" rel=\"prettyPhoto\">Handabkantmaschine AK<\/a>[\/vc_column_text][\/vc_column_inner][\/vc_row_inner][\/vc_tta_section][vc_tta_section title=&#8220;Anwenderberichte&#8220; tab_id=&#8220;Anwenderberichte&#8220;][vc_row_inner][vc_column_inner width=&#8220;1\/6&#8243;][vc_single_image image=&#8220;7163&#8243; img_size=&#8220;full&#8220; alignment=&#8220;center&#8220; css=&#8220;.vc_custom_1597755022536{margin-top: 0px !important;margin-right: 0px !important;margin-bottom: 0px !important;margin-left: 0px !important;padding-top: 0px !important;padding-right: 0px !important;padding-bottom: 0px !important;padding-left: 0px !important;}&#8220;][vc_column_text]<a href=\"http:\/\/www.schroedergroup.eu\/wp-content\/uploads\/success-story\/Success-Story_Oswald_Meister_DE.pdf\">AK im Einsatz bei Oswald Meister<\/a>[\/vc_column_text][\/vc_column_inner][\/vc_row_inner][\/vc_tta_section][\/vc_tta_tabs][\/vc_column][\/vc_row][vc_row][vc_column][vc_column_text]<!--more-->[\/vc_column_text][\/vc_column][\/vc_row]<\/p>\n<\/div>","protected":false},"excerpt":{"rendered":"<p>[vc_row css=&#8220;.vc_custom_1464864323661{margin: 0px !important;padding: 0px !important;}&#8220;][vc_column width=&#8220;5\/6&#8243; css=&#8220;.vc_custom_1464864359760{margin: 0px !important;padding: 0px !important;}&#8220;][vc_custom_heading text=&#8220;AK&#8220; font_container=&#8220;tag:h1|text_align:left&#8220; use_theme_fonts=&#8220;yes&#8220;][\/vc_column][vc_column width=&#8220;1\/6&#8243;][\/vc_column][\/vc_row][vc_row][vc_column][vc_tta_tabs shape=&#8220;square&#8220; active_section=&#8220;1&#8243;][vc_tta_section title=&#8220;\u00dcberblick&#8220; tab_id=&#8220;ueberblicke&#8220;][vc_row_inner][vc_column_inner width=&#8220;3\/6&#8243;][vc_images_carousel images=&#8220;2463,4548,2297,2296,2295&#8243; img_size=&#8220;full&#8220; autoplay=&#8220;yes&#8220; wrap=&#8220;yes&#8220;][\/vc_column_inner][vc_column_inner width=&#8220;2\/6&#8243;][vc_custom_heading<span class=\"excerpt-hellip\"> [\u2026]<\/span><\/p>\n","protected":false},"author":2,"featured_media":-1,"parent":689,"menu_order":60,"comment_status":"closed","ping_status":"closed","template":"","meta":{"_acf_changed":false,"inline_featured_image":false,"footnotes":""},"class_list":["post-2307","page","type-page","status-publish","has-post-thumbnail","hentry"],"acf":[],"aioseo_notices":[],"_links":{"self":[{"href":"https:\/\/www.schroedergroup.eu\/de\/wp-json\/wp\/v2\/pages\/2307","targetHints":{"allow":["GET"]}}],"collection":[{"href":"https:\/\/www.schroedergroup.eu\/de\/wp-json\/wp\/v2\/pages"}],"about":[{"href":"https:\/\/www.schroedergroup.eu\/de\/wp-json\/wp\/v2\/types\/page"}],"author":[{"embeddable":true,"href":"https:\/\/www.schroedergroup.eu\/de\/wp-json\/wp\/v2\/users\/2"}],"replies":[{"embeddable":true,"href":"https:\/\/www.schroedergroup.eu\/de\/wp-json\/wp\/v2\/comments?post=2307"}],"version-history":[{"count":41,"href":"https:\/\/www.schroedergroup.eu\/de\/wp-json\/wp\/v2\/pages\/2307\/revisions"}],"predecessor-version":[{"id":14206,"href":"https:\/\/www.schroedergroup.eu\/de\/wp-json\/wp\/v2\/pages\/2307\/revisions\/14206"}],"up":[{"embeddable":true,"href":"https:\/\/www.schroedergroup.eu\/de\/wp-json\/wp\/v2\/pages\/689"}],"wp:featuredmedia":[{"embeddable":true,"href":"https:\/\/www.schroedergroup.eu\/de\/wp-json\/"}],"wp:attachment":[{"href":"https:\/\/www.schroedergroup.eu\/de\/wp-json\/wp\/v2\/media?parent=2307"}],"curies":[{"name":"wp","href":"https:\/\/api.w.org\/{rel}","templated":true}]}}