{"id":2,"date":"2016-04-05T11:24:16","date_gmt":"2016-04-05T09:24:16","guid":{"rendered":"http:\/\/www.schroedergroup.eu\/?page_id=2"},"modified":"2024-10-07T16:14:17","modified_gmt":"2024-10-07T14:14:17","slug":"home","status":"publish","type":"page","link":"https:\/\/www.schroedergroup.eu\/de\/","title":{"rendered":"Home"},"content":{"rendered":"<div class=\"wpb-content-wrapper\"><p>[vc_row el_class=&#8220;no&#8220; css=&#8220;.vc_custom_1631017665652{margin-top: 0px !important;margin-right: 0px !important;margin-bottom: 0px !important;margin-left: 0px !important;padding-top: 0px !important;padding-right: 0px !important;padding-bottom: 0px !important;padding-left: 0px !important;}&#8220;][vc_column css=&#8220;.vc_custom_1465467235997{margin: 0px !important;padding: 0px !important;}&#8220;][rev_slider_vc alias=&#8220;home-video&#8220;][\/vc_column][\/vc_row][vc_row equal_height=&#8220;yes&#8220; content_placement=&#8220;middle&#8220; disable_element=&#8220;yes&#8220; css=&#8220;.vc_custom_1728310440122{background-color: #e0e0e0 !important;}&#8220; el_class=&#8220;tdot&#8220;][vc_column width=&#8220;1\/2&#8243; css=&#8220;.vc_custom_1712584382465{margin: 0px !important;padding: 0px !important;}&#8220;][vc_raw_html css=&#8220;.vc_custom_1712584631738{margin-bottom: 0px !important;padding-top: 25px !important;padding-right: 25px !important;padding-bottom: 25px !important;padding-left: 25px !important;}&#8220;]JTNDaW1nJTIwbG9hZGluZyUzRCUyMmxhenklMjIlMjBkZWNvZGluZyUzRCUyMmFzeW5jJTIyJTIwd2lkdGglM0QlMjIxMDI0JTIyJTIwaGVpZ2h0JTNEJTIyMTQ3JTIyJTIwc3JjJTNEJTIyaHR0cHMlM0ElMkYlMkZ3d3cuc2Nocm9lZGVyZ3JvdXAuZXUlMkZ3cC1jb250ZW50JTJGdXBsb2FkcyUyRnJldnNsaWRlciUyRjIzLTEyMjAtSFNNLUxvZ28tNzUtSmFocmVfYnJlaXRfUkdCXzIzMDcwNi0xMDI0eDE0Ny5wbmclMjIlMjBjbGFzcyUzRCUyMnZjX3NpbmdsZV9pbWFnZS1pbWclMjBhdHRhY2htZW50LWxhcmdlJTIyJTIwYWx0JTNEJTIyJTIyJTIwdGl0bGUlM0QlMjIlMjIlMjBzcmNzZXQlM0QlMjJodHRwcyUzQSUyRiUyRnd3dy5zY2hyb2VkZXJncm91cC5ldSUyRndwLWNvbnRlbnQlMkZ1cGxvYWRzJTJGcmV2c2xpZGVyJTJGMjMtMTIyMC1IU00tTG9nby03NS1KYWhyZV9icmVpdF9SR0JfMjMwNzA2LTEwMjR4MTQ3LnBuZyUyMDEwMjR3JTJDJTIwaHR0cHMlM0ElMkYlMkZ3d3cuc2Nocm9lZGVyZ3JvdXAuZXUlMkZ3cC1jb250ZW50JTJGdXBsb2FkcyUyRnJldnNsaWRlciUyRjIzLTEyMjAtSFNNLUxvZ28tNzUtSmFocmVfYnJlaXRfUkdCXzIzMDcwNi0zMDB4NDMucG5nJTIwMzAwdyUyQyUyMGh0dHBzJTNBJTJGJTJGd3d3LnNjaHJvZWRlcmdyb3VwLmV1JTJGd3AtY29udGVudCUyRnVwbG9hZHMlMkZyZXZzbGlkZXIlMkYyMy0xMjIwLUhTTS1Mb2dvLTc1LUphaHJlX2JyZWl0X1JHQl8yMzA3MDYtMTUzNngyMjEucG5nJTIwMTUzNnclMkMlMjBodHRwcyUzQSUyRiUyRnd3dy5zY2hyb2VkZXJncm91cC5ldSUyRndwLWNvbnRlbnQlMkZ1cGxvYWRzJTJGcmV2c2xpZGVyJTJGMjMtMTIyMC1IU00tTG9nby03NS1KYWhyZV9icmVpdF9SR0JfMjMwNzA2LTIwNDh4Mjk0LnBuZyUyMDIwNDh3JTJDJTIwaHR0cHMlM0ElMkYlMkZ3d3cuc2Nocm9lZGVyZ3JvdXAuZXUlMkZ3cC1jb250ZW50JTJGdXBsb2FkcyUyRnJldnNsaWRlciUyRjIzLTEyMjAtSFNNLUxvZ28tNzUtSmFocmVfYnJlaXRfUkdCXzIzMDcwNi0xNTB4MjIucG5nJTIwMTUwdyUyQyUyMGh0dHBzJTNBJTJGJTJGd3d3LnNjaHJvZWRlcmdyb3VwLmV1JTJGd3AtY29udGVudCUyRnVwbG9hZHMlMkZyZXZzbGlkZXIlMkYyMy0xMjIwLUhTTS1Mb2dvLTc1LUphaHJlX2JyZWl0X1JHQl8yMzA3MDYtNDgweDY5LnBuZyUyMDQ4MHclMjIlMjBzaXplcyUzRCUyMiUyOG1heC13aWR0aCUzQTc2N3B4JTI5JTIwNDgwcHglMkMlMjAlMjhtYXgtd2lkdGglM0ExMDI0cHglMjklMjAxMDB2dyUyQyUyMDEwMjRweCUyMiUzRQ==[\/vc_raw_html][\/vc_column][vc_column width=&#8220;1\/2&#8243;][vc_row_inner css=&#8220;.vc_custom_1728310433222{margin-top: 0px !important;margin-right: 0px !important;margin-bottom: 0px !important;margin-left: 0px !important;padding-top: 0px !important;padding-right: 0px !important;padding-bottom: 0px !important;padding-left: 0px !important;}&#8220;][vc_column_inner width=&#8220;3\/4&#8243; offset=&#8220;vc_col-xs-9&#8243;][vc_column_text]<\/p>\n<div class=\"tdot_h1\"><strong>Tag der offenen T\u00fcr<\/strong><\/div>\n<div class=\"tdot_h2\">5. Oktober 2024 \u2013 10:00\u00a0bis\u00a016:00\u00a0Uhr<\/div>\n<div class=\"tdot_p\">Detaillierte Informationen folgen | <strong><a href=\"https:\/\/www.schroedergroup.eu\/wp-content\/uploads\/ics\/schroedergroup_tag-der-offenen-tuer_240105.ics\" target=\"_blank\" rel=\"noopener\">Termin vormerken!<\/a><\/strong><\/div>\n<p>[\/vc_column_text][\/vc_column_inner][vc_column_inner width=&#8220;1\/4&#8243; offset=&#8220;vc_col-xs-3&#8243;][vc_raw_html]JTNDZGl2JTIwY2xhc3MlM0QlMjJpY29uY2lyY2xlJTIyJTNFJTNDYSUyMGhyZWYlM0QlMjJodHRwcyUzQSUyRiUyRnd3dy5zY2hyb2VkZXJncm91cC5ldSUyRndwLWNvbnRlbnQlMkZ1cGxvYWRzJTJGaWNzJTJGc2Nocm9lZGVyZ3JvdXBfdGFnLWRlci1vZmZlbmVuLXR1ZXJfMjQwMTA1LmljcyUyMiUyMHRhcmdldCUzRCUyMl9ibGFuayUyMiUzRSUzQ3NwYW4lMjBjbGFzcyUzRCUyMnZjX2ljb25fZWxlbWVudC1pY29uJTIwZmFzJTIwZmEtY2FsZW5kYXItY2hlY2slMjIlMjBzdHlsZSUzRCUyMmNvbG9yJTNBJTIzOTdiZjBkJTIwJTIxaW1wb3J0YW50JTIyJTNFJTNDJTJGc3BhbiUzRSUzQyUyRmElM0UlM0MlMkZkaXYlM0U=[\/vc_raw_html][\/vc_column_inner][\/vc_row_inner][\/vc_column][\/vc_row][vc_row][vc_column width=&#8220;8\/12&#8243; css=&#8220;.vc_custom_1468242913883{margin-bottom: 30px !important;}&#8220;][vc_custom_heading text=&#8220;Blech biegen, schneiden, b\u00f6rdeln und runden<br \/>\nmit den Maschinen der Schr\u00f6der Group.&#8220; use_theme_fonts=&#8220;yes&#8220;][vc_column_text]<strong>Die beiden deutschen Hersteller von Blechbearbeitungsmaschinen Hans Schr\u00f6der Maschinenbau und SCHR\u00d6DER-FASTI Technologie bieten in der Schr\u00f6der Group eine gro\u00dfe Vielfalt an Maschinen im Bereich Schwenkbiegen, Schneiden, Sicken, B\u00f6rdeln und Runden.\u00a0<\/strong>[\/vc_column_text][vc_row_inner content_placement=&#8220;top&#8220; css=&#8220;.vc_custom_1464621630627{margin-top: 0px !important;margin-right: 0px !important;margin-bottom: 0px !important;margin-left: 0px !important;border-top-width: 0px !important;border-right-width: 0px !important;border-bottom-width: 0px !important;border-left-width: 0px !important;padding-top: 0px !important;padding-right: 0px !important;padding-bottom: 0px !important;padding-left: 0px !important;background-color: #e0e0e0 !important;}&#8220; el_id=&#8220;welcome&#8220;][vc_column_inner el_class=&#8220;productsearch&#8220; css=&#8220;.vc_custom_1465462884753{margin-top: 0px !important;margin-right: 0px !important;margin-bottom: 0px !important;margin-left: 0px !important;border-top-width: 0px !important;border-right-width: 0px !important;border-bottom-width: 0px !important;border-left-width: 0px !important;padding-top: 0px !important;padding-right: 0px !important;padding-bottom: 0px !important;padding-left: 0px !important;}&#8220;][vc_column_text]<\/p>\n<div id=\"typeselect\">\n<div id=\"spacer\">\n<h3>Produkt\u00fcbersicht<\/h3>\n<p>W\u00e4hlen Sie bitte den gew\u00fcnschten Bearbeitungstyp aus, um eine \u00dcbersicht aller in Frage kommenden Maschinen zu erhalten.<\/p>\n<\/div>\n<div class=\"spacer_product\"><a id=\"flaring\" class=\"zweizeilig\" href=\"http:\/\/www.schroedergroup.eu\/de\/produkte\/maschinen\/maschinen-zum-sicken-und-boerdeln\/\">Sicken\/ B\u00f6rdeln<\/a><\/div>\n<div class=\"spacer_product\"><a id=\"rounding\" href=\"http:\/\/www.schroedergroup.eu\/de\/produkte\/maschinen\/maschinen-zum-runden\/\">Runden<\/a><\/div>\n<div class=\"spacer_product\"><a id=\"bending\" href=\"http:\/\/www.schroedergroup.eu\/de\/produkte\/maschinen\/maschinen-zum-biegen\/\">Biegen<\/a><\/div>\n<div class=\"spacer_product\"><a id=\"cutting\" href=\"http:\/\/www.schroedergroup.eu\/de\/produkte\/maschinen\/maschinen-zum-schneiden\/\">Schneiden<\/a><\/div>\n<\/div>\n<div class=\"spacer_product last\"><\/div>\n<p>[\/vc_column_text][\/vc_column_inner][\/vc_row_inner][\/vc_column][vc_column width=&#8220;4\/12&#8243;][vc_row_inner][vc_column_inner]<div class=\"Latest_news \"><h3 class=\"title \">Pressemeldungen<\/h3><ul class=\"ul-first\"><li class=\"post-14794 post type-post status-publish format-standard has-post-thumbnail hentry category-164 category-pressemeldungen\"><div class=\"photo\"><a href=\"https:\/\/www.schroedergroup.eu\/de\/pressemeldungen\/erfolg-fuer-schroeder-group-auf-dachholz-2026\/\"><\/a><\/div><div class=\"desc\"><h5 class=\"\"><a href=\"https:\/\/www.schroedergroup.eu\/de\/pressemeldungen\/erfolg-fuer-schroeder-group-auf-dachholz-2026\/\">Erfolg f\u00fcr Schr\u00f6der Group auf Dach+Holz 2026<\/a><\/h5><div class=\"desc_footer\"><span class=\"date\"><i class=\"icon-clock\"><\/i> 17. M\u00e4rz 2026<\/span><div class=\"button-love\"><\/div><\/div><\/div><\/li><li class=\"post-14554 post type-post status-publish format-standard has-post-thumbnail hentry category-164 category-pressemeldungen\"><div class=\"photo\"><a href=\"https:\/\/www.schroedergroup.eu\/de\/pressemeldungen\/schroeder-group-erweitert-schwenkbiegemaschine-maku\/\"><\/a><\/div><div class=\"desc\"><h5 class=\"\"><a href=\"https:\/\/www.schroedergroup.eu\/de\/pressemeldungen\/schroeder-group-erweitert-schwenkbiegemaschine-maku\/\">Schr\u00f6der Group erweitert Schwenkbiegemaschine MAKU<\/a><\/h5><div class=\"desc_footer\"><span class=\"date\"><i class=\"icon-clock\"><\/i> 24. Februar 2026<\/span><div class=\"button-love\"><\/div><\/div><\/div><\/li><li class=\"post-14480 post type-post status-publish format-standard has-post-thumbnail hentry category-2025-2 category-pressemeldungen\"><div class=\"photo\"><a href=\"https:\/\/www.schroedergroup.eu\/de\/pressemeldungen\/schroeder-group-auf-der-dachholz-international-2026\/\"><\/a><\/div><div class=\"desc\"><h5 class=\"\"><a href=\"https:\/\/www.schroedergroup.eu\/de\/pressemeldungen\/schroeder-group-auf-der-dachholz-international-2026\/\">Schr\u00f6der Group auf der Dach+Holz International 2026<\/a><\/h5><div class=\"desc_footer\"><span class=\"date\"><i class=\"icon-clock\"><\/i> 17. Dezember 2025<\/span><div class=\"button-love\"><\/div><\/div><\/div><\/li><li class=\"post-14346 post type-post status-publish format-standard has-post-thumbnail hentry category-2025-2 category-pressemeldungen\"><div class=\"photo\"><a href=\"https:\/\/www.schroedergroup.eu\/de\/pressemeldungen\/schroeder-group-messerueckblick\/\"><\/a><\/div><div class=\"desc\"><h5 class=\"\"><a href=\"https:\/\/www.schroedergroup.eu\/de\/pressemeldungen\/schroeder-group-messerueckblick\/\">Schr\u00f6der Group Messer\u00fcckblick<\/a><\/h5><div class=\"desc_footer\"><span class=\"date\"><i class=\"icon-clock\"><\/i> 5. November 2025<\/span><div class=\"button-love\"><\/div><\/div><\/div><\/li><\/ul><\/div>\n[\/vc_column_inner][\/vc_row_inner][\/vc_column][\/vc_row][vc_row][vc_column][vc_empty_space height=&#8220;30&#8243;][\/vc_column][\/vc_row]<\/p>\n<\/div>","protected":false},"excerpt":{"rendered":"<p>[vc_row el_class=&#8220;no&#8220; css=&#8220;.vc_custom_1631017665652{margin-top: 0px !important;margin-right: 0px !important;margin-bottom: 0px !important;margin-left: 0px !important;padding-top: 0px !important;padding-right: 0px !important;padding-bottom: 0px !important;padding-left: 0px !important;}&#8220;][vc_column css=&#8220;.vc_custom_1465467235997{margin: 0px !important;padding: 0px !important;}&#8220;][rev_slider_vc alias=&#8220;home-video&#8220;][\/vc_column][\/vc_row][vc_row equal_height=&#8220;yes&#8220;<span class=\"excerpt-hellip\"> [\u2026]<\/span><\/p>\n","protected":false},"author":1,"featured_media":0,"parent":0,"menu_order":10,"comment_status":"closed","ping_status":"open","template":"","meta":{"_acf_changed":false,"inline_featured_image":false,"footnotes":""},"class_list":["post-2","page","type-page","status-publish","hentry"],"acf":[],"aioseo_notices":[],"_links":{"self":[{"href":"https:\/\/www.schroedergroup.eu\/de\/wp-json\/wp\/v2\/pages\/2","targetHints":{"allow":["GET"]}}],"collection":[{"href":"https:\/\/www.schroedergroup.eu\/de\/wp-json\/wp\/v2\/pages"}],"about":[{"href":"https:\/\/www.schroedergroup.eu\/de\/wp-json\/wp\/v2\/types\/page"}],"author":[{"embeddable":true,"href":"https:\/\/www.schroedergroup.eu\/de\/wp-json\/wp\/v2\/users\/1"}],"replies":[{"embeddable":true,"href":"https:\/\/www.schroedergroup.eu\/de\/wp-json\/wp\/v2\/comments?post=2"}],"version-history":[{"count":117,"href":"https:\/\/www.schroedergroup.eu\/de\/wp-json\/wp\/v2\/pages\/2\/revisions"}],"predecessor-version":[{"id":12847,"href":"https:\/\/www.schroedergroup.eu\/de\/wp-json\/wp\/v2\/pages\/2\/revisions\/12847"}],"wp:attachment":[{"href":"https:\/\/www.schroedergroup.eu\/de\/wp-json\/wp\/v2\/media?parent=2"}],"curies":[{"name":"wp","href":"https:\/\/api.w.org\/{rel}","templated":true}]}}