{"id":1927,"date":"2016-09-02T11:47:36","date_gmt":"2016-09-02T09:47:36","guid":{"rendered":"http:\/\/www.schroedergroup.eu\/de\/?page_id=1927"},"modified":"2025-09-29T15:29:43","modified_gmt":"2025-09-29T13:29:43","slug":"powerbend-universal","status":"publish","type":"page","link":"https:\/\/www.schroedergroup.eu\/de\/produkte\/maschinen\/maschinen-zum-biegen\/powerbend-universal\/","title":{"rendered":"PowerBend Universal"},"content":{"rendered":"<div class=\"wpb-content-wrapper\"><p>[vc_row css=&#8220;.vc_custom_1464864323661{margin: 0px !important;padding: 0px !important;}&#8220;][vc_column width=&#8220;5\/6&#8243; css=&#8220;.vc_custom_1464864359760{margin: 0px !important;padding: 0px !important;}&#8220;][vc_custom_heading text=&#8220;PowerBend Universal&#8220; font_container=&#8220;tag:h1|text_align:left&#8220; use_theme_fonts=&#8220;yes&#8220;][\/vc_column][vc_column width=&#8220;1\/6&#8243;][\/vc_column][\/vc_row][vc_row][vc_column][vc_tta_tabs shape=&#8220;square&#8220; active_section=&#8220;1&#8243;][vc_tta_section title=&#8220;\u00dcberblick&#8220; tab_id=&#8220;ueberblick&#8220;][vc_row_inner][vc_column_inner width=&#8220;3\/6&#8243;][vc_images_carousel images=&#8220;10565,10541,10567,2245,2244,2242,2241,2240,2243&#8243; img_size=&#8220;full&#8220; autoplay=&#8220;yes&#8220; wrap=&#8220;yes&#8220;][\/vc_column_inner][vc_column_inner width=&#8220;2\/6&#8243;][vc_custom_heading text=&#8220;\u00dcberblick&#8220; use_theme_fonts=&#8220;yes&#8220;][vc_column_text]Die motorische Schwenkbiegemaschine PowerBend Universal ist die vielseitige L\u00f6sung f\u00fcr die Blechbearbeitung in Schlosserei-, Instandsetzungs- und Klempnereibetrieben.[\/vc_column_text][\/vc_column_inner][vc_column_inner el_class=&#8220;downloads&#8220; width=&#8220;1\/6&#8243;][vc_column_text css=&#8220;&#8220;]<strong>Prospekte:<\/strong><br \/>\n<a class=\"lang\" href=\"https:\/\/www.schroedergroup.eu\/wp-content\/uploads\/pdf\/Prospekte_DE\/Motormaschinen_Spengler_DE_web.pdf\" target=\"_blank\" rel=\"noopener\">deutsch<br \/>\n<\/a><a class=\"lang\" href=\"https:\/\/www.schroedergroup.eu\/wp-content\/uploads\/pdf\/Prospekte_EN\/Motormaschinen_Spengler_EN_web.pdf\">english<\/a>[\/vc_column_text][vc_separator color=&#8220;custom&#8220; accent_color=&#8220;#90be1e&#8220;][\/vc_column_inner][\/vc_row_inner][\/vc_tta_section][vc_tta_section title=&#8220;Details&#8220; tab_id=&#8220;details&#8220;][vc_row_inner][vc_column_inner width=&#8220;5\/6&#8243;][vc_custom_heading text=&#8220;Details&#8220; use_theme_fonts=&#8220;yes&#8220;][vc_column_text css=&#8220;&#8220;]<\/p>\n<ul>\n<li>Steuerung\n<ul>\n<li>Positioniersteuerung Classic Bend 10,1 Zoll Bildschirm am schwenkbaren Panel<\/li>\n<li>Radius Step Bending Funktion<\/li>\n<\/ul>\n<\/li>\n<li>Oberwange\n<ul>\n<li>Oberwangenhub 350 mm (325 mm bei Handklemmung)<\/li>\n<li>Oberwangengeometrie 48\u00b0<\/li>\n<li>2 x 2,2 kW Antriebe; 65 mm\/s), mit Kugelumlaufspindel (Umrichter gesteuert)<\/li>\n<li>Oberwangenklemmung: Handklemmung<\/li>\n<\/ul>\n<\/li>\n<li>Biegewange\n<ul>\n<li>2 x 2,2 kW Antriebe; 85 \u00b0\/s (Umrichter gesteuert)<\/li>\n<li>Biegewangenklemmung: Handklemmung<\/li>\n<li>Biegewangenverstellung, manuell 80 mm<\/li>\n<\/ul>\n<\/li>\n<li>Unterwange\n<ul>\n<li>Unterwangenschiene ca. 1100 N\/mm\u00b2, einteilig (Minimalanschlag 10 mm)<\/li>\n<\/ul>\n<\/li>\n<li>Hineranschlag\n<ul>\n<li>Hinteranschag motorisch bis 1000 mm, Anschlagfinger pneumatisch absenkbar, Auflagetisch mit Kugeln, Kugelumlaufspindeln<\/li>\n<\/ul>\n<\/li>\n<li>Sonstiges\n<ul>\n<li>RFID Schalter zur Absicherung der Seitent\u00fcren<\/li>\n<li>Fu\u00dfschalter<\/li>\n<li>Fundamentplatten inkl. D\u00fcbel<\/li>\n<li>Werkzeuge: Standardmaschine ohne Biegewangen- und Oberwangenwerkzeuge<\/li>\n<\/ul>\n<\/li>\n<\/ul>\n<p>[\/vc_column_text][\/vc_column_inner][vc_column_inner el_class=&#8220;downloads&#8220; width=&#8220;1\/6&#8243;][vc_column_text css=&#8220;&#8220;]<strong>Prospekte:<\/strong><br \/>\n<a class=\"lang\" href=\"https:\/\/www.schroedergroup.eu\/wp-content\/uploads\/pdf\/Prospekte_DE\/Motormaschinen_Spengler_DE_web.pdf\" target=\"_blank\" rel=\"noopener\">deutsch<br \/>\n<\/a><a class=\"lang\" href=\"https:\/\/www.schroedergroup.eu\/wp-content\/uploads\/pdf\/Prospekte_EN\/Motormaschinen_Spengler_EN_web.pdf\">english<\/a>[\/vc_column_text][vc_separator color=&#8220;custom&#8220; accent_color=&#8220;#90be1e&#8220;][\/vc_column_inner][\/vc_row_inner][\/vc_tta_section][vc_tta_section title=&#8220;Technische Daten&#8220; tab_id=&#8220;technische-daten&#8220;][vc_row_inner][vc_column_inner width=&#8220;5\/6&#8243;][vc_custom_heading text=&#8220;Technische Daten&#8220; use_theme_fonts=&#8220;yes&#8220;][vc_column_text]<\/p>\n<table border=\"0\">\n<tbody>\n<tr>\n<td class=\"BeschtiftungTyp\">Typ<\/td>\n<td class=\"BeschriftungOben\">Nutzl\u00e4nge<\/td>\n<td class=\"BeschriftungOben\">Blechdicke 400 N\/mm2<\/td>\n<td class=\"BeschriftungOben\">L\u00e4nge<\/td>\n<td class=\"BeschriftungOben\">Tiefe ohne Auflagetisch und Anschlag<\/td>\n<td class=\"BeschriftungOben\">H\u00f6he<\/td>\n<\/tr>\n<tr>\n<td class=\"Maschinentypen\"><\/td>\n<td>[mm]<\/td>\n<td>[mm]<\/td>\n<td>[mm]<\/td>\n<td>[mm]<\/td>\n<td>[mm]<\/td>\n<\/tr>\n<tr>\n<td class=\"Maschinentypen\">2000&#215;4,0<\/td>\n<td>2040<\/td>\n<td align=\"right\">4,00<\/td>\n<td align=\"right\">3814<\/td>\n<td>1694<\/td>\n<td>1530<\/td>\n<\/tr>\n<tr>\n<td class=\"Maschinentypen\">3200&#215;3,0<\/td>\n<td>3240<\/td>\n<td align=\"right\">3,00<\/td>\n<td align=\"right\">5014<\/td>\n<td>1694<\/td>\n<td>1530<\/td>\n<\/tr>\n<tr>\n<td class=\"Maschinentypen\">4000&#215;2,5<\/td>\n<td>4040<\/td>\n<td align=\"right\">2,5<\/td>\n<td align=\"right\">5814<\/td>\n<td>1694<\/td>\n<td>1530<\/td>\n<\/tr>\n<\/tbody>\n<\/table>\n<table border=\"0\">\n<tbody>\n<tr>\n<td class=\"Maschinentypen\"><\/td>\n<td class=\"BeschriftungOben\" colspan=\"4\">Oberwange<\/td>\n<\/tr>\n<tr>\n<td class=\"BeschtiftungTyp\">Typ<\/td>\n<td class=\"BeschriftungOben\">Geometrie<\/td>\n<td class=\"BeschriftungOben\">Hub<\/td>\n<td class=\"BeschriftungOben\">Antriebsleistung<\/td>\n<td class=\"BeschriftungOben\">Geschwindigkeit<\/td>\n<\/tr>\n<tr>\n<td class=\"Maschinentypen\"><\/td>\n<td>[\u00b0]<\/td>\n<td>[mm]<\/td>\n<td>[kW]<\/td>\n<td>[mm\/s]<\/td>\n<\/tr>\n<tr>\n<td class=\"Maschinentypen\">2000&#215;4,0<\/td>\n<td>48 (180)<\/td>\n<td align=\"right\">350<\/td>\n<td align=\"right\">3\/5,5<\/td>\n<td>20 (50)<\/td>\n<\/tr>\n<tr>\n<td class=\"Maschinentypen\">3200&#215;3,0<\/td>\n<td>48 (180)<\/td>\n<td align=\"right\">350<\/td>\n<td align=\"right\">3\/5,5<\/td>\n<td>20 (50)<\/td>\n<\/tr>\n<tr>\n<td class=\"Maschinentypen\">4000&#215;2,5<\/td>\n<td>48 (180)<\/td>\n<td align=\"right\">350<\/td>\n<td align=\"right\">3\/5,5<\/td>\n<td>20 (50)<\/td>\n<\/tr>\n<\/tbody>\n<\/table>\n<table border=\"0\">\n<tbody>\n<tr>\n<td class=\"Maschinentypen\"><\/td>\n<td class=\"BeschriftungOben\" colspan=\"5\">Biegewange<\/td>\n<\/tr>\n<tr>\n<td class=\"BeschtiftungTyp\">Typ<\/td>\n<td class=\"BeschriftungOben\">Antriebsleistung<\/td>\n<td class=\"BeschriftungOben\" colspan=\"2\">Geschwindigkeit<\/td>\n<td class=\"BeschriftungOben\">Biegewangen-<br \/>\nverstellung<\/td>\n<\/tr>\n<tr>\n<td class=\"Maschinentypen\"><\/td>\n<td>[kW]<\/td>\n<td colspan=\"2\">[\u00b0\/s]<\/td>\n<td>[mm]<\/td>\n<\/tr>\n<tr>\n<td class=\"Maschinentypen\">2000&#215;4,0<\/td>\n<td>2 x 2,2<\/td>\n<td colspan=\"2\">48\u00b0 (85)<\/td>\n<td align=\"right\">80<\/td>\n<\/tr>\n<tr>\n<td class=\"Maschinentypen\">3200&#215;3,0<\/td>\n<td>2 x 2,2<\/td>\n<td colspan=\"2\">48\u00b0 (85)<\/td>\n<td align=\"right\">80<\/td>\n<\/tr>\n<tr>\n<td class=\"Maschinentypen\">4000&#215;2,5<\/td>\n<td>2 x 2,2<\/td>\n<td colspan=\"2\">48\u00b0 (85)<\/td>\n<td align=\"right\">80<\/td>\n<\/tr>\n<\/tbody>\n<\/table>\n<p>[\/vc_column_text][\/vc_column_inner][vc_column_inner el_class=&#8220;downloads&#8220; width=&#8220;1\/6&#8243;][vc_column_text css=&#8220;&#8220;]<strong>Prospekte:<\/strong><br \/>\n<a class=\"lang\" href=\"https:\/\/www.schroedergroup.eu\/wp-content\/uploads\/pdf\/Prospekte_DE\/Motormaschinen_Spengler_DE_web.pdf\" target=\"_blank\" rel=\"noopener\">deutsch<br \/>\n<\/a><a class=\"lang\" href=\"https:\/\/www.schroedergroup.eu\/wp-content\/uploads\/pdf\/Prospekte_EN\/Motormaschinen_Spengler_EN_web.pdf\">english<\/a>[\/vc_column_text][vc_separator color=&#8220;custom&#8220; accent_color=&#8220;#90be1e&#8220;][\/vc_column_inner][\/vc_row_inner][\/vc_tta_section][vc_tta_section title=&#8220;Software&#8220; tab_id=&#8220;software&#8220;][vc_row_inner][vc_column_inner width=&#8220;5\/6&#8243;][vc_custom_heading text=&#8220;Software&#8220; use_theme_fonts=&#8220;yes&#8220;][vc_column_text]<strong>POS 2000 Professional &#8211; der Standard f\u00fcr industrielle Schwenkbiegemaschinen<br \/>\n<\/strong><\/p>\n<p>Die bew\u00e4hrte POS 2000 Professional macht die Programmierung von Schwenkbiegemaschinen schnell und komfortabel. Aus einem umfangreichen und erweiterbaren Katalog k\u00f6nnen die gew\u00fcnschten Programmteile ausgew\u00e4hlt werden, durch Antippen des Bildschirms werden Winkel- und Schenkelma\u00dfe angepasst.<\/p>\n<p>Die Steuerungssoftware zeigt exakt, was die Maschine tut: Schwenkbiegemaschine, Werkst\u00fcck und Werkzeug werden schematisch dargestellt und f\u00fcr jeden Biegeschritt aktualisiert. Wer abseits der Maschine in der Arbeitsvorbereitung programmiert, kann \u00fcber Biegesimulationen die Qualit\u00e4t seiner Programme testen und so Ausschuss und Verz\u00f6gerungen in der Fertigung wirksam vermeiden.<\/p>\n<p>Die Software steuert nicht nur die Maschine, sondern unterst\u00fctzt die Benutzer bei der Bearbeitung: Alle notwendigen Bedienert\u00e4tigkeiten wie Wenden, Umdrehen etc. werden je Biegeschritt angezeigt.<\/p>\n<p>&nbsp;<\/p>\n<p><strong>Classic Bend &#8211; die neue \u00fcbersichtliche alphanumerische Steuerung<\/strong><\/p>\n<p>Mit Classic Bend haben wir eine moderne alpha\u00adnumerische Steuerung entwickelt \u2013 selbsterkl\u00e4rend und sehr einfach zu programmieren. Classic Bend steuert Oberwange und Biegewange mit einem Wegemesssystem und dar\u00fcber hinaus den motorischen Hinteranschlag \u00fcber digital gesteuerte Frequenzumrichter. Die Benutzeroberfl\u00e4che ist praxisorientiert und \u00fcbersichtlich. Die Anzeige kombiniert schnell erfassbare Symbole mit Text und numerischen Anzeigen.<\/p>\n<p>Sie wollen einheitliche Biegeprogramme f\u00fcr Bleche verschiedener Qualit\u00e4t? Pro Bug besteht die M\u00f6glichkeit, Korrekturen an den Einstellungen f\u00fcr Oberwange und Biegewange einzugeben. Mit Classic Bend setzt Hans Schr\u00f6der Maschinenbau neue Ma\u00dfst\u00e4be in der Steuerung von Schwenkbiegemaschinen f\u00fcr das Handwerk und die industrielle Klein\u00adserienfertigung.[\/vc_column_text][\/vc_column_inner][vc_column_inner el_class=&#8220;downloads&#8220; width=&#8220;1\/6&#8243;][vc_column_text css=&#8220;&#8220;]<strong>Prospekte:<\/strong><br \/>\n<a class=\"lang\" href=\"https:\/\/www.schroedergroup.eu\/wp-content\/uploads\/pdf\/Prospekte_DE\/Motormaschinen_Spengler_DE_web.pdf\" target=\"_blank\" rel=\"noopener\">deutsch<br \/>\n<\/a><a class=\"lang\" href=\"https:\/\/www.schroedergroup.eu\/wp-content\/uploads\/pdf\/Prospekte_EN\/Motormaschinen_Spengler_EN_web.pdf\">english<\/a>[\/vc_column_text][vc_separator color=&#8220;custom&#8220; accent_color=&#8220;#90be1e&#8220;][\/vc_column_inner][\/vc_row_inner][\/vc_tta_section][vc_tta_section title=&#8220;Werkzeuge\/Optionen&#8220; tab_id=&#8220;werkzeuge-optionen&#8220;][vc_row_inner][vc_column_inner width=&#8220;5\/6&#8243;][vc_custom_heading text=&#8220;Werkzeuge\/Optionen&#8220; use_theme_fonts=&#8220;yes&#8220;][vc_column_text css=&#8220;&#8220;]Optionen<\/p>\n<ul>\n<li>Oberwange\n<ul>\n<li>Einbau Oberwange 180\u00b0<\/li>\n<li>Hydraulische Oberwangenklemmung<\/li>\n<\/ul>\n<\/li>\n<li>Biegewange\n<ul>\n<li>Power-Paket Biegewange steigert die Biegeleistung um 1 mm: Verst\u00e4rkter Antrieb incl. Biegeschiene 35 mm (1100 N\/mm\u00b2) erfordert Umrichterpaket (65\u00b0\/s)<\/li>\n<li>Bombierung, zentral manuell<\/li>\n<li>Biegewangenverstellung motorisch 80 mm<\/li>\n<li>Bombierung, zentral motorisch, Voraussetzung: Technologiepaket POS 2000 Professional<\/li>\n<li>Biegewangenklemmung, pneumatisch (nur in Verbindung mit WZS 15100 und Bombierung)<\/li>\n<li>Technologiepaket POS 2000 Professional (umfasst Grafiksteuerung POS 2000 Professional, motorische Biegewangenverstellung 80 mm und Fernwartung)<\/li>\n<\/ul>\n<\/li>\n<li>Tisch und Hinteranschlag\n<ul>\n<li>Hinteranschlag motorisch bis 1600 mm, geschlossen, 2 Sektoren pneumatisch absenkbar, Auflagetisch mit Kugeln, Kugelumlaufspindeln (+\/- 0,1)<\/li>\n<li>Erweiterungen zum J- oder U-Anschlag m\u00f6glich: Basis Anschlag motorisch bis 1600 mm, geschlossen<\/li>\n<li>2 feste Winkelanschl\u00e4ge (links und rechts)<\/li>\n<li>2 pneumatisch absenkbare Winkelanchl\u00e4ge im Gang (nur in Verbindung mit POS 2000 Professional)<\/li>\n<\/ul>\n<\/li>\n<li>Steuerung\n<ul>\n<li>POS 2000 Professional PC Version (externe Programmierung), 1. Lizenz<\/li>\n<li>POS 2000 Professional PC Version<\/li>\n<\/ul>\n<\/li>\n<li>Sicherheit und Sonstiges\n<ul>\n<li>Zusatzeinrichtung f\u00fcr 2-Mann Bedienung gem. UVV<\/li>\n<li>Werkzeugwagen f\u00fcr Schienen und Segmentwerkzeuge<\/li>\n<li>Zus\u00e4tzliche Bedienung von hinten, 2. Fu\u00dfschalter, Zugangssicherung vorne durch Lichtschranken, horizontale Lichtschranke in Bedienergasse<\/li>\n<li>Fu\u00dfschalter verfahrbar auf Winkelschiene<\/li>\n<li>Spannungswandler 12 kVA<\/li>\n<li>Klimager\u00e4t<\/li>\n<li>Diverse Unterwangen-, Biegewangen- und Oberwangenwerkzeuge<\/li>\n<\/ul>\n<\/li>\n<\/ul>\n<p>[\/vc_column_text][\/vc_column_inner][vc_column_inner el_class=&#8220;downloads&#8220; width=&#8220;1\/6&#8243;][vc_column_text css=&#8220;&#8220;]<strong>Prospekte:<\/strong><br \/>\n<a class=\"lang\" href=\"https:\/\/www.schroedergroup.eu\/wp-content\/uploads\/pdf\/Prospekte_DE\/Motormaschinen_Spengler_DE_web.pdf\" target=\"_blank\" rel=\"noopener\">deutsch<br \/>\n<\/a><a class=\"lang\" href=\"https:\/\/www.schroedergroup.eu\/wp-content\/uploads\/pdf\/Prospekte_EN\/Motormaschinen_Spengler_EN_web.pdf\">english<\/a>[\/vc_column_text][vc_separator color=&#8220;custom&#8220; accent_color=&#8220;#90be1e&#8220;][\/vc_column_inner][\/vc_row_inner][\/vc_tta_section][\/vc_tta_tabs][\/vc_column][\/vc_row][vc_row][vc_column][vc_column_text]<!--more-->[\/vc_column_text][\/vc_column][\/vc_row]<\/p>\n<\/div>","protected":false},"excerpt":{"rendered":"<p>[vc_row css=&#8220;.vc_custom_1464864323661{margin: 0px !important;padding: 0px !important;}&#8220;][vc_column width=&#8220;5\/6&#8243; css=&#8220;.vc_custom_1464864359760{margin: 0px !important;padding: 0px !important;}&#8220;][vc_custom_heading text=&#8220;PowerBend Universal&#8220; font_container=&#8220;tag:h1|text_align:left&#8220; use_theme_fonts=&#8220;yes&#8220;][\/vc_column][vc_column width=&#8220;1\/6&#8243;][\/vc_column][\/vc_row][vc_row][vc_column][vc_tta_tabs shape=&#8220;square&#8220; active_section=&#8220;1&#8243;][vc_tta_section title=&#8220;\u00dcberblick&#8220; tab_id=&#8220;ueberblick&#8220;][vc_row_inner][vc_column_inner width=&#8220;3\/6&#8243;][vc_images_carousel images=&#8220;10565,10541,10567,2245,2244,2242,2241,2240,2243&#8243; img_size=&#8220;full&#8220; autoplay=&#8220;yes&#8220; wrap=&#8220;yes&#8220;][\/vc_column_inner][vc_column_inner<span class=\"excerpt-hellip\"> [\u2026]<\/span><\/p>\n","protected":false},"author":2,"featured_media":-1,"parent":689,"menu_order":60,"comment_status":"closed","ping_status":"closed","template":"","meta":{"_acf_changed":false,"inline_featured_image":false,"footnotes":""},"class_list":["post-1927","page","type-page","status-publish","has-post-thumbnail","hentry"],"acf":[],"aioseo_notices":[],"_links":{"self":[{"href":"https:\/\/www.schroedergroup.eu\/de\/wp-json\/wp\/v2\/pages\/1927","targetHints":{"allow":["GET"]}}],"collection":[{"href":"https:\/\/www.schroedergroup.eu\/de\/wp-json\/wp\/v2\/pages"}],"about":[{"href":"https:\/\/www.schroedergroup.eu\/de\/wp-json\/wp\/v2\/types\/page"}],"author":[{"embeddable":true,"href":"https:\/\/www.schroedergroup.eu\/de\/wp-json\/wp\/v2\/users\/2"}],"replies":[{"embeddable":true,"href":"https:\/\/www.schroedergroup.eu\/de\/wp-json\/wp\/v2\/comments?post=1927"}],"version-history":[{"count":41,"href":"https:\/\/www.schroedergroup.eu\/de\/wp-json\/wp\/v2\/pages\/1927\/revisions"}],"predecessor-version":[{"id":14227,"href":"https:\/\/www.schroedergroup.eu\/de\/wp-json\/wp\/v2\/pages\/1927\/revisions\/14227"}],"up":[{"embeddable":true,"href":"https:\/\/www.schroedergroup.eu\/de\/wp-json\/wp\/v2\/pages\/689"}],"wp:featuredmedia":[{"embeddable":true,"href":"https:\/\/www.schroedergroup.eu\/de\/wp-json\/"}],"wp:attachment":[{"href":"https:\/\/www.schroedergroup.eu\/de\/wp-json\/wp\/v2\/media?parent=1927"}],"curies":[{"name":"wp","href":"https:\/\/api.w.org\/{rel}","templated":true}]}}