{"id":1676,"date":"2016-08-29T15:29:02","date_gmt":"2016-08-29T13:29:02","guid":{"rendered":"http:\/\/www.schroedergroup.eu\/de\/?page_id=1676"},"modified":"2023-11-13T16:48:29","modified_gmt":"2023-11-13T15:48:29","slug":"spb-evolution-ud","status":"publish","type":"page","link":"https:\/\/www.schroedergroup.eu\/de\/produkte\/maschinen\/maschinen-zum-biegen\/spb-evolution-ud\/","title":{"rendered":"SPB Evolution UD"},"content":{"rendered":"<div class=\"wpb-content-wrapper\"><p>[vc_row css=&#8220;.vc_custom_1464864323661{margin: 0px !important;padding: 0px !important;}&#8220;][vc_column width=&#8220;5\/6&#8243; css=&#8220;.vc_custom_1464864359760{margin: 0px !important;padding: 0px !important;}&#8220;][vc_custom_heading text=&#8220;SPB Evolution UD&#8220; font_container=&#8220;tag:h1|text_align:left&#8220; use_theme_fonts=&#8220;yes&#8220;][\/vc_column][vc_column width=&#8220;1\/6&#8243;][\/vc_column][\/vc_row][vc_row][vc_column][vc_tta_tabs shape=&#8220;square&#8220; active_section=&#8220;1&#8243;][vc_tta_section title=&#8220;\u00dcberblick&#8220; tab_id=&#8220;ueberblick&#8220;][vc_row_inner][vc_column_inner width=&#8220;3\/6&#8243;][vc_images_carousel images=&#8220;7509,1684,1686,1689,2172,1683,1682,1681,7004&#8243; img_size=&#8220;full&#8220; autoplay=&#8220;yes&#8220; wrap=&#8220;yes&#8220;][\/vc_column_inner][vc_column_inner width=&#8220;2\/6&#8243;][vc_custom_heading text=&#8220;\u00dcberblick&#8220; use_theme_fonts=&#8220;yes&#8220;][vc_column_text]Die SPB Evolution UD ist die Weiterentwicklung des bew\u00e4hrten ServoPowerBend-Konzepts: vielseitige industrielle Schwenkbiegemaschinen, die Kraft, Schnelligkeit und Pr\u00e4zision vereinen. Durch die Up-and-Down-Technik ihrer Biegewange erlaubt sie mehr Bearbeitungsschritte in k\u00fcrzerer Zeit und minimiert den Handling-Aufwand.[\/vc_column_text][\/vc_column_inner][vc_column_inner el_class=&#8220;downloads&#8220; width=&#8220;1\/6&#8243;][vc_column_text]<strong>Prospek<\/strong><strong>te:<\/strong><br \/>\n<a href=\"https:\/\/www.schroedergroup.eu\/wp-content\/uploads\/pdf\/Prospekte_DE\/Motormaschinen_Industrie_DE_web.pdf\" target=\"_blank\" rel=\"noopener\">deutsch<\/a><br \/>\n<a href=\"https:\/\/www.schroedergroup.eu\/wp-content\/uploads\/pdf\/Prospekte_EN\/Motormaschinen_Industrie_EN_web.pdf\" target=\"_blank\" rel=\"noopener\">english<\/a><a class=\"lang\" title=\"Software Control English\" href=\"http:\/\/www.schroedergroup.eu\/cms\/upload\/download\/kataloge\/en\/Steuerungssoftware_EN_160401_Mail.pdf\" target=\"_blank\" rel=\"noopener noreferrer\"><br \/>\n<\/a>[\/vc_column_text][vc_separator color=&#8220;custom&#8220; accent_color=&#8220;#90be1e&#8220;][vc_column_text]<strong>Videos:<\/strong><br \/>\n<a title=\"\" href=\"https:\/\/www.youtube.com\/watch?v=G-xPNnSC-P8\" rel=\"prettyPhoto\">SPB Evolution UD<\/a><\/p>\n<p><a href=\"https:\/\/www.youtube.com\/watch?v=QaojvAWBtzc\" rel=\"prettyPhoto\">SPB Evolution UD mit Platinenwender<\/a>[\/vc_column_text][\/vc_column_inner][\/vc_row_inner][\/vc_tta_section][vc_tta_section title=&#8220;Details&#8220; tab_id=&#8220;details&#8220;][vc_row_inner][vc_column_inner width=&#8220;5\/6&#8243;][vc_custom_heading text=&#8220;Details&#8220; use_theme_fonts=&#8220;yes&#8220;][vc_column_text]<\/p>\n<ul>\n<li>Steuerung\n<ul>\n<li>POS 3000 3-D Grafiksteuerung am schwenkbaren Panel<\/li>\n<li>Radius-Step-Bending Funktion<\/li>\n<li>Fernwartung \u00fcber Internet<\/li>\n<\/ul>\n<\/li>\n<li>Anschlag\n<ul>\n<li>Positionieranschlag 10 &#8211; 3400 mm, 10 &#8211; 4250 mm in U-Form mit Sektoren, Panel zur individuellen Positionierung der Steuerung, pneumatische Absenkung der Anschlagfinger, Stahlkugeln im Auflagetisch. Winkelanschlag 1500 mm links und rechts. Die Auflagebleche sind geteilt und einzeln entfernbar, somit Platz f\u00fcr bereits bestehende Gegenkantungen.<\/li>\n<\/ul>\n<\/li>\n<li>Oberwange\n<ul>\n<li>Oberwangenhub 650 mm<\/li>\n<li>Oberwangengeometrie 180\u00b0<\/li>\n<li>Werkzeugklemmung Oberwange hydraulisch<\/li>\n<\/ul>\n<\/li>\n<li>Biegewange\n<ul>\n<li>Up&#8217;n Down Biegewange automatisch gesteuert durch POS 3000<\/li>\n<li>Pneumatische Klemmung der Biegewange<\/li>\n<li>Motorische Biegewangenverstellung 200 mm<\/li>\n<li>Motorische Biegemittelpunktverstellung 80 mm<\/li>\n<li>Motorische Zentralbombierung<\/li>\n<li>Drehmittelpunktverstellung, Antrieb Frequenzumrichter gesteuert<\/li>\n<\/ul>\n<\/li>\n<li>Arbeitssicherheit\n<ul>\n<li>Absicherung der Bedienung von hinten durch Lichtvorhang gesteuert \u00fcber Sicherheits-SPS<\/li>\n<li>Sicherheitspaket bei Bedienung von vorne, incl. 2. Fu\u00dfschalter verfahrbar auf Winkelschiene<\/li>\n<\/ul>\n<\/li>\n<li>Sonstiges\n<ul>\n<li>Fu\u00dfschalter<\/li>\n<li>Fundamentplatten incl. D\u00fcbel<\/li>\n<\/ul>\n<\/li>\n<li>Werkzeuge\n<ul>\n<li>Standardmaschine ohne Werkzeuge<\/li>\n<\/ul>\n<\/li>\n<\/ul>\n<p>[\/vc_column_text][\/vc_column_inner][vc_column_inner el_class=&#8220;downloads&#8220; width=&#8220;1\/6&#8243;][vc_column_text]<strong>Prospek<\/strong><strong>te:<\/strong><br \/>\n<a href=\"https:\/\/www.schroedergroup.eu\/wp-content\/uploads\/pdf\/Prospekte_DE\/Motormaschinen_Industrie_DE_web.pdf\" target=\"_blank\" rel=\"noopener\">deutsch<\/a><br \/>\n<a href=\"https:\/\/www.schroedergroup.eu\/wp-content\/uploads\/pdf\/Prospekte_EN\/Motormaschinen_Industrie_EN_web.pdf\" target=\"_blank\" rel=\"noopener\">english<\/a><a class=\"lang\" title=\"Software Control English\" href=\"http:\/\/www.schroedergroup.eu\/cms\/upload\/download\/kataloge\/en\/Steuerungssoftware_EN_160401_Mail.pdf\" target=\"_blank\" rel=\"noopener noreferrer\"><br \/>\n<\/a>[\/vc_column_text][vc_separator color=&#8220;custom&#8220; accent_color=&#8220;#90be1e&#8220;][vc_column_text]<strong>Videos:<\/strong><br \/>\n<a title=\"\" href=\"https:\/\/www.youtube.com\/watch?v=G-xPNnSC-P8\" rel=\"prettyPhoto\">SPB Evolution UD<\/a><\/p>\n<p><a href=\"https:\/\/www.youtube.com\/watch?v=QaojvAWBtzc\" rel=\"prettyPhoto\">SPB Evolution UD mit Platinenwender<\/a>[\/vc_column_text][\/vc_column_inner][\/vc_row_inner][\/vc_tta_section][vc_tta_section title=&#8220;Technische Daten&#8220; tab_id=&#8220;technische-daten&#8220;][vc_row_inner][vc_column_inner width=&#8220;5\/6&#8243;][vc_custom_heading text=&#8220;Technische Daten&#8220; use_theme_fonts=&#8220;yes&#8220;][vc_column_text]<\/p>\n<table border=\"0\">\n<tbody>\n<tr>\n<td class=\"BeschtiftungTyp\">Typ<\/td>\n<td class=\"BeschriftungOben\">Nutzl\u00e4nge<\/td>\n<td class=\"BeschriftungOben\">Blechdicke 400 N\/mm2<\/td>\n<td class=\"BeschriftungOben\">L\u00e4nge<\/td>\n<td class=\"BeschriftungOben\">Breite<\/td>\n<\/tr>\n<tr>\n<td class=\"Maschinentypen\"><\/td>\n<td>[mm]<\/td>\n<td>[mm]<\/td>\n<td>[mm]<\/td>\n<td>[mm]<\/td>\n<\/tr>\n<tr>\n<td class=\"Maschinentypen\">3200&#215;4,0<\/td>\n<td>3240<\/td>\n<td align=\"right\">4,00<\/td>\n<td align=\"right\">6332<\/td>\n<td>2380<\/td>\n<\/tr>\n<tr>\n<td class=\"Maschinentypen\">4000&#215;3,0<\/td>\n<td>4040<\/td>\n<td align=\"right\">3,00<\/td>\n<td align=\"right\">7132<\/td>\n<td>2380<\/td>\n<\/tr>\n<\/tbody>\n<\/table>\n<table border=\"0\">\n<tbody>\n<tr>\n<td class=\"BeschtiftungTyp\">Typ<\/td>\n<td class=\"BeschriftungOben\">Breite mit U-Anschlag<\/td>\n<td class=\"BeschriftungOben\">Maschinenh\u00f6he<\/td>\n<td class=\"BeschriftungOben\">Gewicht der Grundmaschine<\/td>\n<\/tr>\n<tr>\n<td class=\"Maschinentypen\"><\/td>\n<td>[mm]<\/td>\n<td>[mm]<\/td>\n<td>[kg]<\/td>\n<\/tr>\n<tr>\n<td class=\"Maschinentypen\">3200&#215;4,0<\/td>\n<td>5150<\/td>\n<td align=\"right\">2290<\/td>\n<td align=\"right\">12260<\/td>\n<\/tr>\n<tr>\n<td class=\"Maschinentypen\">4000&#215;3,0<\/td>\n<td>6000<\/td>\n<td align=\"right\">2290<\/td>\n<td align=\"right\">13350<\/td>\n<\/tr>\n<\/tbody>\n<\/table>\n<table border=\"0\">\n<tbody>\n<tr>\n<td class=\"Maschinentypen\"><\/td>\n<td class=\"BeschriftungOben\" colspan=\"5\">Oberwange<\/td>\n<\/tr>\n<tr>\n<td class=\"BeschtiftungTyp\">Typ<\/td>\n<td class=\"BeschriftungOben\">Geometrie<\/td>\n<td class=\"BeschriftungOben\">Hub<\/td>\n<td class=\"BeschriftungOben\">Antriebsleistung<\/td>\n<td class=\"BeschriftungOben\">Geschwindigkeit<\/td>\n<td class=\"BeschriftungOben\">Klemmkraft<\/td>\n<\/tr>\n<tr>\n<td class=\"Maschinentypen\"><\/td>\n<td>[\u00b0]<\/td>\n<td>[mm]<\/td>\n<td>[kW]<\/td>\n<td>[mm\/s]<\/td>\n<td>[to]<\/td>\n<\/tr>\n<tr>\n<td class=\"Maschinentypen\">3200&#215;4,0<\/td>\n<td>180<\/td>\n<td align=\"right\">650<\/td>\n<td align=\"right\">2 x 6,69<\/td>\n<td>100<\/td>\n<td align=\"right\">35<\/td>\n<\/tr>\n<tr>\n<td class=\"Maschinentypen\">4000&#215;3,0<\/td>\n<td>180<\/td>\n<td align=\"right\">650<\/td>\n<td align=\"right\">2 x 6,69<\/td>\n<td>100<\/td>\n<td align=\"right\">35<\/td>\n<\/tr>\n<tr>\n<td class=\"Maschinentypen\" colspan=\"6\"><\/td>\n<\/tr>\n<tr>\n<td class=\"Maschinentypen\"><\/td>\n<td class=\"BeschriftungOben\" colspan=\"5\">Biegewange<\/td>\n<\/tr>\n<tr>\n<td class=\"BeschtiftungTyp\">Typ<\/td>\n<td class=\"BeschriftungOben\">Antriebsleistung<\/td>\n<td class=\"BeschriftungOben\" colspan=\"2\">Geschwindigkeit<\/td>\n<td class=\"BeschriftungOben\">Biegewangen-<br \/>\nverstellung<\/td>\n<td class=\"BeschriftungOben\">Biegemittelpunkt-<br \/>\nverstellung<\/td>\n<\/tr>\n<tr>\n<td class=\"Maschinentypen\"><\/td>\n<td>[kW]<\/td>\n<td colspan=\"2\">[\u00b0\/s]<\/td>\n<td>[mm]<\/td>\n<td>[mm]<\/td>\n<\/tr>\n<tr>\n<td class=\"Maschinentypen\">3200&#215;4,0<\/td>\n<td>2 x 6,69<\/td>\n<td colspan=\"2\">150<\/td>\n<td align=\"right\">200<\/td>\n<td align=\"right\">80<\/td>\n<\/tr>\n<tr>\n<td class=\"Maschinentypen\">4000&#215;3,0<\/td>\n<td>2 x 6,69<\/td>\n<td colspan=\"2\">150<\/td>\n<td align=\"right\">200<\/td>\n<td align=\"right\">80<\/td>\n<\/tr>\n<\/tbody>\n<\/table>\n<p>[\/vc_column_text][\/vc_column_inner][vc_column_inner el_class=&#8220;downloads&#8220; width=&#8220;1\/6&#8243;][vc_column_text]<strong>Prospek<\/strong><strong>te:<\/strong><br \/>\n<a href=\"https:\/\/www.schroedergroup.eu\/wp-content\/uploads\/pdf\/Prospekte_DE\/Motormaschinen_Industrie_DE_web.pdf\" target=\"_blank\" rel=\"noopener\">deutsch<\/a><br \/>\n<a href=\"https:\/\/www.schroedergroup.eu\/wp-content\/uploads\/pdf\/Prospekte_EN\/Motormaschinen_Industrie_EN_web.pdf\" target=\"_blank\" rel=\"noopener\">english<\/a><a class=\"lang\" title=\"Software Control English\" href=\"http:\/\/www.schroedergroup.eu\/cms\/upload\/download\/kataloge\/en\/Steuerungssoftware_EN_160401_Mail.pdf\" target=\"_blank\" rel=\"noopener noreferrer\"><br \/>\n<\/a>[\/vc_column_text][vc_separator color=&#8220;custom&#8220; accent_color=&#8220;#90be1e&#8220;][vc_column_text]<strong>Videos:<\/strong><br \/>\n<a title=\"\" href=\"https:\/\/www.youtube.com\/watch?v=G-xPNnSC-P8\" rel=\"prettyPhoto\">SPB Evolution UD<\/a><\/p>\n<p><a href=\"https:\/\/www.youtube.com\/watch?v=QaojvAWBtzc\" rel=\"prettyPhoto\">SPB Evolution UD mit Platinenwender<\/a>[\/vc_column_text][\/vc_column_inner][\/vc_row_inner][\/vc_tta_section][vc_tta_section title=&#8220;Software&#8220; tab_id=&#8220;software&#8220;][vc_row_inner][vc_column_inner width=&#8220;5\/6&#8243;][vc_custom_heading text=&#8220;Software&#8220; use_theme_fonts=&#8220;yes&#8220;][vc_column_text]<strong><img loading=\"lazy\" decoding=\"async\" class=\"size-medium wp-image-2793 alignright\" src=\"http:\/\/www.schroedergroup.eu\/wp-content\/uploads\/timeline\/2004-POS-3000-300x188.jpg\" alt=\"\" width=\"300\" height=\"188\" srcset=\"https:\/\/www.schroedergroup.eu\/wp-content\/uploads\/timeline\/2004-POS-3000-300x188.jpg 300w, https:\/\/www.schroedergroup.eu\/wp-content\/uploads\/timeline\/2004-POS-3000-1024x640.jpg 1024w, https:\/\/www.schroedergroup.eu\/wp-content\/uploads\/timeline\/2004-POS-3000-234x146.jpg 234w, https:\/\/www.schroedergroup.eu\/wp-content\/uploads\/timeline\/2004-POS-3000-50x31.jpg 50w, https:\/\/www.schroedergroup.eu\/wp-content\/uploads\/timeline\/2004-POS-3000-120x75.jpg 120w, https:\/\/www.schroedergroup.eu\/wp-content\/uploads\/timeline\/2004-POS-3000.jpg 1920w\" sizes=\"auto, (max-width:767px) 300px, 300px\" \/>POS 3000 3D-Grafiksteuerung<\/strong><\/p>\n<p>Blechdesign interaktiv<br \/>\nPOS 3000 3D-Grafiksteuerung ist eine der leistungsf\u00e4higsten Steuerungen am Markt \u2013 und weil Hard- und Software aus einem Hause kommen, sind SPB Evolution UD und POS 3000 3D-Grafiksteuerung perfekt aufeinander abgestimmt.<\/p>\n<p><strong>So komfortabel arbeiten Sie mit POS 3000:<\/strong><\/p>\n<p>In einer \u00fcbersichtlichen Produktauswahl mit Suchfunktion und Navigation in Unterverzeichnissen w\u00e4hlen Sie Arbeitsschritte und verkn\u00fcpfen sie im Men\u00fc Produktionsplan zu Arbeitsfolgen.<br \/>\nEinzelne Produktprofile k\u00f6nnen durch intuitives Zeichnen mit dem Finger sehr schnell entworfen werden. Im Bema\u00dfungsmen\u00fc k\u00f6nnen Sie dann die genauen Ma\u00dfe eingeben und \u00e4ndern. Zur Kontrolle und Abstimmung mit den Kunden kann die Zeichnung an einem Drucker auf Papier ausgegeben werden.<br \/>\nAus dem so erstellten Programm generiert die Software eine optimale Biegefolge, mit automatischer Kollisions- und Grenzwertpr\u00fcfung. Biegewinkel und Zuschnitt werden durch Interpolation aus der Datenbank automatisch korrigiert.[\/vc_column_text][vc_separator color=&#8220;custom&#8220; accent_color=&#8220;#90be1e&#8220;][vc_column_text]<\/p>\n<h2><img loading=\"lazy\" decoding=\"async\" class=\"size-medium wp-image-3690 alignright\" src=\"http:\/\/www.schroedergroup.eu\/wp-content\/uploads\/Steuerung\/Unfold-web-gH-300x225.jpg\" alt=\"\" width=\"300\" height=\"225\" srcset=\"https:\/\/www.schroedergroup.eu\/wp-content\/uploads\/Steuerung\/Unfold-web-gH-300x225.jpg 300w, https:\/\/www.schroedergroup.eu\/wp-content\/uploads\/Steuerung\/Unfold-web-gH-1024x768.jpg 1024w, https:\/\/www.schroedergroup.eu\/wp-content\/uploads\/Steuerung\/Unfold-web-gH-195x146.jpg 195w, https:\/\/www.schroedergroup.eu\/wp-content\/uploads\/Steuerung\/Unfold-web-gH-50x38.jpg 50w, https:\/\/www.schroedergroup.eu\/wp-content\/uploads\/Steuerung\/Unfold-web-gH-100x75.jpg 100w, https:\/\/www.schroedergroup.eu\/wp-content\/uploads\/Steuerung\/Unfold-web-gH.jpg 1920w\" sizes=\"auto, (max-width:767px) 300px, 300px\" \/>Abwicklungssoftware Schr\u00f6der Unfold<\/h2>\n<p>Unkompliziert und einfach &#8211; die neue Abwicklungssoftware &#8222;SCHR\u00d6DER Unfold&#8220;<\/p>\n<p>Um Hardware und Software noch besser aufeinander abzustimmen hat Hans Schr\u00f6der Maschinenbau in Zusammenarbeit mit einem externen Dienstleister eine Abwicklungssoftware entwickelt, die es erm\u00f6glicht Blechzuschnittsgr\u00f6\u00dfen noch schneller und pr\u00e4ziser zu berechnen.[\/vc_column_text][\/vc_column_inner][vc_column_inner el_class=&#8220;downloads&#8220; width=&#8220;1\/6&#8243;][vc_column_text]<strong>Prospek<\/strong><strong>te:<\/strong><br \/>\n<a href=\"https:\/\/www.schroedergroup.eu\/wp-content\/uploads\/pdf\/Prospekte_DE\/Motormaschinen_Industrie_DE_web.pdf\" target=\"_blank\" rel=\"noopener\">deutsch<\/a><br \/>\n<a href=\"https:\/\/www.schroedergroup.eu\/wp-content\/uploads\/pdf\/Prospekte_EN\/Motormaschinen_Industrie_EN_web.pdf\" target=\"_blank\" rel=\"noopener\">english<\/a><a class=\"lang\" title=\"Software Control English\" href=\"http:\/\/www.schroedergroup.eu\/cms\/upload\/download\/kataloge\/en\/Steuerungssoftware_EN_160401_Mail.pdf\" target=\"_blank\" rel=\"noopener noreferrer\"><br \/>\n<\/a>[\/vc_column_text][vc_separator color=&#8220;custom&#8220; accent_color=&#8220;#90be1e&#8220;][vc_column_text]<strong>Videos:<\/strong><br \/>\n<a title=\"\" href=\"https:\/\/www.youtube.com\/watch?v=G-xPNnSC-P8\" rel=\"prettyPhoto\">SPB Evolution UD<\/a><\/p>\n<p><a href=\"https:\/\/www.youtube.com\/watch?v=QaojvAWBtzc\" rel=\"prettyPhoto\">SPB Evolution UD mit Platinenwender<\/a>[\/vc_column_text][\/vc_column_inner][\/vc_row_inner][\/vc_tta_section][vc_tta_section title=&#8220;Werkzeuge\/Optionen&#8220; tab_id=&#8220;werkzeuge-optionen&#8220;][vc_row_inner][vc_column_inner width=&#8220;5\/6&#8243;][vc_custom_heading text=&#8220;Werkzeuge\/Optionen&#8220; use_theme_fonts=&#8220;yes&#8220;][vc_column_text]<strong>Sonderzubeh\u00f6r<\/strong><\/p>\n<ul>\n<li>Oberwange\n<ul>\n<li>Drehbare Oberwange als automatisches Werkzeugwechselsystem incl. hydraulischer Klemmung f\u00fcr zweite Werkzeugstation<br \/>\n(nicht in Verbindung mit Huberh\u00f6hung)<\/li>\n<li>Huberh\u00f6hung Z-Achse auf 830 mm (nicht in Verbindung mit drehbarer Oberwange)<\/li>\n<\/ul>\n<\/li>\n<li>Steuerung\n<ul>\n<li>Externe Programmierung<\/li>\n<li>Schr\u00f6der Unfold Abwicklungssoftware<\/li>\n<\/ul>\n<\/li>\n<li>Hinteranschlag\n<ul>\n<li>Saugplatten im Anschlagtisch, programmgesteuert inkl. 2 pneumatisch absenkbare Winkelanschl\u00e4ge im Gang<\/li>\n<\/ul>\n<\/li>\n<\/ul>\n<ul>\n<li>Sonstiges\n<ul>\n<li>Werkzeugwagen f\u00fcr Schienen und Segmentwerkzeuge<\/li>\n<li>Spannungswandler 18 kVA<\/li>\n<li>Klimager\u00e4te an beiden Schaltschr\u00e4nken<\/li>\n<li>\u00dcberseeverpackung<\/li>\n<\/ul>\n<\/li>\n<li>Sicherheit\n<ul>\n<li>Zusatzeinrichtung f\u00fcr 2-Mann-Bedienung gem. UVV erforderlich<\/li>\n<\/ul>\n<\/li>\n<li>Werkzeuge\n<ul>\n<li>Verschiedene Oberwangen- Biegewangen- und Unterwangenwerkzeuge<\/li>\n<\/ul>\n<\/li>\n<\/ul>\n<p>[\/vc_column_text][\/vc_column_inner][vc_column_inner el_class=&#8220;downloads&#8220; width=&#8220;1\/6&#8243;][vc_column_text]<strong>Prospek<\/strong><strong>te:<\/strong><br \/>\n<a href=\"https:\/\/www.schroedergroup.eu\/wp-content\/uploads\/pdf\/Prospekte_DE\/Motormaschinen_Industrie_DE_web.pdf\" target=\"_blank\" rel=\"noopener\">deutsch<\/a><br \/>\n<a href=\"https:\/\/www.schroedergroup.eu\/wp-content\/uploads\/pdf\/Prospekte_EN\/Motormaschinen_Industrie_EN_web.pdf\" target=\"_blank\" rel=\"noopener\">english<\/a><a class=\"lang\" title=\"Software Control English\" href=\"http:\/\/www.schroedergroup.eu\/cms\/upload\/download\/kataloge\/en\/Steuerungssoftware_EN_160401_Mail.pdf\" target=\"_blank\" rel=\"noopener noreferrer\"><br \/>\n<\/a>[\/vc_column_text][vc_separator color=&#8220;custom&#8220; accent_color=&#8220;#90be1e&#8220;][vc_column_text]<strong>Videos:<\/strong><br \/>\n<a title=\"\" href=\"https:\/\/www.youtube.com\/watch?v=G-xPNnSC-P8\" rel=\"prettyPhoto\">SPB Evolution UD<\/a><\/p>\n<p><a href=\"https:\/\/www.youtube.com\/watch?v=QaojvAWBtzc\" rel=\"prettyPhoto\">SPB Evolution UD mit Platinenwender<\/a>[\/vc_column_text][\/vc_column_inner][\/vc_row_inner][\/vc_tta_section][vc_tta_section title=&#8220;Anwenderberichte&#8220; tab_id=&#8220;anwenderberichte&#8220;][vc_custom_heading text=&#8220;Anwenderberichte&#8220; use_theme_fonts=&#8220;yes&#8220;][vc_row_inner][vc_column_inner width=&#8220;1\/6&#8243;][vc_single_image image=&#8220;1596&#8243; img_size=&#8220;full&#8220; alignment=&#8220;center&#8220; onclick=&#8220;custom_link&#8220; img_link_target=&#8220;_blank&#8220; css=&#8220;.vc_custom_1655212702803{margin-top: 0px !important;margin-right: 0px !important;margin-bottom: 15px !important;margin-left: 0px !important;padding-top: 0px !important;padding-right: 0px !important;padding-bottom: 0px !important;padding-left: 0px !important;}&#8220; link=&#8220;http:\/\/www.schroedergroup.eu\/wp-content\/uploads\/success-story\/Success-Story_Schwenkbiegemaschinen-SPB_Evolution_UD-MAK4_Evolution_UD_Rippert.pdf&#8220;][vc_column_text]<\/p>\n<p style=\"text-align: center;\"><a href=\"http:\/\/www.schroedergroup.eu\/wp-content\/uploads\/success-story\/Success-Story_Schwenkbiegemaschinen-SPB_Evolution_UD-MAK4_Evolution_UD_Rippert.pdf\" target=\"_blank\" rel=\"noopener noreferrer\">SPB Evolution UD im Einsatz bei Rippert Anlagentechnik<\/a><\/p>\n<p>[\/vc_column_text][vc_column_text]<\/p>\n<p style=\"text-align: center;\">Ver\u00f6ffentlicht in:<br \/>\n<a href=\"http:\/\/www.schroedergroup.eu\/wp-content\/uploads\/success-story\/Blechnet_Rippert_003_2013_S28-31.pdf\">BLECHNET 03\/2013<\/a><\/p>\n<p>[\/vc_column_text][\/vc_column_inner][vc_column_inner width=&#8220;1\/6&#8243;][vc_single_image image=&#8220;1691&#8243; img_size=&#8220;full&#8220; alignment=&#8220;center&#8220; onclick=&#8220;custom_link&#8220; img_link_target=&#8220;_blank&#8220; css=&#8220;.vc_custom_1558008940626{margin-top: 0px !important;margin-right: 0px !important;margin-bottom: 15px !important;margin-left: 0px !important;padding-top: 0px !important;padding-right: 0px !important;padding-bottom: 0px !important;padding-left: 0px !important;}&#8220; link=&#8220;http:\/\/www.schroedergroup.eu\/wp-content\/uploads\/success-story\/Success_Story_Salzmann_DE.pdf&#8220;][vc_column_text]<\/p>\n<p style=\"text-align: center;\"><a href=\"http:\/\/www.schroedergroup.eu\/wp-content\/uploads\/success-story\/Success-Story_Lindner_DE.pdf\" target=\"_blank\" rel=\"noopener noreferrer\">SPB Evolution UD im Einsatz bei Lindner<\/a><\/p>\n<p>[\/vc_column_text][\/vc_column_inner][vc_column_inner width=&#8220;1\/6&#8243;][vc_single_image image=&#8220;6405&#8243; img_size=&#8220;full&#8220; alignment=&#8220;center&#8220; onclick=&#8220;custom_link&#8220; img_link_target=&#8220;_blank&#8220; css=&#8220;.vc_custom_1558080318714{margin-top: 0px !important;margin-right: 0px !important;margin-bottom: 15px !important;margin-left: 0px !important;padding-top: 0px !important;padding-right: 0px !important;padding-bottom: 0px !important;padding-left: 0px !important;}&#8220; link=&#8220;https:\/\/www.schroedergroup.eu\/wp-content\/uploads\/success-story\/Success-Story-M\u00f6rz_DE.pdf&#8220;][vc_column_text]<\/p>\n<p style=\"text-align: center;\"><a href=\"https:\/\/www.schroedergroup.eu\/wp-content\/uploads\/success-story\/Success-Story-M\u00f6rz_DE.pdf\" target=\"_blank\" rel=\"noopener noreferrer\">SPB Evolution UD im Einsatz bei M\u00f6rz<\/a><\/p>\n<p>[\/vc_column_text][\/vc_column_inner][vc_column_inner width=&#8220;1\/6&#8243;][vc_single_image image=&#8220;7186&#8243; img_size=&#8220;full&#8220;][vc_column_text]<\/p>\n<p style=\"text-align: center;\"><a href=\"https:\/\/www.schroedergroup.eu\/wp-content\/uploads\/success-story\/Success-Story-_Siegle-und-Epple_DE.pdf\" target=\"_blank\" rel=\"noopener noreferrer\">SPB Evolution UD im Einsatz bei Siegle&amp;Epple<\/a><\/p>\n<p>[\/vc_column_text][\/vc_column_inner][\/vc_row_inner][\/vc_tta_section][\/vc_tta_tabs][\/vc_column][\/vc_row][vc_row][vc_column][vc_column_text]<!--more-->[\/vc_column_text][\/vc_column][\/vc_row]<\/p>\n<\/div>","protected":false},"excerpt":{"rendered":"<p>[vc_row css=&#8220;.vc_custom_1464864323661{margin: 0px !important;padding: 0px !important;}&#8220;][vc_column width=&#8220;5\/6&#8243; css=&#8220;.vc_custom_1464864359760{margin: 0px !important;padding: 0px !important;}&#8220;][vc_custom_heading text=&#8220;SPB Evolution UD&#8220; font_container=&#8220;tag:h1|text_align:left&#8220; use_theme_fonts=&#8220;yes&#8220;][\/vc_column][vc_column width=&#8220;1\/6&#8243;][\/vc_column][\/vc_row][vc_row][vc_column][vc_tta_tabs shape=&#8220;square&#8220; active_section=&#8220;1&#8243;][vc_tta_section title=&#8220;\u00dcberblick&#8220; tab_id=&#8220;ueberblick&#8220;][vc_row_inner][vc_column_inner width=&#8220;3\/6&#8243;][vc_images_carousel images=&#8220;7509,1684,1686,1689,2172,1683,1682,1681,7004&#8243; img_size=&#8220;full&#8220; autoplay=&#8220;yes&#8220;<span class=\"excerpt-hellip\"> [\u2026]<\/span><\/p>\n","protected":false},"author":2,"featured_media":0,"parent":689,"menu_order":10,"comment_status":"closed","ping_status":"closed","template":"","meta":{"_acf_changed":false,"inline_featured_image":false,"footnotes":""},"class_list":["post-1676","page","type-page","status-publish","hentry"],"acf":[],"aioseo_notices":[],"_links":{"self":[{"href":"https:\/\/www.schroedergroup.eu\/de\/wp-json\/wp\/v2\/pages\/1676","targetHints":{"allow":["GET"]}}],"collection":[{"href":"https:\/\/www.schroedergroup.eu\/de\/wp-json\/wp\/v2\/pages"}],"about":[{"href":"https:\/\/www.schroedergroup.eu\/de\/wp-json\/wp\/v2\/types\/page"}],"author":[{"embeddable":true,"href":"https:\/\/www.schroedergroup.eu\/de\/wp-json\/wp\/v2\/users\/2"}],"replies":[{"embeddable":true,"href":"https:\/\/www.schroedergroup.eu\/de\/wp-json\/wp\/v2\/comments?post=1676"}],"version-history":[{"count":82,"href":"https:\/\/www.schroedergroup.eu\/de\/wp-json\/wp\/v2\/pages\/1676\/revisions"}],"predecessor-version":[{"id":12062,"href":"https:\/\/www.schroedergroup.eu\/de\/wp-json\/wp\/v2\/pages\/1676\/revisions\/12062"}],"up":[{"embeddable":true,"href":"https:\/\/www.schroedergroup.eu\/de\/wp-json\/wp\/v2\/pages\/689"}],"wp:attachment":[{"href":"https:\/\/www.schroedergroup.eu\/de\/wp-json\/wp\/v2\/media?parent=1676"}],"curies":[{"name":"wp","href":"https:\/\/api.w.org\/{rel}","templated":true}]}}