{"id":15016,"date":"2026-05-07T10:58:39","date_gmt":"2026-05-07T08:58:39","guid":{"rendered":"https:\/\/www.schroedergroup.eu\/?page_id=15016"},"modified":"2026-05-07T12:51:00","modified_gmt":"2026-05-07T10:51:00","slug":"gewerbeflaechenvermietung","status":"publish","type":"page","link":"https:\/\/www.schroedergroup.eu\/de\/gewerbeflaechenvermietung\/","title":{"rendered":"Gewerbefl\u00e4chenvermietung"},"content":{"rendered":"<div class=\"wpb-content-wrapper\"><p>[vc_row css=&#8220;.vc_custom_1464864323661{margin: 0px !important;padding: 0px !important;}&#8220;][vc_column css=&#8220;.vc_custom_1464864359760{margin: 0px !important;padding: 0px !important;}&#8220;][vc_single_image image=&#8220;15199&#8243; img_size=&#8220;full&#8220; alignment=&#8220;center&#8220; css=&#8220;&#8220;][\/vc_column][\/vc_row][vc_row][vc_column][vc_custom_heading text=&#8220;Gewerbefl\u00e4chenvermietung&#8220; font_container=&#8220;tag:h1|text_align:left&#8220; use_theme_fonts=&#8220;yes&#8220; css=&#8220;&#8220;][vc_column_text css=&#8220;&#8220;]579 m\u00b2 attraktive B\u00fcro-\/Praxisfl\u00e4chen auf 2 Etagen in verkehrsg\u00fcnstiger Lage von Wermelskirchen \u2013 flexibel nutzbar, modern ausgestattet und ab sofort verf\u00fcgbar.[\/vc_column_text][vc_tta_tabs shape=&#8220;square&#8220; active_section=&#8220;1&#8243;][vc_tta_section title=&#8220;\u00dcberblick&#8220; tab_id=&#8220;ueberblicke&#8220;][vc_row_inner][vc_column_inner width=&#8220;3\/6&#8243;][vc_images_carousel images=&#8220;15137,15117,15124,15181,15183,15135,15133,15165,15130,15121,15170,15153,15149,15164,15156,15168,15129,15127,15174,15185,15120,15176,15172,15158,15151,15177,15162,15160,15147,15142,15145,15141,15139&#8243; img_size=&#8220;full&#8220; autoplay=&#8220;yes&#8220; wrap=&#8220;yes&#8220; css=&#8220;&#8220;][vc_custom_heading text=&#8220;Objektbeschreibung&#8220; font_container=&#8220;tag:h3|text_align:left&#8220; use_theme_fonts=&#8220;yes&#8220; css=&#8220;&#8220;][\/vc_column_inner][vc_column_inner width=&#8220;2\/6&#8243;][vc_custom_heading text=&#8220;\u00dcberblick&#8220; font_container=&#8220;tag:h3|text_align:left&#8220; use_theme_fonts=&#8220;yes&#8220; css=&#8220;&#8220;][vc_column_text css=&#8220;&#8220;]<\/p>\n<ul>\n<li>Moderne B\u00fcrofl\u00e4che auf 2 Etagen<\/li>\n<li>EG: 295 m\u00b2 \/ 1. OG: 284 m\u00b2 flexibel mietbar<\/li>\n<li>inkl. 4 Parkpl\u00e4tze, weitere anmietbar<\/li>\n<li>Vielseitige Gewerbeeinheit z.B. f\u00fcr Start-ups, Praxis, Showroom, Atelier, Studio<\/li>\n<li>Moderne Alarmanlage<\/li>\n<li>Gute Verkehrsanbindung<\/li>\n<\/ul>\n<p>Das Expose auf Immoscout24 finden Sie <a href=\"https:\/\/www.immobilienscout24.de\/expose\/167441352?referrer=HYBRID_VIEW_LISTING&amp;searchId=02daa685-a99b-373b-879c-057e108a7472&amp;searchType=radius#\/\" target=\"_blank\" rel=\"noopener\">hier<\/a><\/p>\n<p>Nutzen Sie diese Gelegenheit, Ihren neuen Firmen- oder Praxissitz in einer professionellen und angenehmen Arbeitsatmosph\u00e4re zu etablieren.<br \/>\nF\u00fcr Besichtigungen und weitere Informationen stehen wir Ihnen gerne zur Verf\u00fcgung.[\/vc_column_text][\/vc_column_inner][vc_column_inner el_class=&#8220;downloads&#8220; width=&#8220;1\/6&#8243;]<div class=\"team team_vertical\"><div class=\"image_frame photo no_link scale-with-grid\"><div class=\"image_wrapper\"><img loading=\"lazy\" decoding=\"async\" class=\"scale-with-grid\" src=\"https:\/\/www.schroedergroup.eu\/wp-content\/uploads\/Gewerbefl\u00e4chenvermietung\/27.07.23_Schroeder_Portraets_6093_web.jpg\" alt=\"\" width=\"1920\" height=\"1280\"\/><\/div><\/div><div class=\"desc_wrapper clearfix\"><h4 class=\"desc_wrappper_title \">Sabrina Hibler<\/h4><p class=\"subtitle\">Kontakt<\/p><p class=\"phone\"><i class=\"icon-phone\"><\/i> <a href=\"tel:00498809 9220-295\" aria-label=\"phone\">00498809 9220-295<\/a><\/p><hr class=\"hr_color\" \/><div class=\"desc\"><\/div><div class=\"links\"><a href=\"mailto:sh@schroedergroup.eu\" class=\"icon_bar icon_bar_small mail\" aria-label=\"mail\"><span class=\"t\"><i class=\"icon-mail\"><\/i><\/span><span class=\"b\"><i class=\"icon-mail\" aria-hidden=\"true\"><\/i><\/span><\/a><\/div><\/div><\/div>\n[\/vc_column_inner][\/vc_row_inner][vc_column_text css=&#8220;&#8220;]<\/p>\n<p class=\"isSelectedEnd\">Diese moderne und vielseitig nutzbare B\u00fcro- und Gewerbefl\u00e4che im Gewerbegebiet 42929 Wermelskirchen, Industriestra\u00dfe 30, \u00fcberzeugt durch ihre gro\u00dfz\u00fcgige Aufteilung, helle R\u00e4umlichkeiten und flexible Nutzungsm\u00f6glichkeiten. Die insgesamt ca. 579 m\u00b2 gro\u00dfe Fl\u00e4che verteilt sich auf zwei Etagen mit ca. 295 m\u00b2 im Erdgeschoss und ca. 284 m\u00b2<br \/>\nim 1. Obergeschoss. Beide Einheiten k\u00f6nnen bei Bedarf auch separat angemietet werden.<\/p>\n<p class=\"isSelectedEnd\">Gro\u00dfz\u00fcgige Fensterfl\u00e4chen sorgen in beiden Etagen f\u00fcr eine helle und angenehme Arbeitsatmosph\u00e4re sowie eine hervorragende Sichtbarkeit. Die offene Grundrissgestaltung erm\u00f6glicht eine individuelle Anpassung an unterschiedlichste Nutzungskonzepte \u2013 ob B\u00fcro, Praxis, Showroom, Atelier, Studio oder Ausstellungsfl\u00e4che.<\/p>\n<p class=\"isSelectedEnd\">Die Immobilie bietet ideale Voraussetzungen f\u00fcr moderne Arbeitswelten und repr\u00e4sentative Gesch\u00e4ftsr\u00e4ume. Durch die flexible Raumstruktur lassen sich offene Arbeitsbereiche ebenso realisieren wie separate Besprechungs- oder Empfangszonen. F\u00fcr zus\u00e4tzliche Sicherheit ist das Objekt mit einer modernen Alarmanlage ausgestattet.<\/p>\n<p>Ein weiterer Vorteil ist die gute Verkehrsanbindung sowie die schnelle Erreichbarkeit. Vier Stellpl\u00e4tze direkt am Geb\u00e4ude sind bereits inklusive, weitere Parkm\u00f6glichkeiten k\u00f6nnen zus\u00e4tzlich angemietet werden. Die Fl\u00e4chen stehen kurzfristig zur Verf\u00fcgung und bieten Unternehmen eine attraktive Kombination aus Funktionalit\u00e4t, Flexibilit\u00e4t und repr\u00e4sentativem Auftreten.[\/vc_column_text][\/vc_tta_section][\/vc_tta_tabs][\/vc_column][\/vc_row]<\/p>\n<\/div>","protected":false},"excerpt":{"rendered":"<p>[vc_row css=&#8220;.vc_custom_1464864323661{margin: 0px !important;padding: 0px !important;}&#8220;][vc_column css=&#8220;.vc_custom_1464864359760{margin: 0px !important;padding: 0px !important;}&#8220;][vc_single_image image=&#8220;15199&#8243; img_size=&#8220;full&#8220; alignment=&#8220;center&#8220; css=&#8220;&#8220;][\/vc_column][\/vc_row][vc_row][vc_column][vc_custom_heading text=&#8220;Gewerbefl\u00e4chenvermietung&#8220; font_container=&#8220;tag:h1|text_align:left&#8220; use_theme_fonts=&#8220;yes&#8220; css=&#8220;&#8220;][vc_column_text css=&#8220;&#8220;]579 m\u00b2 attraktive B\u00fcro-\/Praxisfl\u00e4chen auf 2 Etagen<span class=\"excerpt-hellip\"> [\u2026]<\/span><\/p>\n","protected":false},"author":8,"featured_media":-1,"parent":0,"menu_order":0,"comment_status":"closed","ping_status":"closed","template":"","meta":{"_acf_changed":false,"inline_featured_image":false,"footnotes":""},"class_list":["post-15016","page","type-page","status-publish","has-post-thumbnail","hentry"],"acf":[],"aioseo_notices":[],"_links":{"self":[{"href":"https:\/\/www.schroedergroup.eu\/de\/wp-json\/wp\/v2\/pages\/15016","targetHints":{"allow":["GET"]}}],"collection":[{"href":"https:\/\/www.schroedergroup.eu\/de\/wp-json\/wp\/v2\/pages"}],"about":[{"href":"https:\/\/www.schroedergroup.eu\/de\/wp-json\/wp\/v2\/types\/page"}],"author":[{"embeddable":true,"href":"https:\/\/www.schroedergroup.eu\/de\/wp-json\/wp\/v2\/users\/8"}],"replies":[{"embeddable":true,"href":"https:\/\/www.schroedergroup.eu\/de\/wp-json\/wp\/v2\/comments?post=15016"}],"version-history":[{"count":21,"href":"https:\/\/www.schroedergroup.eu\/de\/wp-json\/wp\/v2\/pages\/15016\/revisions"}],"predecessor-version":[{"id":15226,"href":"https:\/\/www.schroedergroup.eu\/de\/wp-json\/wp\/v2\/pages\/15016\/revisions\/15226"}],"wp:featuredmedia":[{"embeddable":true,"href":"https:\/\/www.schroedergroup.eu\/de\/wp-json\/"}],"wp:attachment":[{"href":"https:\/\/www.schroedergroup.eu\/de\/wp-json\/wp\/v2\/media?parent=15016"}],"curies":[{"name":"wp","href":"https:\/\/api.w.org\/{rel}","templated":true}]}}