{"id":14684,"date":"2026-03-03T14:43:23","date_gmt":"2026-03-03T13:43:23","guid":{"rendered":"https:\/\/www.schroedergroup.eu\/?page_id=14684"},"modified":"2026-03-03T14:43:23","modified_gmt":"2026-03-03T13:43:23","slug":"ux-engineer-web-technologien-maschinenbau-m-w-d","status":"publish","type":"page","link":"https:\/\/www.schroedergroup.eu\/de\/karriere\/aktuelle-stellenausschreibungen\/ux-engineer-web-technologien-maschinenbau-m-w-d\/","title":{"rendered":"UX Engineer (Web-Technologien) \u2013 Maschinenbau (m\/w\/d)"},"content":{"rendered":"<div class=\"wpb-content-wrapper\"><p>[vc_row full_width=&#8220;stretch_row_content_no_spaces&#8220;][vc_column][vc_single_image image=&#8220;618&#8243; img_size=&#8220;full&#8220; alignment=&#8220;center&#8220; css=&#8220;.vc_custom_1465549980494{margin-top: 0px !important;margin-right: 0px !important;margin-bottom: 0px !important;margin-left: 0px !important;padding-top: 0px !important;padding-right: 0px !important;padding-bottom: 0px !important;padding-left: 0px !important;}&#8220;][\/vc_column][\/vc_row][vc_row][vc_column][vc_row_inner][vc_column_inner width=&#8220;5\/6&#8243;][vc_custom_heading text=&#8220;UX Engineer (Web-Technologien) \u2013 Maschinenbau (m\/w\/d)&#8220; font_container=&#8220;tag:h1|text_align:left&#8220; use_theme_fonts=&#8220;yes&#8220; css=&#8220;&#8220;][\/vc_column_inner][vc_column_inner width=&#8220;1\/6&#8243;][vc_btn title=&#8220;Jetzt bewerben&#8220; shape=&#8220;square&#8220; color=&#8220;green&#8220; align=&#8220;right&#8220; css=&#8220;&#8220; link=&#8220;url:https%3A%2F%2Fbewerber-schroeder-maschinenbau.perso-portal.de%2Fapplicationform%2F41|title:UX%20Engineer%20(Web-Technologien)%20%E2%80%93%20Maschinenbau%20(m%2Fw%2Fd)|target:_blank&#8220;][\/vc_column_inner][\/vc_row_inner][vc_column_text css=&#8220;&#8220;]<\/p>\n<table class=\"career\">\n<tbody>\n<tr>\n<td class=\"beschriftung\">Standort<\/td>\n<td>Wessobrunn-Forst<\/td>\n<\/tr>\n<tr>\n<td class=\"beschriftung\">Eintrittsdatum<\/td>\n<td>ab sofort<\/td>\n<\/tr>\n<tr>\n<td class=\"beschriftung\">Arbeitszeit<\/td>\n<td>Vollzeit<\/td>\n<\/tr>\n<tr>\n<td class=\"beschriftung\">Beschreibung<\/td>\n<td>Als UX Engineer verbinden Sie nutzerzentriertes Design mit technischer Umsetzung. Sie gestalten und entwickeln webbasierte Benutzeroberfl\u00e4chen f\u00fcr industrielle Anwendungen \u2013 von Maschinenbedienoberfl\u00e4chen \u00fcber Konfiguratoren bis hin zu Dashboards und Monitoring-Tools. Dabei arbeiten Sie eng mit der Softwareentwicklung, dem Produktmanagement und den Anwendungstechnikern zusammen.<\/td>\n<\/tr>\n<tr>\n<td class=\"beschriftung\">Aufgaben<\/td>\n<td>\n<ul>\n<li>Konzeption, Gestaltung und Implementierung von Web-Oberfl\u00e4chen f\u00fcr industrielle Anwendungen (z. B. HMI, Dashboards, Konfiguratoren)<\/li>\n<li>Erstellung von Wireframes, Prototypen und interaktiven Mockups<\/li>\n<li>Umsetzung von Designs in produktionsreifen Frontend-Code (HTML, CSS, JavaScript\/TypeScript).<\/li>\n<li>Entwicklung und Pflege eines komponentenbasierten Design-Systems<\/li>\n<li>Enge Zusammenarbeit mit Backend-Entwicklern zur Anbindung von Maschinendaten und APIs<\/li>\n<li>Sicherstellung von Barrierefreiheit, Responsiveness und Performance<\/li>\n<\/ul>\n<\/td>\n<\/tr>\n<tr>\n<td class=\"beschriftung\">Anforderungen<\/td>\n<td>\n<ul>\n<li>Abgeschlossenes Studium in Informatik, Medieninformatik, Interaction Design oder vergleichbare Qualifikation<\/li>\n<li>Mehrj\u00e4hrige Erfahrung in UX\/UI-Design und Frontend-Entwicklung<\/li>\n<li>Sicherer Umgang mit modernen Web-Frameworks (z. B. React, Angular oder Vue)<\/li>\n<li>Kenntnisse in HTML5, CSS3\/SCSS, TypeScript<\/li>\n<li>Verst\u00e4ndnis f\u00fcr REST-APIs und Echtzeit-Datenvisualisierung (z. B. WebSocket, MQTT) von Vorteil<\/li>\n<li>Erfahrung im industriellen Umfeld oder mit technischen Anwendungen w\u00fcnschenswert, aber kein Muss<\/li>\n<li>F\u00e4higkeit, komplexe technische Sachverhalte in intuitive Oberfl\u00e4chen zu \u00fcbersetzen<\/li>\n<li>Gute Deutsch- und Englischkenntnisse<\/li>\n<\/ul>\n<\/td>\n<\/tr>\n<tr>\n<td class=\"beschriftung\">Das bieten wir<\/td>\n<td>\n<ul>\n<li>Zukunftsorientierter, sicherer Arbeitsplatz mit langfristiger Perspektive<\/li>\n<li>Fundierte Einarbeitung durch unser qualifiziertes Team<\/li>\n<li>Internationales Arbeitsumfeld<\/li>\n<li>M\u00f6glichkeit zu Auslandsaufenthalten<\/li>\n<li>Betriebliche Altersvorsorge<\/li>\n<li>Betriebskantine<\/li>\n<li>Firmenfitness (qualitrain)<\/li>\n<li>Fahrrad-Leasing<\/li>\n<\/ul>\n<\/td>\n<\/tr>\n<tr>\n<td class=\"beschriftung\">Kontakt<\/td>\n<td>Bewerbungen per Mail unter: bewerbung@schroedergroup.eu<\/p>\n<p>Bewerbungen per Post an:<\/p>\n<p>Hans Schr\u00f6der Maschinenbau GmbH<br \/>\nPersonalabteilung<br \/>\nFeuchten 2<br \/>\n82405 Wessobrunn-Forst<\/td>\n<\/tr>\n<\/tbody>\n<\/table>\n<p>[\/vc_column_text][\/vc_column][\/vc_row]<\/p>\n<\/div>","protected":false},"excerpt":{"rendered":"<p>[vc_row full_width=&#8220;stretch_row_content_no_spaces&#8220;][vc_column][vc_single_image image=&#8220;618&#8243; img_size=&#8220;full&#8220; alignment=&#8220;center&#8220; css=&#8220;.vc_custom_1465549980494{margin-top: 0px !important;margin-right: 0px !important;margin-bottom: 0px !important;margin-left: 0px !important;padding-top: 0px !important;padding-right: 0px !important;padding-bottom: 0px !important;padding-left: 0px !important;}&#8220;][\/vc_column][\/vc_row][vc_row][vc_column][vc_row_inner][vc_column_inner width=&#8220;5\/6&#8243;][vc_custom_heading text=&#8220;UX Engineer (Web-Technologien)<span class=\"excerpt-hellip\"> [\u2026]<\/span><\/p>\n","protected":false},"author":2,"featured_media":-1,"parent":612,"menu_order":40,"comment_status":"closed","ping_status":"closed","template":"","meta":{"_acf_changed":false,"inline_featured_image":false,"footnotes":""},"class_list":["post-14684","page","type-page","status-publish","has-post-thumbnail","hentry"],"acf":[],"aioseo_notices":[],"_links":{"self":[{"href":"https:\/\/www.schroedergroup.eu\/de\/wp-json\/wp\/v2\/pages\/14684","targetHints":{"allow":["GET"]}}],"collection":[{"href":"https:\/\/www.schroedergroup.eu\/de\/wp-json\/wp\/v2\/pages"}],"about":[{"href":"https:\/\/www.schroedergroup.eu\/de\/wp-json\/wp\/v2\/types\/page"}],"author":[{"embeddable":true,"href":"https:\/\/www.schroedergroup.eu\/de\/wp-json\/wp\/v2\/users\/2"}],"replies":[{"embeddable":true,"href":"https:\/\/www.schroedergroup.eu\/de\/wp-json\/wp\/v2\/comments?post=14684"}],"version-history":[{"count":1,"href":"https:\/\/www.schroedergroup.eu\/de\/wp-json\/wp\/v2\/pages\/14684\/revisions"}],"predecessor-version":[{"id":14685,"href":"https:\/\/www.schroedergroup.eu\/de\/wp-json\/wp\/v2\/pages\/14684\/revisions\/14685"}],"up":[{"embeddable":true,"href":"https:\/\/www.schroedergroup.eu\/de\/wp-json\/wp\/v2\/pages\/612"}],"wp:featuredmedia":[{"embeddable":true,"href":"https:\/\/www.schroedergroup.eu\/de\/wp-json\/"}],"wp:attachment":[{"href":"https:\/\/www.schroedergroup.eu\/de\/wp-json\/wp\/v2\/media?parent=14684"}],"curies":[{"name":"wp","href":"https:\/\/api.w.org\/{rel}","templated":true}]}}