{"id":14593,"date":"2026-02-19T07:51:48","date_gmt":"2026-02-19T06:51:48","guid":{"rendered":"https:\/\/www.schroedergroup.eu\/?page_id=14593"},"modified":"2026-02-20T12:31:21","modified_gmt":"2026-02-20T11:31:21","slug":"servicevertraege","status":"publish","type":"page","link":"https:\/\/www.schroedergroup.eu\/de\/servicevertraege\/","title":{"rendered":"Servicevertr\u00e4ge"},"content":{"rendered":"<div class=\"wpb-content-wrapper\"><p>[vc_row full_width=&#8220;stretch_row_content_no_spaces&#8220;][vc_column][vc_single_image image=&#8220;14632&#8243; img_size=&#8220;full&#8220; alignment=&#8220;center&#8220; css=&#8220;.vc_custom_1771501191773{margin-top: 0px !important;margin-right: 0px !important;margin-bottom: 0px !important;margin-left: 0px !important;padding-top: 0px !important;padding-right: 0px !important;padding-bottom: 0px !important;padding-left: 0px !important;}&#8220;][\/vc_column][\/vc_row][vc_row][vc_column][vc_custom_heading text=&#8220;Wartungsvertrag\/Online-Service&#8220; font_container=&#8220;tag:h1|text_align:left&#8220; use_theme_fonts=&#8220;yes&#8220; css=&#8220;&#8220;][vc_column_text css=&#8220;&#8220;]<\/p>\n<p class=\"isselectedend\">Mit unseren Wartungs- und Servicevertr\u00e4gen sorgen wir f\u00fcr maximale Maschinenverf\u00fcgbarkeit und planbare Betriebssicherheit. Von regelm\u00e4\u00dfigen Wartungen bis hin zum schnellen Remote-Support im Servicefall erhalten Sie zuverl\u00e4ssige Unterst\u00fctzung aus einer Hand.<\/p>\n<p>Sprechen Sie uns gerne an \u2014 wir erstellen Ihnen ein individuelles Angebot passend zu Ihren Anforderungen.[\/vc_column_text][vc_column_text css=&#8220;&#8220;]<\/p>\n<table border=\"0\">\n<tbody>\n<tr>\n<td class=\"BeschriftungOben\">Wartungsvertrag<\/td>\n<td class=\"BeschriftungOben\">Online-Servicevertrag<\/td>\n<\/tr>\n<tr>\n<td class=\"Maschinentypen\">\n<ul>\n<li style=\"text-align: left;\">Regelm\u00e4\u00dfige professionelle Inspektion nach aktuellen Normen<\/li>\n<li style=\"text-align: left;\">Vorbeugende Instandhaltung statt teurer Ausf\u00e4lle<\/li>\n<li style=\"text-align: left;\">Sofortige Behebung kleiner St\u00f6rungen<\/li>\n<li style=\"text-align: left;\">Detailliertes Wartungsprotokoll mit Handlungsempfehlungen<\/li>\n<li style=\"text-align: left;\">Schulungshinweise f\u00fcr Ihr Bedienpersonal<\/li>\n<li style=\"text-align: left;\">Transparente Pauschalkosten ohne \u00dcberraschungen<\/li>\n<li style=\"text-align: left;\">Mehr Sicherheit, l\u00e4ngere Lebensdauer, planbare Investitionen<\/li>\n<\/ul>\n<\/td>\n<td align=\"right\">\n<ul>\n<li style=\"text-align: left;\">Priorisierte Bearbeitung Ihrer Supportanfragen<\/li>\n<li style=\"text-align: left;\">Direkte Unterst\u00fctzung durch qualifiziertes Fachpersonal<\/li>\n<li style=\"text-align: left;\">Schnelle Analyse &amp; Erstdiagnose von St\u00f6rungen<\/li>\n<li style=\"text-align: left;\">Telefonischem, digitalem und Remote-Support (z. B. VPN\/TeamViewer)<\/li>\n<li style=\"text-align: left;\">Feste j\u00e4hrlicher Pauschale \u2013 volle Kostentransparenz<\/li>\n<li style=\"text-align: left;\">Unterst\u00fctzung w\u00e4hrend unserer erweiterten Gesch\u00e4ftszeiten (Mo\u2013Fr, 07:00\u201317:00 Uhr)<\/li>\n<\/ul>\n<\/td>\n<\/tr>\n<\/tbody>\n<\/table>\n<p>[\/vc_column_text][vc_row_inner][vc_column_inner][\/vc_column_inner][\/vc_row_inner][\/vc_column][\/vc_row][vc_row][vc_column][vc_custom_heading text=&#8220;Anfrageformular&#8220; font_container=&#8220;tag:h1|text_align:left&#8220; use_theme_fonts=&#8220;yes&#8220; css=&#8220;&#8220;][vc_column_text]<!--more-->[\/vc_column_text][vc_column_text css=&#8220;&#8220;]\n<div class=\"wpcf7 no-js\" id=\"wpcf7-f14595-o1\" lang=\"de-DE\" dir=\"ltr\" data-wpcf7-id=\"14595\">\n<div class=\"screen-reader-response\"><p role=\"status\" aria-live=\"polite\" aria-atomic=\"true\"><\/p> <ul><\/ul><\/div>\n<form action=\"\/de\/wp-json\/wp\/v2\/pages\/14593#wpcf7-f14595-o1\" method=\"post\" class=\"wpcf7-form init\" aria-label=\"Kontaktformular\" novalidate=\"novalidate\" data-status=\"init\">\n<fieldset class=\"hidden-fields-container\"><input type=\"hidden\" name=\"_wpcf7\" value=\"14595\" \/><input type=\"hidden\" name=\"_wpcf7_version\" value=\"6.1.5\" \/><input type=\"hidden\" name=\"_wpcf7_locale\" value=\"de_DE\" \/><input type=\"hidden\" name=\"_wpcf7_unit_tag\" value=\"wpcf7-f14595-o1\" \/><input type=\"hidden\" name=\"_wpcf7_container_post\" value=\"0\" \/><input type=\"hidden\" name=\"_wpcf7_posted_data_hash\" value=\"\" \/><input type=\"hidden\" name=\"_wpcf7dtx_version\" value=\"5.0.5\" \/>\n<\/fieldset>\n<div class=\"half\">\n\t<h3>Firmendaten\n\t<\/h3>\n\t<p><label>Firma (*)<\/label><span class=\"wpcf7-form-control-wrap\" data-name=\"firma\"><input size=\"40\" maxlength=\"400\" class=\"wpcf7-form-control wpcf7-text wpcf7-validates-as-required\" aria-required=\"true\" aria-invalid=\"false\" value=\"\" type=\"text\" name=\"firma\" \/><\/span>\n\t<\/p>\n\t<p><label>Anrede (*)<\/label><span class=\"wpcf7-form-control-wrap\" data-name=\"Anrede\"><select class=\"wpcf7-form-control wpcf7-select wpcf7-validates-as-required\" aria-required=\"true\" aria-invalid=\"false\" name=\"Anrede\"><option value=\"\"><\/option><option value=\"Herr\">Herr<\/option><option value=\"Frau\">Frau<\/option><option value=\"Divers\">Divers<\/option><option value=\"Keine Angabe\">Keine Angabe<\/option><\/select><\/span>\n\t<\/p>\n\t<p><label>Ansprechpartner (*)<\/label><span class=\"wpcf7-form-control-wrap\" data-name=\"ansprechpartner\"><input size=\"40\" maxlength=\"400\" class=\"wpcf7-form-control wpcf7-text wpcf7-validates-as-required\" aria-required=\"true\" aria-invalid=\"false\" value=\"\" type=\"text\" name=\"ansprechpartner\" \/><\/span>\n\t<\/p>\n\t<p><label>Telefon (*)<\/label><span class=\"wpcf7-form-control-wrap\" data-name=\"telefon\"><input size=\"40\" maxlength=\"400\" class=\"wpcf7-form-control wpcf7-text wpcf7-validates-as-required\" aria-required=\"true\" aria-invalid=\"false\" value=\"\" type=\"text\" name=\"telefon\" \/><\/span>\n\t<\/p>\n\t<p><label>E-Mail (*) <\/label><span class=\"wpcf7-form-control-wrap\" data-name=\"email\"><input size=\"40\" maxlength=\"400\" class=\"wpcf7-form-control wpcf7-email wpcf7-validates-as-required wpcf7-text wpcf7-validates-as-email\" aria-required=\"true\" aria-invalid=\"false\" value=\"\" type=\"email\" name=\"email\" \/><\/span>\n\t<\/p>\n<\/div>\n<div class=\"half\">\n\t<h3>Maschinendaten\n\t<\/h3>\n\t<p><label>Maschinennummer (*)<\/label><span class=\"wpcf7-form-control-wrap\" data-name=\"maschinennummer\"><input size=\"40\" maxlength=\"400\" class=\"wpcf7-form-control wpcf7-text wpcf7-validates-as-required\" aria-required=\"true\" aria-invalid=\"false\" value=\"\" type=\"text\" name=\"maschinennummer\" \/><\/span>\n\t<\/p>\n\t<h3>Vertrag\n\t<\/h3>\n\t<p><label>Vertrag(*)<\/label><span class=\"wpcf7-form-control-wrap\" data-name=\"Vertrag\"><select class=\"wpcf7-form-control wpcf7-select wpcf7-validates-as-required\" aria-required=\"true\" aria-invalid=\"false\" name=\"Vertrag\"><option value=\"\"><\/option><option value=\"Wartungsvertrag\">Wartungsvertrag<\/option><option value=\"Online-Supportvertrag\">Online-Supportvertrag<\/option><option value=\"Wartungsvertrag &amp; Online-Supportvertrag\">Wartungsvertrag &amp; Online-Supportvertrag<\/option><\/select><\/span>\n\t<\/p>\n\t<p><br \/>\n<span class=\"wpcf7-form-control-wrap\" data-name=\"term_and_conditions\"><span class=\"wpcf7-form-control wpcf7-acceptance\"><span class=\"wpcf7-list-item\"><label><input type=\"checkbox\" name=\"term_and_conditions\" value=\"1\" class=\"required\" aria-invalid=\"false\" \/><span class=\"wpcf7-list-item-label\"><a href=\"\/de\/datenschutz\/\" target=\"_blank\">Datenschutzrichtlinien<\/a> der Schr\u00f6der Group gelesen und damit einverstanden.<\/span><\/label><\/span><\/span><\/span>\n\t<\/p>\n\t<p><label class=\"labelwide\">* Pflichtfelder<\/label>\n\t<\/p>\n\t<p><input class=\"wpcf7-form-control wpcf7-submit has-spinner\" type=\"submit\" value=\"Anfrage absenden\" \/>\n\t<\/p>\n<\/div><div class=\"wpcf7-response-output\" aria-hidden=\"true\"><\/div>\n<\/form>\n<\/div>\n[\/vc_column_text][\/vc_column][\/vc_row][vc_row][vc_column][vc_column_text]<!--more-->[\/vc_column_text][\/vc_column][\/vc_row][vc_row][vc_column][\/vc_column][\/vc_row]<\/p>\n<\/div>","protected":false},"excerpt":{"rendered":"<p>[vc_row full_width=&#8220;stretch_row_content_no_spaces&#8220;][vc_column][vc_single_image image=&#8220;14632&#8243; img_size=&#8220;full&#8220; alignment=&#8220;center&#8220; css=&#8220;.vc_custom_1771501191773{margin-top: 0px !important;margin-right: 0px !important;margin-bottom: 0px !important;margin-left: 0px !important;padding-top: 0px !important;padding-right: 0px !important;padding-bottom: 0px !important;padding-left: 0px !important;}&#8220;][\/vc_column][\/vc_row][vc_row][vc_column][vc_custom_heading text=&#8220;Wartungsvertrag\/Online-Service&#8220; font_container=&#8220;tag:h1|text_align:left&#8220; use_theme_fonts=&#8220;yes&#8220; css=&#8220;&#8220;][vc_column_text<span class=\"excerpt-hellip\"> [\u2026]<\/span><\/p>\n","protected":false},"author":2,"featured_media":-1,"parent":0,"menu_order":50,"comment_status":"closed","ping_status":"closed","template":"","meta":{"_acf_changed":false,"inline_featured_image":false,"footnotes":""},"class_list":["post-14593","page","type-page","status-publish","has-post-thumbnail","hentry"],"acf":[],"aioseo_notices":[],"_links":{"self":[{"href":"https:\/\/www.schroedergroup.eu\/de\/wp-json\/wp\/v2\/pages\/14593","targetHints":{"allow":["GET"]}}],"collection":[{"href":"https:\/\/www.schroedergroup.eu\/de\/wp-json\/wp\/v2\/pages"}],"about":[{"href":"https:\/\/www.schroedergroup.eu\/de\/wp-json\/wp\/v2\/types\/page"}],"author":[{"embeddable":true,"href":"https:\/\/www.schroedergroup.eu\/de\/wp-json\/wp\/v2\/users\/2"}],"replies":[{"embeddable":true,"href":"https:\/\/www.schroedergroup.eu\/de\/wp-json\/wp\/v2\/comments?post=14593"}],"version-history":[{"count":28,"href":"https:\/\/www.schroedergroup.eu\/de\/wp-json\/wp\/v2\/pages\/14593\/revisions"}],"predecessor-version":[{"id":14597,"href":"https:\/\/www.schroedergroup.eu\/de\/wp-json\/wp\/v2\/pages\/14593\/revisions\/14597"}],"wp:featuredmedia":[{"embeddable":true,"href":"https:\/\/www.schroedergroup.eu\/de\/wp-json\/"}],"wp:attachment":[{"href":"https:\/\/www.schroedergroup.eu\/de\/wp-json\/wp\/v2\/media?parent=14593"}],"curies":[{"name":"wp","href":"https:\/\/api.w.org\/{rel}","templated":true}]}}