{"id":14392,"date":"2025-11-28T08:17:17","date_gmt":"2025-11-28T07:17:17","guid":{"rendered":"https:\/\/www.schroedergroup.eu\/?page_id=14392"},"modified":"2025-12-01T08:58:05","modified_gmt":"2025-12-01T07:58:05","slug":"aussendienstmitarbeiter-technischer-vertrieb-area-sales-manager-m-w-d-maschinenbau","status":"publish","type":"page","link":"https:\/\/www.schroedergroup.eu\/de\/karriere\/aktuelle-stellenausschreibungen\/aussendienstmitarbeiter-technischer-vertrieb-area-sales-manager-m-w-d-maschinenbau\/","title":{"rendered":"Au\u00dfendienstmitarbeiter technischer Vertrieb \/ Area Sales Manager (m\/w\/d) &#8211; Maschinenbau"},"content":{"rendered":"<div class=\"wpb-content-wrapper\"><p>[vc_row full_width=&#8220;stretch_row_content_no_spaces&#8220;][vc_column][vc_single_image image=&#8220;618&#8243; img_size=&#8220;full&#8220; alignment=&#8220;center&#8220; css=&#8220;.vc_custom_1465550142834{margin-top: 0px !important;margin-right: 0px !important;margin-bottom: 0px !important;margin-left: 0px !important;padding-top: 0px !important;padding-right: 0px !important;padding-bottom: 0px !important;padding-left: 0px !important;}&#8220;][\/vc_column][\/vc_row][vc_row][vc_column][vc_row_inner][vc_column_inner width=&#8220;5\/6&#8243;][vc_custom_heading text=&#8220;Au\u00dfendienstmitarbeiter technischer Vertrieb \/ Area Sales Manager (m\/w\/d) &#8211; Maschinenbau&#8220; font_container=&#8220;tag:h1|text_align:left&#8220; use_theme_fonts=&#8220;yes&#8220; css=&#8220;&#8220;][\/vc_column_inner][vc_column_inner width=&#8220;1\/6&#8243;][vc_btn title=&#8220;Jetzt bewerben&#8220; shape=&#8220;square&#8220; color=&#8220;green&#8220; align=&#8220;right&#8220; css=&#8220;&#8220; link=&#8220;url:https%3A%2F%2Fbewerber-schroeder-maschinenbau.perso-portal.de%2Fapplicationform%2F39|title:Au%C3%9Fendienstmitarbeiter%20technischer%20Vertrieb%20%2F%20Area%20Sales%20Manager%20(m%2Fw%2Fd)%20-%20Maschinenbau|target:_blank&#8220;][\/vc_column_inner][\/vc_row_inner][vc_column_text css=&#8220;&#8220;]<\/p>\n<table class=\"career\">\n<tbody>\n<tr>\n<td class=\"beschriftung\">Standort<\/td>\n<td>Wessobrunn-Forst<\/td>\n<\/tr>\n<tr>\n<td class=\"beschriftung\">Eintrittsdatum<\/td>\n<td>ab sofort<\/td>\n<\/tr>\n<tr>\n<td class=\"beschriftung\">Arbeitszeit<\/td>\n<td>Vollzeit<\/td>\n<\/tr>\n<tr>\n<td class=\"beschriftung\">Aufgaben<\/td>\n<td>\n<ul>\n<li>Intensive Betreuung sowie technische Beratung von potenziellen und bestehenden Kunden zu unseren Pr\u00e4zisionsmaschinen<\/li>\n<li>Verantwortungsvolle und zielgerichtete Weiterentwicklung eines strategischen Kundenportfolios<\/li>\n<li>Erarbeitung von kundenorientierten L\u00f6sungen unter Ber\u00fccksichtigung technischer Anforderungen und Spezifikationen<\/li>\n<li>Erstellung von Angeboten und F\u00fchrung der Vertragsverhandlungen<\/li>\n<li>Kontinuierliche Abstimmung mit unseren internen Fachabteilungen (u. a. Produktmanagement, Entwicklung, Software und Service) zur erfolgreichen Realisierung kundenspezifischer Blechbearbeitungsmaschinen<\/li>\n<li>Durchf\u00fchrung von Pr\u00e4sentationen bei Kunden sowie aktive Teilnahme an Fachmessen<\/li>\n<\/ul>\n<\/td>\n<\/tr>\n<tr>\n<td class=\"beschriftung\">&nbsp;<\/p>\n<p>Anforderungen<\/td>\n<td>\n<ul>\n<li>Erfolgreich abgeschlossene technische Ausbildung vorzugsweise im Bereich Maschinenbau, Mechatronik, Elektrotechnik oder in einem vergleichbaren Umfeld<\/li>\n<li>Berufserfahrung im anspruchsvollen technischen Vertrieb von komplexen Maschinen oder einer kundenorientierten Aufgabenstellung<br \/>\nu. a. als Produktmanager oder Projektleiter<\/li>\n<li>Ausgepr\u00e4gte Affinit\u00e4t z. B. zu Themen der Automatisierungs- oder Verfahrenstechnik verbunden mit betriebswirtschaftlichem Verst\u00e4ndnis<\/li>\n<li>Vertriebler-Gen mit ausgepr\u00e4gter Kundenorientierung und l\u00f6sungsorientierter Arbeitsweise in etablierten Prozessen und Strukturen<\/li>\n<li>Sicheres Auftreten, verbunden mit Kommunikations- und Verhandlungsst\u00e4rke<\/li>\n<li>Hohe Reiset\u00e4tigkeit \u2013 \u00fcberwiegend deutschsprachiger Raum; gute Englischkenntnisse<\/li>\n<li>Home-Office und Dienstwagen zur privaten Nutzung<\/li>\n<\/ul>\n<\/td>\n<\/tr>\n<tr>\n<td class=\"beschriftung\">Das bieten wir<\/td>\n<td>\n<ul>\n<li>Internationales Arbeitsumfeld<\/li>\n<li>Betriebliche Altersvorsorge<\/li>\n<li>Betriebskantine<\/li>\n<li>Firmenfitness (wellpass)<\/li>\n<li>Fahrrad-Leasing<\/li>\n<\/ul>\n<\/td>\n<\/tr>\n<tr>\n<td class=\"beschriftung\">Kontakt<\/td>\n<td>Bewerbungen per Mail unter: bewerbung@schroedergroup.eu<\/p>\n<p>Bewerbungen f\u00fcr <strong>Wessobrunn-Forst<\/strong> per Post an:<\/p>\n<p>Hans Schr\u00f6der Maschinenbau GmbH<br \/>\nPersonalabteilung<br \/>\nFeuchten 2<br \/>\n82405 Wessobrunn-Forst<\/td>\n<\/tr>\n<\/tbody>\n<\/table>\n<p>[\/vc_column_text][\/vc_column][\/vc_row]<\/p>\n<\/div>","protected":false},"excerpt":{"rendered":"<p>[vc_row full_width=&#8220;stretch_row_content_no_spaces&#8220;][vc_column][vc_single_image image=&#8220;618&#8243; img_size=&#8220;full&#8220; alignment=&#8220;center&#8220; css=&#8220;.vc_custom_1465550142834{margin-top: 0px !important;margin-right: 0px !important;margin-bottom: 0px !important;margin-left: 0px !important;padding-top: 0px !important;padding-right: 0px !important;padding-bottom: 0px !important;padding-left: 0px !important;}&#8220;][\/vc_column][\/vc_row][vc_row][vc_column][vc_row_inner][vc_column_inner width=&#8220;5\/6&#8243;][vc_custom_heading text=&#8220;Au\u00dfendienstmitarbeiter technischer Vertrieb<span class=\"excerpt-hellip\"> [\u2026]<\/span><\/p>\n","protected":false},"author":2,"featured_media":-1,"parent":612,"menu_order":50,"comment_status":"closed","ping_status":"closed","template":"","meta":{"_acf_changed":false,"inline_featured_image":false,"footnotes":""},"class_list":["post-14392","page","type-page","status-publish","has-post-thumbnail","hentry"],"acf":[],"aioseo_notices":[],"_links":{"self":[{"href":"https:\/\/www.schroedergroup.eu\/de\/wp-json\/wp\/v2\/pages\/14392","targetHints":{"allow":["GET"]}}],"collection":[{"href":"https:\/\/www.schroedergroup.eu\/de\/wp-json\/wp\/v2\/pages"}],"about":[{"href":"https:\/\/www.schroedergroup.eu\/de\/wp-json\/wp\/v2\/types\/page"}],"author":[{"embeddable":true,"href":"https:\/\/www.schroedergroup.eu\/de\/wp-json\/wp\/v2\/users\/2"}],"replies":[{"embeddable":true,"href":"https:\/\/www.schroedergroup.eu\/de\/wp-json\/wp\/v2\/comments?post=14392"}],"version-history":[{"count":4,"href":"https:\/\/www.schroedergroup.eu\/de\/wp-json\/wp\/v2\/pages\/14392\/revisions"}],"predecessor-version":[{"id":14431,"href":"https:\/\/www.schroedergroup.eu\/de\/wp-json\/wp\/v2\/pages\/14392\/revisions\/14431"}],"up":[{"embeddable":true,"href":"https:\/\/www.schroedergroup.eu\/de\/wp-json\/wp\/v2\/pages\/612"}],"wp:featuredmedia":[{"embeddable":true,"href":"https:\/\/www.schroedergroup.eu\/de\/wp-json\/"}],"wp:attachment":[{"href":"https:\/\/www.schroedergroup.eu\/de\/wp-json\/wp\/v2\/media?parent=14392"}],"curies":[{"name":"wp","href":"https:\/\/api.w.org\/{rel}","templated":true}]}}