{"id":14123,"date":"2025-08-11T15:19:08","date_gmt":"2025-08-11T13:19:08","guid":{"rendered":"https:\/\/www.schroedergroup.eu\/?page_id=14123"},"modified":"2025-08-11T15:19:08","modified_gmt":"2025-08-11T13:19:08","slug":"entwicklungstechniker-produktentwicklung-m-w-d","status":"publish","type":"page","link":"https:\/\/www.schroedergroup.eu\/de\/karriere\/aktuelle-stellenausschreibungen\/entwicklungstechniker-produktentwicklung-m-w-d\/","title":{"rendered":"Entwicklungstechniker Produktentwicklung (m\/w\/d)"},"content":{"rendered":"<div class=\"wpb-content-wrapper\"><p>[vc_row full_width=&#8220;stretch_row_content_no_spaces&#8220;][vc_column][vc_single_image image=&#8220;618&#8243; img_size=&#8220;full&#8220; alignment=&#8220;center&#8220; css=&#8220;.vc_custom_1465550142834{margin-top: 0px !important;margin-right: 0px !important;margin-bottom: 0px !important;margin-left: 0px !important;padding-top: 0px !important;padding-right: 0px !important;padding-bottom: 0px !important;padding-left: 0px !important;}&#8220;][\/vc_column][\/vc_row][vc_row][vc_column][vc_row_inner][vc_column_inner width=&#8220;5\/6&#8243;][vc_custom_heading text=&#8220;Entwicklungstechniker Produktentwicklung (m\/w\/d)&#8220; font_container=&#8220;tag:h1|text_align:left&#8220; use_theme_fonts=&#8220;yes&#8220; css=&#8220;&#8220;][\/vc_column_inner][vc_column_inner width=&#8220;1\/6&#8243;][vc_btn title=&#8220;Jetzt bewerben&#8220; shape=&#8220;square&#8220; color=&#8220;green&#8220; align=&#8220;right&#8220; css=&#8220;&#8220; link=&#8220;url:https%3A%2F%2Fbewerber-schroeder-maschinenbau.perso-portal.de%2Fapplicationform%2F37|title:Entwicklungstechniker%20Produktentwicklung%20(m%2Fw%2Fd)|target:_blank&#8220;][\/vc_column_inner][\/vc_row_inner][vc_column_text css=&#8220;&#8220;]<\/p>\n<table class=\"career\">\n<tbody>\n<tr>\n<td class=\"beschriftung\">Standort<\/td>\n<td>Wessobrunn-Forst<\/td>\n<\/tr>\n<tr>\n<td class=\"beschriftung\">Eintrittsdatum<\/td>\n<td>ab sofort<\/td>\n<\/tr>\n<tr>\n<td class=\"beschriftung\">Arbeitszeit<\/td>\n<td>Vollzeit (38,5 h Woche)<\/td>\n<\/tr>\n<tr>\n<td class=\"beschriftung\">Beschreibung<\/td>\n<td>Wir suchen einen motivierten und engagierten Entwicklungstechniker.<br \/>\nSie unterst\u00fctzen die technische (Neu-) Entwicklung unserer Maschinen- und Anlagenprojekte aus der Abteilung Entwicklung heraus. In enger Zusammenarbeit mit dem Projektmanager \u00fcbernehmen Sie organisatorische, kommunikative und dokumentierende Aufgaben. Sie koordinieren technische Anforderungen, sorgen f\u00fcr einen reibungslosen Informationsfluss zwischen den Fachabteilungen (bspw. Vertrieb, Entwicklung, Service, Softwareentwicklung, Montage) und dokumentieren Entwicklungsfortschritte strukturiert und nachvollziehbar. Bei dieser Aufgabe handelt es sich um eine neugeschaffene Position, die zur Einf\u00fchrung und Etablierung dieser neuen Prozessstruktur direkt bei dem Leiter Produktmanagement \u2013 angesiedelt ist.<\/td>\n<\/tr>\n<tr>\n<td class=\"beschriftung\">Aufgaben<\/td>\n<td>\n<ul>\n<li>Unterst\u00fctzung des Entwicklungsteams in technischen und organisatorischen Belangen<\/li>\n<li>Enge Zusammenarbeit mit dem Projektmanager bei der Projektabwicklung<\/li>\n<li>Koordination technischer Anfragen aus anderen Abteilungen und von externen Partnern<\/li>\n<li>Kl\u00e4rung technischer Anforderungen und Schnittstellen gemeinsam mit Konstruktion, Fertigung, Einkauf und Service<\/li>\n<li>Erstellung und Pflege technischer Dokumentationen, \u00c4nderungsprotokolle und St\u00fccklisten<\/li>\n<li>Unterst\u00fctzung bei der Einf\u00fchrung neuer Produkte und Prozesse in Haus und bei unseren Kunden<\/li>\n<\/ul>\n<\/td>\n<\/tr>\n<tr>\n<td class=\"beschriftung\">Anforderungen<\/td>\n<td>\n<ul>\n<li>Erfolgreich abgeschlossene Ausbildung und Weiterbildung als Techniker (z. B. Maschinenbau, Mechatronik o. \u00e4.)<\/li>\n<li>Berufserfahrung in einem technischen Umfeld, idealerweise im Maschinen- oder Anlagenbau<\/li>\n<li>Organisationstalent in eigenverantwortlicher und strukturierter Arbeitsweise<\/li>\n<li>Kommunikationsst\u00e4rke mit Durchsetzungsverm\u00f6gen sowie Konfliktf\u00e4higkeit<\/li>\n<li>Teamplayer mit einem Fu\u00df in jeder Abteilung<\/li>\n<li>Sicherer Umgang mit MS Office; Kenntnisse in CAD- oder PDM-Systemen von Vorteil<\/li>\n<\/ul>\n<\/td>\n<\/tr>\n<tr>\n<td class=\"beschriftung\">Das bieten wir<\/td>\n<td>\n<ul>\n<li>Internationales Arbeitsumfeld<\/li>\n<li>Betriebliche Altersvorsorge<\/li>\n<li>Betriebskantine<\/li>\n<li>Firmenfitness (wellpass)<\/li>\n<li>Fahrrad-Leasing<\/li>\n<\/ul>\n<\/td>\n<\/tr>\n<tr>\n<td class=\"beschriftung\">Kontakt<\/td>\n<td>Bewerbungen per Mail unter: bewerbung@schroedergroup.eu<\/p>\n<p>Bewerbungen bitte per Post an:<\/p>\n<p>Hans Schr\u00f6der Maschinenbau GmbH<br \/>\nPersonalabteilung<br \/>\nFeuchten 2<br \/>\n82405 Wessobrunn-Forst<\/p>\n<p>&nbsp;<\/td>\n<\/tr>\n<\/tbody>\n<\/table>\n<p>[\/vc_column_text][\/vc_column][\/vc_row]<\/p>\n<\/div>","protected":false},"excerpt":{"rendered":"<p>[vc_row full_width=&#8220;stretch_row_content_no_spaces&#8220;][vc_column][vc_single_image image=&#8220;618&#8243; img_size=&#8220;full&#8220; alignment=&#8220;center&#8220; css=&#8220;.vc_custom_1465550142834{margin-top: 0px !important;margin-right: 0px !important;margin-bottom: 0px !important;margin-left: 0px !important;padding-top: 0px !important;padding-right: 0px !important;padding-bottom: 0px !important;padding-left: 0px !important;}&#8220;][\/vc_column][\/vc_row][vc_row][vc_column][vc_row_inner][vc_column_inner width=&#8220;5\/6&#8243;][vc_custom_heading text=&#8220;Entwicklungstechniker Produktentwicklung (m\/w\/d)&#8220;<span class=\"excerpt-hellip\"> [\u2026]<\/span><\/p>\n","protected":false},"author":2,"featured_media":-1,"parent":612,"menu_order":50,"comment_status":"closed","ping_status":"closed","template":"","meta":{"_acf_changed":false,"inline_featured_image":false,"footnotes":""},"class_list":["post-14123","page","type-page","status-publish","has-post-thumbnail","hentry"],"acf":[],"aioseo_notices":[],"_links":{"self":[{"href":"https:\/\/www.schroedergroup.eu\/de\/wp-json\/wp\/v2\/pages\/14123","targetHints":{"allow":["GET"]}}],"collection":[{"href":"https:\/\/www.schroedergroup.eu\/de\/wp-json\/wp\/v2\/pages"}],"about":[{"href":"https:\/\/www.schroedergroup.eu\/de\/wp-json\/wp\/v2\/types\/page"}],"author":[{"embeddable":true,"href":"https:\/\/www.schroedergroup.eu\/de\/wp-json\/wp\/v2\/users\/2"}],"replies":[{"embeddable":true,"href":"https:\/\/www.schroedergroup.eu\/de\/wp-json\/wp\/v2\/comments?post=14123"}],"version-history":[{"count":2,"href":"https:\/\/www.schroedergroup.eu\/de\/wp-json\/wp\/v2\/pages\/14123\/revisions"}],"predecessor-version":[{"id":14429,"href":"https:\/\/www.schroedergroup.eu\/de\/wp-json\/wp\/v2\/pages\/14123\/revisions\/14429"}],"up":[{"embeddable":true,"href":"https:\/\/www.schroedergroup.eu\/de\/wp-json\/wp\/v2\/pages\/612"}],"wp:featuredmedia":[{"embeddable":true,"href":"https:\/\/www.schroedergroup.eu\/de\/wp-json\/"}],"wp:attachment":[{"href":"https:\/\/www.schroedergroup.eu\/de\/wp-json\/wp\/v2\/media?parent=14123"}],"curies":[{"name":"wp","href":"https:\/\/api.w.org\/{rel}","templated":true}]}}