{"id":13849,"date":"2025-05-09T11:57:57","date_gmt":"2025-05-09T09:57:57","guid":{"rendered":"https:\/\/www.schroedergroup.eu\/?page_id=13849"},"modified":"2025-05-20T10:05:28","modified_gmt":"2025-05-20T08:05:28","slug":"konstrukteur-maschinenbau-expert-level-m-w-d","status":"publish","type":"page","link":"https:\/\/www.schroedergroup.eu\/de\/karriere\/aktuelle-stellenausschreibungen\/konstrukteur-maschinenbau-expert-level-m-w-d\/","title":{"rendered":"Konstrukteur Maschinenbau Expert-Level (m\/w\/d)"},"content":{"rendered":"<div class=\"wpb-content-wrapper\"><p>[vc_row full_width=&#8220;stretch_row_content_no_spaces&#8220;][vc_column][vc_single_image image=&#8220;618&#8243; img_size=&#8220;full&#8220; alignment=&#8220;center&#8220; css=&#8220;.vc_custom_1465550142834{margin-top: 0px !important;margin-right: 0px !important;margin-bottom: 0px !important;margin-left: 0px !important;padding-top: 0px !important;padding-right: 0px !important;padding-bottom: 0px !important;padding-left: 0px !important;}&#8220;][\/vc_column][\/vc_row][vc_row][vc_column][vc_row_inner][vc_column_inner width=&#8220;5\/6&#8243;][vc_custom_heading text=&#8220;Konstrukteur Maschinenbau Expert-Level (m\/w\/d)&#8220; font_container=&#8220;tag:h1|text_align:left&#8220; use_theme_fonts=&#8220;yes&#8220; css=&#8220;&#8220;][\/vc_column_inner][vc_column_inner width=&#8220;1\/6&#8243;][vc_btn title=&#8220;Jetzt bewerben&#8220; shape=&#8220;square&#8220; color=&#8220;green&#8220; align=&#8220;right&#8220; css=&#8220;&#8220; link=&#8220;url:https%3A%2F%2Fbewerber-schroeder-maschinenbau.perso-portal.de%2Fapplicationform%2F33|title:Konstrukteur%20Maschinenbau%20Expert-Level%20(m%2Fw%2Fd)|target:_blank&#8220;][\/vc_column_inner][\/vc_row_inner][vc_column_text css=&#8220;&#8220;]<\/p>\n<table class=\"career\">\n<tbody>\n<tr>\n<td class=\"beschriftung\">Standort<\/td>\n<td>Wessobrunn-Forst<\/td>\n<\/tr>\n<tr>\n<td class=\"beschriftung\">Eintrittsdatum<\/td>\n<td>ab sofort<\/td>\n<\/tr>\n<tr>\n<td class=\"beschriftung\">Arbeitszeit<\/td>\n<td>Vollzeit<\/td>\n<\/tr>\n<tr>\n<td class=\"beschriftung\">Aufgaben<\/td>\n<td>\n<ul>\n<li>Zusammenarbeit in einem Team von Entwicklungsingenieuren aus den Bereichen Konstruktion und Elektronik um Produktneuentwicklungen im Bereich Blechbearbeitungsmaschinen voranzutreiben<\/li>\n<li>Selbstst\u00e4ndige Erstellung von Konzepten und L\u00f6sungen f\u00fcr Maschinen und Produkte unter Einhaltung vereinbarter Termine<\/li>\n<li>Durchf\u00fchrung von Berechnungen und Simulationen sowie ma\u00dfgebliche Beteiligung in allen Stufen der Produktentwicklung, von der Konzeption bis zur Serienreife<\/li>\n<li>Erstellung von Einzelteil- und Montagezeichnungen, Illustrationen, St\u00fccklisten und Fertigungsunterlagen f\u00fcr mechanische Baugruppen<\/li>\n<li>Enge Zusammenarbeit mit dem Entwicklungsteam, Projekt- und Produktmanagement, Einkauf, Montage, Fertigung, Vertrieb und den Lieferanten<\/li>\n<li>Gemeinsame Perspektive auf stellvertretende Abteilungsleiterfunktion<\/li>\n<\/ul>\n<\/td>\n<\/tr>\n<tr>\n<td class=\"beschriftung\">Anforderungen<\/td>\n<td>\n<ul>\n<li>Erfolgreich abgeschlossenes technisches Hochschulstudium<\/li>\n<li>Mehrj\u00e4hrige einschl\u00e4gige Berufserfahrung erforderlich und erste Erfahrungen in der F\u00fchrung w\u00fcnschenswert<\/li>\n<li>Sichere Anwendung von MS Office und ERP-Software<\/li>\n<li>Fundierte Kenntnisse in der Produktionsplanung<\/li>\n<\/ul>\n<\/td>\n<\/tr>\n<tr>\n<td class=\"beschriftung\">Das bieten wir<\/td>\n<td>\n<ul>\n<li>Internationales Arbeitsumfeld<\/li>\n<li>Betriebliche Altersvorsorge<\/li>\n<li>Betriebskantine<\/li>\n<li>Firmenfitness (wellpass)<\/li>\n<li>Fahrrad-Leasing<\/li>\n<\/ul>\n<\/td>\n<\/tr>\n<tr>\n<td class=\"beschriftung\">Kontakt<\/td>\n<td>Bewerbungen per Mail unter: bewerbung@schroedergroup.eu<\/p>\n<p>Bewerbungen bitte per Post an:<\/p>\n<p>Hans Schr\u00f6der Maschinenbau GmbH<br \/>\nPersonalabteilung<br \/>\nFeuchten 2<br \/>\n82405 Wessobrunn-Forst<\/p>\n<p>&nbsp;<\/td>\n<\/tr>\n<\/tbody>\n<\/table>\n<p>[\/vc_column_text][\/vc_column][\/vc_row]<\/p>\n<\/div>","protected":false},"excerpt":{"rendered":"<p>[vc_row full_width=&#8220;stretch_row_content_no_spaces&#8220;][vc_column][vc_single_image image=&#8220;618&#8243; img_size=&#8220;full&#8220; alignment=&#8220;center&#8220; css=&#8220;.vc_custom_1465550142834{margin-top: 0px !important;margin-right: 0px !important;margin-bottom: 0px !important;margin-left: 0px !important;padding-top: 0px !important;padding-right: 0px !important;padding-bottom: 0px !important;padding-left: 0px !important;}&#8220;][\/vc_column][\/vc_row][vc_row][vc_column][vc_row_inner][vc_column_inner width=&#8220;5\/6&#8243;][vc_custom_heading text=&#8220;Konstrukteur Maschinenbau Expert-Level<span class=\"excerpt-hellip\"> [\u2026]<\/span><\/p>\n","protected":false},"author":2,"featured_media":-1,"parent":612,"menu_order":50,"comment_status":"closed","ping_status":"closed","template":"","meta":{"_acf_changed":false,"inline_featured_image":false,"footnotes":""},"class_list":["post-13849","page","type-page","status-publish","has-post-thumbnail","hentry"],"acf":[],"aioseo_notices":[],"_links":{"self":[{"href":"https:\/\/www.schroedergroup.eu\/de\/wp-json\/wp\/v2\/pages\/13849","targetHints":{"allow":["GET"]}}],"collection":[{"href":"https:\/\/www.schroedergroup.eu\/de\/wp-json\/wp\/v2\/pages"}],"about":[{"href":"https:\/\/www.schroedergroup.eu\/de\/wp-json\/wp\/v2\/types\/page"}],"author":[{"embeddable":true,"href":"https:\/\/www.schroedergroup.eu\/de\/wp-json\/wp\/v2\/users\/2"}],"replies":[{"embeddable":true,"href":"https:\/\/www.schroedergroup.eu\/de\/wp-json\/wp\/v2\/comments?post=13849"}],"version-history":[{"count":5,"href":"https:\/\/www.schroedergroup.eu\/de\/wp-json\/wp\/v2\/pages\/13849\/revisions"}],"predecessor-version":[{"id":13862,"href":"https:\/\/www.schroedergroup.eu\/de\/wp-json\/wp\/v2\/pages\/13849\/revisions\/13862"}],"up":[{"embeddable":true,"href":"https:\/\/www.schroedergroup.eu\/de\/wp-json\/wp\/v2\/pages\/612"}],"wp:featuredmedia":[{"embeddable":true,"href":"https:\/\/www.schroedergroup.eu\/de\/wp-json\/"}],"wp:attachment":[{"href":"https:\/\/www.schroedergroup.eu\/de\/wp-json\/wp\/v2\/media?parent=13849"}],"curies":[{"name":"wp","href":"https:\/\/api.w.org\/{rel}","templated":true}]}}