{"id":12746,"date":"2024-07-17T13:45:56","date_gmt":"2024-07-17T11:45:56","guid":{"rendered":"https:\/\/www.schroedergroup.eu\/?page_id=12746"},"modified":"2024-12-09T14:34:03","modified_gmt":"2024-12-09T13:34:03","slug":"innendienstmitarbeiter-im-technischen-service-m-w-d-standort-wermelskirchen","status":"publish","type":"page","link":"https:\/\/www.schroedergroup.eu\/de\/karriere\/aktuelle-stellenausschreibungen\/innendienstmitarbeiter-im-technischen-service-m-w-d-standort-wermelskirchen\/","title":{"rendered":"Innendienstmitarbeiter im technischen Service (m\/w\/d) &#8211; Standort Wermelskirchen"},"content":{"rendered":"<div class=\"wpb-content-wrapper\"><p>[vc_row full_width=&#8220;stretch_row_content_no_spaces&#8220;][vc_column][vc_single_image image=&#8220;618&#8243; img_size=&#8220;full&#8220; alignment=&#8220;center&#8220; css=&#8220;.vc_custom_1465548546074{margin-top: 0px !important;margin-right: 0px !important;margin-bottom: 0px !important;margin-left: 0px !important;padding-top: 0px !important;padding-right: 0px !important;padding-bottom: 0px !important;padding-left: 0px !important;}&#8220;][\/vc_column][\/vc_row][vc_row][vc_column][vc_row_inner][vc_column_inner width=&#8220;5\/6&#8243;][vc_custom_heading text=&#8220;Innendienstmitarbeiter im technischen Service (m\/w\/d) &#8211; Standort Wermelskirchen&#8220; font_container=&#8220;tag:h1|text_align:left&#8220; use_theme_fonts=&#8220;yes&#8220; css=&#8220;&#8220;][\/vc_column_inner][vc_column_inner width=&#8220;1\/6&#8243;][vc_btn title=&#8220;Jetzt bewerben&#8220; shape=&#8220;square&#8220; color=&#8220;green&#8220; align=&#8220;right&#8220; css=&#8220;&#8220; link=&#8220;url:https%3A%2F%2Fbewerber-schroeder-maschinenbau.perso-portal.de%2Fapplicationform%2F24|title:Innendienstmitarbeiter%20im%20technischen%20Service%20(m%2Fw%2Fd)%20-%20Standort%20Wermelskirchen|target:_blank&#8220;][\/vc_column_inner][\/vc_row_inner][vc_column_text css=&#8220;&#8220;]<\/p>\n<table class=\"career\">\n<tbody>\n<tr>\n<td class=\"beschriftung\">Standort<\/td>\n<td>Wermelskirchen<\/td>\n<\/tr>\n<tr>\n<td class=\"beschriftung\">Eintrittsdatum<\/td>\n<td>ab sofort<\/td>\n<\/tr>\n<tr>\n<td class=\"beschriftung\">Arbeitszeit<\/td>\n<td>Vollzeit (38,5 h Woche)<\/td>\n<\/tr>\n<tr>\n<td class=\"beschriftung\">Aufgaben<\/td>\n<td>\n<ul>\n<li>Erster Ansprechpartner f\u00fcr unsere Kunden im In- und Ausland f\u00fcr alle Service-Fragen<\/li>\n<li>Erarbeitung von L\u00f6sungen f\u00fcr technische Probleme, \u00c4nderungsw\u00fcnsche oder Umbauten<\/li>\n<li>Angebotserstellung f\u00fcr Umbauten, Anlagenoptimierungen und Dienstleistungen<\/li>\n<li>Abwicklung von Projektnachtr\u00e4gen im Anschluss an die Endabnahme<\/li>\n<li>Sicherstellung der Anlagenverf\u00fcgbarkeit in Zusammenarbeit mit internen Bereichen<\/li>\n<li>Planung und Koordination von Serviceeins\u00e4tzen<\/li>\n<li>Weiterentwicklung unserer Service- und Wartungskonzepte gemeinsam mit den Kunden<\/li>\n<li>Unterst\u00fctzung bei der Projektierung von Modernisierungen und Umbauten<\/li>\n<\/ul>\n<\/td>\n<\/tr>\n<tr>\n<td class=\"beschriftung\">Anforderungen<\/td>\n<td>\n<ul>\n<li>Erfolgreich abgeschlossene Weiterbildung als Techniker oder Meister der Fachrichtungen Elektrotechnik oder Mechatronik<\/li>\n<li>Sichere Anwendung von MS Office und ERP-Software<\/li>\n<li>Englischkenntnisse in Wort und Schrift<\/li>\n<li>Ausgepr\u00e4gte Serviceorientierung und Zuverl\u00e4ssigkeit<\/li>\n<li>Souver\u00e4nes und freundliches Auftreten gegen\u00fcber Kunden<\/li>\n<\/ul>\n<\/td>\n<\/tr>\n<tr>\n<td class=\"beschriftung\">Das bieten wir<\/td>\n<td>\n<ul>\n<li>Zukunftsorientierter, sicherer Arbeitsplatz mit langfristiger Perspektive<\/li>\n<li>Fundierte Einarbeitung durch unser qualifiziertes Team<\/li>\n<li>Internationales Arbeitsumfeld<\/li>\n<li>Betriebliche Altersvorsorge<\/li>\n<li>Betriebskantine<\/li>\n<li>Firmenfitness Wellpass<\/li>\n<li>Fahrrad-Leasing<\/li>\n<\/ul>\n<\/td>\n<\/tr>\n<tr>\n<td class=\"beschriftung\">Kontakt<\/td>\n<td>Bewerbungen per Mail unter: bewerbung@schroedergroup.eu<\/p>\n<p>Bewerbungen per Post an:<\/p>\n<p>Schr\u00f6der-Fasti Technologie GmbH<br \/>\nElbringhausen 1<br \/>\n42929 Wermelskirchen<\/td>\n<\/tr>\n<\/tbody>\n<\/table>\n<p>[\/vc_column_text][\/vc_column][\/vc_row][vc_row][vc_column][vc_column_text][\/vc_column_text][\/vc_column][\/vc_row]<\/p>\n<\/div>","protected":false},"excerpt":{"rendered":"<p>[vc_row full_width=&#8220;stretch_row_content_no_spaces&#8220;][vc_column][vc_single_image image=&#8220;618&#8243; img_size=&#8220;full&#8220; alignment=&#8220;center&#8220; css=&#8220;.vc_custom_1465548546074{margin-top: 0px !important;margin-right: 0px !important;margin-bottom: 0px !important;margin-left: 0px !important;padding-top: 0px !important;padding-right: 0px !important;padding-bottom: 0px !important;padding-left: 0px !important;}&#8220;][\/vc_column][\/vc_row][vc_row][vc_column][vc_row_inner][vc_column_inner width=&#8220;5\/6&#8243;][vc_custom_heading text=&#8220;Innendienstmitarbeiter im technischen<span class=\"excerpt-hellip\"> [\u2026]<\/span><\/p>\n","protected":false},"author":2,"featured_media":0,"parent":612,"menu_order":30,"comment_status":"closed","ping_status":"closed","template":"","meta":{"_acf_changed":false,"inline_featured_image":false,"footnotes":""},"class_list":["post-12746","page","type-page","status-publish","hentry"],"acf":[],"aioseo_notices":[],"_links":{"self":[{"href":"https:\/\/www.schroedergroup.eu\/de\/wp-json\/wp\/v2\/pages\/12746","targetHints":{"allow":["GET"]}}],"collection":[{"href":"https:\/\/www.schroedergroup.eu\/de\/wp-json\/wp\/v2\/pages"}],"about":[{"href":"https:\/\/www.schroedergroup.eu\/de\/wp-json\/wp\/v2\/types\/page"}],"author":[{"embeddable":true,"href":"https:\/\/www.schroedergroup.eu\/de\/wp-json\/wp\/v2\/users\/2"}],"replies":[{"embeddable":true,"href":"https:\/\/www.schroedergroup.eu\/de\/wp-json\/wp\/v2\/comments?post=12746"}],"version-history":[{"count":5,"href":"https:\/\/www.schroedergroup.eu\/de\/wp-json\/wp\/v2\/pages\/12746\/revisions"}],"predecessor-version":[{"id":13143,"href":"https:\/\/www.schroedergroup.eu\/de\/wp-json\/wp\/v2\/pages\/12746\/revisions\/13143"}],"up":[{"embeddable":true,"href":"https:\/\/www.schroedergroup.eu\/de\/wp-json\/wp\/v2\/pages\/612"}],"wp:attachment":[{"href":"https:\/\/www.schroedergroup.eu\/de\/wp-json\/wp\/v2\/media?parent=12746"}],"curies":[{"name":"wp","href":"https:\/\/api.w.org\/{rel}","templated":true}]}}