{"id":12269,"date":"2024-01-23T09:58:09","date_gmt":"2024-01-23T08:58:09","guid":{"rendered":"https:\/\/www.schroedergroup.eu\/?page_id=12269"},"modified":"2024-01-23T10:00:58","modified_gmt":"2024-01-23T09:00:58","slug":"personalleiter-m-w-d","status":"publish","type":"page","link":"https:\/\/www.schroedergroup.eu\/de\/karriere\/aktuelle-stellenausschreibungen\/personalleiter-m-w-d\/","title":{"rendered":"Personalleiter (m\/w\/d)"},"content":{"rendered":"<div class=\"wpb-content-wrapper\"><p>[vc_row full_width=&#8220;stretch_row_content_no_spaces&#8220;][vc_column][vc_single_image image=&#8220;618&#8243; img_size=&#8220;full&#8220; alignment=&#8220;center&#8220; css=&#8220;.vc_custom_1465550142834{margin-top: 0px !important;margin-right: 0px !important;margin-bottom: 0px !important;margin-left: 0px !important;padding-top: 0px !important;padding-right: 0px !important;padding-bottom: 0px !important;padding-left: 0px !important;}&#8220;][\/vc_column][\/vc_row][vc_row][vc_column][vc_custom_heading text=&#8220;Personalleiter (m\/w\/d)&#8220; font_container=&#8220;tag:h1|text_align:left&#8220; use_theme_fonts=&#8220;yes&#8220;][vc_column_text]<\/p>\n<table class=\"career\">\n<tbody>\n<tr>\n<td class=\"beschriftung\">Standort<\/td>\n<td>Wessobrunn-Forst<\/td>\n<\/tr>\n<tr>\n<td class=\"beschriftung\">Eintrittsdatum<\/td>\n<td>ab sofort<\/td>\n<\/tr>\n<tr>\n<td class=\"beschriftung\">Arbeitszeit<\/td>\n<td>Vollzeit<\/td>\n<\/tr>\n<tr>\n<td class=\"beschriftung\">Aufgaben<\/td>\n<td>Wir suchen einen Personalleiter (m\/w\/d) mit echter Begeisterung f\u00fcr Menschen und Leidenschaft f\u00fcr unser Personal:<\/p>\n<ul>\n<li>Verantwortung f\u00fcr Personalplanung und Personalentwicklung f\u00fcr die ca. 300 Mitarbeiter in der Schr\u00f6der Group<\/li>\n<li>Enge Zusammenarbeit und Absprache mit der Gesch\u00e4ftsleitung in allen Personalthemen<\/li>\n<li>Operative und strategische Entwicklung und F\u00fchrung der Personalabteilung an unseren verschiedenen Standorten deutschlandweit<\/li>\n<li>Konzeption und Umsetzung von Ma\u00dfnahmen zur Mitarbeiterbindung und \u2013gewinnung<\/li>\n<li>Unterst\u00fctzung im Bereich Azubi-Recruiting und -Betreuung<\/li>\n<li>Entwicklung einer HR-Strategie und Umsetzung ad\u00e4quater HR-Standards<\/li>\n<li>Sicherstellung der Einhaltung von Arbeitsgesetzen<\/li>\n<li>Konstruktive Zusammenarbeit mit der Mitarbeitervertretung in Abstimmung mit der Gesch\u00e4ftsleitung<\/li>\n<\/ul>\n<\/td>\n<\/tr>\n<tr>\n<td class=\"beschriftung\">Anforderungen<\/td>\n<td>\n<ul>\n<li>Erfolgreich abgeschlossenes Studium BWL, Personal oder vergleichbare Ausbildung<\/li>\n<li>Berufserfahrung im Personalwesen und bestenfalls auch in der Personalleitung<\/li>\n<li>Zuverl\u00e4ssige und strukturierte Arbeitsweise, auch in komplexen Sachverhalten<\/li>\n<li>Kenntnisse im Arbeits- und Sozialversicherungsrecht<\/li>\n<li>Souver\u00e4nes Auftreten bei gleichzeitig gro\u00dfer Sozialkompetenz, Empathie und Kommunikationsst\u00e4rke<\/li>\n<li>Diskretion und Vertrauensw\u00fcrdigkeit<\/li>\n<\/ul>\n<\/td>\n<\/tr>\n<tr>\n<td class=\"beschriftung\">Das bieten wir<\/td>\n<td>\n<ul>\n<li>Internationales Arbeitsumfeld<\/li>\n<li>Betriebliche Altersvorsorge<\/li>\n<li>Betriebskantine<\/li>\n<li>Firmenfitness (wellpass)<\/li>\n<li>Fahrrad-Leasing<\/li>\n<\/ul>\n<\/td>\n<\/tr>\n<tr>\n<td class=\"beschriftung\">Kontakt<\/td>\n<td>Bewerbungen per Mail unter: bewerbung@schroedergroup.eu<\/p>\n<p>Bewerbungen f\u00fcr <strong>Wessobrunn-Forst<\/strong> per Post an:<\/p>\n<p>Hans Schr\u00f6der Maschinenbau GmbH<br \/>\nFeuchten 2<br \/>\n82405 Wessobrunn-Forst<\/td>\n<\/tr>\n<\/tbody>\n<\/table>\n<p>[\/vc_column_text][\/vc_column][\/vc_row]<\/p>\n<\/div>","protected":false},"excerpt":{"rendered":"<p>[vc_row full_width=&#8220;stretch_row_content_no_spaces&#8220;][vc_column][vc_single_image image=&#8220;618&#8243; img_size=&#8220;full&#8220; alignment=&#8220;center&#8220; css=&#8220;.vc_custom_1465550142834{margin-top: 0px !important;margin-right: 0px !important;margin-bottom: 0px !important;margin-left: 0px !important;padding-top: 0px !important;padding-right: 0px !important;padding-bottom: 0px !important;padding-left: 0px !important;}&#8220;][\/vc_column][\/vc_row][vc_row][vc_column][vc_custom_heading text=&#8220;Personalleiter (m\/w\/d)&#8220; font_container=&#8220;tag:h1|text_align:left&#8220; use_theme_fonts=&#8220;yes&#8220;][vc_column_text]<span class=\"excerpt-hellip\"> [\u2026]<\/span><\/p>\n","protected":false},"author":2,"featured_media":0,"parent":612,"menu_order":50,"comment_status":"closed","ping_status":"closed","template":"","meta":{"_acf_changed":false,"inline_featured_image":false,"footnotes":""},"class_list":["post-12269","page","type-page","status-publish","hentry"],"acf":[],"aioseo_notices":[],"_links":{"self":[{"href":"https:\/\/www.schroedergroup.eu\/de\/wp-json\/wp\/v2\/pages\/12269","targetHints":{"allow":["GET"]}}],"collection":[{"href":"https:\/\/www.schroedergroup.eu\/de\/wp-json\/wp\/v2\/pages"}],"about":[{"href":"https:\/\/www.schroedergroup.eu\/de\/wp-json\/wp\/v2\/types\/page"}],"author":[{"embeddable":true,"href":"https:\/\/www.schroedergroup.eu\/de\/wp-json\/wp\/v2\/users\/2"}],"replies":[{"embeddable":true,"href":"https:\/\/www.schroedergroup.eu\/de\/wp-json\/wp\/v2\/comments?post=12269"}],"version-history":[{"count":5,"href":"https:\/\/www.schroedergroup.eu\/de\/wp-json\/wp\/v2\/pages\/12269\/revisions"}],"predecessor-version":[{"id":12329,"href":"https:\/\/www.schroedergroup.eu\/de\/wp-json\/wp\/v2\/pages\/12269\/revisions\/12329"}],"up":[{"embeddable":true,"href":"https:\/\/www.schroedergroup.eu\/de\/wp-json\/wp\/v2\/pages\/612"}],"wp:attachment":[{"href":"https:\/\/www.schroedergroup.eu\/de\/wp-json\/wp\/v2\/media?parent=12269"}],"curies":[{"name":"wp","href":"https:\/\/api.w.org\/{rel}","templated":true}]}}