{"id":12265,"date":"2024-01-19T08:48:07","date_gmt":"2024-01-19T07:48:07","guid":{"rendered":"https:\/\/www.schroedergroup.eu\/?page_id=12265"},"modified":"2024-01-19T08:48:07","modified_gmt":"2024-01-19T07:48:07","slug":"projektmanager-m-w-d","status":"publish","type":"page","link":"https:\/\/www.schroedergroup.eu\/de\/karriere\/aktuelle-stellenausschreibungen\/projektmanager-m-w-d\/","title":{"rendered":"Projektmanager (m\/w\/d)"},"content":{"rendered":"<div class=\"wpb-content-wrapper\"><p>[vc_row full_width=&#8220;stretch_row_content_no_spaces&#8220;][vc_column][vc_single_image image=&#8220;618&#8243; img_size=&#8220;full&#8220; alignment=&#8220;center&#8220; css=&#8220;.vc_custom_1465550142834{margin-top: 0px !important;margin-right: 0px !important;margin-bottom: 0px !important;margin-left: 0px !important;padding-top: 0px !important;padding-right: 0px !important;padding-bottom: 0px !important;padding-left: 0px !important;}&#8220;][\/vc_column][\/vc_row][vc_row][vc_column][vc_custom_heading text=&#8220;Projektmanager (m\/w\/d)&#8220; font_container=&#8220;tag:h1|text_align:left&#8220; use_theme_fonts=&#8220;yes&#8220;][vc_column_text]<\/p>\n<table class=\"career\">\n<tbody>\n<tr>\n<td class=\"beschriftung\">Standort<\/td>\n<td>Wessobrunn-Forst<\/td>\n<\/tr>\n<tr>\n<td class=\"beschriftung\">Eintrittsdatum<\/td>\n<td>ab sofort<\/td>\n<\/tr>\n<tr>\n<td class=\"beschriftung\">Arbeitszeit<\/td>\n<td>Vollzeit<\/td>\n<\/tr>\n<tr>\n<td class=\"beschriftung\">Aufgaben<\/td>\n<td>Wir suchen einen Projektmanager (m\/w\/d) mit Teamgeist und Begeisterung f\u00fcr den Maschinenbau:<\/p>\n<ul>\n<li>Verantwortung f\u00fcr die erfolgreiche Umsetzung von Kunden- und Entwicklungsprojekten in Zusammenarbeit mit unseren Kunden weltweit<\/li>\n<li>Betreuung interner Optimierungs- und Beschaffungsprojekte<\/li>\n<li>Terminplanung und -verfolgung sowie Dokumentation der Projektfortschritte<\/li>\n<li>\u00dcberwachung und Steuerung der Schnittstellen sowie Abstimmung des Projektstatus mit den entsprechenden Fachabteilungen<\/li>\n<li>Erstellung aller Projekt\u00adunterlagen (Terminplan, Checklisten, Statusberichte) nach Handbuch und Projekt\u00advorgaben<\/li>\n<li>\u00dcberwachung der Projekte hinsichtlich Zeitplan, Budget, Qualit\u00e4t und Ressourcenauslastung<\/li>\n<li>Umsetzung von Prozessen, Methoden und Anwendung von Tools im Projekt\u00admanagement<\/li>\n<li>Enge Zusammenarbeit und Abstimmung mit der Gesch\u00e4ftsleitung bei wichtigen Entscheidungsprozessen<\/li>\n<\/ul>\n<\/td>\n<\/tr>\n<tr>\n<td class=\"beschriftung\">Anforderungen<\/td>\n<td>\n<ul>\n<li>Erfolgreich abgeschlossenes Studium der Fachrichtung Maschinenbau, Wirtschaftsingenieurwesen oder vergleichbare Ausbildung z.B. Techniker mit mehrj\u00e4hriger Berufserfahrung<\/li>\n<li>Berufserfahrung im Projektmanagement und in der Einf\u00fchrung neuer Produkte<\/li>\n<li>Zuverl\u00e4ssige und strukturierte Arbeitsweise, auch in komplexen Sachverhalten<\/li>\n<li>Hohe technische Affinit\u00e4t<\/li>\n<li>Souver\u00e4nes Auftreten bei gleichzeitig gro\u00dfer Kommunikationsst\u00e4rke und Durchsetzungsverm\u00f6gen<\/li>\n<li>Sicherer Umgang mit MS Office<\/li>\n<li>Englisch flie\u00dfend in Wort und Schrift<\/li>\n<\/ul>\n<\/td>\n<\/tr>\n<tr>\n<td class=\"beschriftung\">Das bieten wir<\/td>\n<td>\n<ul>\n<li>Internationales Arbeitsumfeld<\/li>\n<li>Betriebliche Altersvorsorge<\/li>\n<li>Betriebskantine<\/li>\n<li>Firmenfitness (wellpass)<\/li>\n<li>Fahrrad-Leasing<\/li>\n<\/ul>\n<\/td>\n<\/tr>\n<tr>\n<td class=\"beschriftung\">Kontakt<\/td>\n<td>Bewerbungen per Mail unter: bewerbung@schroedergroup.eu<\/p>\n<p>Bewerbungen f\u00fcr <strong>Wessobrunn-Forst<\/strong> per Post an:<\/p>\n<p>Hans Schr\u00f6der Maschinenbau GmbH<br \/>\nFeuchten 2<br \/>\n82405 Wessobrunn-Forst<\/td>\n<\/tr>\n<\/tbody>\n<\/table>\n<p>[\/vc_column_text][\/vc_column][\/vc_row]<\/p>\n<\/div>","protected":false},"excerpt":{"rendered":"<p>[vc_row full_width=&#8220;stretch_row_content_no_spaces&#8220;][vc_column][vc_single_image image=&#8220;618&#8243; img_size=&#8220;full&#8220; alignment=&#8220;center&#8220; css=&#8220;.vc_custom_1465550142834{margin-top: 0px !important;margin-right: 0px !important;margin-bottom: 0px !important;margin-left: 0px !important;padding-top: 0px !important;padding-right: 0px !important;padding-bottom: 0px !important;padding-left: 0px !important;}&#8220;][\/vc_column][\/vc_row][vc_row][vc_column][vc_custom_heading text=&#8220;Projektmanager (m\/w\/d)&#8220; font_container=&#8220;tag:h1|text_align:left&#8220; use_theme_fonts=&#8220;yes&#8220;][vc_column_text]<span class=\"excerpt-hellip\"> [\u2026]<\/span><\/p>\n","protected":false},"author":2,"featured_media":0,"parent":612,"menu_order":50,"comment_status":"closed","ping_status":"closed","template":"","meta":{"_acf_changed":false,"inline_featured_image":false,"footnotes":""},"class_list":["post-12265","page","type-page","status-publish","hentry"],"acf":[],"aioseo_notices":[],"_links":{"self":[{"href":"https:\/\/www.schroedergroup.eu\/de\/wp-json\/wp\/v2\/pages\/12265","targetHints":{"allow":["GET"]}}],"collection":[{"href":"https:\/\/www.schroedergroup.eu\/de\/wp-json\/wp\/v2\/pages"}],"about":[{"href":"https:\/\/www.schroedergroup.eu\/de\/wp-json\/wp\/v2\/types\/page"}],"author":[{"embeddable":true,"href":"https:\/\/www.schroedergroup.eu\/de\/wp-json\/wp\/v2\/users\/2"}],"replies":[{"embeddable":true,"href":"https:\/\/www.schroedergroup.eu\/de\/wp-json\/wp\/v2\/comments?post=12265"}],"version-history":[{"count":3,"href":"https:\/\/www.schroedergroup.eu\/de\/wp-json\/wp\/v2\/pages\/12265\/revisions"}],"predecessor-version":[{"id":12275,"href":"https:\/\/www.schroedergroup.eu\/de\/wp-json\/wp\/v2\/pages\/12265\/revisions\/12275"}],"up":[{"embeddable":true,"href":"https:\/\/www.schroedergroup.eu\/de\/wp-json\/wp\/v2\/pages\/612"}],"wp:attachment":[{"href":"https:\/\/www.schroedergroup.eu\/de\/wp-json\/wp\/v2\/media?parent=12265"}],"curies":[{"name":"wp","href":"https:\/\/api.w.org\/{rel}","templated":true}]}}