{"id":11921,"date":"2023-11-07T08:48:35","date_gmt":"2023-11-07T07:48:35","guid":{"rendered":"https:\/\/www.schroedergroup.eu\/?page_id=11921"},"modified":"2025-10-08T06:56:02","modified_gmt":"2025-10-08T04:56:02","slug":"evo-duobend","status":"publish","type":"page","link":"https:\/\/www.schroedergroup.eu\/de\/produkte\/maschinen\/maschinen-zum-biegen\/evo-duobend\/","title":{"rendered":"EVO DuoBend"},"content":{"rendered":"<div class=\"wpb-content-wrapper\"><p>[vc_row][vc_column][vc_column_text][\/vc_column_text][\/vc_column][\/vc_row][vc_row][vc_column][vc_column_text][\/vc_column_text][\/vc_column][\/vc_row][vc_row css=&#8220;.vc_custom_1464864323661{margin: 0px !important;padding: 0px !important;}&#8220;][vc_column width=&#8220;5\/6&#8243; css=&#8220;.vc_custom_1464864359760{margin: 0px !important;padding: 0px !important;}&#8220;][vc_custom_heading text=&#8220;EVO DuoBend&#8220; font_container=&#8220;tag:h1|text_align:left&#8220; use_theme_fonts=&#8220;yes&#8220;][\/vc_column][vc_column width=&#8220;1\/6&#8243;][\/vc_column][\/vc_row][vc_row][vc_column][vc_tta_tabs shape=&#8220;square&#8220; active_section=&#8220;1&#8243;][vc_tta_section title=&#8220;\u00dcberblick&#8220; tab_id=&#8220;ueberblick&#8220;][vc_row_inner][vc_column_inner width=&#8220;3\/6&#8243;][vc_images_carousel images=&#8220;11933,11935,11946,11948,11950,11952,14043&#8243; img_size=&#8220;full&#8220; autoplay=&#8220;yes&#8220; wrap=&#8220;yes&#8220; css=&#8220;&#8220;][\/vc_column_inner][vc_column_inner width=&#8220;2\/6&#8243;][vc_custom_heading text=&#8220;\u00dcberblick&#8220; use_theme_fonts=&#8220;yes&#8220;][vc_column_text]Die neue motorische Schwenkbiegemaschine EVO DuoBend verdankt ihren Namen \u201eDuoBend\u201c ihrer zwei unabh\u00e4ngig voneinander betriebenen Biegewangen. Mit der EVO DuoBend erh\u00f6ht die Schr\u00f6der Group ihre Flexibilit\u00e4t im Bereich des Schwenkbiegens nochmals um ein Vielfaches: So k\u00f6nnen Produkte f\u00fcr den Containerbau, den Fahrzeugbau oder konventionelle Schwenkbiegeanwendungen wie bspw. schwere Bleche mit Gegenkantungen, effizient hergestellt werden.[\/vc_column_text][\/vc_column_inner][vc_column_inner el_class=&#8220;downloads&#8220; width=&#8220;1\/6&#8243;][vc_column_text css=&#8220;&#8220;]<strong>Prospekte:<\/strong><br \/>\n<a class=\"lang\" title=\"Motormaschinen_Industrie_DE\" href=\"https:\/\/www.schroedergroup.eu\/wp-content\/uploads\/pdf\/Prospekte_DE\/Motormaschinen_Industrie_DE_web.pdf\" target=\"_blank\" rel=\"noopener\">deutsch<br \/>\n<\/a><a class=\"lang\" title=\"Motormaschinen_Industrie_EN\" href=\"https:\/\/www.schroedergroup.eu\/wp-content\/uploads\/pdf\/Prospekte_EN\/Motormaschinen_Industrie_EN_web.pdf\" target=\"_blank\" rel=\"noopener\">english<br \/>\n<\/a>[\/vc_column_text][vc_separator color=&#8220;custom&#8220; accent_color=&#8220;#90be1e&#8220;][vc_column_text]<a href=\"https:\/\/youtu.be\/S0GhzQrVoz8\" target=\"_blank\" rel=\"noopener\">Video EVO DuoBend<\/a>[\/vc_column_text][\/vc_column_inner][\/vc_row_inner][\/vc_tta_section][vc_tta_section title=&#8220;Details&#8220; tab_id=&#8220;details&#8220;][vc_row_inner][vc_column_inner width=&#8220;5\/6&#8243;][vc_custom_heading text=&#8220;Details&#8220; use_theme_fonts=&#8220;yes&#8220;][vc_column_text css=&#8220;&#8220;]<\/p>\n<ul>\n<li>Steuerung\n<ul>\n<li>POS 3000 3-D Grafik Steuerung am schwenkbaren Panel<\/li>\n<li>Radius-Step-Bending Funktion<\/li>\n<li>Fernwartung \u00fcber Internet<\/li>\n<li>Externe Programmierung (PC-Version 1. Lizenz)<\/li>\n<\/ul>\n<\/li>\n<li>Anschlag\n<ul>\n<li>Auflagetisch 1700 mm in U-Form, geteilte Auflagebleche mit Stahlkugelrollen<\/li>\n<li>Winkelanschlag links und rechts 1500 mm (au\u00dfen)<\/li>\n<li>Saugplatten im Anschlagtisch, automatisch angesteuert \u00fcber POS 3000<\/li>\n<li>2 pneumatisch absenkbare Winkelanschl\u00e4ge im Gang montiert, programmgesteuert<\/li>\n<li>Referenzierachse vorne<\/li>\n<\/ul>\n<\/li>\n<li>Oberwange\n<ul>\n<li>Oberwangenhub: 850 mm<\/li>\n<li>Oberwangengeometrie: 180\u00b0<\/li>\n<li>Vollautomatischer Werkzeugwechsler (WSZ 6500)<br \/>\nf\u00fcr Oberwangenwerkzeuge mit hydraulischer Werkzeugklemmung (insg. 8 Achsen) f\u00fcr max. Oberwangenwerkzeugh\u00f6he 500 mm zwei asynchron verfahrbare Werkzeugwechsler<br \/>\nmit jeweils einer Greifeinheit<\/li>\n<\/ul>\n<\/li>\n<li>Biegewange\n<ul>\n<li>Zwei Biegewangen, programmgesteuert<\/li>\n<li>Mechanische Werkzeugklemmung (verschraubt) (WZS 19000)<\/li>\n<li>Biegewangenverstellung, motorisch: 150 mm<\/li>\n<li>Biegemittelpunktverstellung, motorisch: 370 mm<\/li>\n<li>Motorische Zentralbombierung an beiden Wangen<\/li>\n<\/ul>\n<\/li>\n<li>Arbeitssicherheit\n<ul>\n<li>Absicherung der Bedienung von hinten durch Lichtvorhang, gesteuert \u00fcber Sicherheits-SPS<\/li>\n<li>geschlossener Schutzzaun mit Fl\u00fcgelt\u00fcren<\/li>\n<\/ul>\n<\/li>\n<li>Sonstiges\n<ul>\n<li>Standardmaschine ohne Werkzeuge<\/li>\n<li>Arbeitsh\u00f6he 1160 mm<\/li>\n<li>Fu\u00dfschalter, Fundamentplatten inkl. D\u00fcbel, Dezentrales Schmiersystem<\/li>\n<li>Klimager\u00e4te an beiden Schaltschr\u00e4nken<\/li>\n<\/ul>\n<\/li>\n<\/ul>\n<p>[\/vc_column_text][\/vc_column_inner][vc_column_inner el_class=&#8220;downloads&#8220; width=&#8220;1\/6&#8243;][vc_column_text css=&#8220;&#8220;]<strong>Prospekte:<\/strong><br \/>\n<a class=\"lang\" title=\"Motormaschinen_Industrie_DE\" href=\"https:\/\/www.schroedergroup.eu\/wp-content\/uploads\/pdf\/Prospekte_DE\/Motormaschinen_Industrie_DE_web.pdf\" target=\"_blank\" rel=\"noopener\">deutsch<br \/>\n<\/a><a class=\"lang\" title=\"Motormaschinen_Industrie_EN\" href=\"https:\/\/www.schroedergroup.eu\/wp-content\/uploads\/pdf\/Prospekte_EN\/Motormaschinen_Industrie_EN_web.pdf\" target=\"_blank\" rel=\"noopener\">english<br \/>\n<\/a>[\/vc_column_text][vc_separator color=&#8220;custom&#8220; accent_color=&#8220;#90be1e&#8220;][vc_column_text]<a href=\"https:\/\/youtu.be\/S0GhzQrVoz8\" target=\"_blank\" rel=\"noopener\">Video EVO DuoBend<\/a>[\/vc_column_text][\/vc_column_inner][\/vc_row_inner][\/vc_tta_section][vc_tta_section title=&#8220;Technische Daten&#8220; tab_id=&#8220;technische-daten&#8220;][vc_row_inner][vc_column_inner width=&#8220;5\/6&#8243;][vc_custom_heading text=&#8220;Technische Daten&#8220; use_theme_fonts=&#8220;yes&#8220;][vc_column_text css=&#8220;&#8220;]<\/p>\n<table border=\"0\">\n<tbody>\n<tr>\n<td class=\"BeschtiftungTyp\">Typ<\/td>\n<td class=\"BeschriftungOben\">Nutzl\u00e4nge<\/td>\n<td class=\"BeschriftungOben\">Blechdicke 400 N\/mm2<\/td>\n<\/tr>\n<tr>\n<td class=\"Maschinentypen\"><\/td>\n<td>[mm]<\/td>\n<td>[mm]<\/td>\n<\/tr>\n<tr>\n<td class=\"Maschinentypen\">3200&#215;6,0<\/td>\n<td>3240<\/td>\n<td style=\"text-align: center;\" align=\"right\">6,00<\/td>\n<\/tr>\n<tr>\n<td class=\"Maschinentypen\">4000&#215;5,0<\/td>\n<td>4040<\/td>\n<td style=\"text-align: center;\" align=\"right\">5,00<\/td>\n<\/tr>\n<\/tbody>\n<\/table>\n<p>[\/vc_column_text][\/vc_column_inner][vc_column_inner el_class=&#8220;downloads&#8220; width=&#8220;1\/6&#8243;][vc_column_text css=&#8220;&#8220;]<strong>Prospekte:<\/strong><br \/>\n<a class=\"lang\" title=\"Motormaschinen_Industrie_DE\" href=\"https:\/\/www.schroedergroup.eu\/wp-content\/uploads\/pdf\/Prospekte_DE\/Motormaschinen_Industrie_DE_web.pdf\" target=\"_blank\" rel=\"noopener\">deutsch<br \/>\n<\/a><a class=\"lang\" title=\"Motormaschinen_Industrie_EN\" href=\"https:\/\/www.schroedergroup.eu\/wp-content\/uploads\/pdf\/Prospekte_EN\/Motormaschinen_Industrie_EN_web.pdf\" target=\"_blank\" rel=\"noopener\">english<br \/>\n<\/a>[\/vc_column_text][vc_separator color=&#8220;custom&#8220; accent_color=&#8220;#90be1e&#8220;][vc_column_text]<a href=\"https:\/\/youtu.be\/S0GhzQrVoz8\" target=\"_blank\" rel=\"noopener\">Video EVO DuoBend<\/a>[\/vc_column_text][\/vc_column_inner][\/vc_row_inner][\/vc_tta_section][vc_tta_section title=&#8220;Software&#8220; tab_id=&#8220;software&#8220;][vc_row_inner][vc_column_inner width=&#8220;5\/6&#8243;][vc_custom_heading text=&#8220;Software&#8220; use_theme_fonts=&#8220;yes&#8220;][vc_column_text]<strong><img loading=\"lazy\" decoding=\"async\" class=\"size-medium wp-image-2793 alignright\" src=\"http:\/\/www.schroedergroup.eu\/wp-content\/uploads\/timeline\/2004-POS-3000-300x188.jpg\" alt=\"\" width=\"300\" height=\"188\" srcset=\"https:\/\/www.schroedergroup.eu\/wp-content\/uploads\/timeline\/2004-POS-3000-300x188.jpg 300w, https:\/\/www.schroedergroup.eu\/wp-content\/uploads\/timeline\/2004-POS-3000-1024x640.jpg 1024w, https:\/\/www.schroedergroup.eu\/wp-content\/uploads\/timeline\/2004-POS-3000-234x146.jpg 234w, https:\/\/www.schroedergroup.eu\/wp-content\/uploads\/timeline\/2004-POS-3000-50x31.jpg 50w, https:\/\/www.schroedergroup.eu\/wp-content\/uploads\/timeline\/2004-POS-3000-120x75.jpg 120w, https:\/\/www.schroedergroup.eu\/wp-content\/uploads\/timeline\/2004-POS-3000.jpg 1920w\" sizes=\"auto, (max-width:767px) 300px, 300px\" \/>POS 3000 3D-Grafiksteuerung:<\/strong><\/p>\n<p>Blechdesign interaktiv<br \/>\nPOS 3000 3D-Grafiksteuerung ist eine der leistungsf\u00e4higsten Steuerungen am Markt \u2013 und weil Hard- und Software aus einem Hause kommen, sind MAK 4 Evolution und POS 3000 3D-Grafiksteuerung perfekt aufeinander abgestimmt.<\/p>\n<p><strong>So komfortabel arbeiten Sie mit POS 3000:<\/strong><\/p>\n<p>In einer \u00fcbersichtlichen Produktauswahl mit Suchfunktion und Navigation in Unterverzeichnissen w\u00e4hlen Sie Arbeitsschritte und verkn\u00fcpfen sie im Men\u00fc Produktionsplan zu Arbeitsfolgen.<br \/>\nEinzelne Produktprofile k\u00f6nnen durch intuitives Zeichnen mit dem Finger sehr schnell entworfen werden. Im Bema\u00dfungsmen\u00fc k\u00f6nnen Sie dann die genauen Ma\u00dfe eingeben und \u00e4ndern. Zur Kontrolle und Abstimmung mit den Kunden kann die Zeichnung an einem Drucker auf Papier ausgegeben werden.<br \/>\nAus dem so erstellten Programm generiert die Software eine optimale Biegefolge, mit automatischer Kollisions- und Grenzwertpr\u00fcfung. Biegewinkel und Zuschnitt werden durch Interpolation aus der Datenbank automatisch korrigiert.[\/vc_column_text][vc_separator color=&#8220;custom&#8220; accent_color=&#8220;#90be1e&#8220;][vc_column_text]<\/p>\n<h2><img loading=\"lazy\" decoding=\"async\" class=\"size-medium wp-image-3690 alignright\" src=\"http:\/\/www.schroedergroup.eu\/wp-content\/uploads\/Steuerung\/Unfold-web-gH-300x225.jpg\" alt=\"\" width=\"300\" height=\"225\" srcset=\"https:\/\/www.schroedergroup.eu\/wp-content\/uploads\/Steuerung\/Unfold-web-gH-300x225.jpg 300w, https:\/\/www.schroedergroup.eu\/wp-content\/uploads\/Steuerung\/Unfold-web-gH-1024x768.jpg 1024w, https:\/\/www.schroedergroup.eu\/wp-content\/uploads\/Steuerung\/Unfold-web-gH-195x146.jpg 195w, https:\/\/www.schroedergroup.eu\/wp-content\/uploads\/Steuerung\/Unfold-web-gH-50x38.jpg 50w, https:\/\/www.schroedergroup.eu\/wp-content\/uploads\/Steuerung\/Unfold-web-gH-100x75.jpg 100w, https:\/\/www.schroedergroup.eu\/wp-content\/uploads\/Steuerung\/Unfold-web-gH.jpg 1920w\" sizes=\"auto, (max-width:767px) 300px, 300px\" \/>Abwicklungssoftware Schr\u00f6der Unfold<\/h2>\n<p>Unkompliziert und einfach &#8211; die neue Abwicklungssoftware &#8222;SCHR\u00d6DER Unfold&#8220;<\/p>\n<p>Um Hardware und Software noch besser aufeinander abzustimmen hat Hans Schr\u00f6der Maschinenbau in Zusammenarbeit mit einem externen Dienstleister eine Abwicklungssoftware entwickelt, die es erm\u00f6glicht Blechzuschnittsgr\u00f6\u00dfen noch schneller und pr\u00e4ziser zu berechnen.[\/vc_column_text][\/vc_column_inner][vc_column_inner el_class=&#8220;downloads&#8220; width=&#8220;1\/6&#8243;][vc_column_text css=&#8220;&#8220;]<strong>Prospekte:<\/strong><br \/>\n<a class=\"lang\" title=\"Motormaschinen_Industrie_DE\" href=\"https:\/\/www.schroedergroup.eu\/wp-content\/uploads\/pdf\/Prospekte_DE\/Motormaschinen_Industrie_DE_web.pdf\" target=\"_blank\" rel=\"noopener\">deutsch<br \/>\n<\/a><a class=\"lang\" title=\"Motormaschinen_Industrie_EN\" href=\"https:\/\/www.schroedergroup.eu\/wp-content\/uploads\/pdf\/Prospekte_EN\/Motormaschinen_Industrie_EN_web.pdf\" target=\"_blank\" rel=\"noopener\">english<br \/>\n<\/a>[\/vc_column_text][vc_separator color=&#8220;custom&#8220; accent_color=&#8220;#90be1e&#8220;][vc_column_text]<a href=\"https:\/\/youtu.be\/S0GhzQrVoz8\" target=\"_blank\" rel=\"noopener\">Video EVO DuoBend<\/a>[\/vc_column_text][\/vc_column_inner][\/vc_row_inner][\/vc_tta_section][vc_tta_section title=&#8220;Werkzeuge\/Optionen&#8220; tab_id=&#8220;werkzeuge-optionen&#8220;][vc_row_inner][vc_column_inner width=&#8220;5\/6&#8243;][vc_custom_heading text=&#8220;Werkzeuge\/Optionen&#8220; use_theme_fonts=&#8220;yes&#8220;][vc_column_text css=&#8220;&#8220;]<strong>Sonderzubeh\u00f6r<\/strong><\/p>\n<ul>\n<li>Steuerung\n<ul>\n<li>Schr\u00f6der Unfold Abwicklungssoftware<\/li>\n<\/ul>\n<\/li>\n<li>Hinteranschlag\n<ul>\n<li>Beistelltisch links oder rechts, Tischauflage geschlossen mit Kugelrollen<\/li>\n<li>2 St\u00fcck Ablagetische f\u00fcr manuelle Entladung, mechanisch absenkbar, Tischauflage mit Kugelrollen<\/li>\n<li>2x Tischklappe zum Schlie\u00dfen der L\u00fccke zwischen Anschlag und Beistelltisch<\/li>\n<li>Pneumatisch absenkbare Anschlagfinger (2 Sektoren 850\/1700 mm)<\/li>\n<li>Anschlagverl\u00e4ngerung rechts und\/oder links mit pneumatischer Absenkung (Kugeln im Auflagetisch), kombinierbar mit Beistelltisch<\/li>\n<li>Greiferanschlag:<br \/>\nAuflagetisch in U-Form 2000 mm, Verfahrweg 150 &#8211; 2150 mm, 2 pneumatische Gripper seitlich verschiebbar<br \/>\nZus\u00e4tzliche Anschlagoptionen:<br \/>\n&#8211; 2 Anschlagfinger<br \/>\n&#8211; 2 Saugplatten<br \/>\n(Anschlagoptionen nicht in Kombination einsetzbar)<br \/>\n2 zus\u00e4tzliche Beistelltische links und rechts, Tischauflage geschlossen mit<br \/>\nKugelrollen zur Verl\u00e4ngerung des Auflagetisches auf Maschinenbreite<\/li>\n<\/ul>\n<\/li>\n<li>\u00a0Sicherheit\n<ul>\n<li>Zusatzeinrichtung f\u00fcr 2-Mann-Bedienung gem. UVV erforderlich<\/li>\n<\/ul>\n<\/li>\n<li>\u00a0Sonstiges\n<ul>\n<li>Spannungswandler 52 kVA<\/li>\n<li>\u00dcberseeverpackung<\/li>\n<\/ul>\n<\/li>\n<li>\u00a0Werkzeuge\n<ul>\n<li>Diverse Biegewangen-, Oberwangen- und Unterwangenwerkzeuge<\/li>\n<\/ul>\n<\/li>\n<\/ul>\n<p><strong>\u00a0<\/strong>[\/vc_column_text][\/vc_column_inner][vc_column_inner el_class=&#8220;downloads&#8220; width=&#8220;1\/6&#8243;][vc_column_text css=&#8220;&#8220;]<strong>Prospekte:<\/strong><br \/>\n<a class=\"lang\" title=\"Motormaschinen_Industrie_DE\" href=\"https:\/\/www.schroedergroup.eu\/wp-content\/uploads\/pdf\/Prospekte_DE\/Motormaschinen_Industrie_DE_web.pdf\" target=\"_blank\" rel=\"noopener\">deutsch<br \/>\n<\/a><a class=\"lang\" title=\"Motormaschinen_Industrie_EN\" href=\"https:\/\/www.schroedergroup.eu\/wp-content\/uploads\/pdf\/Prospekte_EN\/Motormaschinen_Industrie_EN_web.pdf\" target=\"_blank\" rel=\"noopener\">english<br \/>\n<\/a>[\/vc_column_text][vc_separator color=&#8220;custom&#8220; accent_color=&#8220;#90be1e&#8220;][vc_column_text]<a href=\"https:\/\/youtu.be\/S0GhzQrVoz8\" target=\"_blank\" rel=\"noopener\">Video EVO DuoBend<\/a>[\/vc_column_text][\/vc_column_inner][\/vc_row_inner][\/vc_tta_section][\/vc_tta_tabs][\/vc_column][\/vc_row][vc_row][vc_column][vc_column_text]<!--more-->[\/vc_column_text][\/vc_column][\/vc_row]<\/p>\n<\/div>","protected":false},"excerpt":{"rendered":"<p>[vc_row][vc_column][vc_column_text][\/vc_column_text][\/vc_column][\/vc_row][vc_row][vc_column][vc_column_text][\/vc_column_text][\/vc_column][\/vc_row][vc_row css=&#8220;.vc_custom_1464864323661{margin: 0px !important;padding: 0px !important;}&#8220;][vc_column width=&#8220;5\/6&#8243; css=&#8220;.vc_custom_1464864359760{margin: 0px !important;padding: 0px !important;}&#8220;][vc_custom_heading text=&#8220;EVO DuoBend&#8220; font_container=&#8220;tag:h1|text_align:left&#8220; use_theme_fonts=&#8220;yes&#8220;][\/vc_column][vc_column width=&#8220;1\/6&#8243;][\/vc_column][\/vc_row][vc_row][vc_column][vc_tta_tabs shape=&#8220;square&#8220; active_section=&#8220;1&#8243;][vc_tta_section title=&#8220;\u00dcberblick&#8220; tab_id=&#8220;ueberblick&#8220;][vc_row_inner][vc_column_inner width=&#8220;3\/6&#8243;][vc_images_carousel images=&#8220;11933,11935,11946,11948,11950,11952,14043&#8243; img_size=&#8220;full&#8220; autoplay=&#8220;yes&#8220; wrap=&#8220;yes&#8220;<span class=\"excerpt-hellip\"> [\u2026]<\/span><\/p>\n","protected":false},"author":2,"featured_media":-1,"parent":689,"menu_order":10,"comment_status":"closed","ping_status":"closed","template":"","meta":{"_acf_changed":false,"inline_featured_image":false,"footnotes":""},"class_list":["post-11921","page","type-page","status-publish","has-post-thumbnail","hentry"],"acf":[],"aioseo_notices":[],"_links":{"self":[{"href":"https:\/\/www.schroedergroup.eu\/de\/wp-json\/wp\/v2\/pages\/11921","targetHints":{"allow":["GET"]}}],"collection":[{"href":"https:\/\/www.schroedergroup.eu\/de\/wp-json\/wp\/v2\/pages"}],"about":[{"href":"https:\/\/www.schroedergroup.eu\/de\/wp-json\/wp\/v2\/types\/page"}],"author":[{"embeddable":true,"href":"https:\/\/www.schroedergroup.eu\/de\/wp-json\/wp\/v2\/users\/2"}],"replies":[{"embeddable":true,"href":"https:\/\/www.schroedergroup.eu\/de\/wp-json\/wp\/v2\/comments?post=11921"}],"version-history":[{"count":10,"href":"https:\/\/www.schroedergroup.eu\/de\/wp-json\/wp\/v2\/pages\/11921\/revisions"}],"predecessor-version":[{"id":14237,"href":"https:\/\/www.schroedergroup.eu\/de\/wp-json\/wp\/v2\/pages\/11921\/revisions\/14237"}],"up":[{"embeddable":true,"href":"https:\/\/www.schroedergroup.eu\/de\/wp-json\/wp\/v2\/pages\/689"}],"wp:featuredmedia":[{"embeddable":true,"href":"https:\/\/www.schroedergroup.eu\/de\/wp-json\/"}],"wp:attachment":[{"href":"https:\/\/www.schroedergroup.eu\/de\/wp-json\/wp\/v2\/media?parent=11921"}],"curies":[{"name":"wp","href":"https:\/\/api.w.org\/{rel}","templated":true}]}}