{"id":11904,"date":"2023-08-30T14:30:47","date_gmt":"2023-08-30T12:30:47","guid":{"rendered":"https:\/\/www.schroedergroup.eu\/?page_id=11904"},"modified":"2023-08-30T14:40:47","modified_gmt":"2023-08-30T12:40:47","slug":"maschinenbediener-blechfertigung-m-w-d","status":"publish","type":"page","link":"https:\/\/www.schroedergroup.eu\/de\/karriere\/aktuelle-stellenausschreibungen\/maschinenbediener-blechfertigung-m-w-d\/","title":{"rendered":"Maschinenbediener Blechfertigung (m\/w\/d)"},"content":{"rendered":"<div class=\"wpb-content-wrapper\"><p>[vc_row full_width=&#8220;stretch_row_content_no_spaces&#8220;][vc_column][vc_single_image image=&#8220;618&#8243; img_size=&#8220;full&#8220; alignment=&#8220;center&#8220; css=&#8220;.vc_custom_1465549980494{margin-top: 0px !important;margin-right: 0px !important;margin-bottom: 0px !important;margin-left: 0px !important;padding-top: 0px !important;padding-right: 0px !important;padding-bottom: 0px !important;padding-left: 0px !important;}&#8220;][\/vc_column][\/vc_row][vc_row][vc_column][vc_custom_heading text=&#8220;Maschinenbediener Blechfertigung (m\/w\/d)&#8220; font_container=&#8220;tag:h1|text_align:left&#8220; use_theme_fonts=&#8220;yes&#8220;][vc_column_text]<\/p>\n<table class=\"career\">\n<tbody>\n<tr>\n<td class=\"beschriftung\">Standort<\/td>\n<td>Standort Wessobrunn-Forst<\/td>\n<\/tr>\n<tr>\n<td class=\"beschriftung\">Eintrittsdatum<\/td>\n<td>ab sofort<\/td>\n<\/tr>\n<tr>\n<td class=\"beschriftung\">Arbeitszeit<\/td>\n<td>Vollzeit (38,5 h Woche)<\/td>\n<\/tr>\n<tr>\n<td class=\"beschriftung\">Beschreibung<\/td>\n<td>\n<ul>\n<li>Programmieren, Einrichten und Bedienen von modernsten Maschinen (Trumpf Laserschneidanlage, Abkantpresse)<\/li>\n<li>Effizientes Bearbeiten von Klein- und Mittelserien (Lasern, Biegen)<\/li>\n<li>Selbst\u00e4ndige Qualit\u00e4tskontrolle der gefertigten Teile<\/li>\n<li>Kontinuierliche Verbesserung der Fertigungsprozesse<\/li>\n<\/ul>\n<\/td>\n<\/tr>\n<tr>\n<td class=\"beschriftung\">Anforderungen<\/td>\n<td>\n<ul>\n<li>Erfolgreich abgeschlossene Ausbildung im Bereich der Metallverarbeitung<\/li>\n<li>Teamf\u00e4higkeit und die F\u00e4higkeit zur effektiven Zusammenarbeit mit Kollegen und anderen Abteilungen<\/li>\n<li>Sorgf\u00e4ltige und pr\u00e4zise Arbeitsweise sowie ein hohes Qualit\u00e4tsbewusstsein<\/li>\n<li>Selbst\u00e4ndiges und verantwortungsbewusstes Arbeiten auf CNC-gesteuerten Maschinen<\/li>\n<\/ul>\n<\/td>\n<\/tr>\n<tr>\n<td class=\"beschriftung\">Das bieten wir<\/td>\n<td>\n<ul>\n<li>Zukunftsorientierter, sicherer Arbeitsplatz mit langfristiger Perspektive<\/li>\n<li>Fundierte Einarbeitung durch unser qualifiziertes Team<\/li>\n<li>Eine attraktive leistungsbezogene Verg\u00fctung<\/li>\n<li>30 Tage Jahresurlaub einschlie\u00dflich Urlaubsgeld<\/li>\n<li>Betriebskantine<\/li>\n<li>Betriebliche Altersvorsorge<\/li>\n<li>Verm\u00f6genswirksame Leistungen<\/li>\n<li>38,5 h Woche im Einschichtbetrieb<\/li>\n<li>JobRad<\/li>\n<li>Firmenfitness Wellpass<\/li>\n<\/ul>\n<\/td>\n<\/tr>\n<tr>\n<td class=\"beschriftung\">Kontakt<\/td>\n<td>Bewerbungen per Mail unter: <a href=\"mailto:bewerbung@schroedergroup.eu\">bewerbung@schroedergroup.eu<\/a> oder rufen Sie uns einfach an unter Tel: +49 8809 9220-0<\/p>\n<p>Bewerbungen per Post an:<\/p>\n<p>Hans Schr\u00f6der Maschinenbau GmbH<br \/>\nPersonalabteilung<br \/>\nFeuchten 2<br \/>\n82405 Wessobrunn-Forst<\/td>\n<\/tr>\n<\/tbody>\n<\/table>\n<p>[\/vc_column_text][\/vc_column][\/vc_row][vc_row][vc_column][vc_column_text][\/vc_column_text][\/vc_column][\/vc_row]<\/p>\n<\/div>","protected":false},"excerpt":{"rendered":"<p>[vc_row full_width=&#8220;stretch_row_content_no_spaces&#8220;][vc_column][vc_single_image image=&#8220;618&#8243; img_size=&#8220;full&#8220; alignment=&#8220;center&#8220; css=&#8220;.vc_custom_1465549980494{margin-top: 0px !important;margin-right: 0px !important;margin-bottom: 0px !important;margin-left: 0px !important;padding-top: 0px !important;padding-right: 0px !important;padding-bottom: 0px !important;padding-left: 0px !important;}&#8220;][\/vc_column][\/vc_row][vc_row][vc_column][vc_custom_heading text=&#8220;Maschinenbediener Blechfertigung (m\/w\/d)&#8220; font_container=&#8220;tag:h1|text_align:left&#8220;<span class=\"excerpt-hellip\"> [\u2026]<\/span><\/p>\n","protected":false},"author":2,"featured_media":0,"parent":612,"menu_order":40,"comment_status":"closed","ping_status":"closed","template":"","meta":{"_acf_changed":false,"inline_featured_image":false,"footnotes":""},"class_list":["post-11904","page","type-page","status-publish","hentry"],"acf":[],"aioseo_notices":[],"_links":{"self":[{"href":"https:\/\/www.schroedergroup.eu\/de\/wp-json\/wp\/v2\/pages\/11904","targetHints":{"allow":["GET"]}}],"collection":[{"href":"https:\/\/www.schroedergroup.eu\/de\/wp-json\/wp\/v2\/pages"}],"about":[{"href":"https:\/\/www.schroedergroup.eu\/de\/wp-json\/wp\/v2\/types\/page"}],"author":[{"embeddable":true,"href":"https:\/\/www.schroedergroup.eu\/de\/wp-json\/wp\/v2\/users\/2"}],"replies":[{"embeddable":true,"href":"https:\/\/www.schroedergroup.eu\/de\/wp-json\/wp\/v2\/comments?post=11904"}],"version-history":[{"count":3,"href":"https:\/\/www.schroedergroup.eu\/de\/wp-json\/wp\/v2\/pages\/11904\/revisions"}],"predecessor-version":[{"id":11908,"href":"https:\/\/www.schroedergroup.eu\/de\/wp-json\/wp\/v2\/pages\/11904\/revisions\/11908"}],"up":[{"embeddable":true,"href":"https:\/\/www.schroedergroup.eu\/de\/wp-json\/wp\/v2\/pages\/612"}],"wp:attachment":[{"href":"https:\/\/www.schroedergroup.eu\/de\/wp-json\/wp\/v2\/media?parent=11904"}],"curies":[{"name":"wp","href":"https:\/\/api.w.org\/{rel}","templated":true}]}}